{"id":7396,"date":"2015-08-26T18:51:34","date_gmt":"2015-08-26T18:51:34","guid":{"rendered":"http:\/\/segcitytours.es.mialias.net\/tours\/segway-avila\/"},"modified":"2023-09-25T17:01:53","modified_gmt":"2023-09-25T15:01:53","slug":"segway-avila","status":"publish","type":"product","link":"https:\/\/segcitytours.es\/en\/tours\/segway-avila\/","title":{"rendered":"Segway Avila"},"content":{"rendered":"<h1>Segway Avila<\/h1>\n<h2>Live the Segway experience!<\/h2>\n<p>Segway Avila, a route on wheels, with tours through the historic center of the city of Avila.<\/p>\n<p>In this fun and comfortable way you can discover the secrets and curiosities of Avila.<\/p>\n<p>The route will depart from the Plaza de Santa Teresa with an approximate duration of 100 minutes.<\/p>\n<p>You will be able to recognize during the tour all the places of tourist-historical interest, visiting the most emblematic points:<\/p>\n<p><strong>&#8211; The big one or Santa Teresa&#8217;s square<br \/>\n&#8211; The Cathedral.<br \/>\n&#8211; La Muralla.<br \/>\n&#8211; Its different doors and anecdotes<br \/>\n&#8211; Ana la Santa.<br \/>\n&#8211; The Plaza del Mercado Chico.<\/strong><\/p>\n<p>From Los 4 Postes you will have the best view of the city and its wall.<\/p>\n<p>Among the picturesque sites are the Salvador Cathedral and the Basilica of San Vicente, as well as the medieval city center with its 2,500 meters of walls, considered a World Heritage Site and the best preserved in the world.<\/p>\n<p>Perfect activity for groups of 5 to 10 people for better mobility.<\/p>\n<h3>Other Segway Tours that may interest you:<\/h3>\n<p><strong><a title=\"Segway Madrid\" href=\"http:\/\/segcitytours.es\/tours\/segway-segovia-lagranja\/\">Segway La Granja<\/a> &#8211; <a title=\"Segway in Casa de Campo\" href=\"http:\/\/segcitytours.es\/tours\/segwaycasadecampo\/\">Segway Off Road<\/a> &#8211; <a title=\"Segway Madrid\" href=\"http:\/\/segcitytours.es\/tours\/segwayaustrias\/\">Segway Madrid<\/a> &#8211; <a title=\"Segway Madrid\" href=\"http:\/\/segcitytours.es\/tours\/segwayretiro\/\">Segway Madrid Retiro <\/a>&#8211; <a title=\"Segway Soria\" href=\"http:\/\/segcitytours.es\/tours\/segway-soria\/\">Segway Soria (Vinuesa)<\/a> &#8211; <a title=\"Segway Toledo\" href=\"http:\/\/segcitytours.es\/tours\/cigarral-segway\/\">Segway Enoturismo Toledo <\/a>&#8211; <a title=\"Segway Toledo\" href=\"http:\/\/segcitytours.es\/tours\/segwayteambuilding\/\">Segway <\/a> <a title=\"Segway Toledo\" href=\"http:\/\/segcitytours.es\/tours\/cigarral-segway\/\">Enoturismo Toledo <\/a>&#8211; <a title=\"Segway Toledo\" href=\"http:\/\/segcitytours.es\/tours\/segwayteambuilding\/\">Segway groups <\/a> &#8211; <a title=\"Segway Toledo\" href=\"http:\/\/segcitytours.es\/tours\/\">Segway tours<\/a> &#8211; <a title=\"Segway Toledo\" href=\"http:\/\/segcitytours.es\/eventos\/\">Events<\/a> <\/strong><strong>&#8211; <a title=\"Segway Toledo\" href=\"http:\/\/segcitytours.es\/segway-empresas\/\">Segway for companies<\/a><\/strong><!--more--><\/p>\n","protected":false},"excerpt":{"rendered":"<p> [&hellip;]<\/p>\n","protected":false},"featured_media":7400,"comment_status":"closed","ping_status":"closed","template":"","meta":{"site-sidebar-layout":"default","site-content-layout":"","ast-site-content-layout":"default","site-content-style":"default","site-sidebar-style":"default","ast-global-header-display":"","ast-banner-title-visibility":"","ast-main-header-display":"","ast-hfb-above-header-display":"","ast-hfb-below-header-display":"","ast-hfb-mobile-header-display":"","site-post-title":"","ast-breadcrumbs-content":"","ast-featured-img":"","footer-sml-layout":"","ast-disable-related-posts":"","theme-transparent-header-meta":"default","adv-header-id-meta":"","stick-header-meta":"default","header-above-stick-meta":"","header-main-stick-meta":"","header-below-stick-meta":"","astra-migrate-meta-layouts":"default","ast-page-background-enabled":"default","ast-page-background-meta":{"desktop":{"background-color":"","background-image":"","background-repeat":"repeat","background-position":"center center","background-size":"auto","background-attachment":"scroll","background-type":"","background-media":"","overlay-type":"","overlay-color":"","overlay-opacity":"","overlay-gradient":""},"tablet":{"background-color":"","background-image":"","background-repeat":"repeat","background-position":"center center","background-size":"auto","background-attachment":"scroll","background-type":"","background-media":"","overlay-type":"","overlay-color":"","overlay-opacity":"","overlay-gradient":""},"mobile":{"background-color":"","background-image":"","background-repeat":"repeat","background-position":"center center","background-size":"auto","background-attachment":"scroll","background-type":"","background-media":"","overlay-type":"","overlay-color":"","overlay-opacity":"","overlay-gradient":""}},"ast-content-background-meta":{"desktop":{"background-color":"var(--ast-global-color-5)","background-image":"","background-repeat":"repeat","background-position":"center center","background-size":"auto","background-attachment":"scroll","background-type":"","background-media":"","overlay-type":"","overlay-color":"","overlay-opacity":"","overlay-gradient":""},"tablet":{"background-color":"var(--ast-global-color-5)","background-image":"","background-repeat":"repeat","background-position":"center center","background-size":"auto","background-attachment":"scroll","background-type":"","background-media":"","overlay-type":"","overlay-color":"","overlay-opacity":"","overlay-gradient":""},"mobile":{"background-color":"var(--ast-global-color-5)","background-image":"","background-repeat":"repeat","background-position":"center center","background-size":"auto","background-attachment":"scroll","background-type":"","background-media":"","overlay-type":"","overlay-color":"","overlay-opacity":"","overlay-gradient":""}}},"product_brand":[],"product_cat":[2051],"product_tag":[37,23,22],"class_list":{"0":"post-7396","1":"product","2":"type-product","3":"status-publish","4":"has-post-thumbnail","6":"product_cat-sin-categorizar-en","7":"product_tag-avila","8":"product_tag-segway","9":"product_tag-segway-avila","10":"desktop-align-center","11":"tablet-align-center","12":"mobile-align-center","13":"ast-product-gallery-layout-horizontal","14":"ast-product-gallery-with-no-image","15":"ast-product-tabs-layout-distributed","16":"ast-qv-on-image","18":"first","19":"instock","20":"featured","21":"virtual","22":"sold-individually","23":"purchasable","24":"product-type-booking"},"booking_location":"","booking_location_type":"","booking_duration":1,"booking_duration_unit":"hour","booking_buffer":0,"booking_cost":75,"booking_resources":[],"yoast_head":"<!-- This site is optimized with the Yoast SEO Premium plugin v27.1 (Yoast SEO v27.1.1) - https:\/\/yoast.com\/product\/yoast-seo-premium-wordpress\/ -->\n<title>[:es]Segway \u00c1vila | Segway \u00c1vila Tour[:en]Segway Avila, know the best of the city - Segwayfun[:fr]Segway Avila, conna\u00eet le meilleur de la ville - Segwayfun[:]<\/title>\n<meta name=\"description\" content=\"{:en}Segway \u00c1vila, Segway \u00c1vila Tour. Get to know the historic center of the city of Avila in the most original way. Book your Segway Avila and have the time of your life!{:en}Segway Avila. We make tours through the historic city of Avila. In a fun and very comfortable way you can discover its secrets and curiosities.{:fr}Segway Avila. We visited the historic city of Avila. Fun and practical, you can discover its secrets and curiosities.{:}\" \/>\n<meta name=\"robots\" content=\"index, follow, max-snippet:-1, max-image-preview:large, max-video-preview:-1\" \/>\n<link rel=\"canonical\" href=\"https:\/\/segcitytours.es\/en\/tours\/segway-avila\/\" \/>\n<meta property=\"og:locale\" content=\"en_US\" \/>\n<meta property=\"og:type\" content=\"article\" \/>\n<meta property=\"og:title\" content=\"Segway Avila\" \/>\n<meta property=\"og:description\" content=\"{:en}Segway \u00c1vila, Segway \u00c1vila Tour. Get to know the historic center of the city of Avila in the most original way. Book your Segway Avila and have the time of your life!{:en}Segway Avila. We make tours through the historic city of Avila. In a fun and very comfortable way you can discover its secrets and curiosities.{:fr}Segway Avila. We visited the historic city of Avila. Fun and practical, you can discover its secrets and curiosities.{:}\" \/>\n<meta property=\"og:url\" content=\"https:\/\/segcitytours.es\/en\/tours\/segway-avila\/\" \/>\n<meta property=\"og:site_name\" content=\"Madrid Segway Tour Experience\" \/>\n<meta property=\"article:publisher\" content=\"https:\/\/www.facebook.com\/Segwayfun-111864518874580\/timeline\/?ref=ts\" \/>\n<meta property=\"article:modified_time\" content=\"2023-09-25T15:01:53+00:00\" \/>\n<meta property=\"og:image\" content=\"https:\/\/segcitytours.es\/wp-content\/uploads\/2015\/08\/tour-segwayfun-avila.jpg\" \/>\n\t<meta property=\"og:image:width\" content=\"800\" \/>\n\t<meta property=\"og:image:height\" content=\"598\" \/>\n\t<meta property=\"og:image:type\" content=\"image\/jpeg\" \/>\n<meta name=\"twitter:card\" content=\"summary_large_image\" \/>\n<meta name=\"twitter:site\" content=\"@_segwayfun\" \/>\n<meta name=\"twitter:label1\" content=\"Price\" \/>\n\t<meta name=\"twitter:data1\" content=\"75,00&nbsp;&euro;\" \/>\n\t<meta name=\"twitter:label2\" content=\"Availability\" \/>\n\t<meta name=\"twitter:data2\" content=\"In stock\" \/>\n<script type=\"application\/ld+json\" class=\"yoast-schema-graph\">{\"@context\":\"https:\/\/schema.org\",\"@graph\":[{\"@type\":\"WebPage\",\"@id\":\"https:\/\/segcitytours.es\/en\/tours\/segway-avila\/\",\"url\":\"https:\/\/segcitytours.es\/en\/tours\/segway-avila\/\",\"name\":\"[:es]Segway \u00c1vila | Segway \u00c1vila Tour[:en]Segway Avila, know the best of the city - Segwayfun[:fr]Segway Avila, conna\u00eet le meilleur de la ville - Segwayfun[:]\",\"isPartOf\":{\"@id\":\"https:\/\/segcitytours.es\/en\/#website\"},\"primaryImageOfPage\":{\"@id\":\"https:\/\/segcitytours.es\/en\/tours\/segway-avila\/#primaryimage\"},\"image\":{\"@id\":\"https:\/\/segcitytours.es\/en\/tours\/segway-avila\/#primaryimage\"},\"thumbnailUrl\":\"https:\/\/segcitytours.es\/wp-content\/uploads\/2015\/08\/tour-segwayfun-avila.jpg\",\"datePublished\":\"2015-08-26T18:51:34+00:00\",\"dateModified\":\"2023-09-25T15:01:53+00:00\",\"description\":\"{:en}Segway \u00c1vila, Segway \u00c1vila Tour. Get to know the historic center of the city of Avila in the most original way. Book your Segway Avila and have the time of your life!{:en}Segway Avila. We make tours through the historic city of Avila. In a fun and very comfortable way you can discover its secrets and curiosities.{:fr}Segway Avila. We visited the historic city of Avila. Fun and practical, you can discover its secrets and curiosities.{:}\",\"breadcrumb\":{\"@id\":\"https:\/\/segcitytours.es\/en\/tours\/segway-avila\/#breadcrumb\"},\"inLanguage\":\"en-US\",\"potentialAction\":[{\"@type\":\"ReadAction\",\"target\":[\"https:\/\/segcitytours.es\/en\/tours\/segway-avila\/\"]}]},{\"@type\":\"ImageObject\",\"inLanguage\":\"en-US\",\"@id\":\"https:\/\/segcitytours.es\/en\/tours\/segway-avila\/#primaryimage\",\"url\":\"https:\/\/segcitytours.es\/wp-content\/uploads\/2015\/08\/tour-segwayfun-avila.jpg\",\"contentUrl\":\"https:\/\/segcitytours.es\/wp-content\/uploads\/2015\/08\/tour-segwayfun-avila.jpg\",\"width\":800,\"height\":598,\"caption\":\"Tour en segway por la ciudad de \u00c1vila\"},{\"@type\":\"BreadcrumbList\",\"@id\":\"https:\/\/segcitytours.es\/en\/tours\/segway-avila\/#breadcrumb\",\"itemListElement\":[{\"@type\":\"ListItem\",\"position\":1,\"name\":\"Portada\",\"item\":\"https:\/\/segcitytours.es\/en\/home\/\"},{\"@type\":\"ListItem\",\"position\":2,\"name\":\"Shop\",\"item\":\"https:\/\/segcitytours.es\/en\/shop\/\"},{\"@type\":\"ListItem\",\"position\":3,\"name\":\"Segway Avila\"}]},{\"@type\":\"WebSite\",\"@id\":\"https:\/\/segcitytours.es\/en\/#website\",\"url\":\"https:\/\/segcitytours.es\/en\/\",\"name\":\"Madrid Segway Tour Experience\",\"description\":\"Disfruta Madrid en Segway\",\"publisher\":{\"@id\":\"https:\/\/segcitytours.es\/en\/#organization\"},\"alternateName\":\"Segcitytours - Segway tours\",\"potentialAction\":[{\"@type\":\"SearchAction\",\"target\":{\"@type\":\"EntryPoint\",\"urlTemplate\":\"https:\/\/segcitytours.es\/en\/?s={search_term_string}\"},\"query-input\":{\"@type\":\"PropertyValueSpecification\",\"valueRequired\":true,\"valueName\":\"search_term_string\"}}],\"inLanguage\":\"en-US\"},{\"@type\":[\"Organization\",\"Place\",\"LocalBusiness\"],\"@id\":\"https:\/\/segcitytours.es\/en\/#organization\",\"name\":\"Segcitytours\",\"alternateName\":\"Segway Tours\",\"url\":\"https:\/\/segcitytours.es\/en\/\",\"logo\":{\"@id\":\"https:\/\/segcitytours.es\/en\/tours\/segway-avila\/#local-main-organization-logo\"},\"image\":{\"@id\":\"https:\/\/segcitytours.es\/en\/tours\/segway-avila\/#local-main-organization-logo\"},\"sameAs\":[\"https:\/\/www.facebook.com\/Segwayfun-111864518874580\/timeline\/?ref=ts\",\"https:\/\/x.com\/_segwayfun\"],\"address\":{\"@id\":\"https:\/\/segcitytours.es\/en\/tours\/segway-avila\/#local-main-place-address\"},\"geo\":{\"@type\":\"GeoCoordinates\",\"latitude\":\"40.413530233784094\",\"longitude\":\"-3.6983123748514117\"},\"telephone\":[\"+34629612216\"],\"openingHoursSpecification\":[{\"@type\":\"OpeningHoursSpecification\",\"dayOfWeek\":[\"Monday\",\"Tuesday\",\"Wednesday\",\"Thursday\",\"Friday\",\"Saturday\",\"Sunday\"],\"opens\":\"10:00\",\"closes\":\"20:00\"}],\"email\":\"info@segcitytours.es\",\"vatID\":\"B42196998\",\"taxID\":\"B42196998\"},{\"@type\":\"PostalAddress\",\"@id\":\"https:\/\/segcitytours.es\/en\/tours\/segway-avila\/#local-main-place-address\",\"streetAddress\":\"Calle de las Huertas, 39\",\"addressLocality\":\"Madrid\",\"postalCode\":\"28014\",\"addressRegion\":\"Madrid\",\"addressCountry\":\"ES\"},{\"@type\":\"ImageObject\",\"inLanguage\":\"en-US\",\"@id\":\"https:\/\/segcitytours.es\/en\/tours\/segway-avila\/#local-main-organization-logo\",\"url\":\"https:\/\/segcitytours.es\/wp-content\/uploads\/2020\/11\/Segcitytours-fondo-blanco-1000px.png\",\"contentUrl\":\"https:\/\/segcitytours.es\/wp-content\/uploads\/2020\/11\/Segcitytours-fondo-blanco-1000px.png\",\"width\":1000,\"height\":500,\"caption\":\"Segcitytours\"}]}<\/script>\n<meta property=\"product:price:amount\" content=\"75.00\" \/>\n<meta property=\"product:price:currency\" content=\"EUR\" \/>\n<meta property=\"og:availability\" content=\"instock\" \/>\n<meta property=\"product:availability\" content=\"instock\" \/>\n<meta property=\"product:condition\" content=\"new\" \/>\n<meta name=\"geo.placename\" content=\"Madrid\" \/>\n<meta name=\"geo.position\" content=\"40.413530233784094;-3.6983123748514117\" \/>\n<meta name=\"geo.region\" content=\"Spain\" \/>\n<!-- \/ Yoast SEO Premium plugin. -->","yoast_head_json":{"title":"[:es]Segway \u00c1vila | Segway \u00c1vila Tour[:en]Segway Avila, know the best of the city - Segwayfun[:fr]Segway Avila, conna\u00eet le meilleur de la ville - Segwayfun[:]","description":"{:en}Segway \u00c1vila, Segway \u00c1vila Tour. Get to know the historic center of the city of Avila in the most original way. Book your Segway Avila and have the time of your life!{:en}Segway Avila. We make tours through the historic city of Avila. In a fun and very comfortable way you can discover its secrets and curiosities.{:fr}Segway Avila. We visited the historic city of Avila. Fun and practical, you can discover its secrets and curiosities.{:}","robots":{"index":"index","follow":"follow","max-snippet":"max-snippet:-1","max-image-preview":"max-image-preview:large","max-video-preview":"max-video-preview:-1"},"canonical":"https:\/\/segcitytours.es\/en\/tours\/segway-avila\/","og_locale":"en_US","og_type":"article","og_title":"Segway Avila","og_description":"{:en}Segway \u00c1vila, Segway \u00c1vila Tour. Get to know the historic center of the city of Avila in the most original way. Book your Segway Avila and have the time of your life!{:en}Segway Avila. We make tours through the historic city of Avila. In a fun and very comfortable way you can discover its secrets and curiosities.{:fr}Segway Avila. We visited the historic city of Avila. Fun and practical, you can discover its secrets and curiosities.{:}","og_url":"https:\/\/segcitytours.es\/en\/tours\/segway-avila\/","og_site_name":"Madrid Segway Tour Experience","article_publisher":"https:\/\/www.facebook.com\/Segwayfun-111864518874580\/timeline\/?ref=ts","article_modified_time":"2023-09-25T15:01:53+00:00","og_image":[{"width":800,"height":598,"url":"https:\/\/segcitytours.es\/wp-content\/uploads\/2015\/08\/tour-segwayfun-avila.jpg","type":"image\/jpeg"}],"twitter_card":"summary_large_image","twitter_site":"@_segwayfun","twitter_misc":{"Price":"75,00&nbsp;&euro;","Availability":"In stock"},"schema":{"@context":"https:\/\/schema.org","@graph":[{"@type":"WebPage","@id":"https:\/\/segcitytours.es\/en\/tours\/segway-avila\/","url":"https:\/\/segcitytours.es\/en\/tours\/segway-avila\/","name":"[:es]Segway \u00c1vila | Segway \u00c1vila Tour[:en]Segway Avila, know the best of the city - Segwayfun[:fr]Segway Avila, conna\u00eet le meilleur de la ville - Segwayfun[:]","isPartOf":{"@id":"https:\/\/segcitytours.es\/en\/#website"},"primaryImageOfPage":{"@id":"https:\/\/segcitytours.es\/en\/tours\/segway-avila\/#primaryimage"},"image":{"@id":"https:\/\/segcitytours.es\/en\/tours\/segway-avila\/#primaryimage"},"thumbnailUrl":"https:\/\/segcitytours.es\/wp-content\/uploads\/2015\/08\/tour-segwayfun-avila.jpg","datePublished":"2015-08-26T18:51:34+00:00","dateModified":"2023-09-25T15:01:53+00:00","description":"{:en}Segway \u00c1vila, Segway \u00c1vila Tour. Get to know the historic center of the city of Avila in the most original way. Book your Segway Avila and have the time of your life!{:en}Segway Avila. We make tours through the historic city of Avila. In a fun and very comfortable way you can discover its secrets and curiosities.{:fr}Segway Avila. We visited the historic city of Avila. Fun and practical, you can discover its secrets and curiosities.{:}","breadcrumb":{"@id":"https:\/\/segcitytours.es\/en\/tours\/segway-avila\/#breadcrumb"},"inLanguage":"en-US","potentialAction":[{"@type":"ReadAction","target":["https:\/\/segcitytours.es\/en\/tours\/segway-avila\/"]}]},{"@type":"ImageObject","inLanguage":"en-US","@id":"https:\/\/segcitytours.es\/en\/tours\/segway-avila\/#primaryimage","url":"https:\/\/segcitytours.es\/wp-content\/uploads\/2015\/08\/tour-segwayfun-avila.jpg","contentUrl":"https:\/\/segcitytours.es\/wp-content\/uploads\/2015\/08\/tour-segwayfun-avila.jpg","width":800,"height":598,"caption":"Tour en segway por la ciudad de \u00c1vila"},{"@type":"BreadcrumbList","@id":"https:\/\/segcitytours.es\/en\/tours\/segway-avila\/#breadcrumb","itemListElement":[{"@type":"ListItem","position":1,"name":"Portada","item":"https:\/\/segcitytours.es\/en\/home\/"},{"@type":"ListItem","position":2,"name":"Shop","item":"https:\/\/segcitytours.es\/en\/shop\/"},{"@type":"ListItem","position":3,"name":"Segway Avila"}]},{"@type":"WebSite","@id":"https:\/\/segcitytours.es\/en\/#website","url":"https:\/\/segcitytours.es\/en\/","name":"Madrid Segway Tour Experience","description":"Disfruta Madrid en Segway","publisher":{"@id":"https:\/\/segcitytours.es\/en\/#organization"},"alternateName":"Segcitytours - Segway tours","potentialAction":[{"@type":"SearchAction","target":{"@type":"EntryPoint","urlTemplate":"https:\/\/segcitytours.es\/en\/?s={search_term_string}"},"query-input":{"@type":"PropertyValueSpecification","valueRequired":true,"valueName":"search_term_string"}}],"inLanguage":"en-US"},{"@type":["Organization","Place","LocalBusiness"],"@id":"https:\/\/segcitytours.es\/en\/#organization","name":"Segcitytours","alternateName":"Segway Tours","url":"https:\/\/segcitytours.es\/en\/","logo":{"@id":"https:\/\/segcitytours.es\/en\/tours\/segway-avila\/#local-main-organization-logo"},"image":{"@id":"https:\/\/segcitytours.es\/en\/tours\/segway-avila\/#local-main-organization-logo"},"sameAs":["https:\/\/www.facebook.com\/Segwayfun-111864518874580\/timeline\/?ref=ts","https:\/\/x.com\/_segwayfun"],"address":{"@id":"https:\/\/segcitytours.es\/en\/tours\/segway-avila\/#local-main-place-address"},"geo":{"@type":"GeoCoordinates","latitude":"40.413530233784094","longitude":"-3.6983123748514117"},"telephone":["+34629612216"],"openingHoursSpecification":[{"@type":"OpeningHoursSpecification","dayOfWeek":["Monday","Tuesday","Wednesday","Thursday","Friday","Saturday","Sunday"],"opens":"10:00","closes":"20:00"}],"email":"info@segcitytours.es","vatID":"B42196998","taxID":"B42196998"},{"@type":"PostalAddress","@id":"https:\/\/segcitytours.es\/en\/tours\/segway-avila\/#local-main-place-address","streetAddress":"Calle de las Huertas, 39","addressLocality":"Madrid","postalCode":"28014","addressRegion":"Madrid","addressCountry":"ES"},{"@type":"ImageObject","inLanguage":"en-US","@id":"https:\/\/segcitytours.es\/en\/tours\/segway-avila\/#local-main-organization-logo","url":"https:\/\/segcitytours.es\/wp-content\/uploads\/2020\/11\/Segcitytours-fondo-blanco-1000px.png","contentUrl":"https:\/\/segcitytours.es\/wp-content\/uploads\/2020\/11\/Segcitytours-fondo-blanco-1000px.png","width":1000,"height":500,"caption":"Segcitytours"}]},"product_price_amount":"75.00","product_price_currency":"EUR","og_availability":"instock","product_availability":"instock","product_condition":"new","geo.placename":"Madrid","geo.position":{"lat":"40.413530233784094","long":"-3.6983123748514117"},"geo.region":"Spain"},"_links":{"self":[{"href":"https:\/\/segcitytours.es\/en\/wp-json\/wp\/v2\/product\/7396","targetHints":{"allow":["GET"]}}],"collection":[{"href":"https:\/\/segcitytours.es\/en\/wp-json\/wp\/v2\/product"}],"about":[{"href":"https:\/\/segcitytours.es\/en\/wp-json\/wp\/v2\/types\/product"}],"replies":[{"embeddable":true,"href":"https:\/\/segcitytours.es\/en\/wp-json\/wp\/v2\/comments?post=7396"}],"version-history":[{"count":0,"href":"https:\/\/segcitytours.es\/en\/wp-json\/wp\/v2\/product\/7396\/revisions"}],"wp:featuredmedia":[{"embeddable":true,"href":"https:\/\/segcitytours.es\/en\/wp-json\/wp\/v2\/media\/7400"}],"wp:attachment":[{"href":"https:\/\/segcitytours.es\/en\/wp-json\/wp\/v2\/media?parent=7396"}],"wp:term":[{"taxonomy":"product_brand","embeddable":true,"href":"https:\/\/segcitytours.es\/en\/wp-json\/wp\/v2\/product_brand?post=7396"},{"taxonomy":"product_cat","embeddable":true,"href":"https:\/\/segcitytours.es\/en\/wp-json\/wp\/v2\/product_cat?post=7396"},{"taxonomy":"product_tag","embeddable":true,"href":"https:\/\/segcitytours.es\/en\/wp-json\/wp\/v2\/product_tag?post=7396"}],"curies":[{"name":"wp","href":"https:\/\/api.w.org\/{rel}","templated":true}]}}