{"id":7160,"date":"2015-08-06T01:12:52","date_gmt":"2015-08-05T23:12:52","guid":{"rendered":"http:\/\/segcitytours.es.mialias.net\/evenements-dentreprise\/"},"modified":"2024-07-17T11:37:51","modified_gmt":"2024-07-17T09:37:51","slug":"evenements-dentreprise","status":"publish","type":"page","link":"https:\/\/segcitytours.es\/fr\/evenements-dentreprise\/","title":{"rendered":"\u00c9V\u00c9NEMENTS D&rsquo;ENTREPRISE"},"content":{"rendered":"<p style=\"text-align: center;\">\n<div class=\"woocommerce columns-2\">\n<ul class=\"products\">\n<li class=\"product-category product\"><a href=\"https:\/\/www.publiseg.es\" target=\"_blank\" rel=\"noopener\"><img fetchpriority=\"high\" decoding=\"async\" src=\"http:\/\/segcitytours.es\/wp-content\/uploads\/2018\/12\/publisegway-dominos.jpg\" alt=\"Publisegway\" width=\"300\" height=\"300\"> <b class=\"superh3\">Publicit\u00e9<\/b><\/a><\/li>\n<li class=\"product-category product\"><a href=\"https:\/\/segcitytours.es\/fr\/evenements\/\"><img decoding=\"async\" src=\"http:\/\/segcitytours.es\/wp-content\/uploads\/2018\/12\/evento-michelin.jpg\" alt=\"\u00c9v\u00e9nements d'entreprise\" width=\"300\" height=\"300\"> <b class=\"superh3\">Ev\u00e9nements<\/b><\/a><\/li>\n<li class=\"product-category product\"><a href=\"https:\/\/segcitytours.es\/fr\/acciones-especiales\/\"><img decoding=\"async\" src=\"http:\/\/segcitytours.es\/wp-content\/uploads\/2020\/11\/segway-medieval.jpg\" alt=\"Actions sp\u00e9ciales\" width=\"300\" height=\"300\"> <b class=\"superh3\">Actions sp\u00e9ciales<\/b><\/a><\/li>\n<li class=\"product-category product\"><a href=\"https:\/\/www.tripadventure.es\"><img loading=\"lazy\" decoding=\"async\" src=\"http:\/\/segcitytours.es\/wp-content\/uploads\/2021\/02\/trip-adventure-500-px.jpg\" alt=\"\u00c9quipe de travail\" width=\"300\" height=\"300\"> <b class=\"superh3\">\u00c9quipe de travail<\/b><\/a><\/li>\n<\/ul>\n<\/div>\n<p><!--more--><\/p>\n","protected":false},"excerpt":{"rendered":"<p> [&hellip;]<\/p>\n","protected":false},"author":1,"featured_media":0,"parent":0,"menu_order":0,"comment_status":"closed","ping_status":"closed","template":"","meta":{"site-sidebar-layout":"default","site-content-layout":"","ast-site-content-layout":"default","site-content-style":"default","site-sidebar-style":"default","ast-global-header-display":"","ast-banner-title-visibility":"","ast-main-header-display":"","ast-hfb-above-header-display":"","ast-hfb-below-header-display":"","ast-hfb-mobile-header-display":"","site-post-title":"","ast-breadcrumbs-content":"","ast-featured-img":"","footer-sml-layout":"","ast-disable-related-posts":"","theme-transparent-header-meta":"","adv-header-id-meta":"","stick-header-meta":"","header-above-stick-meta":"","header-main-stick-meta":"","header-below-stick-meta":"","astra-migrate-meta-layouts":"default","ast-page-background-enabled":"default","ast-page-background-meta":{"desktop":{"background-color":"","background-image":"","background-repeat":"repeat","background-position":"center center","background-size":"auto","background-attachment":"scroll","background-type":"","background-media":"","overlay-type":"","overlay-color":"","overlay-opacity":"","overlay-gradient":""},"tablet":{"background-color":"","background-image":"","background-repeat":"repeat","background-position":"center center","background-size":"auto","background-attachment":"scroll","background-type":"","background-media":"","overlay-type":"","overlay-color":"","overlay-opacity":"","overlay-gradient":""},"mobile":{"background-color":"","background-image":"","background-repeat":"repeat","background-position":"center center","background-size":"auto","background-attachment":"scroll","background-type":"","background-media":"","overlay-type":"","overlay-color":"","overlay-opacity":"","overlay-gradient":""}},"ast-content-background-meta":{"desktop":{"background-color":"var(--ast-global-color-5)","background-image":"","background-repeat":"repeat","background-position":"center center","background-size":"auto","background-attachment":"scroll","background-type":"","background-media":"","overlay-type":"","overlay-color":"","overlay-opacity":"","overlay-gradient":""},"tablet":{"background-color":"var(--ast-global-color-5)","background-image":"","background-repeat":"repeat","background-position":"center center","background-size":"auto","background-attachment":"scroll","background-type":"","background-media":"","overlay-type":"","overlay-color":"","overlay-opacity":"","overlay-gradient":""},"mobile":{"background-color":"var(--ast-global-color-5)","background-image":"","background-repeat":"repeat","background-position":"center center","background-size":"auto","background-attachment":"scroll","background-type":"","background-media":"","overlay-type":"","overlay-color":"","overlay-opacity":"","overlay-gradient":""}},"footnotes":""},"class_list":["post-7160","page","type-page","status-publish","hentry"],"yoast_head":"<!-- This site is optimized with the Yoast SEO Premium plugin v27.1 (Yoast SEO v27.3) - https:\/\/yoast.com\/product\/yoast-seo-premium-wordpress\/ -->\n<title>Entreprises de Segway | \u00c9v\u00e9nements et campagnes publicitaires<\/title>\n<meta name=\"description\" content=\"Entreprises de Segway, \u00e9v\u00e9nements et campagnes publicitaires autour du Segway. D\u00e9couvrez le street marketing, soyez original et impressionnez vos clients !\" \/>\n<meta name=\"robots\" content=\"index, follow, max-snippet:-1, max-image-preview:large, max-video-preview:-1\" \/>\n<link rel=\"canonical\" href=\"https:\/\/segcitytours.es\/fr\/evenements-dentreprise\/\" \/>\n<meta property=\"og:locale\" content=\"fr_FR\" \/>\n<meta property=\"og:type\" content=\"article\" \/>\n<meta property=\"og:title\" content=\"\u00c9V\u00c9NEMENTS D&#039;ENTREPRISE\" \/>\n<meta property=\"og:description\" content=\"Segway Parque del Retiro, Segway Madrid Tours; descubre la forma m\u00e1s divertida de conocer los lugares con encanto de Madrid. Vive una experiencia \u00fanica!\" \/>\n<meta property=\"og:url\" content=\"https:\/\/segcitytours.es\/fr\/evenements-dentreprise\/\" \/>\n<meta property=\"og:site_name\" content=\"Madrid Segway Tour Experience\" \/>\n<meta property=\"article:publisher\" content=\"https:\/\/www.facebook.com\/Segwayfun-111864518874580\/timeline\/?ref=ts\" \/>\n<meta property=\"article:modified_time\" content=\"2024-07-17T09:37:51+00:00\" \/>\n<meta name=\"twitter:card\" content=\"summary_large_image\" \/>\n<meta name=\"twitter:image\" content=\"http:\/\/segcitytours.es\/wp-content\/uploads\/2018\/12\/publisegway-dominos.jpg\" \/>\n<meta name=\"twitter:site\" content=\"@_segwayfun\" \/>\n<script type=\"application\/ld+json\" class=\"yoast-schema-graph\">{\"@context\":\"https:\\\/\\\/schema.org\",\"@graph\":[{\"@type\":\"WebPage\",\"@id\":\"https:\\\/\\\/segcitytours.es\\\/fr\\\/evenements-dentreprise\\\/\",\"url\":\"https:\\\/\\\/segcitytours.es\\\/fr\\\/evenements-dentreprise\\\/\",\"name\":\"Entreprises de Segway | \u00c9v\u00e9nements et campagnes publicitaires\",\"isPartOf\":{\"@id\":\"https:\\\/\\\/segcitytours.es\\\/fr\\\/#website\"},\"primaryImageOfPage\":{\"@id\":\"https:\\\/\\\/segcitytours.es\\\/fr\\\/evenements-dentreprise\\\/#primaryimage\"},\"image\":{\"@id\":\"https:\\\/\\\/segcitytours.es\\\/fr\\\/evenements-dentreprise\\\/#primaryimage\"},\"thumbnailUrl\":\"http:\\\/\\\/segcitytours.es\\\/wp-content\\\/uploads\\\/2018\\\/12\\\/publisegway-dominos.jpg\",\"datePublished\":\"2015-08-05T23:12:52+00:00\",\"dateModified\":\"2024-07-17T09:37:51+00:00\",\"description\":\"Entreprises de Segway, \u00e9v\u00e9nements et campagnes publicitaires autour du Segway. D\u00e9couvrez le street marketing, soyez original et impressionnez vos clients !\",\"breadcrumb\":{\"@id\":\"https:\\\/\\\/segcitytours.es\\\/fr\\\/evenements-dentreprise\\\/#breadcrumb\"},\"inLanguage\":\"fr-FR\",\"potentialAction\":[{\"@type\":\"ReadAction\",\"target\":[\"https:\\\/\\\/segcitytours.es\\\/fr\\\/evenements-dentreprise\\\/\"]}]},{\"@type\":\"ImageObject\",\"inLanguage\":\"fr-FR\",\"@id\":\"https:\\\/\\\/segcitytours.es\\\/fr\\\/evenements-dentreprise\\\/#primaryimage\",\"url\":\"http:\\\/\\\/segcitytours.es\\\/wp-content\\\/uploads\\\/2018\\\/12\\\/publisegway-dominos.jpg\",\"contentUrl\":\"http:\\\/\\\/segcitytours.es\\\/wp-content\\\/uploads\\\/2018\\\/12\\\/publisegway-dominos.jpg\"},{\"@type\":\"BreadcrumbList\",\"@id\":\"https:\\\/\\\/segcitytours.es\\\/fr\\\/evenements-dentreprise\\\/#breadcrumb\",\"itemListElement\":[{\"@type\":\"ListItem\",\"position\":1,\"name\":\"Portada\",\"item\":\"https:\\\/\\\/segcitytours.es\\\/fr\\\/accueil\\\/\"},{\"@type\":\"ListItem\",\"position\":2,\"name\":\"\u00c9V\u00c9NEMENTS D&#8217;ENTREPRISE\"}]},{\"@type\":\"WebSite\",\"@id\":\"https:\\\/\\\/segcitytours.es\\\/fr\\\/#website\",\"url\":\"https:\\\/\\\/segcitytours.es\\\/fr\\\/\",\"name\":\"Madrid Segway Tour Experience\",\"description\":\"Disfruta Madrid en Segway\",\"publisher\":{\"@id\":\"https:\\\/\\\/segcitytours.es\\\/fr\\\/#organization\"},\"alternateName\":\"Segcitytours - Segway tours\",\"potentialAction\":[{\"@type\":\"SearchAction\",\"target\":{\"@type\":\"EntryPoint\",\"urlTemplate\":\"https:\\\/\\\/segcitytours.es\\\/fr\\\/?s={search_term_string}\"},\"query-input\":{\"@type\":\"PropertyValueSpecification\",\"valueRequired\":true,\"valueName\":\"search_term_string\"}}],\"inLanguage\":\"fr-FR\"},{\"@type\":[\"Organization\",\"Place\",\"LocalBusiness\"],\"@id\":\"https:\\\/\\\/segcitytours.es\\\/fr\\\/#organization\",\"name\":\"Segcitytours\",\"alternateName\":\"Segway Tours\",\"url\":\"https:\\\/\\\/segcitytours.es\\\/fr\\\/\",\"logo\":{\"@id\":\"https:\\\/\\\/segcitytours.es\\\/fr\\\/evenements-dentreprise\\\/#local-main-organization-logo\"},\"image\":{\"@id\":\"https:\\\/\\\/segcitytours.es\\\/fr\\\/evenements-dentreprise\\\/#local-main-organization-logo\"},\"sameAs\":[\"https:\\\/\\\/www.facebook.com\\\/Segwayfun-111864518874580\\\/timeline\\\/?ref=ts\",\"https:\\\/\\\/x.com\\\/_segwayfun\"],\"address\":{\"@id\":\"https:\\\/\\\/segcitytours.es\\\/fr\\\/evenements-dentreprise\\\/#local-main-place-address\"},\"geo\":{\"@type\":\"GeoCoordinates\",\"latitude\":\"40.413530233784094\",\"longitude\":\"-3.6983123748514117\"},\"telephone\":[\"+34629612216\"],\"openingHoursSpecification\":[{\"@type\":\"OpeningHoursSpecification\",\"dayOfWeek\":[\"Monday\",\"Tuesday\",\"Wednesday\",\"Thursday\",\"Friday\",\"Saturday\",\"Sunday\"],\"opens\":\"10:00\",\"closes\":\"20:00\"}],\"email\":\"info@segcitytours.es\",\"vatID\":\"B42196998\",\"taxID\":\"B42196998\"},{\"@type\":\"PostalAddress\",\"@id\":\"https:\\\/\\\/segcitytours.es\\\/fr\\\/evenements-dentreprise\\\/#local-main-place-address\",\"streetAddress\":\"Calle de las Huertas, 39\",\"addressLocality\":\"Madrid\",\"postalCode\":\"28014\",\"addressRegion\":\"Madrid\",\"addressCountry\":\"ES\"},{\"@type\":\"ImageObject\",\"inLanguage\":\"fr-FR\",\"@id\":\"https:\\\/\\\/segcitytours.es\\\/fr\\\/evenements-dentreprise\\\/#local-main-organization-logo\",\"url\":\"https:\\\/\\\/segcitytours.es\\\/wp-content\\\/uploads\\\/2020\\\/11\\\/Segcitytours-fondo-blanco-1000px.png\",\"contentUrl\":\"https:\\\/\\\/segcitytours.es\\\/wp-content\\\/uploads\\\/2020\\\/11\\\/Segcitytours-fondo-blanco-1000px.png\",\"width\":1000,\"height\":500,\"caption\":\"Segcitytours\"}]}<\/script>\n<meta name=\"geo.placename\" content=\"Madrid\" \/>\n<meta name=\"geo.position\" content=\"40.413530233784094;-3.6983123748514117\" \/>\n<meta name=\"geo.region\" content=\"Espagne\" \/>\n<!-- \/ Yoast SEO Premium plugin. -->","yoast_head_json":{"title":"Entreprises de Segway | \u00c9v\u00e9nements et campagnes publicitaires","description":"Entreprises de Segway, \u00e9v\u00e9nements et campagnes publicitaires autour du Segway. D\u00e9couvrez le street marketing, soyez original et impressionnez vos clients !","robots":{"index":"index","follow":"follow","max-snippet":"max-snippet:-1","max-image-preview":"max-image-preview:large","max-video-preview":"max-video-preview:-1"},"canonical":"https:\/\/segcitytours.es\/fr\/evenements-dentreprise\/","og_locale":"fr_FR","og_type":"article","og_title":"\u00c9V\u00c9NEMENTS D'ENTREPRISE","og_description":"Segway Parque del Retiro, Segway Madrid Tours; descubre la forma m\u00e1s divertida de conocer los lugares con encanto de Madrid. Vive una experiencia \u00fanica!","og_url":"https:\/\/segcitytours.es\/fr\/evenements-dentreprise\/","og_site_name":"Madrid Segway Tour Experience","article_publisher":"https:\/\/www.facebook.com\/Segwayfun-111864518874580\/timeline\/?ref=ts","article_modified_time":"2024-07-17T09:37:51+00:00","twitter_card":"summary_large_image","twitter_image":"http:\/\/segcitytours.es\/wp-content\/uploads\/2018\/12\/publisegway-dominos.jpg","twitter_site":"@_segwayfun","schema":{"@context":"https:\/\/schema.org","@graph":[{"@type":"WebPage","@id":"https:\/\/segcitytours.es\/fr\/evenements-dentreprise\/","url":"https:\/\/segcitytours.es\/fr\/evenements-dentreprise\/","name":"Entreprises de Segway | \u00c9v\u00e9nements et campagnes publicitaires","isPartOf":{"@id":"https:\/\/segcitytours.es\/fr\/#website"},"primaryImageOfPage":{"@id":"https:\/\/segcitytours.es\/fr\/evenements-dentreprise\/#primaryimage"},"image":{"@id":"https:\/\/segcitytours.es\/fr\/evenements-dentreprise\/#primaryimage"},"thumbnailUrl":"http:\/\/segcitytours.es\/wp-content\/uploads\/2018\/12\/publisegway-dominos.jpg","datePublished":"2015-08-05T23:12:52+00:00","dateModified":"2024-07-17T09:37:51+00:00","description":"Entreprises de Segway, \u00e9v\u00e9nements et campagnes publicitaires autour du Segway. D\u00e9couvrez le street marketing, soyez original et impressionnez vos clients !","breadcrumb":{"@id":"https:\/\/segcitytours.es\/fr\/evenements-dentreprise\/#breadcrumb"},"inLanguage":"fr-FR","potentialAction":[{"@type":"ReadAction","target":["https:\/\/segcitytours.es\/fr\/evenements-dentreprise\/"]}]},{"@type":"ImageObject","inLanguage":"fr-FR","@id":"https:\/\/segcitytours.es\/fr\/evenements-dentreprise\/#primaryimage","url":"http:\/\/segcitytours.es\/wp-content\/uploads\/2018\/12\/publisegway-dominos.jpg","contentUrl":"http:\/\/segcitytours.es\/wp-content\/uploads\/2018\/12\/publisegway-dominos.jpg"},{"@type":"BreadcrumbList","@id":"https:\/\/segcitytours.es\/fr\/evenements-dentreprise\/#breadcrumb","itemListElement":[{"@type":"ListItem","position":1,"name":"Portada","item":"https:\/\/segcitytours.es\/fr\/accueil\/"},{"@type":"ListItem","position":2,"name":"\u00c9V\u00c9NEMENTS D&#8217;ENTREPRISE"}]},{"@type":"WebSite","@id":"https:\/\/segcitytours.es\/fr\/#website","url":"https:\/\/segcitytours.es\/fr\/","name":"Madrid Segway Tour Experience","description":"Disfruta Madrid en Segway","publisher":{"@id":"https:\/\/segcitytours.es\/fr\/#organization"},"alternateName":"Segcitytours - Segway tours","potentialAction":[{"@type":"SearchAction","target":{"@type":"EntryPoint","urlTemplate":"https:\/\/segcitytours.es\/fr\/?s={search_term_string}"},"query-input":{"@type":"PropertyValueSpecification","valueRequired":true,"valueName":"search_term_string"}}],"inLanguage":"fr-FR"},{"@type":["Organization","Place","LocalBusiness"],"@id":"https:\/\/segcitytours.es\/fr\/#organization","name":"Segcitytours","alternateName":"Segway Tours","url":"https:\/\/segcitytours.es\/fr\/","logo":{"@id":"https:\/\/segcitytours.es\/fr\/evenements-dentreprise\/#local-main-organization-logo"},"image":{"@id":"https:\/\/segcitytours.es\/fr\/evenements-dentreprise\/#local-main-organization-logo"},"sameAs":["https:\/\/www.facebook.com\/Segwayfun-111864518874580\/timeline\/?ref=ts","https:\/\/x.com\/_segwayfun"],"address":{"@id":"https:\/\/segcitytours.es\/fr\/evenements-dentreprise\/#local-main-place-address"},"geo":{"@type":"GeoCoordinates","latitude":"40.413530233784094","longitude":"-3.6983123748514117"},"telephone":["+34629612216"],"openingHoursSpecification":[{"@type":"OpeningHoursSpecification","dayOfWeek":["Monday","Tuesday","Wednesday","Thursday","Friday","Saturday","Sunday"],"opens":"10:00","closes":"20:00"}],"email":"info@segcitytours.es","vatID":"B42196998","taxID":"B42196998"},{"@type":"PostalAddress","@id":"https:\/\/segcitytours.es\/fr\/evenements-dentreprise\/#local-main-place-address","streetAddress":"Calle de las Huertas, 39","addressLocality":"Madrid","postalCode":"28014","addressRegion":"Madrid","addressCountry":"ES"},{"@type":"ImageObject","inLanguage":"fr-FR","@id":"https:\/\/segcitytours.es\/fr\/evenements-dentreprise\/#local-main-organization-logo","url":"https:\/\/segcitytours.es\/wp-content\/uploads\/2020\/11\/Segcitytours-fondo-blanco-1000px.png","contentUrl":"https:\/\/segcitytours.es\/wp-content\/uploads\/2020\/11\/Segcitytours-fondo-blanco-1000px.png","width":1000,"height":500,"caption":"Segcitytours"}]},"geo.placename":"Madrid","geo.position":{"lat":"40.413530233784094","long":"-3.6983123748514117"},"geo.region":"Espagne"},"_links":{"self":[{"href":"https:\/\/segcitytours.es\/fr\/wp-json\/wp\/v2\/pages\/7160","targetHints":{"allow":["GET"]}}],"collection":[{"href":"https:\/\/segcitytours.es\/fr\/wp-json\/wp\/v2\/pages"}],"about":[{"href":"https:\/\/segcitytours.es\/fr\/wp-json\/wp\/v2\/types\/page"}],"author":[{"embeddable":true,"href":"https:\/\/segcitytours.es\/fr\/wp-json\/wp\/v2\/users\/1"}],"replies":[{"embeddable":true,"href":"https:\/\/segcitytours.es\/fr\/wp-json\/wp\/v2\/comments?post=7160"}],"version-history":[{"count":0,"href":"https:\/\/segcitytours.es\/fr\/wp-json\/wp\/v2\/pages\/7160\/revisions"}],"wp:attachment":[{"href":"https:\/\/segcitytours.es\/fr\/wp-json\/wp\/v2\/media?parent=7160"}],"curies":[{"name":"wp","href":"https:\/\/api.w.org\/{rel}","templated":true}]}}