{"id":7194,"date":"2015-08-06T12:20:45","date_gmt":"2015-08-06T12:20:45","guid":{"rendered":"http:\/\/segcitytours.es.mialias.net\/evenements\/"},"modified":"2025-01-18T10:24:46","modified_gmt":"2025-01-18T09:24:46","slug":"evenements","status":"publish","type":"page","link":"https:\/\/segcitytours.es\/fr\/evenements\/","title":{"rendered":"\u00c9v\u00e9nements Segway"},"content":{"rendered":"\t\t<div data-elementor-type=\"wp-page\" data-elementor-id=\"7194\" class=\"elementor elementor-7194\" data-elementor-post-type=\"page\">\n\t\t\t\t\t\t<section class=\"elementor-section elementor-top-section elementor-element elementor-element-d266397 elementor-section-content-middle elementor-section-stretched elementor-section-boxed elementor-section-height-default elementor-section-height-default\" data-id=\"d266397\" data-element_type=\"section\" data-e-type=\"section\" data-settings=\"{&quot;background_background&quot;:&quot;classic&quot;,&quot;stretch_section&quot;:&quot;section-stretched&quot;}\">\n\t\t\t\t\t\t<div class=\"elementor-container elementor-column-gap-default\">\n\t\t\t\t\t<div class=\"elementor-column elementor-col-100 elementor-top-column elementor-element elementor-element-695a11b\" data-id=\"695a11b\" data-element_type=\"column\" data-e-type=\"column\">\n\t\t\t<div class=\"elementor-widget-wrap elementor-element-populated\">\n\t\t\t\t\t\t<div class=\"elementor-element elementor-element-d5571c2 elementor-widget elementor-widget-heading\" data-id=\"d5571c2\" data-element_type=\"widget\" data-e-type=\"widget\" data-widget_type=\"heading.default\">\n\t\t\t\t<div class=\"elementor-widget-container\">\n\t\t\t\t\t<h1 class=\"elementor-heading-title elementor-size-default\">Oui ! Monter sur un Segway<\/h1>\t\t\t\t<\/div>\n\t\t\t\t<\/div>\n\t\t\t\t<div class=\"elementor-element elementor-element-c9523e6 elementor-widget elementor-widget-heading\" data-id=\"c9523e6\" data-element_type=\"widget\" data-e-type=\"widget\" data-widget_type=\"heading.default\">\n\t\t\t\t<div class=\"elementor-widget-container\">\n\t\t\t\t\t<h2 class=\"elementor-heading-title elementor-size-default\">Segway Events ... Montez et profitez !<\/h2>\t\t\t\t<\/div>\n\t\t\t\t<\/div>\n\t\t\t\t\t<\/div>\n\t\t<\/div>\n\t\t\t\t\t<\/div>\n\t\t<\/section>\n\t\t\t\t<section class=\"elementor-section elementor-top-section elementor-element elementor-element-20c1fe82 elementor-section-boxed elementor-section-height-default elementor-section-height-default\" data-id=\"20c1fe82\" data-element_type=\"section\" data-e-type=\"section\">\n\t\t\t\t\t\t<div class=\"elementor-container elementor-column-gap-default\">\n\t\t\t\t\t<div class=\"elementor-column elementor-col-50 elementor-top-column elementor-element elementor-element-35b0fb9e\" data-id=\"35b0fb9e\" data-element_type=\"column\" data-e-type=\"column\">\n\t\t\t<div class=\"elementor-widget-wrap elementor-element-populated\">\n\t\t\t\t\t\t<div class=\"elementor-element elementor-element-56555ee2 elementor-widget elementor-widget-text-editor\" data-id=\"56555ee2\" data-element_type=\"widget\" data-e-type=\"widget\" data-widget_type=\"text-editor.default\">\n\t\t\t\t<div class=\"elementor-widget-container\">\n\t\t\t\t\t\t\t\t\t<p class=\"paragraph_style_6\">\n<p>Profitez d&rsquo;une journ\u00e9e inoubliable. Faites ressortir votre \u00e9v\u00e9nement avec Segway. Innova, mettez ce moyen de transport \u00e0 la disposition de vos h\u00f4tesses. Vos <span class=\"style_6\">clients<\/span> ne l&rsquo;oublieront pas.<\/p>\n<p class=\"paragraph_style_6\"><span class=\"style_6\">Vous choisissez comment vous faire conna\u00eetre<\/span>; invitez vos participants \u00e0 ressentir l&rsquo;adr\u00e9naline de <strong>SEGWAY<\/strong>.<\/p>\n<p class=\"paragraph_style_6\">Un \u00e9l\u00e9ment publicitaire pour se d\u00e9marquer lors de vos \u00e9v\u00e9nements d&rsquo;entreprise<span class=\"style_7\">, <\/span>un support diff\u00e9rent pour votre<span class=\"style_7\"> <a href=\"http:\/\/publisegway.es\/inicio.html\" target=\"_blank\" rel=\"noopener noreferrer\">publicit\u00e9 ext\u00e9rieure<\/a><\/span>.<\/p>\n<h3>Votre \u00e9v\u00e9nement Segway sur mesure.<\/h3>\n<h4>Vous voulez que votre entreprise ne tombe pas dans l&rsquo;oubli ? Qu&rsquo;est-ce qui reste dans la m\u00e9moire ?<\/h4>\n<p>Mettez en place un circuit pour que vos invit\u00e9s vivent une exp\u00e9rience unique.<\/p>\n<p>Utilisez les Segways pour distribuer votre publicit\u00e9, pour montrer o\u00f9 ils se trouvent, pour promouvoir votre \u00e9tablissement. Gr\u00e2ce \u00e0 ce nouveau moyen de transport innovant, vous b\u00e9n\u00e9ficierez d&rsquo;une grande visibilit\u00e9 et d&rsquo;un fort impact.<\/p>\n<p>Nous \u00e9tudions vos besoins et vous proposons une solution \u00ab\u00a0ad hoc\u00a0\u00bb.<\/p>\n<p>Autres activit\u00e9s sur<a href=\"http:\/\/www.tripadventure.es\" target=\"_blank\" rel=\"noopener noreferrer\"> www.tripadventure.es<\/a><\/p>\n\t\t\t\t\t\t\t\t<\/div>\n\t\t\t\t<\/div>\n\t\t\t\t\t<\/div>\n\t\t<\/div>\n\t\t\t\t<div class=\"elementor-column elementor-col-50 elementor-top-column elementor-element elementor-element-54999f7\" data-id=\"54999f7\" data-element_type=\"column\" data-e-type=\"column\" data-settings=\"{&quot;background_background&quot;:&quot;slideshow&quot;,&quot;background_slideshow_gallery&quot;:[{&quot;id&quot;:550,&quot;url&quot;:&quot;http:\\\/\\\/segcitytours.es\\\/wp-content\\\/uploads\\\/2015\\\/06\\\/toledo-4-e1447693051985.jpg&quot;},{&quot;id&quot;:557,&quot;url&quot;:&quot;http:\\\/\\\/segcitytours.es\\\/wp-content\\\/uploads\\\/2015\\\/08\\\/evento-1.jpg&quot;},{&quot;id&quot;:558,&quot;url&quot;:&quot;http:\\\/\\\/segcitytours.es\\\/wp-content\\\/uploads\\\/2015\\\/08\\\/evento-2-e1545659389510.jpg&quot;},{&quot;id&quot;:559,&quot;url&quot;:&quot;http:\\\/\\\/segcitytours.es\\\/wp-content\\\/uploads\\\/2015\\\/08\\\/evento-3-e1447692913384.jpg&quot;},{&quot;id&quot;:560,&quot;url&quot;:&quot;http:\\\/\\\/segcitytours.es\\\/wp-content\\\/uploads\\\/2015\\\/08\\\/evento-4-e1447692888559.jpg&quot;},{&quot;id&quot;:561,&quot;url&quot;:&quot;http:\\\/\\\/segcitytours.es\\\/wp-content\\\/uploads\\\/2015\\\/08\\\/evento-5-e1447692853499.jpg&quot;},{&quot;id&quot;:562,&quot;url&quot;:&quot;http:\\\/\\\/segcitytours.es\\\/wp-content\\\/uploads\\\/2015\\\/08\\\/evento-6-e1447692737988.jpg&quot;},{&quot;id&quot;:613,&quot;url&quot;:&quot;http:\\\/\\\/segcitytours.es\\\/wp-content\\\/uploads\\\/2015\\\/08\\\/eventos-segwayfun-home.jpg&quot;},{&quot;id&quot;:678,&quot;url&quot;:&quot;http:\\\/\\\/segcitytours.es\\\/wp-content\\\/uploads\\\/2015\\\/11\\\/segwayfun_eventos.jpg&quot;},{&quot;id&quot;:683,&quot;url&quot;:&quot;http:\\\/\\\/segcitytours.es\\\/wp-content\\\/uploads\\\/2015\\\/11\\\/segwayfun_eventos-canal-2.jpg&quot;},{&quot;id&quot;:684,&quot;url&quot;:&quot;http:\\\/\\\/segcitytours.es\\\/wp-content\\\/uploads\\\/2015\\\/11\\\/segwayfun_eventos-canal.jpg&quot;}],&quot;background_slideshow_slide_duration&quot;:3000,&quot;background_slideshow_loop&quot;:&quot;yes&quot;,&quot;background_slideshow_slide_transition&quot;:&quot;fade&quot;,&quot;background_slideshow_transition_duration&quot;:500}\">\n\t\t\t<div class=\"elementor-widget-wrap\">\n\t\t\t\t\t\t\t<\/div>\n\t\t<\/div>\n\t\t\t\t\t<\/div>\n\t\t<\/section>\n\t\t\t\t<\/div>\n\t\t","protected":false},"excerpt":{"rendered":"<p> [&hellip;]<\/p>\n","protected":false},"author":1,"featured_media":0,"parent":0,"menu_order":0,"comment_status":"closed","ping_status":"closed","template":"elementor_header_footer","meta":{"site-sidebar-layout":"default","site-content-layout":"","ast-site-content-layout":"default","site-content-style":"default","site-sidebar-style":"default","ast-global-header-display":"","ast-banner-title-visibility":"","ast-main-header-display":"","ast-hfb-above-header-display":"","ast-hfb-below-header-display":"","ast-hfb-mobile-header-display":"","site-post-title":"","ast-breadcrumbs-content":"","ast-featured-img":"","footer-sml-layout":"","ast-disable-related-posts":"","theme-transparent-header-meta":"","adv-header-id-meta":"","stick-header-meta":"","header-above-stick-meta":"","header-main-stick-meta":"","header-below-stick-meta":"","astra-migrate-meta-layouts":"default","ast-page-background-enabled":"default","ast-page-background-meta":{"desktop":{"background-color":"","background-image":"","background-repeat":"repeat","background-position":"center center","background-size":"auto","background-attachment":"scroll","background-type":"","background-media":"","overlay-type":"","overlay-color":"","overlay-opacity":"","overlay-gradient":""},"tablet":{"background-color":"","background-image":"","background-repeat":"repeat","background-position":"center center","background-size":"auto","background-attachment":"scroll","background-type":"","background-media":"","overlay-type":"","overlay-color":"","overlay-opacity":"","overlay-gradient":""},"mobile":{"background-color":"","background-image":"","background-repeat":"repeat","background-position":"center center","background-size":"auto","background-attachment":"scroll","background-type":"","background-media":"","overlay-type":"","overlay-color":"","overlay-opacity":"","overlay-gradient":""}},"ast-content-background-meta":{"desktop":{"background-color":"var(--ast-global-color-5)","background-image":"","background-repeat":"repeat","background-position":"center center","background-size":"auto","background-attachment":"scroll","background-type":"","background-media":"","overlay-type":"","overlay-color":"","overlay-opacity":"","overlay-gradient":""},"tablet":{"background-color":"var(--ast-global-color-5)","background-image":"","background-repeat":"repeat","background-position":"center center","background-size":"auto","background-attachment":"scroll","background-type":"","background-media":"","overlay-type":"","overlay-color":"","overlay-opacity":"","overlay-gradient":""},"mobile":{"background-color":"var(--ast-global-color-5)","background-image":"","background-repeat":"repeat","background-position":"center center","background-size":"auto","background-attachment":"scroll","background-type":"","background-media":"","overlay-type":"","overlay-color":"","overlay-opacity":"","overlay-gradient":""}},"footnotes":""},"class_list":["post-7194","page","type-page","status-publish","hentry"],"yoast_head":"<!-- This site is optimized with the Yoast SEO Premium plugin v27.1 (Yoast SEO v27.1.1) - https:\/\/yoast.com\/product\/yoast-seo-premium-wordpress\/ -->\n<title>\u00c9v\u00e9nements Segway pour les entreprises<\/title>\n<meta name=\"description\" content=\"Segway Corporate Events pour les entreprises qui se distinguent et innovent. Avec Segway, vos \u00e9v\u00e9nements les plus originaux du march\u00e9. Demandez-nous !\" \/>\n<meta name=\"robots\" content=\"index, follow, max-snippet:-1, max-image-preview:large, max-video-preview:-1\" \/>\n<link rel=\"canonical\" href=\"https:\/\/segcitytours.es\/fr\/evenements\/\" \/>\n<meta property=\"og:locale\" content=\"fr_FR\" \/>\n<meta property=\"og:type\" content=\"article\" \/>\n<meta property=\"og:title\" content=\"\u00c9v\u00e9nements Segway\" \/>\n<meta property=\"og:description\" content=\"Segway Parque del Retiro, Segway Madrid Tours; descubre la forma m\u00e1s divertida de conocer los lugares con encanto de Madrid. Vive una experiencia \u00fanica!\" \/>\n<meta property=\"og:url\" content=\"https:\/\/segcitytours.es\/fr\/evenements\/\" \/>\n<meta property=\"og:site_name\" content=\"Madrid Segway Tour Experience\" \/>\n<meta property=\"article:publisher\" content=\"https:\/\/www.facebook.com\/Segwayfun-111864518874580\/timeline\/?ref=ts\" \/>\n<meta property=\"article:modified_time\" content=\"2025-01-18T09:24:46+00:00\" \/>\n<meta name=\"twitter:card\" content=\"summary_large_image\" \/>\n<meta name=\"twitter:site\" content=\"@_segwayfun\" \/>\n<meta name=\"twitter:label1\" content=\"Dur\u00e9e de lecture estim\u00e9e\" \/>\n\t<meta name=\"twitter:data1\" content=\"1 minute\" \/>\n<script type=\"application\/ld+json\" class=\"yoast-schema-graph\">{\"@context\":\"https:\/\/schema.org\",\"@graph\":[{\"@type\":\"WebPage\",\"@id\":\"https:\/\/segcitytours.es\/fr\/evenements\/\",\"url\":\"https:\/\/segcitytours.es\/fr\/evenements\/\",\"name\":\"\u00c9v\u00e9nements Segway pour les entreprises\",\"isPartOf\":{\"@id\":\"https:\/\/segcitytours.es\/fr\/#website\"},\"datePublished\":\"2015-08-06T12:20:45+00:00\",\"dateModified\":\"2025-01-18T09:24:46+00:00\",\"description\":\"Segway Corporate Events pour les entreprises qui se distinguent et innovent. Avec Segway, vos \u00e9v\u00e9nements les plus originaux du march\u00e9. Demandez-nous !\",\"breadcrumb\":{\"@id\":\"https:\/\/segcitytours.es\/fr\/evenements\/#breadcrumb\"},\"inLanguage\":\"fr-FR\",\"potentialAction\":[{\"@type\":\"ReadAction\",\"target\":[\"https:\/\/segcitytours.es\/fr\/evenements\/\"]}]},{\"@type\":\"BreadcrumbList\",\"@id\":\"https:\/\/segcitytours.es\/fr\/evenements\/#breadcrumb\",\"itemListElement\":[{\"@type\":\"ListItem\",\"position\":1,\"name\":\"Portada\",\"item\":\"https:\/\/segcitytours.es\/fr\/accueil\/\"},{\"@type\":\"ListItem\",\"position\":2,\"name\":\"\u00c9v\u00e9nements Segway\"}]},{\"@type\":\"WebSite\",\"@id\":\"https:\/\/segcitytours.es\/fr\/#website\",\"url\":\"https:\/\/segcitytours.es\/fr\/\",\"name\":\"Madrid Segway Tour Experience\",\"description\":\"Disfruta Madrid en Segway\",\"publisher\":{\"@id\":\"https:\/\/segcitytours.es\/fr\/#organization\"},\"alternateName\":\"Segcitytours - Segway tours\",\"potentialAction\":[{\"@type\":\"SearchAction\",\"target\":{\"@type\":\"EntryPoint\",\"urlTemplate\":\"https:\/\/segcitytours.es\/fr\/?s={search_term_string}\"},\"query-input\":{\"@type\":\"PropertyValueSpecification\",\"valueRequired\":true,\"valueName\":\"search_term_string\"}}],\"inLanguage\":\"fr-FR\"},{\"@type\":[\"Organization\",\"Place\",\"LocalBusiness\"],\"@id\":\"https:\/\/segcitytours.es\/fr\/#organization\",\"name\":\"Segcitytours\",\"alternateName\":\"Segway Tours\",\"url\":\"https:\/\/segcitytours.es\/fr\/\",\"logo\":{\"@id\":\"https:\/\/segcitytours.es\/fr\/evenements\/#local-main-organization-logo\"},\"image\":{\"@id\":\"https:\/\/segcitytours.es\/fr\/evenements\/#local-main-organization-logo\"},\"sameAs\":[\"https:\/\/www.facebook.com\/Segwayfun-111864518874580\/timeline\/?ref=ts\",\"https:\/\/x.com\/_segwayfun\"],\"address\":{\"@id\":\"https:\/\/segcitytours.es\/fr\/evenements\/#local-main-place-address\"},\"geo\":{\"@type\":\"GeoCoordinates\",\"latitude\":\"40.413530233784094\",\"longitude\":\"-3.6983123748514117\"},\"telephone\":[\"+34629612216\"],\"openingHoursSpecification\":[{\"@type\":\"OpeningHoursSpecification\",\"dayOfWeek\":[\"Monday\",\"Tuesday\",\"Wednesday\",\"Thursday\",\"Friday\",\"Saturday\",\"Sunday\"],\"opens\":\"10:00\",\"closes\":\"20:00\"}],\"email\":\"info@segcitytours.es\",\"vatID\":\"B42196998\",\"taxID\":\"B42196998\"},{\"@type\":\"PostalAddress\",\"@id\":\"https:\/\/segcitytours.es\/fr\/evenements\/#local-main-place-address\",\"streetAddress\":\"Calle de las Huertas, 39\",\"addressLocality\":\"Madrid\",\"postalCode\":\"28014\",\"addressRegion\":\"Madrid\",\"addressCountry\":\"ES\"},{\"@type\":\"ImageObject\",\"inLanguage\":\"fr-FR\",\"@id\":\"https:\/\/segcitytours.es\/fr\/evenements\/#local-main-organization-logo\",\"url\":\"https:\/\/segcitytours.es\/wp-content\/uploads\/2020\/11\/Segcitytours-fondo-blanco-1000px.png\",\"contentUrl\":\"https:\/\/segcitytours.es\/wp-content\/uploads\/2020\/11\/Segcitytours-fondo-blanco-1000px.png\",\"width\":1000,\"height\":500,\"caption\":\"Segcitytours\"}]}<\/script>\n<meta name=\"geo.placename\" content=\"Madrid\" \/>\n<meta name=\"geo.position\" content=\"40.413530233784094;-3.6983123748514117\" \/>\n<meta name=\"geo.region\" content=\"Espagne\" \/>\n<!-- \/ Yoast SEO Premium plugin. -->","yoast_head_json":{"title":"\u00c9v\u00e9nements Segway pour les entreprises","description":"Segway Corporate Events pour les entreprises qui se distinguent et innovent. Avec Segway, vos \u00e9v\u00e9nements les plus originaux du march\u00e9. Demandez-nous !","robots":{"index":"index","follow":"follow","max-snippet":"max-snippet:-1","max-image-preview":"max-image-preview:large","max-video-preview":"max-video-preview:-1"},"canonical":"https:\/\/segcitytours.es\/fr\/evenements\/","og_locale":"fr_FR","og_type":"article","og_title":"\u00c9v\u00e9nements Segway","og_description":"Segway Parque del Retiro, Segway Madrid Tours; descubre la forma m\u00e1s divertida de conocer los lugares con encanto de Madrid. Vive una experiencia \u00fanica!","og_url":"https:\/\/segcitytours.es\/fr\/evenements\/","og_site_name":"Madrid Segway Tour Experience","article_publisher":"https:\/\/www.facebook.com\/Segwayfun-111864518874580\/timeline\/?ref=ts","article_modified_time":"2025-01-18T09:24:46+00:00","twitter_card":"summary_large_image","twitter_site":"@_segwayfun","twitter_misc":{"Dur\u00e9e de lecture estim\u00e9e":"1 minute"},"schema":{"@context":"https:\/\/schema.org","@graph":[{"@type":"WebPage","@id":"https:\/\/segcitytours.es\/fr\/evenements\/","url":"https:\/\/segcitytours.es\/fr\/evenements\/","name":"\u00c9v\u00e9nements Segway pour les entreprises","isPartOf":{"@id":"https:\/\/segcitytours.es\/fr\/#website"},"datePublished":"2015-08-06T12:20:45+00:00","dateModified":"2025-01-18T09:24:46+00:00","description":"Segway Corporate Events pour les entreprises qui se distinguent et innovent. Avec Segway, vos \u00e9v\u00e9nements les plus originaux du march\u00e9. Demandez-nous !","breadcrumb":{"@id":"https:\/\/segcitytours.es\/fr\/evenements\/#breadcrumb"},"inLanguage":"fr-FR","potentialAction":[{"@type":"ReadAction","target":["https:\/\/segcitytours.es\/fr\/evenements\/"]}]},{"@type":"BreadcrumbList","@id":"https:\/\/segcitytours.es\/fr\/evenements\/#breadcrumb","itemListElement":[{"@type":"ListItem","position":1,"name":"Portada","item":"https:\/\/segcitytours.es\/fr\/accueil\/"},{"@type":"ListItem","position":2,"name":"\u00c9v\u00e9nements Segway"}]},{"@type":"WebSite","@id":"https:\/\/segcitytours.es\/fr\/#website","url":"https:\/\/segcitytours.es\/fr\/","name":"Madrid Segway Tour Experience","description":"Disfruta Madrid en Segway","publisher":{"@id":"https:\/\/segcitytours.es\/fr\/#organization"},"alternateName":"Segcitytours - Segway tours","potentialAction":[{"@type":"SearchAction","target":{"@type":"EntryPoint","urlTemplate":"https:\/\/segcitytours.es\/fr\/?s={search_term_string}"},"query-input":{"@type":"PropertyValueSpecification","valueRequired":true,"valueName":"search_term_string"}}],"inLanguage":"fr-FR"},{"@type":["Organization","Place","LocalBusiness"],"@id":"https:\/\/segcitytours.es\/fr\/#organization","name":"Segcitytours","alternateName":"Segway Tours","url":"https:\/\/segcitytours.es\/fr\/","logo":{"@id":"https:\/\/segcitytours.es\/fr\/evenements\/#local-main-organization-logo"},"image":{"@id":"https:\/\/segcitytours.es\/fr\/evenements\/#local-main-organization-logo"},"sameAs":["https:\/\/www.facebook.com\/Segwayfun-111864518874580\/timeline\/?ref=ts","https:\/\/x.com\/_segwayfun"],"address":{"@id":"https:\/\/segcitytours.es\/fr\/evenements\/#local-main-place-address"},"geo":{"@type":"GeoCoordinates","latitude":"40.413530233784094","longitude":"-3.6983123748514117"},"telephone":["+34629612216"],"openingHoursSpecification":[{"@type":"OpeningHoursSpecification","dayOfWeek":["Monday","Tuesday","Wednesday","Thursday","Friday","Saturday","Sunday"],"opens":"10:00","closes":"20:00"}],"email":"info@segcitytours.es","vatID":"B42196998","taxID":"B42196998"},{"@type":"PostalAddress","@id":"https:\/\/segcitytours.es\/fr\/evenements\/#local-main-place-address","streetAddress":"Calle de las Huertas, 39","addressLocality":"Madrid","postalCode":"28014","addressRegion":"Madrid","addressCountry":"ES"},{"@type":"ImageObject","inLanguage":"fr-FR","@id":"https:\/\/segcitytours.es\/fr\/evenements\/#local-main-organization-logo","url":"https:\/\/segcitytours.es\/wp-content\/uploads\/2020\/11\/Segcitytours-fondo-blanco-1000px.png","contentUrl":"https:\/\/segcitytours.es\/wp-content\/uploads\/2020\/11\/Segcitytours-fondo-blanco-1000px.png","width":1000,"height":500,"caption":"Segcitytours"}]},"geo.placename":"Madrid","geo.position":{"lat":"40.413530233784094","long":"-3.6983123748514117"},"geo.region":"Espagne"},"_links":{"self":[{"href":"https:\/\/segcitytours.es\/fr\/wp-json\/wp\/v2\/pages\/7194","targetHints":{"allow":["GET"]}}],"collection":[{"href":"https:\/\/segcitytours.es\/fr\/wp-json\/wp\/v2\/pages"}],"about":[{"href":"https:\/\/segcitytours.es\/fr\/wp-json\/wp\/v2\/types\/page"}],"author":[{"embeddable":true,"href":"https:\/\/segcitytours.es\/fr\/wp-json\/wp\/v2\/users\/1"}],"replies":[{"embeddable":true,"href":"https:\/\/segcitytours.es\/fr\/wp-json\/wp\/v2\/comments?post=7194"}],"version-history":[{"count":5,"href":"https:\/\/segcitytours.es\/fr\/wp-json\/wp\/v2\/pages\/7194\/revisions"}],"predecessor-version":[{"id":10062,"href":"https:\/\/segcitytours.es\/fr\/wp-json\/wp\/v2\/pages\/7194\/revisions\/10062"}],"wp:attachment":[{"href":"https:\/\/segcitytours.es\/fr\/wp-json\/wp\/v2\/media?parent=7194"}],"curies":[{"name":"wp","href":"https:\/\/api.w.org\/{rel}","templated":true}]}}