{"id":7206,"date":"2015-08-12T02:34:26","date_gmt":"2015-08-12T02:34:26","guid":{"rendered":"http:\/\/segcitytours.es.mialias.net\/aviso-legal\/"},"modified":"2024-07-17T11:38:03","modified_gmt":"2024-07-17T09:38:03","slug":"aviso-legal","status":"publish","type":"page","link":"https:\/\/segcitytours.es\/fr\/aviso-legal\/","title":{"rendered":"Avis juridique"},"content":{"rendered":"<p>Identit\u00e9 et propri\u00e9taire du site web :<\/p>\n<p>INICIATIVAS ESPECIALES S.L. (B-42196998)<\/p>\n<p>Adresse Madrid : Calle de las Huertas, 39 &#8211; 28014 Madrid<\/p>\n<p>Courrier : info@iniciativasespeciales.es<\/p>\n<p>T\u00e9l\u00e9phone : +34 629 61 22 15<\/p>\n<p>Notre marque Segcitytours, ainsi que notre site web, notre blog et notre boutique en ligne sont g\u00e9r\u00e9s par INICIATIVAS ESPECIALES S.L. (B-42196998).<br \/>\nPour nous contacter, envoyez-nous un courriel \u00e0 info@segwayfun.es et nous vous r\u00e9pondrons dans les plus brefs d\u00e9lais.<\/p>\n<p>2. La propri\u00e9t\u00e9 intellectuelle. Tous les contenus publi\u00e9s sur ce site Web &#8211; dessins, photographies, conceptions, articles, pages, images, descriptions de produits, etc. &#8211; sont soumis \u00e0 des droits d&rsquo;auteur et de propri\u00e9t\u00e9 intellectuelle dont INICIATIVAS ESPECIALES S.L. est l&rsquo;unique propri\u00e9taire ou a le droit de les utiliser. Ces droits ne peuvent en aucun cas \u00eatre transf\u00e9r\u00e9s ou c\u00e9d\u00e9s sans notre consentement \u00e9crit expr\u00e8s pr\u00e9alable.<br \/>\nEn particulier, le contenu de ce site ne peut \u00eatre reproduit, r\u00e9interpr\u00e9t\u00e9, diffus\u00e9, vendu, distribu\u00e9 ou utilis\u00e9 \u00e0 des fins commerciales ou non commerciales.<\/p>\n<p>2.1 Segway\u00ae est une marque d\u00e9pos\u00e9e de Segway Inc.<\/p>\n<p>3. les r\u00e8gles d&rsquo;utilisation. Le th\u00e8me principal de ce site est la diffusion et la commercialisation des produits Segcitytours. Toutes les personnes qui visitent ce site web et son blog &#8211; utilisateurs, lecteurs ou clients &#8211; doivent respecter l&rsquo;objet et la dynamique de notre site web, en faisant un usage appropri\u00e9 des services et des contenus, en particulier :<br \/>\n3.1. Ne pas les utiliser pour des activit\u00e9s illicites, ill\u00e9gales ou contraires \u00e0 la bonne foi et \u00e0 l&rsquo;ordre public.<br \/>\n3.2. Diffuser du contenu ou de la propagande raciste, x\u00e9nophobe, pornographique, soutenant le terrorisme ou violant les droits de l&rsquo;homme.<br \/>\nNous nous r\u00e9servons le droit de supprimer tout commentaire ou contribution qui enfreint les r\u00e8gles du site. Nous ne sommes en aucun cas responsables des opinions que les utilisateurs peuvent laisser sur notre blog.<br \/>\nLes commentaires promotionnels, insultants ou offensants, ou les commentaires qui vont \u00e0 l&rsquo;encontre du bon ton du site web ne sont pas autoris\u00e9s.<\/p>\n<p>4. Protection des donn\u00e9es. Segcitytours respecte la l\u00e9gislation en vigueur en mati\u00e8re de protection des donn\u00e9es (loi organique 15\/1999 du 13 d\u00e9cembre sur la protection des donn\u00e9es \u00e0 caract\u00e8re personnel, d\u00e9cret royal 1720\/2007 du 21 d\u00e9cembre approuvant le r\u00e8glement d&rsquo;application de la loi organique et autres lois en vigueur). Pour conna\u00eetre le traitement de vos donn\u00e9es et la politique de confidentialit\u00e9 de ce site web, vous pouvez cliquer sur ce lien : <a href=\"http:\/\/segcitytours.es\/privacidad\/\">Conditions et politique de confidentialit\u00e9<\/a>.<\/p>\n<p>5. Exclusion de la responsabilit\u00e9. Segcitytours ne sera en aucun cas responsable des pertes ou dommages de toute nature qui pourraient \u00eatre caus\u00e9s par la visite de ce site web, que ce soit par une erreur ou une omission dans le contenu ou par la transmission d&rsquo;un programme malveillant qui pourrait se produire malgr\u00e9 les mesures technologiques n\u00e9cessaires pour l&#8217;emp\u00eacher.<br \/>\nDans le cas de liens vers des sites web externes de tiers qui peuvent \u00eatre cit\u00e9s dans le contenu, cela se fera exclusivement \u00e0 titre d&rsquo;exemple. Cette partie n&rsquo;exerce en aucun cas un contr\u00f4le sur ces sites web et n&rsquo;assume aucune responsabilit\u00e9 \u00e0 cet \u00e9gard.<\/p>\n<p>6. Politique en mati\u00e8re de cookies. Oui, nous utilisons \u00e9galement des cookies, les n\u00f4tres et ceux de tiers. Nous expliquons cela en d\u00e9tail dans notre <a href=\"http:\/\/segcitytours.es\/politica-de-cookies\/\">politique en mati\u00e8re de cookies<\/a>.<\/p>\n<p>7. Annulation : Les services de loisirs qui doivent \u00eatre fournis \u00e0 une date ou selon une p\u00e9riodicit\u00e9 d\u00e9termin\u00e9e ne rel\u00e8vent pas du droit de r\u00e9tractation. Toutefois, les annulations sont possibles jusqu&rsquo;\u00e0 48 heures avant l&rsquo;activit\u00e9.<\/p>\n<p>7.1 Remboursements : une fois la r\u00e9servation et le paiement effectu\u00e9s, aucun remboursement ne sera envisag\u00e9 dans les 48 heures pr\u00e9c\u00e9dant l&rsquo;activit\u00e9 ; la possibilit\u00e9 de modifier l&rsquo;heure\/le jour sera envisag\u00e9e en fonction des disponibilit\u00e9s.<\/p>\n<p>7.2 Livraisons : s&rsquo;agissant d&rsquo;un service, il est fourni au point de d\u00e9part des installations et\/ou au point indiqu\u00e9 pour l&rsquo;activit\u00e9 \u00e0 r\u00e9aliser.<\/p>\n<p>8. Droit applicable et juridiction. Les pr\u00e9sentes conditions juridiques ont \u00e9t\u00e9 \u00e9tablies conform\u00e9ment \u00e0 la l\u00e9gislation espagnole. En cas de conflit dans l&rsquo;interpr\u00e9tation des pr\u00e9sentes conditions, la juridiction comp\u00e9tente est celle du domicile de l&rsquo;acheteur et, \u00e0 titre subsidiaire, les tribunaux de Madrid.<\/p>\n<p>9. Achat virtuel : les utilisateurs doivent \u00eatre majeurs et disposer d&rsquo;une carte de cr\u00e9dit\/d\u00e9bit ou d&rsquo;un compte Paypal pour r\u00e9server la visite. Le titulaire de la carte est responsable des transactions effectu\u00e9es avec la carte. Le site web <strong>www.Segcitytours.es<\/strong> est une page avec une s\u00e9curit\u00e9 <strong>SSL,<\/strong> (Secure Sockets Layer ou couche de sockets s\u00e9curis\u00e9e) est une norme de s\u00e9curit\u00e9 globale qui permet un transfert de donn\u00e9es crypt\u00e9 entre un navigateur et un serveur web.<\/p>\n<p>10. Modification du contenu de l&rsquo;avis juridique &#8211; Ces conditions peuvent \u00eatre modifi\u00e9es \u00e0 tout moment, compte tenu de l&rsquo;\u00e9volution de ce site web et des contenus qui y sont propos\u00e9s.<!--more--><\/p>\n","protected":false},"excerpt":{"rendered":"<p> [&hellip;]<\/p>\n","protected":false},"author":1,"featured_media":0,"parent":0,"menu_order":0,"comment_status":"closed","ping_status":"open","template":"","meta":{"site-sidebar-layout":"default","site-content-layout":"","ast-site-content-layout":"default","site-content-style":"default","site-sidebar-style":"default","ast-global-header-display":"","ast-banner-title-visibility":"","ast-main-header-display":"","ast-hfb-above-header-display":"","ast-hfb-below-header-display":"","ast-hfb-mobile-header-display":"","site-post-title":"","ast-breadcrumbs-content":"","ast-featured-img":"","footer-sml-layout":"","ast-disable-related-posts":"","theme-transparent-header-meta":"","adv-header-id-meta":"","stick-header-meta":"","header-above-stick-meta":"","header-main-stick-meta":"","header-below-stick-meta":"","astra-migrate-meta-layouts":"default","ast-page-background-enabled":"default","ast-page-background-meta":{"desktop":{"background-color":"","background-image":"","background-repeat":"repeat","background-position":"center center","background-size":"auto","background-attachment":"scroll","background-type":"","background-media":"","overlay-type":"","overlay-color":"","overlay-opacity":"","overlay-gradient":""},"tablet":{"background-color":"","background-image":"","background-repeat":"repeat","background-position":"center center","background-size":"auto","background-attachment":"scroll","background-type":"","background-media":"","overlay-type":"","overlay-color":"","overlay-opacity":"","overlay-gradient":""},"mobile":{"background-color":"","background-image":"","background-repeat":"repeat","background-position":"center center","background-size":"auto","background-attachment":"scroll","background-type":"","background-media":"","overlay-type":"","overlay-color":"","overlay-opacity":"","overlay-gradient":""}},"ast-content-background-meta":{"desktop":{"background-color":"var(--ast-global-color-5)","background-image":"","background-repeat":"repeat","background-position":"center center","background-size":"auto","background-attachment":"scroll","background-type":"","background-media":"","overlay-type":"","overlay-color":"","overlay-opacity":"","overlay-gradient":""},"tablet":{"background-color":"var(--ast-global-color-5)","background-image":"","background-repeat":"repeat","background-position":"center center","background-size":"auto","background-attachment":"scroll","background-type":"","background-media":"","overlay-type":"","overlay-color":"","overlay-opacity":"","overlay-gradient":""},"mobile":{"background-color":"var(--ast-global-color-5)","background-image":"","background-repeat":"repeat","background-position":"center center","background-size":"auto","background-attachment":"scroll","background-type":"","background-media":"","overlay-type":"","overlay-color":"","overlay-opacity":"","overlay-gradient":""}},"footnotes":""},"class_list":["post-7206","page","type-page","status-publish","hentry"],"yoast_head":"<!-- This site is optimized with the Yoast SEO Premium plugin v27.1 (Yoast SEO v27.1.1) - https:\/\/yoast.com\/product\/yoast-seo-premium-wordpress\/ -->\n<title>Avis juridique - Madrid Segway Tour Experience<\/title>\n<meta name=\"description\" content=\"Mentions l\u00e9gales pour la navigation sur le site segwayfun. Tout utilisateur accepte les conditions \u00e9nonc\u00e9es et le bon usage du site, sous sa propre responsabilit\u00e9.\" \/>\n<meta name=\"robots\" content=\"noindex, nofollow\" \/>\n<meta property=\"og:locale\" content=\"fr_FR\" \/>\n<meta property=\"og:type\" content=\"article\" \/>\n<meta property=\"og:title\" content=\"Avis juridique\" \/>\n<meta property=\"og:description\" content=\"Segway Parque del Retiro, Segway Madrid Tours; descubre la forma m\u00e1s divertida de conocer los lugares con encanto de Madrid. Vive una experiencia \u00fanica!\" \/>\n<meta property=\"og:url\" content=\"https:\/\/segcitytours.es\/fr\/aviso-legal\/\" \/>\n<meta property=\"og:site_name\" content=\"Madrid Segway Tour Experience\" \/>\n<meta property=\"article:publisher\" content=\"https:\/\/www.facebook.com\/Segwayfun-111864518874580\/timeline\/?ref=ts\" \/>\n<meta property=\"article:modified_time\" content=\"2024-07-17T09:38:03+00:00\" \/>\n<meta property=\"og:image\" content=\"https:\/\/segcitytours.es\/wp-content\/uploads\/2023\/08\/logo-magenta.png\" \/>\n\t<meta property=\"og:image:width\" content=\"386\" \/>\n\t<meta property=\"og:image:height\" content=\"174\" \/>\n\t<meta property=\"og:image:type\" content=\"image\/png\" \/>\n<meta name=\"twitter:card\" content=\"summary_large_image\" \/>\n<meta name=\"twitter:site\" content=\"@_segwayfun\" \/>\n<meta name=\"twitter:label1\" content=\"Dur\u00e9e de lecture estim\u00e9e\" \/>\n\t<meta name=\"twitter:data1\" content=\"4 minutes\" \/>\n<script type=\"application\/ld+json\" class=\"yoast-schema-graph\">{\"@context\":\"https:\/\/schema.org\",\"@graph\":[{\"@type\":\"WebPage\",\"@id\":\"https:\/\/segcitytours.es\/fr\/aviso-legal\/\",\"url\":\"https:\/\/segcitytours.es\/fr\/aviso-legal\/\",\"name\":\"Avis juridique - Madrid Segway Tour Experience\",\"isPartOf\":{\"@id\":\"https:\/\/segcitytours.es\/fr\/#website\"},\"datePublished\":\"2015-08-12T02:34:26+00:00\",\"dateModified\":\"2024-07-17T09:38:03+00:00\",\"description\":\"Mentions l\u00e9gales pour la navigation sur le site segwayfun. Tout utilisateur accepte les conditions \u00e9nonc\u00e9es et le bon usage du site, sous sa propre responsabilit\u00e9.\",\"breadcrumb\":{\"@id\":\"https:\/\/segcitytours.es\/fr\/aviso-legal\/#breadcrumb\"},\"inLanguage\":\"fr-FR\",\"potentialAction\":[{\"@type\":\"ReadAction\",\"target\":[\"https:\/\/segcitytours.es\/fr\/aviso-legal\/\"]}]},{\"@type\":\"BreadcrumbList\",\"@id\":\"https:\/\/segcitytours.es\/fr\/aviso-legal\/#breadcrumb\",\"itemListElement\":[{\"@type\":\"ListItem\",\"position\":1,\"name\":\"Portada\",\"item\":\"https:\/\/segcitytours.es\/fr\/accueil\/\"},{\"@type\":\"ListItem\",\"position\":2,\"name\":\"Avis juridique\"}]},{\"@type\":\"WebSite\",\"@id\":\"https:\/\/segcitytours.es\/fr\/#website\",\"url\":\"https:\/\/segcitytours.es\/fr\/\",\"name\":\"Madrid Segway Tour Experience\",\"description\":\"Disfruta Madrid en Segway\",\"publisher\":{\"@id\":\"https:\/\/segcitytours.es\/fr\/#organization\"},\"alternateName\":\"Segcitytours - Segway tours\",\"potentialAction\":[{\"@type\":\"SearchAction\",\"target\":{\"@type\":\"EntryPoint\",\"urlTemplate\":\"https:\/\/segcitytours.es\/fr\/?s={search_term_string}\"},\"query-input\":{\"@type\":\"PropertyValueSpecification\",\"valueRequired\":true,\"valueName\":\"search_term_string\"}}],\"inLanguage\":\"fr-FR\"},{\"@type\":[\"Organization\",\"Place\",\"LocalBusiness\"],\"@id\":\"https:\/\/segcitytours.es\/fr\/#organization\",\"name\":\"Segcitytours\",\"alternateName\":\"Segway Tours\",\"url\":\"https:\/\/segcitytours.es\/fr\/\",\"logo\":{\"@id\":\"https:\/\/segcitytours.es\/fr\/aviso-legal\/#local-main-organization-logo\"},\"image\":{\"@id\":\"https:\/\/segcitytours.es\/fr\/aviso-legal\/#local-main-organization-logo\"},\"sameAs\":[\"https:\/\/www.facebook.com\/Segwayfun-111864518874580\/timeline\/?ref=ts\",\"https:\/\/x.com\/_segwayfun\"],\"address\":{\"@id\":\"https:\/\/segcitytours.es\/fr\/aviso-legal\/#local-main-place-address\"},\"geo\":{\"@type\":\"GeoCoordinates\",\"latitude\":\"40.413530233784094\",\"longitude\":\"-3.6983123748514117\"},\"telephone\":[\"+34629612216\"],\"openingHoursSpecification\":[{\"@type\":\"OpeningHoursSpecification\",\"dayOfWeek\":[\"Monday\",\"Tuesday\",\"Wednesday\",\"Thursday\",\"Friday\",\"Saturday\",\"Sunday\"],\"opens\":\"10:00\",\"closes\":\"20:00\"}],\"email\":\"info@segcitytours.es\",\"vatID\":\"B42196998\",\"taxID\":\"B42196998\"},{\"@type\":\"PostalAddress\",\"@id\":\"https:\/\/segcitytours.es\/fr\/aviso-legal\/#local-main-place-address\",\"streetAddress\":\"Calle de las Huertas, 39\",\"addressLocality\":\"Madrid\",\"postalCode\":\"28014\",\"addressRegion\":\"Madrid\",\"addressCountry\":\"ES\"},{\"@type\":\"ImageObject\",\"inLanguage\":\"fr-FR\",\"@id\":\"https:\/\/segcitytours.es\/fr\/aviso-legal\/#local-main-organization-logo\",\"url\":\"https:\/\/segcitytours.es\/wp-content\/uploads\/2020\/11\/Segcitytours-fondo-blanco-1000px.png\",\"contentUrl\":\"https:\/\/segcitytours.es\/wp-content\/uploads\/2020\/11\/Segcitytours-fondo-blanco-1000px.png\",\"width\":1000,\"height\":500,\"caption\":\"Segcitytours\"}]}<\/script>\n<meta name=\"geo.placename\" content=\"Madrid\" \/>\n<meta name=\"geo.position\" content=\"40.413530233784094;-3.6983123748514117\" \/>\n<meta name=\"geo.region\" content=\"Espagne\" \/>\n<!-- \/ Yoast SEO Premium plugin. -->","yoast_head_json":{"title":"Avis juridique - Madrid Segway Tour Experience","description":"Mentions l\u00e9gales pour la navigation sur le site segwayfun. Tout utilisateur accepte les conditions \u00e9nonc\u00e9es et le bon usage du site, sous sa propre responsabilit\u00e9.","robots":{"index":"noindex","follow":"nofollow"},"og_locale":"fr_FR","og_type":"article","og_title":"Avis juridique","og_description":"Segway Parque del Retiro, Segway Madrid Tours; descubre la forma m\u00e1s divertida de conocer los lugares con encanto de Madrid. Vive una experiencia \u00fanica!","og_url":"https:\/\/segcitytours.es\/fr\/aviso-legal\/","og_site_name":"Madrid Segway Tour Experience","article_publisher":"https:\/\/www.facebook.com\/Segwayfun-111864518874580\/timeline\/?ref=ts","article_modified_time":"2024-07-17T09:38:03+00:00","og_image":[{"width":386,"height":174,"url":"https:\/\/segcitytours.es\/wp-content\/uploads\/2023\/08\/logo-magenta.png","type":"image\/png"}],"twitter_card":"summary_large_image","twitter_site":"@_segwayfun","twitter_misc":{"Dur\u00e9e de lecture estim\u00e9e":"4 minutes"},"schema":{"@context":"https:\/\/schema.org","@graph":[{"@type":"WebPage","@id":"https:\/\/segcitytours.es\/fr\/aviso-legal\/","url":"https:\/\/segcitytours.es\/fr\/aviso-legal\/","name":"Avis juridique - Madrid Segway Tour Experience","isPartOf":{"@id":"https:\/\/segcitytours.es\/fr\/#website"},"datePublished":"2015-08-12T02:34:26+00:00","dateModified":"2024-07-17T09:38:03+00:00","description":"Mentions l\u00e9gales pour la navigation sur le site segwayfun. Tout utilisateur accepte les conditions \u00e9nonc\u00e9es et le bon usage du site, sous sa propre responsabilit\u00e9.","breadcrumb":{"@id":"https:\/\/segcitytours.es\/fr\/aviso-legal\/#breadcrumb"},"inLanguage":"fr-FR","potentialAction":[{"@type":"ReadAction","target":["https:\/\/segcitytours.es\/fr\/aviso-legal\/"]}]},{"@type":"BreadcrumbList","@id":"https:\/\/segcitytours.es\/fr\/aviso-legal\/#breadcrumb","itemListElement":[{"@type":"ListItem","position":1,"name":"Portada","item":"https:\/\/segcitytours.es\/fr\/accueil\/"},{"@type":"ListItem","position":2,"name":"Avis juridique"}]},{"@type":"WebSite","@id":"https:\/\/segcitytours.es\/fr\/#website","url":"https:\/\/segcitytours.es\/fr\/","name":"Madrid Segway Tour Experience","description":"Disfruta Madrid en Segway","publisher":{"@id":"https:\/\/segcitytours.es\/fr\/#organization"},"alternateName":"Segcitytours - Segway tours","potentialAction":[{"@type":"SearchAction","target":{"@type":"EntryPoint","urlTemplate":"https:\/\/segcitytours.es\/fr\/?s={search_term_string}"},"query-input":{"@type":"PropertyValueSpecification","valueRequired":true,"valueName":"search_term_string"}}],"inLanguage":"fr-FR"},{"@type":["Organization","Place","LocalBusiness"],"@id":"https:\/\/segcitytours.es\/fr\/#organization","name":"Segcitytours","alternateName":"Segway Tours","url":"https:\/\/segcitytours.es\/fr\/","logo":{"@id":"https:\/\/segcitytours.es\/fr\/aviso-legal\/#local-main-organization-logo"},"image":{"@id":"https:\/\/segcitytours.es\/fr\/aviso-legal\/#local-main-organization-logo"},"sameAs":["https:\/\/www.facebook.com\/Segwayfun-111864518874580\/timeline\/?ref=ts","https:\/\/x.com\/_segwayfun"],"address":{"@id":"https:\/\/segcitytours.es\/fr\/aviso-legal\/#local-main-place-address"},"geo":{"@type":"GeoCoordinates","latitude":"40.413530233784094","longitude":"-3.6983123748514117"},"telephone":["+34629612216"],"openingHoursSpecification":[{"@type":"OpeningHoursSpecification","dayOfWeek":["Monday","Tuesday","Wednesday","Thursday","Friday","Saturday","Sunday"],"opens":"10:00","closes":"20:00"}],"email":"info@segcitytours.es","vatID":"B42196998","taxID":"B42196998"},{"@type":"PostalAddress","@id":"https:\/\/segcitytours.es\/fr\/aviso-legal\/#local-main-place-address","streetAddress":"Calle de las Huertas, 39","addressLocality":"Madrid","postalCode":"28014","addressRegion":"Madrid","addressCountry":"ES"},{"@type":"ImageObject","inLanguage":"fr-FR","@id":"https:\/\/segcitytours.es\/fr\/aviso-legal\/#local-main-organization-logo","url":"https:\/\/segcitytours.es\/wp-content\/uploads\/2020\/11\/Segcitytours-fondo-blanco-1000px.png","contentUrl":"https:\/\/segcitytours.es\/wp-content\/uploads\/2020\/11\/Segcitytours-fondo-blanco-1000px.png","width":1000,"height":500,"caption":"Segcitytours"}]},"geo.placename":"Madrid","geo.position":{"lat":"40.413530233784094","long":"-3.6983123748514117"},"geo.region":"Espagne"},"_links":{"self":[{"href":"https:\/\/segcitytours.es\/fr\/wp-json\/wp\/v2\/pages\/7206","targetHints":{"allow":["GET"]}}],"collection":[{"href":"https:\/\/segcitytours.es\/fr\/wp-json\/wp\/v2\/pages"}],"about":[{"href":"https:\/\/segcitytours.es\/fr\/wp-json\/wp\/v2\/types\/page"}],"author":[{"embeddable":true,"href":"https:\/\/segcitytours.es\/fr\/wp-json\/wp\/v2\/users\/1"}],"replies":[{"embeddable":true,"href":"https:\/\/segcitytours.es\/fr\/wp-json\/wp\/v2\/comments?post=7206"}],"version-history":[{"count":0,"href":"https:\/\/segcitytours.es\/fr\/wp-json\/wp\/v2\/pages\/7206\/revisions"}],"wp:attachment":[{"href":"https:\/\/segcitytours.es\/fr\/wp-json\/wp\/v2\/media?parent=7206"}],"curies":[{"name":"wp","href":"https:\/\/api.w.org\/{rel}","templated":true}]}}