{"id":7209,"date":"2015-08-12T02:35:10","date_gmt":"2015-08-12T02:35:10","guid":{"rendered":"http:\/\/segcitytours.es.mialias.net\/privacidad\/"},"modified":"2023-08-12T13:20:54","modified_gmt":"2023-08-12T11:20:54","slug":"privacidad","status":"publish","type":"page","link":"https:\/\/segcitytours.es\/fr\/privacidad\/","title":{"rendered":"Conditions et vie priv\u00e9e"},"content":{"rendered":"<p>Bienvenue sur le site de Segcitytours. Nous vous informons que ce site Web et nos activit\u00e9s sont conformes \u00e0 la r\u00e9glementation en mati\u00e8re de protection des donn\u00e9es (loi organique 15\/1999 du 13 d\u00e9cembre sur la protection des donn\u00e9es \u00e0 caract\u00e8re personnel, d\u00e9cret royal 1720\/2007 du 21 d\u00e9cembre approuvant le r\u00e8glement d&rsquo;application de la loi organique et autres r\u00e9glementations en vigueur). \u00c9galement adapt\u00e9 aux nouvelles dispositions du r\u00e8glement g\u00e9n\u00e9ral sur la protection des donn\u00e9es (RGPD) du 25 mai 2018.<\/p>\n<p><strong>Qui est le contr\u00f4leur de vos donn\u00e9es personnelles ?<\/strong><\/p>\n<p>Identit\u00e9 : Iniciativas Especiales S.L.<\/p>\n<p>Si\u00e8ge social : C\/ Lavadero, 10 42150 Vinuesa -Soria<\/p>\n<p>C.I.F. n\u00ba : B42196998<\/p>\n<p>Courriel : info@iniciativasespeciales.es<\/p>\n<p>Num\u00e9ro de t\u00e9l\u00e9phone : (+34) 629612215<\/p>\n<p><strong>\u00c0 quelles fins traitons-nous vos donn\u00e9es personnelles ?<\/strong><\/p>\n<p>Nous traitons les informations fournies par l&rsquo;utilisateur afin de g\u00e9rer les demandes d&rsquo;information faites par l&rsquo;interm\u00e9diaire du site Web et, le cas \u00e9ch\u00e9ant, de vous envoyer des communications commerciales susceptibles de vous int\u00e9resser.<\/p>\n<p><strong>Combien de temps conserverons-nous vos donn\u00e9es ?<\/strong><\/p>\n<p>Les donn\u00e9es personnelles fournies seront conserv\u00e9es pendant cinq ans.<\/p>\n<p><strong>Quelle est la l\u00e9gitimit\u00e9 du traitement de vos donn\u00e9es ?<\/strong><\/p>\n<p>La base juridique du traitement des donn\u00e9es est le consentement de l&rsquo;utilisateur donn\u00e9 en acceptant la clause de traitement des donn\u00e9es.<\/p>\n<p>Dans les formulaires du site web, l&rsquo;utilisateur devra remplir les champs marqu\u00e9s comme \u00ab\u00a0obligatoires\u00a0\u00bb. Le fait de ne pas fournir toutes les donn\u00e9es personnelles requises par Iniciativas Especiales peut entra\u00eener une ex\u00e9cution incompl\u00e8te de la demande.<\/p>\n<p>L&rsquo;utilisateur doit informer Iniciativas Especiales de ses donn\u00e9es personnelles actuelles afin que les informations contenues dans ses fichiers soient mises \u00e0 jour et exemptes d&rsquo;erreurs.<\/p>\n<p><strong>Quels sont vos droits lorsque vous nous fournissez vos donn\u00e9es personnelles ?<\/strong><\/p>\n<p>Les utilisateurs peuvent exercer leur droit d&rsquo;acc\u00e8s aux donn\u00e9es \u00e0 caract\u00e8re personnel, ainsi que demander la rectification des donn\u00e9es inexactes ou, le cas \u00e9ch\u00e9ant, demander leur suppression lorsque les donn\u00e9es ne sont plus n\u00e9cessaires aux fins pour lesquelles elles ont \u00e9t\u00e9 collect\u00e9es. Vous pouvez \u00e9galement demander la limitation et l&rsquo;opposition au traitement de vos donn\u00e9es, dans certaines circonstances et pour des raisons li\u00e9es \u00e0 votre situation particuli\u00e8re.<\/p>\n<p>Vous avez \u00e9galement le droit de r\u00e9voquer votre consentement \u00e0 tout moment sans que cela n&rsquo;affecte r\u00e9troactivement le traitement des donn\u00e9es \u00e0 caract\u00e8re personnel effectu\u00e9 jusqu&rsquo;\u00e0 ce moment-l\u00e0.<\/p>\n<p>L&rsquo;utilisateur peut exercer les droits susmentionn\u00e9s, dans les termes et conditions pr\u00e9vus par la l\u00e9gislation en vigueur, au si\u00e8ge social d&rsquo;Iniciativas Especiales SL ou en envoyant un courrier \u00e9lectronique \u00e0 info@iniciativasespeciales.es.<\/p>\n<p>Si vous ne recevez pas de r\u00e9ponse satisfaisante et que vous souhaitez d\u00e9poser une plainte ou obtenir de plus amples informations concernant l&rsquo;un de ces droits, vous pouvez contacter l&rsquo;Agence espagnole de protection des donn\u00e9es<a href=\"http:\/\/www.agpd.es\" target=\"_blank\" rel=\"noopener\">(www.agpd.es<\/a> &#8211; C\/ Jorge Juan, 6 de Madrid).<\/p>\n<p>Nous confirmons \u00e9galement que vous n&rsquo;avez pas besoin de nous fournir vos donn\u00e9es personnelles pour naviguer sur notre site web.<\/p>\n<p>Les cas dans lesquels vous pouvez nous communiquer certaines de leurs donn\u00e9es sont les suivants :<\/p>\n<p>Si vous \u00eates notre client, fournisseur ou collaborateur.<br \/>\nSi vous nous \u00e9crivez via notre formulaire de contact.<br \/>\nSi vous achetez un de nos produits.<br \/>\nSi vous nous envoyez un courriel.<br \/>\nSi vous vous inscrivez \u00e0 notre bulletin d&rsquo;information.<\/p>\n<p>Dans chaque cas, les donn\u00e9es peuvent \u00eatre incorpor\u00e9es dans nos fichiers, dont nous sommes responsables de la gestion et du traitement. Ne vous inqui\u00e9tez pas pour la s\u00e9curit\u00e9 de vos donn\u00e9es, nous prenons toutes les mesures de s\u00e9curit\u00e9 n\u00e9cessaires pour assurer leur protection et nous ne les utiliserons qu&rsquo;aux fins pour lesquelles vous nous les avez fournies.<\/p>\n<p>De plus, si vous vous inscrivez \u00e0 notre lettre d&rsquo;information, vous recevrez des nouvelles de notre site web, des informations sur nos produits et des promotions sur nos merveilleux voyages. Nous ne transmettrons pas les donn\u00e9es de cette liste \u00e0 des tiers.<\/p>\n<p>\u00c0 tout moment, les utilisateurs qui souhaitent exercer leurs droits d&rsquo;opposition, d&rsquo;acc\u00e8s et d&rsquo;information, de rectification, d&rsquo;annulation de leurs donn\u00e9es et de r\u00e9vocation de leur autorisation, peuvent nous \u00e9crire \u00e0 info@iniciativasespeciales.es et nous les contacterons pour traiter leur demande.<\/p>\n<p><strong>Annulation, exp\u00e9dition et retours.<\/strong><\/p>\n<p>Annulation : Les services de loisirs qui doivent \u00eatre fournis \u00e0 une date ou selon une p\u00e9riodicit\u00e9 d\u00e9termin\u00e9e ne rel\u00e8vent pas du droit de r\u00e9tractation. Cependant, nous fournissons une p\u00e9riode allant jusqu&rsquo;\u00e0 48 heures.<\/p>\n<p>Retours et remboursements : Une fois la r\u00e9servation et le paiement effectu\u00e9s, les annulations sont accept\u00e9es sans frais jusqu&rsquo;\u00e0 48 heures avant la r\u00e9servation. Apr\u00e8s cette p\u00e9riode, un changement d&rsquo;heure ou de jour sera envisag\u00e9 en fonction des disponibilit\u00e9s.<\/p>\n<p>Envois : s&rsquo;agissant d&rsquo;un service, il est fourni au point de d\u00e9part, soit \u00e0 partir des installations, soit \u00e0 partir du lieu d\u00e9sign\u00e9 pour l&rsquo;activit\u00e9 \u00e0 r\u00e9aliser.<\/p>\n<p><strong>Achat virtuel :<\/strong> les utilisateurs doivent \u00eatre majeurs et disposer d&rsquo;une carte de cr\u00e9dit\/d\u00e9bit ou d&rsquo;un compte Paypal pour r\u00e9server la visite. Le titulaire de la carte est responsable des transactions effectu\u00e9es avec la carte. Le site web <strong>www.segcitytours.es<\/strong> est un site s\u00e9curis\u00e9 <strong>SSL<\/strong> (Secure Sockets Layer) <strong>,<\/strong> une norme de s\u00e9curit\u00e9 mondiale qui permet le transfert de donn\u00e9es crypt\u00e9es entre un navigateur et un serveur web.<\/p>\n<p>Enfin, nous vous rappelons que l&rsquo;acc\u00e8s \u00e0 ce site web peut impliquer l&rsquo;utilisation de cookies, qui, comme vous le savez, sont des informations stock\u00e9es dans votre navigateur pour faciliter votre visite sur notre site web. Nous vous laissons le lien pour que vous puissiez consulter notre <a href=\"https:\/\/www.segwayfun.es\/politica-de-cookies\/\">politique en mati\u00e8re de cookies<\/a>.<\/p>\n<p>Si vous avez des questions concernant le traitement de vos donn\u00e9es et votre vie priv\u00e9e, veuillez nous contacter \u00e0 l&rsquo;adresse info@iniciativasespeciales.es.<\/p>\n","protected":false},"excerpt":{"rendered":"<p> [&hellip;]<\/p>\n","protected":false},"author":1,"featured_media":0,"parent":0,"menu_order":0,"comment_status":"closed","ping_status":"open","template":"","meta":{"site-sidebar-layout":"default","site-content-layout":"","ast-site-content-layout":"default","site-content-style":"default","site-sidebar-style":"default","ast-global-header-display":"","ast-banner-title-visibility":"","ast-main-header-display":"","ast-hfb-above-header-display":"","ast-hfb-below-header-display":"","ast-hfb-mobile-header-display":"","site-post-title":"","ast-breadcrumbs-content":"","ast-featured-img":"","footer-sml-layout":"","ast-disable-related-posts":"","theme-transparent-header-meta":"","adv-header-id-meta":"","stick-header-meta":"","header-above-stick-meta":"","header-main-stick-meta":"","header-below-stick-meta":"","astra-migrate-meta-layouts":"default","ast-page-background-enabled":"default","ast-page-background-meta":{"desktop":{"background-color":"","background-image":"","background-repeat":"repeat","background-position":"center center","background-size":"auto","background-attachment":"scroll","background-type":"","background-media":"","overlay-type":"","overlay-color":"","overlay-opacity":"","overlay-gradient":""},"tablet":{"background-color":"","background-image":"","background-repeat":"repeat","background-position":"center center","background-size":"auto","background-attachment":"scroll","background-type":"","background-media":"","overlay-type":"","overlay-color":"","overlay-opacity":"","overlay-gradient":""},"mobile":{"background-color":"","background-image":"","background-repeat":"repeat","background-position":"center center","background-size":"auto","background-attachment":"scroll","background-type":"","background-media":"","overlay-type":"","overlay-color":"","overlay-opacity":"","overlay-gradient":""}},"ast-content-background-meta":{"desktop":{"background-color":"var(--ast-global-color-5)","background-image":"","background-repeat":"repeat","background-position":"center center","background-size":"auto","background-attachment":"scroll","background-type":"","background-media":"","overlay-type":"","overlay-color":"","overlay-opacity":"","overlay-gradient":""},"tablet":{"background-color":"var(--ast-global-color-5)","background-image":"","background-repeat":"repeat","background-position":"center center","background-size":"auto","background-attachment":"scroll","background-type":"","background-media":"","overlay-type":"","overlay-color":"","overlay-opacity":"","overlay-gradient":""},"mobile":{"background-color":"var(--ast-global-color-5)","background-image":"","background-repeat":"repeat","background-position":"center center","background-size":"auto","background-attachment":"scroll","background-type":"","background-media":"","overlay-type":"","overlay-color":"","overlay-opacity":"","overlay-gradient":""}},"footnotes":""},"class_list":["post-7209","page","type-page","status-publish","hentry"],"yoast_head":"<!-- This site is optimized with the Yoast SEO Premium plugin v27.1 (Yoast SEO v27.1.1) - https:\/\/yoast.com\/product\/yoast-seo-premium-wordpress\/ -->\n<title>Conditions et vie priv\u00e9e - Madrid Segway Tour Experience<\/title>\n<meta name=\"description\" content=\"Segway Parque del Retiro, Segway Madrid Tours; descubre la forma m\u00e1s divertida de conocer los lugares con encanto de Madrid. Vive una experiencia \u00fanica!\" \/>\n<meta name=\"robots\" content=\"noindex, follow\" \/>\n<meta property=\"og:locale\" content=\"fr_FR\" \/>\n<meta property=\"og:type\" content=\"article\" \/>\n<meta property=\"og:title\" content=\"Conditions et vie priv\u00e9e\" \/>\n<meta property=\"og:description\" content=\"Segway Parque del Retiro, Segway Madrid Tours; descubre la forma m\u00e1s divertida de conocer los lugares con encanto de Madrid. Vive una experiencia \u00fanica!\" \/>\n<meta property=\"og:url\" content=\"https:\/\/segcitytours.es\/fr\/privacidad\/\" \/>\n<meta property=\"og:site_name\" content=\"Madrid Segway Tour Experience\" \/>\n<meta property=\"article:publisher\" content=\"https:\/\/www.facebook.com\/Segwayfun-111864518874580\/timeline\/?ref=ts\" \/>\n<meta property=\"article:modified_time\" content=\"2023-08-12T11:20:54+00:00\" \/>\n<meta property=\"og:image\" content=\"https:\/\/segcitytours.es\/wp-content\/uploads\/2023\/08\/logo-magenta.png\" \/>\n\t<meta property=\"og:image:width\" content=\"386\" \/>\n\t<meta property=\"og:image:height\" content=\"174\" \/>\n\t<meta property=\"og:image:type\" content=\"image\/png\" \/>\n<meta name=\"twitter:card\" content=\"summary_large_image\" \/>\n<meta name=\"twitter:site\" content=\"@_segwayfun\" \/>\n<meta name=\"twitter:label1\" content=\"Dur\u00e9e de lecture estim\u00e9e\" \/>\n\t<meta name=\"twitter:data1\" content=\"5 minutes\" \/>\n<script type=\"application\/ld+json\" class=\"yoast-schema-graph\">{\"@context\":\"https:\/\/schema.org\",\"@graph\":[{\"@type\":\"WebPage\",\"@id\":\"https:\/\/segcitytours.es\/fr\/privacidad\/\",\"url\":\"https:\/\/segcitytours.es\/fr\/privacidad\/\",\"name\":\"Conditions et vie priv\u00e9e - Madrid Segway Tour Experience\",\"isPartOf\":{\"@id\":\"https:\/\/segcitytours.es\/fr\/#website\"},\"datePublished\":\"2015-08-12T02:35:10+00:00\",\"dateModified\":\"2023-08-12T11:20:54+00:00\",\"description\":\"Segway Parque del Retiro, Segway Madrid Tours; descubre la forma m\u00e1s divertida de conocer los lugares con encanto de Madrid. Vive una experiencia \u00fanica!\",\"breadcrumb\":{\"@id\":\"https:\/\/segcitytours.es\/fr\/privacidad\/#breadcrumb\"},\"inLanguage\":\"fr-FR\",\"potentialAction\":[{\"@type\":\"ReadAction\",\"target\":[\"https:\/\/segcitytours.es\/fr\/privacidad\/\"]}]},{\"@type\":\"BreadcrumbList\",\"@id\":\"https:\/\/segcitytours.es\/fr\/privacidad\/#breadcrumb\",\"itemListElement\":[{\"@type\":\"ListItem\",\"position\":1,\"name\":\"Portada\",\"item\":\"https:\/\/segcitytours.es\/fr\/accueil\/\"},{\"@type\":\"ListItem\",\"position\":2,\"name\":\"Conditions et vie priv\u00e9e\"}]},{\"@type\":\"WebSite\",\"@id\":\"https:\/\/segcitytours.es\/fr\/#website\",\"url\":\"https:\/\/segcitytours.es\/fr\/\",\"name\":\"Madrid Segway Tour Experience\",\"description\":\"Disfruta Madrid en Segway\",\"publisher\":{\"@id\":\"https:\/\/segcitytours.es\/fr\/#organization\"},\"alternateName\":\"Segcitytours - Segway tours\",\"potentialAction\":[{\"@type\":\"SearchAction\",\"target\":{\"@type\":\"EntryPoint\",\"urlTemplate\":\"https:\/\/segcitytours.es\/fr\/?s={search_term_string}\"},\"query-input\":{\"@type\":\"PropertyValueSpecification\",\"valueRequired\":true,\"valueName\":\"search_term_string\"}}],\"inLanguage\":\"fr-FR\"},{\"@type\":[\"Organization\",\"Place\",\"LocalBusiness\"],\"@id\":\"https:\/\/segcitytours.es\/fr\/#organization\",\"name\":\"Segcitytours\",\"alternateName\":\"Segway Tours\",\"url\":\"https:\/\/segcitytours.es\/fr\/\",\"logo\":{\"@id\":\"https:\/\/segcitytours.es\/fr\/privacidad\/#local-main-organization-logo\"},\"image\":{\"@id\":\"https:\/\/segcitytours.es\/fr\/privacidad\/#local-main-organization-logo\"},\"sameAs\":[\"https:\/\/www.facebook.com\/Segwayfun-111864518874580\/timeline\/?ref=ts\",\"https:\/\/x.com\/_segwayfun\"],\"address\":{\"@id\":\"https:\/\/segcitytours.es\/fr\/privacidad\/#local-main-place-address\"},\"geo\":{\"@type\":\"GeoCoordinates\",\"latitude\":\"40.413530233784094\",\"longitude\":\"-3.6983123748514117\"},\"telephone\":[\"+34629612216\"],\"openingHoursSpecification\":[{\"@type\":\"OpeningHoursSpecification\",\"dayOfWeek\":[\"Monday\",\"Tuesday\",\"Wednesday\",\"Thursday\",\"Friday\",\"Saturday\",\"Sunday\"],\"opens\":\"10:00\",\"closes\":\"20:00\"}],\"email\":\"info@segcitytours.es\",\"vatID\":\"B42196998\",\"taxID\":\"B42196998\"},{\"@type\":\"PostalAddress\",\"@id\":\"https:\/\/segcitytours.es\/fr\/privacidad\/#local-main-place-address\",\"streetAddress\":\"Calle de las Huertas, 39\",\"addressLocality\":\"Madrid\",\"postalCode\":\"28014\",\"addressRegion\":\"Madrid\",\"addressCountry\":\"ES\"},{\"@type\":\"ImageObject\",\"inLanguage\":\"fr-FR\",\"@id\":\"https:\/\/segcitytours.es\/fr\/privacidad\/#local-main-organization-logo\",\"url\":\"https:\/\/segcitytours.es\/wp-content\/uploads\/2020\/11\/Segcitytours-fondo-blanco-1000px.png\",\"contentUrl\":\"https:\/\/segcitytours.es\/wp-content\/uploads\/2020\/11\/Segcitytours-fondo-blanco-1000px.png\",\"width\":1000,\"height\":500,\"caption\":\"Segcitytours\"}]}<\/script>\n<meta name=\"geo.placename\" content=\"Madrid\" \/>\n<meta name=\"geo.position\" content=\"40.413530233784094;-3.6983123748514117\" \/>\n<meta name=\"geo.region\" content=\"Espagne\" \/>\n<!-- \/ Yoast SEO Premium plugin. -->","yoast_head_json":{"title":"Conditions et vie priv\u00e9e - Madrid Segway Tour Experience","description":"Segway Parque del Retiro, Segway Madrid Tours; descubre la forma m\u00e1s divertida de conocer los lugares con encanto de Madrid. Vive una experiencia \u00fanica!","robots":{"index":"noindex","follow":"follow"},"og_locale":"fr_FR","og_type":"article","og_title":"Conditions et vie priv\u00e9e","og_description":"Segway Parque del Retiro, Segway Madrid Tours; descubre la forma m\u00e1s divertida de conocer los lugares con encanto de Madrid. Vive una experiencia \u00fanica!","og_url":"https:\/\/segcitytours.es\/fr\/privacidad\/","og_site_name":"Madrid Segway Tour Experience","article_publisher":"https:\/\/www.facebook.com\/Segwayfun-111864518874580\/timeline\/?ref=ts","article_modified_time":"2023-08-12T11:20:54+00:00","og_image":[{"width":386,"height":174,"url":"https:\/\/segcitytours.es\/wp-content\/uploads\/2023\/08\/logo-magenta.png","type":"image\/png"}],"twitter_card":"summary_large_image","twitter_site":"@_segwayfun","twitter_misc":{"Dur\u00e9e de lecture estim\u00e9e":"5 minutes"},"schema":{"@context":"https:\/\/schema.org","@graph":[{"@type":"WebPage","@id":"https:\/\/segcitytours.es\/fr\/privacidad\/","url":"https:\/\/segcitytours.es\/fr\/privacidad\/","name":"Conditions et vie priv\u00e9e - Madrid Segway Tour Experience","isPartOf":{"@id":"https:\/\/segcitytours.es\/fr\/#website"},"datePublished":"2015-08-12T02:35:10+00:00","dateModified":"2023-08-12T11:20:54+00:00","description":"Segway Parque del Retiro, Segway Madrid Tours; descubre la forma m\u00e1s divertida de conocer los lugares con encanto de Madrid. Vive una experiencia \u00fanica!","breadcrumb":{"@id":"https:\/\/segcitytours.es\/fr\/privacidad\/#breadcrumb"},"inLanguage":"fr-FR","potentialAction":[{"@type":"ReadAction","target":["https:\/\/segcitytours.es\/fr\/privacidad\/"]}]},{"@type":"BreadcrumbList","@id":"https:\/\/segcitytours.es\/fr\/privacidad\/#breadcrumb","itemListElement":[{"@type":"ListItem","position":1,"name":"Portada","item":"https:\/\/segcitytours.es\/fr\/accueil\/"},{"@type":"ListItem","position":2,"name":"Conditions et vie priv\u00e9e"}]},{"@type":"WebSite","@id":"https:\/\/segcitytours.es\/fr\/#website","url":"https:\/\/segcitytours.es\/fr\/","name":"Madrid Segway Tour Experience","description":"Disfruta Madrid en Segway","publisher":{"@id":"https:\/\/segcitytours.es\/fr\/#organization"},"alternateName":"Segcitytours - Segway tours","potentialAction":[{"@type":"SearchAction","target":{"@type":"EntryPoint","urlTemplate":"https:\/\/segcitytours.es\/fr\/?s={search_term_string}"},"query-input":{"@type":"PropertyValueSpecification","valueRequired":true,"valueName":"search_term_string"}}],"inLanguage":"fr-FR"},{"@type":["Organization","Place","LocalBusiness"],"@id":"https:\/\/segcitytours.es\/fr\/#organization","name":"Segcitytours","alternateName":"Segway Tours","url":"https:\/\/segcitytours.es\/fr\/","logo":{"@id":"https:\/\/segcitytours.es\/fr\/privacidad\/#local-main-organization-logo"},"image":{"@id":"https:\/\/segcitytours.es\/fr\/privacidad\/#local-main-organization-logo"},"sameAs":["https:\/\/www.facebook.com\/Segwayfun-111864518874580\/timeline\/?ref=ts","https:\/\/x.com\/_segwayfun"],"address":{"@id":"https:\/\/segcitytours.es\/fr\/privacidad\/#local-main-place-address"},"geo":{"@type":"GeoCoordinates","latitude":"40.413530233784094","longitude":"-3.6983123748514117"},"telephone":["+34629612216"],"openingHoursSpecification":[{"@type":"OpeningHoursSpecification","dayOfWeek":["Monday","Tuesday","Wednesday","Thursday","Friday","Saturday","Sunday"],"opens":"10:00","closes":"20:00"}],"email":"info@segcitytours.es","vatID":"B42196998","taxID":"B42196998"},{"@type":"PostalAddress","@id":"https:\/\/segcitytours.es\/fr\/privacidad\/#local-main-place-address","streetAddress":"Calle de las Huertas, 39","addressLocality":"Madrid","postalCode":"28014","addressRegion":"Madrid","addressCountry":"ES"},{"@type":"ImageObject","inLanguage":"fr-FR","@id":"https:\/\/segcitytours.es\/fr\/privacidad\/#local-main-organization-logo","url":"https:\/\/segcitytours.es\/wp-content\/uploads\/2020\/11\/Segcitytours-fondo-blanco-1000px.png","contentUrl":"https:\/\/segcitytours.es\/wp-content\/uploads\/2020\/11\/Segcitytours-fondo-blanco-1000px.png","width":1000,"height":500,"caption":"Segcitytours"}]},"geo.placename":"Madrid","geo.position":{"lat":"40.413530233784094","long":"-3.6983123748514117"},"geo.region":"Espagne"},"_links":{"self":[{"href":"https:\/\/segcitytours.es\/fr\/wp-json\/wp\/v2\/pages\/7209","targetHints":{"allow":["GET"]}}],"collection":[{"href":"https:\/\/segcitytours.es\/fr\/wp-json\/wp\/v2\/pages"}],"about":[{"href":"https:\/\/segcitytours.es\/fr\/wp-json\/wp\/v2\/types\/page"}],"author":[{"embeddable":true,"href":"https:\/\/segcitytours.es\/fr\/wp-json\/wp\/v2\/users\/1"}],"replies":[{"embeddable":true,"href":"https:\/\/segcitytours.es\/fr\/wp-json\/wp\/v2\/comments?post=7209"}],"version-history":[{"count":0,"href":"https:\/\/segcitytours.es\/fr\/wp-json\/wp\/v2\/pages\/7209\/revisions"}],"wp:attachment":[{"href":"https:\/\/segcitytours.es\/fr\/wp-json\/wp\/v2\/media?parent=7209"}],"curies":[{"name":"wp","href":"https:\/\/api.w.org\/{rel}","templated":true}]}}