{"id":8186,"date":"2023-08-12T13:21:06","date_gmt":"2023-08-12T11:21:06","guid":{"rendered":"http:\/\/segcitytours.es.mialias.net\/declaration-daccessibilite\/"},"modified":"2024-07-17T11:40:21","modified_gmt":"2024-07-17T09:40:21","slug":"declaration-daccessibilite","status":"publish","type":"page","link":"https:\/\/segcitytours.es\/fr\/declaration-daccessibilite\/","title":{"rendered":"D\u00e9claration d&rsquo;accessibilit\u00e9"},"content":{"rendered":"\t\t<div data-elementor-type=\"wp-page\" data-elementor-id=\"8186\" class=\"elementor elementor-8186\" data-elementor-post-type=\"page\">\n\t\t\t\t\t\t<section class=\"elementor-section elementor-top-section elementor-element elementor-element-9217b31 elementor-section-boxed elementor-section-height-default elementor-section-height-default\" data-id=\"9217b31\" data-element_type=\"section\" data-e-type=\"section\">\n\t\t\t\t\t\t<div class=\"elementor-container elementor-column-gap-default\">\n\t\t\t\t\t<div class=\"elementor-column elementor-col-100 elementor-top-column elementor-element elementor-element-adb15a9\" data-id=\"adb15a9\" data-element_type=\"column\" data-e-type=\"column\">\n\t\t\t<div class=\"elementor-widget-wrap elementor-element-populated\">\n\t\t\t\t\t\t<div class=\"elementor-element elementor-element-4c968ac elementor-widget elementor-widget-text-editor\" data-id=\"4c968ac\" data-element_type=\"widget\" data-e-type=\"widget\" data-widget_type=\"text-editor.default\">\n\t\t\t\t<div class=\"elementor-widget-container\">\n\t\t\t\t\t\t\t\t\t<style>\n            #contenido-principal *{<br\/>                line-height: 1.5<br\/>            }<br\/>            table.w50 td {<br\/>                width: 50%;<br\/>            }<\/p>\n<p>            table {<br\/>                width: 100%;<br\/>                margin-bottom: 36px;<br\/>            }<\/p>\n<p>            table caption {<br\/>                background: #F1F3F4;<br\/>                text-align: left;<br\/>                font-weight: bold;<br\/>                padding: 4px 8px;<br\/>            }<\/p>\n<p>            table thead {<br\/>                background: #F1F3F4;<br\/>            }<\/p>\n<p>            table thead td {<br\/>                font-weight: bold;<br\/>                padding: 4px 8px;<br\/>            }<\/p>\n<p>            table tbody td {<br\/>                border-bottom: 1px solid #F1F3F4;<br\/>                line-height: 1.5;<br\/>                padding: 4px 8px;<br\/>            }<\/p>\n<p>            @media only screen and (max-width: 600px) {<br\/>                table {<br\/>                    display: block;<br\/>                }<br\/>                table thead, table tbody, table tr, table th {<br\/>                    display: block;<br\/>                    width: 100% !important;<br\/>                }<br\/>                table td {<br\/>                    display: block;<br\/>                    width: 100% !important;<br\/>                    word-break: break-all;<br\/>                }<br\/>                table td:last-child:not(:first-child) {<br\/>                    border-bottom: 5px solid #F1F3F4;<br\/>                }<br\/>            }<\/p>\n<\/style>\n\n<span style=\"font-size: 48px;\">D\u00e9claration d&rsquo;accessibilit\u00e9 de Segcitytours<\/span>\n\n<section id=\"contenido-principal\" class=\"bloque-contenedor\">R\u00e9sultat : <span class=\"rojo\">Partiellement conforme <\/span> \n\nINICIATIVAS ESPECIALES S.L. s&rsquo;engage \u00e0 rendre son site web accessible conform\u00e9ment au <a href=\"https:\/\/www.boe.es\/boe\/dias\/2018\/09\/19\/pdfs\/BOE-A-2018-12699.pdf\">d\u00e9cret royal 1112\/2018 du 7 septembre<\/a>.\n\nDepuis le 15\/07\/2023, un audit d&rsquo;accessibilit\u00e9 du site web e-as.es a \u00e9t\u00e9 r\u00e9alis\u00e9 selon la m\u00e9thodologie \u00e9tablie dans la norme UNE-EN 301549:2022.\n\nLe r\u00e9sultat de l&rsquo;audit est <strong>partiellement conforme<\/strong> au RD 1112\/2018 et \u00e0 la norme UNE-EN 301549:2022 en raison des exceptions et des non-conformit\u00e9s d\u00e9taill\u00e9es dans le rapport t\u00e9l\u00e9chargeable.\n<table>\n<thead>\n<tr>\n<td colspan=\"2\"><\/td>\n<\/tr>\n<\/thead>\n<tbody>\n<tr>\n<td>Date de mise en conformit\u00e9<\/td>\n<td>15\/07\/2023<\/td>\n<\/tr>\n<tr>\n<td>Version<\/td>\n<td>UNE-FR 301549:2022<\/td>\n<\/tr>\n<tr>\n<td>Uri<\/td>\n<td><a href=\"https:\/\/www.etsi.org\/deliver\/etsi_en\/301500_301599\/301549\/03.02.01_60\/en_301549v030201p.pdf\" target=\"_blank\" rel=\"noopener\">T\u00e9l\u00e9charger<\/a><\/td>\n<\/tr>\n<tr>\n<td>Niveau de conformit\u00e9<\/td>\n<td>AA<\/td>\n<\/tr>\n<\/tbody>\n<\/table>\n<table>\n<thead>\n<tr>\n<td><strong><span style=\"color: #999999;\">Champ d&rsquo;application de la d\u00e9claration<\/span><\/strong><\/td>\n<\/tr>\n<\/thead>\n<tbody>\n<tr>\n<td>Tout le contenu du site web public<\/td>\n<\/tr>\n<\/tbody>\n<\/table>\n<table>\n<thead>\n<tr>\n<td colspan=\"3\"><span style=\"color: #999999;\"><strong>Exemples de pages<\/strong><\/span><\/td>\n<\/tr>\n<tr>\n<td><span style=\"color: #999999;\">Titre<\/span><\/td>\n<td><span style=\"color: #999999;\">Uri<\/span><\/td>\n<\/tr>\n<\/thead>\n<tbody>\n<tr>\n<td>Accueil<\/td>\n<td>http:\/\/segcitytours.es\/<\/td>\n<\/tr>\n<tr>\n<td>Actualit\u00e9s<\/td>\n<td>http:\/\/segcitytours.es\/noticias-segway\/<\/td>\n<\/tr>\n<tr>\n<td>Contact<\/td>\n<td>http:\/\/segcitytours.es\/contacto\/\n<\/td>\n<\/tr>\n<tr>\n<td>D\u00e9claration d&rsquo;accessibilit\u00e9<\/td>\n<td>http:\/\/segcitytours.es\/declaracion-accesibilidad\/<\/td>\n<\/tr>\n<\/tbody>\n<\/table>\n<table>\n<thead>\n<tr>\n<td colspan=\"2\"><span style=\"color: #999999;\">Technologies pr\u00e9sentes<\/span><\/td>\n<\/tr>\n<\/thead>\n<tbody>\n<tr>\n<td>CSS<\/td>\n<td>http:\/\/www.w3.org\/Style\/CSS\/specs\/<\/td>\n<\/tr>\n<tr>\n<td>HTML5<\/td>\n<td>http:\/\/www.w3.org\/TR\/html5\/<\/td>\n<\/tr>\n<tr>\n<td>jQuery<\/td>\n<td>https:\/\/jquery.com\/<\/td>\n<\/tr>\n<tr>\n<td>WAI-ARIA<\/td>\n<td>https:\/\/www.w3.org\/TR\/wai-aria\/<\/td>\n<\/tr>\n<tr>\n<td>WordPress<\/td>\n<td>https:\/\/wordpress.com\/es\/<\/td>\n<\/tr>\n<tr>\n<td>javascript<\/td>\n<td>https:\/\/developer.mozilla.org\/es\/docs\/Web\/JavaScript<\/td>\n<\/tr>\n<\/tbody>\n<\/table>\n<table>\n<thead>\n<tr>\n<td><span style=\"color: #999999;\">Outils utilis\u00e9s<\/span><\/td>\n<\/tr>\n<\/thead>\n<tbody>\n<tr>\n<td>Navigateur DevTools\/Inspector<\/td>\n<\/tr>\n<tr>\n<td>Phare Google<\/td>\n<\/tr>\n<tr>\n<td>Validation HTML<\/td>\n<\/tr>\n<tr>\n<td>Clavier uniquement<\/td>\n<\/tr>\n<tr>\n<td>Lecteur d&rsquo;\u00e9cran VoiceOver<\/td>\n<\/tr>\n<tr>\n<td>Extension de navigateur WAVE<\/td>\n<\/tr>\n<tr>\n<td>ZoomText Fusion<\/td>\n<\/tr>\n<\/tbody>\n<\/table>\n<table>\n<thead>\n<tr>\n<td><span style=\"color: #999999;\">Agents utilisateurs utilis\u00e9s<\/span><\/td>\n<\/tr>\n<\/thead>\n<tbody>\n<tr>\n<td>Navigateur Android<\/td>\n<\/tr>\n<tr>\n<td>Chrome &#8211; Derni\u00e8re version<\/td>\n<\/tr>\n<tr>\n<td>Chrome pour Android<\/td>\n<\/tr>\n<tr>\n<td>Edge &#8211; Derniers d\u00e9veloppements<\/td>\n<\/tr>\n<tr>\n<td>Firefox &#8211; Derni\u00e8re version<\/td>\n<\/tr>\n<tr>\n<td>Op\u00e9ra &#8211; Derni\u00e8res nouvelles<\/td>\n<\/tr>\n<\/tbody>\n<\/table>\n<h2>Contact<\/h2>\nVous pouvez faire des communications sur les exigences d&rsquo;accessibilit\u00e9 (article 10.2.a) du RD 1112\/2018, par exemple :\n<ul>\n \t<li>Signaler toute conformit\u00e9 \u00e9ventuelle de ce site web<\/li>\n \t<li>Transmettre d&rsquo;autres difficult\u00e9s d&rsquo;acc\u00e8s au contenu<\/li>\n \t<li>Poser toute autre question ou suggestion d&rsquo;am\u00e9lioration concernant l&rsquo;accessibilit\u00e9 du site web.<\/li>\n<\/ul>\nPar le biais du compte e-mail info@iniciativasespeciales.es\n\n<\/section>\t\t\t\t\t\t\t\t<\/div>\n\t\t\t\t<\/div>\n\t\t\t\t\t<\/div>\n\t\t<\/div>\n\t\t\t\t\t<\/div>\n\t\t<\/section>\n\t\t\t\t<\/div>\n\t\t","protected":false},"excerpt":{"rendered":"<p> [&hellip;]<\/p>\n","protected":false},"author":138,"featured_media":0,"parent":0,"menu_order":0,"comment_status":"closed","ping_status":"closed","template":"","meta":{"site-sidebar-layout":"no-sidebar","site-content-layout":"page-builder","ast-site-content-layout":"full-width-container","site-content-style":"unboxed","site-sidebar-style":"unboxed","ast-global-header-display":"","ast-banner-title-visibility":"","ast-main-header-display":"","ast-hfb-above-header-display":"","ast-hfb-below-header-display":"","ast-hfb-mobile-header-display":"","site-post-title":"disabled","ast-breadcrumbs-content":"","ast-featured-img":"disabled","footer-sml-layout":"","ast-disable-related-posts":"","theme-transparent-header-meta":"","adv-header-id-meta":"","stick-header-meta":"","header-above-stick-meta":"","header-main-stick-meta":"","header-below-stick-meta":"","astra-migrate-meta-layouts":"default","ast-page-background-enabled":"default","ast-page-background-meta":{"desktop":{"background-color":"","background-image":"","background-repeat":"repeat","background-position":"center center","background-size":"auto","background-attachment":"scroll","background-type":"","background-media":"","overlay-type":"","overlay-color":"","overlay-opacity":"","overlay-gradient":""},"tablet":{"background-color":"","background-image":"","background-repeat":"repeat","background-position":"center center","background-size":"auto","background-attachment":"scroll","background-type":"","background-media":"","overlay-type":"","overlay-color":"","overlay-opacity":"","overlay-gradient":""},"mobile":{"background-color":"","background-image":"","background-repeat":"repeat","background-position":"center center","background-size":"auto","background-attachment":"scroll","background-type":"","background-media":"","overlay-type":"","overlay-color":"","overlay-opacity":"","overlay-gradient":""}},"ast-content-background-meta":{"desktop":{"background-color":"var(--ast-global-color-5)","background-image":"","background-repeat":"repeat","background-position":"center center","background-size":"auto","background-attachment":"scroll","background-type":"","background-media":"","overlay-type":"","overlay-color":"","overlay-opacity":"","overlay-gradient":""},"tablet":{"background-color":"var(--ast-global-color-5)","background-image":"","background-repeat":"repeat","background-position":"center center","background-size":"auto","background-attachment":"scroll","background-type":"","background-media":"","overlay-type":"","overlay-color":"","overlay-opacity":"","overlay-gradient":""},"mobile":{"background-color":"var(--ast-global-color-5)","background-image":"","background-repeat":"repeat","background-position":"center center","background-size":"auto","background-attachment":"scroll","background-type":"","background-media":"","overlay-type":"","overlay-color":"","overlay-opacity":"","overlay-gradient":""}},"footnotes":""},"class_list":["post-8186","page","type-page","status-publish","hentry"],"yoast_head":"<!-- This site is optimized with the Yoast SEO Premium plugin v27.1 (Yoast SEO v27.1.1) - https:\/\/yoast.com\/product\/yoast-seo-premium-wordpress\/ -->\n<title>D\u00e9claration d&#039;accessibilit\u00e9 - Madrid Segway Tour Experience<\/title>\n<meta name=\"description\" content=\"Segway Parque del Retiro, Segway Madrid Tours; descubre la forma m\u00e1s divertida de conocer los lugares con encanto de Madrid. Vive una experiencia \u00fanica!\" \/>\n<meta name=\"robots\" content=\"noindex, follow\" \/>\n<meta property=\"og:locale\" content=\"fr_FR\" \/>\n<meta property=\"og:type\" content=\"article\" \/>\n<meta property=\"og:title\" content=\"D\u00e9claration d&#039;accessibilit\u00e9\" \/>\n<meta property=\"og:description\" content=\"Segway Parque del Retiro, Segway Madrid Tours; descubre la forma m\u00e1s divertida de conocer los lugares con encanto de Madrid. Vive una experiencia \u00fanica!\" \/>\n<meta property=\"og:url\" content=\"https:\/\/segcitytours.es\/fr\/declaration-daccessibilite\/\" \/>\n<meta property=\"og:site_name\" content=\"Madrid Segway Tour Experience\" \/>\n<meta property=\"article:publisher\" content=\"https:\/\/www.facebook.com\/Segwayfun-111864518874580\/timeline\/?ref=ts\" \/>\n<meta property=\"article:modified_time\" content=\"2024-07-17T09:40:21+00:00\" \/>\n<meta property=\"og:image\" content=\"https:\/\/segcitytours.es\/wp-content\/uploads\/2023\/08\/logo-magenta.png\" \/>\n\t<meta property=\"og:image:width\" content=\"386\" \/>\n\t<meta property=\"og:image:height\" content=\"174\" \/>\n\t<meta property=\"og:image:type\" content=\"image\/png\" \/>\n<meta name=\"twitter:card\" content=\"summary_large_image\" \/>\n<meta name=\"twitter:site\" content=\"@_segwayfun\" \/>\n<meta name=\"twitter:label1\" content=\"Dur\u00e9e de lecture estim\u00e9e\" \/>\n\t<meta name=\"twitter:data1\" content=\"1 minute\" \/>\n<script type=\"application\/ld+json\" class=\"yoast-schema-graph\">{\"@context\":\"https:\/\/schema.org\",\"@graph\":[{\"@type\":\"WebPage\",\"@id\":\"https:\/\/segcitytours.es\/fr\/declaration-daccessibilite\/\",\"url\":\"https:\/\/segcitytours.es\/fr\/declaration-daccessibilite\/\",\"name\":\"D\u00e9claration d'accessibilit\u00e9 - Madrid Segway Tour Experience\",\"isPartOf\":{\"@id\":\"https:\/\/segcitytours.es\/fr\/#website\"},\"datePublished\":\"2023-08-12T11:21:06+00:00\",\"dateModified\":\"2024-07-17T09:40:21+00:00\",\"description\":\"Segway Parque del Retiro, Segway Madrid Tours; descubre la forma m\u00e1s divertida de conocer los lugares con encanto de Madrid. Vive una experiencia \u00fanica!\",\"breadcrumb\":{\"@id\":\"https:\/\/segcitytours.es\/fr\/declaration-daccessibilite\/#breadcrumb\"},\"inLanguage\":\"fr-FR\",\"potentialAction\":[{\"@type\":\"ReadAction\",\"target\":[\"https:\/\/segcitytours.es\/fr\/declaration-daccessibilite\/\"]}]},{\"@type\":\"BreadcrumbList\",\"@id\":\"https:\/\/segcitytours.es\/fr\/declaration-daccessibilite\/#breadcrumb\",\"itemListElement\":[{\"@type\":\"ListItem\",\"position\":1,\"name\":\"Portada\",\"item\":\"https:\/\/segcitytours.es\/fr\/accueil\/\"},{\"@type\":\"ListItem\",\"position\":2,\"name\":\"D\u00e9claration d&rsquo;accessibilit\u00e9\"}]},{\"@type\":\"WebSite\",\"@id\":\"https:\/\/segcitytours.es\/fr\/#website\",\"url\":\"https:\/\/segcitytours.es\/fr\/\",\"name\":\"Madrid Segway Tour Experience\",\"description\":\"Disfruta Madrid en Segway\",\"publisher\":{\"@id\":\"https:\/\/segcitytours.es\/fr\/#organization\"},\"alternateName\":\"Segcitytours - Segway tours\",\"potentialAction\":[{\"@type\":\"SearchAction\",\"target\":{\"@type\":\"EntryPoint\",\"urlTemplate\":\"https:\/\/segcitytours.es\/fr\/?s={search_term_string}\"},\"query-input\":{\"@type\":\"PropertyValueSpecification\",\"valueRequired\":true,\"valueName\":\"search_term_string\"}}],\"inLanguage\":\"fr-FR\"},{\"@type\":[\"Organization\",\"Place\",\"LocalBusiness\"],\"@id\":\"https:\/\/segcitytours.es\/fr\/#organization\",\"name\":\"Segcitytours\",\"alternateName\":\"Segway Tours\",\"url\":\"https:\/\/segcitytours.es\/fr\/\",\"logo\":{\"@id\":\"https:\/\/segcitytours.es\/fr\/declaration-daccessibilite\/#local-main-organization-logo\"},\"image\":{\"@id\":\"https:\/\/segcitytours.es\/fr\/declaration-daccessibilite\/#local-main-organization-logo\"},\"sameAs\":[\"https:\/\/www.facebook.com\/Segwayfun-111864518874580\/timeline\/?ref=ts\",\"https:\/\/x.com\/_segwayfun\"],\"address\":{\"@id\":\"https:\/\/segcitytours.es\/fr\/declaration-daccessibilite\/#local-main-place-address\"},\"geo\":{\"@type\":\"GeoCoordinates\",\"latitude\":\"40.413530233784094\",\"longitude\":\"-3.6983123748514117\"},\"telephone\":[\"+34629612216\"],\"openingHoursSpecification\":[{\"@type\":\"OpeningHoursSpecification\",\"dayOfWeek\":[\"Monday\",\"Tuesday\",\"Wednesday\",\"Thursday\",\"Friday\",\"Saturday\",\"Sunday\"],\"opens\":\"10:00\",\"closes\":\"20:00\"}],\"email\":\"info@segcitytours.es\",\"vatID\":\"B42196998\",\"taxID\":\"B42196998\"},{\"@type\":\"PostalAddress\",\"@id\":\"https:\/\/segcitytours.es\/fr\/declaration-daccessibilite\/#local-main-place-address\",\"streetAddress\":\"Calle de las Huertas, 39\",\"addressLocality\":\"Madrid\",\"postalCode\":\"28014\",\"addressRegion\":\"Madrid\",\"addressCountry\":\"ES\"},{\"@type\":\"ImageObject\",\"inLanguage\":\"fr-FR\",\"@id\":\"https:\/\/segcitytours.es\/fr\/declaration-daccessibilite\/#local-main-organization-logo\",\"url\":\"https:\/\/segcitytours.es\/wp-content\/uploads\/2020\/11\/Segcitytours-fondo-blanco-1000px.png\",\"contentUrl\":\"https:\/\/segcitytours.es\/wp-content\/uploads\/2020\/11\/Segcitytours-fondo-blanco-1000px.png\",\"width\":1000,\"height\":500,\"caption\":\"Segcitytours\"}]}<\/script>\n<meta name=\"geo.placename\" content=\"Madrid\" \/>\n<meta name=\"geo.position\" content=\"40.413530233784094;-3.6983123748514117\" \/>\n<meta name=\"geo.region\" content=\"Espagne\" \/>\n<!-- \/ Yoast SEO Premium plugin. -->","yoast_head_json":{"title":"D\u00e9claration d'accessibilit\u00e9 - Madrid Segway Tour Experience","description":"Segway Parque del Retiro, Segway Madrid Tours; descubre la forma m\u00e1s divertida de conocer los lugares con encanto de Madrid. Vive una experiencia \u00fanica!","robots":{"index":"noindex","follow":"follow"},"og_locale":"fr_FR","og_type":"article","og_title":"D\u00e9claration d'accessibilit\u00e9","og_description":"Segway Parque del Retiro, Segway Madrid Tours; descubre la forma m\u00e1s divertida de conocer los lugares con encanto de Madrid. Vive una experiencia \u00fanica!","og_url":"https:\/\/segcitytours.es\/fr\/declaration-daccessibilite\/","og_site_name":"Madrid Segway Tour Experience","article_publisher":"https:\/\/www.facebook.com\/Segwayfun-111864518874580\/timeline\/?ref=ts","article_modified_time":"2024-07-17T09:40:21+00:00","og_image":[{"width":386,"height":174,"url":"https:\/\/segcitytours.es\/wp-content\/uploads\/2023\/08\/logo-magenta.png","type":"image\/png"}],"twitter_card":"summary_large_image","twitter_site":"@_segwayfun","twitter_misc":{"Dur\u00e9e de lecture estim\u00e9e":"1 minute"},"schema":{"@context":"https:\/\/schema.org","@graph":[{"@type":"WebPage","@id":"https:\/\/segcitytours.es\/fr\/declaration-daccessibilite\/","url":"https:\/\/segcitytours.es\/fr\/declaration-daccessibilite\/","name":"D\u00e9claration d'accessibilit\u00e9 - Madrid Segway Tour Experience","isPartOf":{"@id":"https:\/\/segcitytours.es\/fr\/#website"},"datePublished":"2023-08-12T11:21:06+00:00","dateModified":"2024-07-17T09:40:21+00:00","description":"Segway Parque del Retiro, Segway Madrid Tours; descubre la forma m\u00e1s divertida de conocer los lugares con encanto de Madrid. Vive una experiencia \u00fanica!","breadcrumb":{"@id":"https:\/\/segcitytours.es\/fr\/declaration-daccessibilite\/#breadcrumb"},"inLanguage":"fr-FR","potentialAction":[{"@type":"ReadAction","target":["https:\/\/segcitytours.es\/fr\/declaration-daccessibilite\/"]}]},{"@type":"BreadcrumbList","@id":"https:\/\/segcitytours.es\/fr\/declaration-daccessibilite\/#breadcrumb","itemListElement":[{"@type":"ListItem","position":1,"name":"Portada","item":"https:\/\/segcitytours.es\/fr\/accueil\/"},{"@type":"ListItem","position":2,"name":"D\u00e9claration d&rsquo;accessibilit\u00e9"}]},{"@type":"WebSite","@id":"https:\/\/segcitytours.es\/fr\/#website","url":"https:\/\/segcitytours.es\/fr\/","name":"Madrid Segway Tour Experience","description":"Disfruta Madrid en Segway","publisher":{"@id":"https:\/\/segcitytours.es\/fr\/#organization"},"alternateName":"Segcitytours - Segway tours","potentialAction":[{"@type":"SearchAction","target":{"@type":"EntryPoint","urlTemplate":"https:\/\/segcitytours.es\/fr\/?s={search_term_string}"},"query-input":{"@type":"PropertyValueSpecification","valueRequired":true,"valueName":"search_term_string"}}],"inLanguage":"fr-FR"},{"@type":["Organization","Place","LocalBusiness"],"@id":"https:\/\/segcitytours.es\/fr\/#organization","name":"Segcitytours","alternateName":"Segway Tours","url":"https:\/\/segcitytours.es\/fr\/","logo":{"@id":"https:\/\/segcitytours.es\/fr\/declaration-daccessibilite\/#local-main-organization-logo"},"image":{"@id":"https:\/\/segcitytours.es\/fr\/declaration-daccessibilite\/#local-main-organization-logo"},"sameAs":["https:\/\/www.facebook.com\/Segwayfun-111864518874580\/timeline\/?ref=ts","https:\/\/x.com\/_segwayfun"],"address":{"@id":"https:\/\/segcitytours.es\/fr\/declaration-daccessibilite\/#local-main-place-address"},"geo":{"@type":"GeoCoordinates","latitude":"40.413530233784094","longitude":"-3.6983123748514117"},"telephone":["+34629612216"],"openingHoursSpecification":[{"@type":"OpeningHoursSpecification","dayOfWeek":["Monday","Tuesday","Wednesday","Thursday","Friday","Saturday","Sunday"],"opens":"10:00","closes":"20:00"}],"email":"info@segcitytours.es","vatID":"B42196998","taxID":"B42196998"},{"@type":"PostalAddress","@id":"https:\/\/segcitytours.es\/fr\/declaration-daccessibilite\/#local-main-place-address","streetAddress":"Calle de las Huertas, 39","addressLocality":"Madrid","postalCode":"28014","addressRegion":"Madrid","addressCountry":"ES"},{"@type":"ImageObject","inLanguage":"fr-FR","@id":"https:\/\/segcitytours.es\/fr\/declaration-daccessibilite\/#local-main-organization-logo","url":"https:\/\/segcitytours.es\/wp-content\/uploads\/2020\/11\/Segcitytours-fondo-blanco-1000px.png","contentUrl":"https:\/\/segcitytours.es\/wp-content\/uploads\/2020\/11\/Segcitytours-fondo-blanco-1000px.png","width":1000,"height":500,"caption":"Segcitytours"}]},"geo.placename":"Madrid","geo.position":{"lat":"40.413530233784094","long":"-3.6983123748514117"},"geo.region":"Espagne"},"_links":{"self":[{"href":"https:\/\/segcitytours.es\/fr\/wp-json\/wp\/v2\/pages\/8186","targetHints":{"allow":["GET"]}}],"collection":[{"href":"https:\/\/segcitytours.es\/fr\/wp-json\/wp\/v2\/pages"}],"about":[{"href":"https:\/\/segcitytours.es\/fr\/wp-json\/wp\/v2\/types\/page"}],"author":[{"embeddable":true,"href":"https:\/\/segcitytours.es\/fr\/wp-json\/wp\/v2\/users\/138"}],"replies":[{"embeddable":true,"href":"https:\/\/segcitytours.es\/fr\/wp-json\/wp\/v2\/comments?post=8186"}],"version-history":[{"count":0,"href":"https:\/\/segcitytours.es\/fr\/wp-json\/wp\/v2\/pages\/8186\/revisions"}],"wp:attachment":[{"href":"https:\/\/segcitytours.es\/fr\/wp-json\/wp\/v2\/media?parent=8186"}],"curies":[{"name":"wp","href":"https:\/\/api.w.org\/{rel}","templated":true}]}}