{"id":7311,"date":"2015-06-19T01:59:25","date_gmt":"2015-06-19T01:59:25","guid":{"rendered":"http:\/\/segcitytours.es.mialias.net\/tours\/full-segway-retiro-120-minutes\/"},"modified":"2023-08-12T13:21:29","modified_gmt":"2023-08-12T11:21:29","slug":"full-segway-retiro-120-minutes","status":"publish","type":"product","link":"https:\/\/segcitytours.es\/fr\/tours\/full-segway-retiro-120-minutes\/","title":{"rendered":"Retraite compl\u00e8te en Segway &#8211; 120 minutes"},"content":{"rendered":"<h1>Visite compl\u00e8te du parc du Retiro en Segway<\/h1>\n<h2><strong><span class=\"tlid-translation translation\" lang=\"fr\"><span class=\"\" title=\"\">Visite priv\u00e9e et exclusive en Segway, sans groupe<\/span><\/span><\/strong><\/h2>\n<h2>120 minutes d&rsquo;aventure en Segway !<\/h2>\n<p>Le segway est le moyen le plus simple et le plus agr\u00e9able de d\u00e9couvrir les lieux les plus embl\u00e9matiques que j&rsquo;admire au Parc Madrid.<\/p>\n<p>Segwayfun vous encourage \u00e0 faire cette visite sp\u00e9ciale de 2 heures dans le parc du Retiro.<br \/>\nFlotter dans des sites historiques comme le Parterre, \u00e0 c\u00f4t\u00e9 de l&rsquo;\u00e9tang aux perce-neige intactes, visiter la for\u00eat des souvenirs et continuer vers le Jardin de Madrid pour finir dans la zone connue sous le nom de Jardin du fran\u00e7ais et visiter la fantastique Noria qui correspondait au parc dans le pass\u00e9. Au cours de cette visite, nous verrons \u00e9galement la roseraie, le palais de cristal et nous nous approcherons du palais de Velazquez, b\u00e2timent de style n\u00e9o-historique qui a accueilli l&rsquo;exposition d&rsquo;exploitation miniature en 1883.<\/p>\n<p>De l&rsquo;autre c\u00f4t\u00e9 des voitures de tourisme se trouvent les magnifiques jardins de Herrero Palacios, avec les vestiges de ce qui s&rsquo;appelait autrefois la M\u00e9nagerie de Madrid. Dans cette partie du parc se trouvent les coins romantiques des \u00ab\u00a0Caprichos de Fernando VII\u00a0\u00bb, la Casita du contrebandier, la Casita del Pescador ou les endroits id\u00e9aux pour s&rsquo;asseoir \u00e0 l&rsquo;ombre et lire ou fl\u00e2ner. Ce monument, le plus grand de Madrid, borde le grand \u00e9tang Retiro, o\u00f9 l&rsquo;on peut se d\u00e9tendre et regarder le coucher du soleil depuis l&rsquo;un des petits bateaux pour terminer notre journ\u00e9e d&rsquo;excursion dans cet impressionnant parc.<\/p>\n<p>Un guide sp\u00e9cialis\u00e9 vous fera d\u00e9couvrir tous les secrets du Retiro.<\/p>\n<p>Segway Delight Cet espace merveilleux<\/p>\n<p>Venez essayer le segway, vous ne le regretterez pas !<\/p>\n<p><strong><span style=\"color: #ff0000;\"><span id=\"result_box\" class=\"\" lang=\"fr\"><span class=\"\" lang=\"fr\">\u00c2ge minimum : 10 ans.  <\/span><span lang=\"fr\" tabindex=\"0\">Poids maximum : 120 kg.<\/span><\/span><\/span><\/strong><\/p>\n<p><span style=\"color: #ff0000;\">Pour les r\u00e9servations pendant la journ\u00e9e, v\u00e9rifier la disponibilit\u00e9 au +34 629 61 22 16.<\/span><\/p>\n<p><span style=\"color: #ff0000;\">Il n&rsquo;est pas annul\u00e9 par une pluie faible.<\/span><\/p>\n<p><span class=\"\" style=\"color: #ff0000;\">Suppl\u00e9ment de 5 \u20ac pour les visites individuelles.<\/span><\/p>\n<p><strong><span class=\"tlid-translation translation\" lang=\"fr\"><span class=\"\" title=\"\">Groupes&gt; 16 utilisateurs consult\u00e9s.<\/span><\/span><\/strong><\/p>\n<p><strong>Autres circuits en Segway susceptibles de vous int\u00e9resser :<\/strong><\/p>\n<p><strong>Segway <a title=\"Segway Madrid\" href=\"http:\/\/segcitytours.es\/tours\/segway-segovia-lagranja\/\">La Granja<\/a> &#8211; <a title=\"Segway \u00e0 Casa de Campo\" href=\"http:\/\/segcitytours.es\/tours\/segwaycasadecampo\/\">Segway Off Road<\/a> &#8211; Segway <a title=\"Segway Madrid\" href=\"http:\/\/segcitytours.es\/tours\/segwayaustrias\/\">Madrid<\/a> &#8211; Segway <a title=\"Segway Madrid\" href=\"http:\/\/segcitytours.es\/tours\/segwayretiro\/\">Madrid Retiro <\/a>&#8211; Segway <a title=\"Segway Soria\" href=\"http:\/\/segcitytours.es\/tours\/segway-soria\/\">Soria (Vinuesa<\/a> ) &#8211; <a title=\"Segway Toledo\" href=\"http:\/\/segcitytours.es\/tours\/cigarral-segway\/\">Segway Enoturismo Toledo <\/a>&#8211; Segway <a title=\"Segway Toledo\" href=\"http:\/\/segcitytours.es\/tours\/segwayteambuilding\/\">groupes <\/a> &#8211; Segway <a title=\"Segway Toledo\" href=\"http:\/\/segcitytours.es\/tours\/\">tours<\/a> &#8211; <a title=\"Segway Toledo\" href=\"http:\/\/segcitytours.es\/eventos\/\">\u00c9v\u00e9nements<\/a> &#8211; <a title=\"Segway Toledo\" href=\"http:\/\/segcitytours.es\/es\/segway-empresas\/\">Segway pour entreprises<\/a> &#8211; Segway pour entreprises<\/strong><!--more--><\/p>\n","protected":false},"excerpt":{"rendered":"<p> [&hellip;]<\/p>\n","protected":false},"featured_media":7313,"comment_status":"closed","ping_status":"closed","template":"","meta":{"site-sidebar-layout":"default","site-content-layout":"","ast-site-content-layout":"default","site-content-style":"default","site-sidebar-style":"default","ast-global-header-display":"","ast-banner-title-visibility":"","ast-main-header-display":"","ast-hfb-above-header-display":"","ast-hfb-below-header-display":"","ast-hfb-mobile-header-display":"","site-post-title":"","ast-breadcrumbs-content":"","ast-featured-img":"","footer-sml-layout":"","ast-disable-related-posts":"","theme-transparent-header-meta":"default","adv-header-id-meta":"","stick-header-meta":"default","header-above-stick-meta":"","header-main-stick-meta":"","header-below-stick-meta":"","astra-migrate-meta-layouts":"default","ast-page-background-enabled":"default","ast-page-background-meta":{"desktop":{"background-color":"","background-image":"","background-repeat":"repeat","background-position":"center center","background-size":"auto","background-attachment":"scroll","background-type":"","background-media":"","overlay-type":"","overlay-color":"","overlay-opacity":"","overlay-gradient":""},"tablet":{"background-color":"","background-image":"","background-repeat":"repeat","background-position":"center center","background-size":"auto","background-attachment":"scroll","background-type":"","background-media":"","overlay-type":"","overlay-color":"","overlay-opacity":"","overlay-gradient":""},"mobile":{"background-color":"","background-image":"","background-repeat":"repeat","background-position":"center center","background-size":"auto","background-attachment":"scroll","background-type":"","background-media":"","overlay-type":"","overlay-color":"","overlay-opacity":"","overlay-gradient":""}},"ast-content-background-meta":{"desktop":{"background-color":"var(--ast-global-color-5)","background-image":"","background-repeat":"repeat","background-position":"center center","background-size":"auto","background-attachment":"scroll","background-type":"","background-media":"","overlay-type":"","overlay-color":"","overlay-opacity":"","overlay-gradient":""},"tablet":{"background-color":"var(--ast-global-color-5)","background-image":"","background-repeat":"repeat","background-position":"center center","background-size":"auto","background-attachment":"scroll","background-type":"","background-media":"","overlay-type":"","overlay-color":"","overlay-opacity":"","overlay-gradient":""},"mobile":{"background-color":"var(--ast-global-color-5)","background-image":"","background-repeat":"repeat","background-position":"center center","background-size":"auto","background-attachment":"scroll","background-type":"","background-media":"","overlay-type":"","overlay-color":"","overlay-opacity":"","overlay-gradient":""}}},"product_brand":[],"product_cat":[2032],"product_tag":[41,43,23,42],"class_list":{"0":"post-7311","1":"product","2":"type-product","3":"status-publish","4":"has-post-thumbnail","6":"product_cat-non-classifiee","7":"product_tag-madrid","8":"product_tag-madrid-segway-tour","9":"product_tag-segway","10":"product_tag-segway-sightseeing-tour","11":"desktop-align-center","12":"tablet-align-center","13":"mobile-align-center","14":"ast-product-gallery-layout-horizontal","15":"ast-product-gallery-with-no-image","16":"ast-product-tabs-layout-distributed","17":"ast-qv-on-image","19":"first","20":"instock","21":"featured","22":"virtual","23":"sold-individually","24":"purchasable","25":"product-type-booking"},"booking_location":"","booking_location_type":"","booking_duration":1,"booking_duration_unit":"hour","booking_buffer":0,"booking_cost":45,"booking_resources":[],"yoast_head":"<!-- This site is optimized with the Yoast SEO Premium plugin v27.4 (Yoast SEO v27.3) - https:\/\/yoast.com\/product\/yoast-seo-premium-wordpress\/ -->\n<title>[:es]Parc du Retiro Segway - Segwayfun 120 &#039;[:en]Parc du Retiro en Segway - Segwayfun 120 &#039;[:fr]Parc du Retiro Segway - Segwayfun 120 &#039;[ :]<\/title>\n<meta name=\"description\" content=\"{:es}Segway marche dans le parc o\u00f9 Alfonso XII se d\u00e9tendre, d\u00e9couvrir ses merveilleux endroits comme La Rosaleda, La statue du Diable, Le Crystal Palace{:en}Faites du Segway dans le parc o\u00f9 Alphonse XII se d\u00e9tendait, d\u00e9couvrez ses endroits merveilleux, comme la Rosaleda, la statue du Diable, le Palais de Cristal...{:fr}Segway marche dans le parc o\u00f9 Alfonso XII se d\u00e9tendre, d\u00e9couvrir ses merveilleux endroits comme La Rosaleda, La statue du Diable, Le Crystal Palace{:}\" \/>\n<meta name=\"robots\" content=\"index, follow, max-snippet:-1, max-image-preview:large, max-video-preview:-1\" \/>\n<link rel=\"canonical\" href=\"https:\/\/segcitytours.es\/fr\/tours\/full-segway-retiro-120-minutes\/\" \/>\n<meta property=\"og:locale\" content=\"fr_FR\" \/>\n<meta property=\"og:type\" content=\"article\" \/>\n<meta property=\"og:title\" content=\"[:es]Parc du Retiro Segway - Segwayfun 120 &#039;[:en]Parc du Retiro en Segway - Segwayfun 120 &#039;[:fr]Parc du Retiro Segway - Segwayfun 120 &#039;[ :]\" \/>\n<meta property=\"og:description\" content=\"{:es}Segway marche dans le parc o\u00f9 Alfonso XII se d\u00e9tendre, d\u00e9couvrir ses merveilleux endroits comme La Rosaleda, La statue du Diable, Le Crystal Palace{:en}Faites du Segway dans le parc o\u00f9 Alphonse XII se d\u00e9tendait, d\u00e9couvrez ses endroits merveilleux, comme la Rosaleda, la statue du Diable, le Palais de Cristal...{:fr}Segway marche dans le parc o\u00f9 Alfonso XII se d\u00e9tendre, d\u00e9couvrir ses merveilleux endroits comme La Rosaleda, La statue du Diable, Le Crystal Palace{:}\" \/>\n<meta property=\"og:url\" content=\"https:\/\/segcitytours.es\/fr\/tours\/full-segway-retiro-120-minutes\/\" \/>\n<meta property=\"og:site_name\" content=\"Madrid Segway Tour Experience\" \/>\n<meta property=\"article:publisher\" content=\"https:\/\/www.facebook.com\/Segwayfun-111864518874580\/timeline\/?ref=ts\" \/>\n<meta property=\"article:modified_time\" content=\"2023-08-12T11:21:29+00:00\" \/>\n<meta property=\"og:image\" content=\"https:\/\/segcitytours.es\/wp-content\/uploads\/2015\/06\/segwayfunmadrid-e1460288133176.jpg\" \/>\n\t<meta property=\"og:image:width\" content=\"1024\" \/>\n\t<meta property=\"og:image:height\" content=\"931\" \/>\n\t<meta property=\"og:image:type\" content=\"image\/jpeg\" \/>\n<meta name=\"twitter:card\" content=\"summary_large_image\" \/>\n<meta name=\"twitter:site\" content=\"@_segwayfun\" \/>\n<meta name=\"twitter:label1\" content=\"Prix\" \/>\n\t<meta name=\"twitter:data1\" content=\"45,00&nbsp;&euro;\" \/>\n\t<meta name=\"twitter:label2\" content=\"Disponibilit\u00e9\" \/>\n\t<meta name=\"twitter:data2\" content=\"En stock\" \/>\n<script type=\"application\/ld+json\" class=\"yoast-schema-graph\">{\"@context\":\"https:\\\/\\\/schema.org\",\"@graph\":[{\"@type\":\"WebPage\",\"@id\":\"https:\\\/\\\/segcitytours.es\\\/fr\\\/tours\\\/full-segway-retiro-120-minutes\\\/\",\"url\":\"https:\\\/\\\/segcitytours.es\\\/fr\\\/tours\\\/full-segway-retiro-120-minutes\\\/\",\"name\":\"[:es]Parc du Retiro Segway - Segwayfun 120 '[:en]Parc du Retiro en Segway - Segwayfun 120 '[:fr]Parc du Retiro Segway - Segwayfun 120 '[ :]\",\"isPartOf\":{\"@id\":\"https:\\\/\\\/segcitytours.es\\\/fr\\\/#website\"},\"primaryImageOfPage\":{\"@id\":\"https:\\\/\\\/segcitytours.es\\\/fr\\\/tours\\\/full-segway-retiro-120-minutes\\\/#primaryimage\"},\"image\":{\"@id\":\"https:\\\/\\\/segcitytours.es\\\/fr\\\/tours\\\/full-segway-retiro-120-minutes\\\/#primaryimage\"},\"thumbnailUrl\":\"https:\\\/\\\/segcitytours.es\\\/wp-content\\\/uploads\\\/2015\\\/06\\\/segwayfunmadrid-e1460288133176.jpg\",\"datePublished\":\"2015-06-19T01:59:25+00:00\",\"dateModified\":\"2023-08-12T11:21:29+00:00\",\"description\":\"{:es}Segway marche dans le parc o\u00f9 Alfonso XII se d\u00e9tendre, d\u00e9couvrir ses merveilleux endroits comme La Rosaleda, La statue du Diable, Le Crystal Palace{:en}Faites du Segway dans le parc o\u00f9 Alphonse XII se d\u00e9tendait, d\u00e9couvrez ses endroits merveilleux, comme la Rosaleda, la statue du Diable, le Palais de Cristal...{:fr}Segway marche dans le parc o\u00f9 Alfonso XII se d\u00e9tendre, d\u00e9couvrir ses merveilleux endroits comme La Rosaleda, La statue du Diable, Le Crystal Palace{:}\",\"breadcrumb\":{\"@id\":\"https:\\\/\\\/segcitytours.es\\\/fr\\\/tours\\\/full-segway-retiro-120-minutes\\\/#breadcrumb\"},\"inLanguage\":\"fr-FR\",\"potentialAction\":[{\"@type\":\"ReadAction\",\"target\":[\"https:\\\/\\\/segcitytours.es\\\/fr\\\/tours\\\/full-segway-retiro-120-minutes\\\/\"]}]},{\"@type\":\"ImageObject\",\"inLanguage\":\"fr-FR\",\"@id\":\"https:\\\/\\\/segcitytours.es\\\/fr\\\/tours\\\/full-segway-retiro-120-minutes\\\/#primaryimage\",\"url\":\"https:\\\/\\\/segcitytours.es\\\/wp-content\\\/uploads\\\/2015\\\/06\\\/segwayfunmadrid-e1460288133176.jpg\",\"contentUrl\":\"https:\\\/\\\/segcitytours.es\\\/wp-content\\\/uploads\\\/2015\\\/06\\\/segwayfunmadrid-e1460288133176.jpg\",\"width\":1024,\"height\":931,\"caption\":\"retraite compl\u00e8te en segway\"},{\"@type\":\"BreadcrumbList\",\"@id\":\"https:\\\/\\\/segcitytours.es\\\/fr\\\/tours\\\/full-segway-retiro-120-minutes\\\/#breadcrumb\",\"itemListElement\":[{\"@type\":\"ListItem\",\"position\":1,\"name\":\"Portada\",\"item\":\"https:\\\/\\\/segcitytours.es\\\/fr\\\/accueil\\\/\"},{\"@type\":\"ListItem\",\"position\":2,\"name\":\"Shop\",\"item\":\"https:\\\/\\\/segcitytours.es\\\/en\\\/shop\\\/\"},{\"@type\":\"ListItem\",\"position\":3,\"name\":\"Retraite compl\u00e8te en Segway &#8211; 120 minutes\"}]},{\"@type\":\"WebSite\",\"@id\":\"https:\\\/\\\/segcitytours.es\\\/fr\\\/#website\",\"url\":\"https:\\\/\\\/segcitytours.es\\\/fr\\\/\",\"name\":\"Madrid Segway Tour Experience\",\"description\":\"Disfruta Madrid en Segway\",\"publisher\":{\"@id\":\"https:\\\/\\\/segcitytours.es\\\/fr\\\/#organization\"},\"alternateName\":\"Segcitytours - Segway tours\",\"potentialAction\":[{\"@type\":\"SearchAction\",\"target\":{\"@type\":\"EntryPoint\",\"urlTemplate\":\"https:\\\/\\\/segcitytours.es\\\/fr\\\/?s={search_term_string}\"},\"query-input\":{\"@type\":\"PropertyValueSpecification\",\"valueRequired\":true,\"valueName\":\"search_term_string\"}}],\"inLanguage\":\"fr-FR\"},{\"@type\":[\"Organization\",\"Place\",\"LocalBusiness\"],\"@id\":\"https:\\\/\\\/segcitytours.es\\\/fr\\\/#organization\",\"name\":\"Segcitytours\",\"alternateName\":\"Segway Tours\",\"url\":\"https:\\\/\\\/segcitytours.es\\\/fr\\\/\",\"logo\":{\"@id\":\"https:\\\/\\\/segcitytours.es\\\/fr\\\/tours\\\/full-segway-retiro-120-minutes\\\/#local-main-organization-logo\"},\"image\":{\"@id\":\"https:\\\/\\\/segcitytours.es\\\/fr\\\/tours\\\/full-segway-retiro-120-minutes\\\/#local-main-organization-logo\"},\"sameAs\":[\"https:\\\/\\\/www.facebook.com\\\/Segwayfun-111864518874580\\\/timeline\\\/?ref=ts\",\"https:\\\/\\\/x.com\\\/_segwayfun\"],\"address\":{\"@id\":\"https:\\\/\\\/segcitytours.es\\\/fr\\\/tours\\\/full-segway-retiro-120-minutes\\\/#local-main-place-address\"},\"geo\":{\"@type\":\"GeoCoordinates\",\"latitude\":\"40.413530233784094\",\"longitude\":\"-3.6983123748514117\"},\"telephone\":[\"+34629612216\"],\"openingHoursSpecification\":[{\"@type\":\"OpeningHoursSpecification\",\"dayOfWeek\":[\"Monday\",\"Tuesday\",\"Wednesday\",\"Thursday\",\"Friday\",\"Saturday\",\"Sunday\"],\"opens\":\"10:00\",\"closes\":\"20:00\"}],\"email\":\"info@segcitytours.es\",\"vatID\":\"B42196998\",\"taxID\":\"B42196998\"},{\"@type\":\"PostalAddress\",\"@id\":\"https:\\\/\\\/segcitytours.es\\\/fr\\\/tours\\\/full-segway-retiro-120-minutes\\\/#local-main-place-address\",\"streetAddress\":\"Calle de las Huertas, 39\",\"addressLocality\":\"Madrid\",\"postalCode\":\"28014\",\"addressRegion\":\"Madrid\",\"addressCountry\":\"ES\"},{\"@type\":\"ImageObject\",\"inLanguage\":\"fr-FR\",\"@id\":\"https:\\\/\\\/segcitytours.es\\\/fr\\\/tours\\\/full-segway-retiro-120-minutes\\\/#local-main-organization-logo\",\"url\":\"https:\\\/\\\/segcitytours.es\\\/wp-content\\\/uploads\\\/2020\\\/11\\\/Segcitytours-fondo-blanco-1000px.png\",\"contentUrl\":\"https:\\\/\\\/segcitytours.es\\\/wp-content\\\/uploads\\\/2020\\\/11\\\/Segcitytours-fondo-blanco-1000px.png\",\"width\":1000,\"height\":500,\"caption\":\"Segcitytours\"}]}<\/script>\n<meta property=\"product:price:amount\" content=\"45.00\" \/>\n<meta property=\"product:price:currency\" content=\"EUR\" \/>\n<meta property=\"og:availability\" content=\"instock\" \/>\n<meta property=\"product:availability\" content=\"instock\" \/>\n<meta property=\"product:condition\" content=\"new\" \/>\n<meta name=\"geo.placename\" content=\"Madrid\" \/>\n<meta name=\"geo.position\" content=\"40.413530233784094;-3.6983123748514117\" \/>\n<meta name=\"geo.region\" content=\"Espagne\" \/>\n<!-- \/ Yoast SEO Premium plugin. -->","yoast_head_json":{"title":"[:es]Parc du Retiro Segway - Segwayfun 120 '[:en]Parc du Retiro en Segway - Segwayfun 120 '[:fr]Parc du Retiro Segway - Segwayfun 120 '[ :]","description":"{:es}Segway marche dans le parc o\u00f9 Alfonso XII se d\u00e9tendre, d\u00e9couvrir ses merveilleux endroits comme La Rosaleda, La statue du Diable, Le Crystal Palace{:en}Faites du Segway dans le parc o\u00f9 Alphonse XII se d\u00e9tendait, d\u00e9couvrez ses endroits merveilleux, comme la Rosaleda, la statue du Diable, le Palais de Cristal...{:fr}Segway marche dans le parc o\u00f9 Alfonso XII se d\u00e9tendre, d\u00e9couvrir ses merveilleux endroits comme La Rosaleda, La statue du Diable, Le Crystal Palace{:}","robots":{"index":"index","follow":"follow","max-snippet":"max-snippet:-1","max-image-preview":"max-image-preview:large","max-video-preview":"max-video-preview:-1"},"canonical":"https:\/\/segcitytours.es\/fr\/tours\/full-segway-retiro-120-minutes\/","og_locale":"fr_FR","og_type":"article","og_title":"[:es]Parc du Retiro Segway - Segwayfun 120 '[:en]Parc du Retiro en Segway - Segwayfun 120 '[:fr]Parc du Retiro Segway - Segwayfun 120 '[ :]","og_description":"{:es}Segway marche dans le parc o\u00f9 Alfonso XII se d\u00e9tendre, d\u00e9couvrir ses merveilleux endroits comme La Rosaleda, La statue du Diable, Le Crystal Palace{:en}Faites du Segway dans le parc o\u00f9 Alphonse XII se d\u00e9tendait, d\u00e9couvrez ses endroits merveilleux, comme la Rosaleda, la statue du Diable, le Palais de Cristal...{:fr}Segway marche dans le parc o\u00f9 Alfonso XII se d\u00e9tendre, d\u00e9couvrir ses merveilleux endroits comme La Rosaleda, La statue du Diable, Le Crystal Palace{:}","og_url":"https:\/\/segcitytours.es\/fr\/tours\/full-segway-retiro-120-minutes\/","og_site_name":"Madrid Segway Tour Experience","article_publisher":"https:\/\/www.facebook.com\/Segwayfun-111864518874580\/timeline\/?ref=ts","article_modified_time":"2023-08-12T11:21:29+00:00","og_image":[{"width":1024,"height":931,"url":"https:\/\/segcitytours.es\/wp-content\/uploads\/2015\/06\/segwayfunmadrid-e1460288133176.jpg","type":"image\/jpeg"}],"twitter_card":"summary_large_image","twitter_site":"@_segwayfun","twitter_misc":{"Prix":"45,00&nbsp;&euro;","Disponibilit\u00e9":"En stock"},"schema":{"@context":"https:\/\/schema.org","@graph":[{"@type":"WebPage","@id":"https:\/\/segcitytours.es\/fr\/tours\/full-segway-retiro-120-minutes\/","url":"https:\/\/segcitytours.es\/fr\/tours\/full-segway-retiro-120-minutes\/","name":"[:es]Parc du Retiro Segway - Segwayfun 120 '[:en]Parc du Retiro en Segway - Segwayfun 120 '[:fr]Parc du Retiro Segway - Segwayfun 120 '[ :]","isPartOf":{"@id":"https:\/\/segcitytours.es\/fr\/#website"},"primaryImageOfPage":{"@id":"https:\/\/segcitytours.es\/fr\/tours\/full-segway-retiro-120-minutes\/#primaryimage"},"image":{"@id":"https:\/\/segcitytours.es\/fr\/tours\/full-segway-retiro-120-minutes\/#primaryimage"},"thumbnailUrl":"https:\/\/segcitytours.es\/wp-content\/uploads\/2015\/06\/segwayfunmadrid-e1460288133176.jpg","datePublished":"2015-06-19T01:59:25+00:00","dateModified":"2023-08-12T11:21:29+00:00","description":"{:es}Segway marche dans le parc o\u00f9 Alfonso XII se d\u00e9tendre, d\u00e9couvrir ses merveilleux endroits comme La Rosaleda, La statue du Diable, Le Crystal Palace{:en}Faites du Segway dans le parc o\u00f9 Alphonse XII se d\u00e9tendait, d\u00e9couvrez ses endroits merveilleux, comme la Rosaleda, la statue du Diable, le Palais de Cristal...{:fr}Segway marche dans le parc o\u00f9 Alfonso XII se d\u00e9tendre, d\u00e9couvrir ses merveilleux endroits comme La Rosaleda, La statue du Diable, Le Crystal Palace{:}","breadcrumb":{"@id":"https:\/\/segcitytours.es\/fr\/tours\/full-segway-retiro-120-minutes\/#breadcrumb"},"inLanguage":"fr-FR","potentialAction":[{"@type":"ReadAction","target":["https:\/\/segcitytours.es\/fr\/tours\/full-segway-retiro-120-minutes\/"]}]},{"@type":"ImageObject","inLanguage":"fr-FR","@id":"https:\/\/segcitytours.es\/fr\/tours\/full-segway-retiro-120-minutes\/#primaryimage","url":"https:\/\/segcitytours.es\/wp-content\/uploads\/2015\/06\/segwayfunmadrid-e1460288133176.jpg","contentUrl":"https:\/\/segcitytours.es\/wp-content\/uploads\/2015\/06\/segwayfunmadrid-e1460288133176.jpg","width":1024,"height":931,"caption":"retraite compl\u00e8te en segway"},{"@type":"BreadcrumbList","@id":"https:\/\/segcitytours.es\/fr\/tours\/full-segway-retiro-120-minutes\/#breadcrumb","itemListElement":[{"@type":"ListItem","position":1,"name":"Portada","item":"https:\/\/segcitytours.es\/fr\/accueil\/"},{"@type":"ListItem","position":2,"name":"Shop","item":"https:\/\/segcitytours.es\/en\/shop\/"},{"@type":"ListItem","position":3,"name":"Retraite compl\u00e8te en Segway &#8211; 120 minutes"}]},{"@type":"WebSite","@id":"https:\/\/segcitytours.es\/fr\/#website","url":"https:\/\/segcitytours.es\/fr\/","name":"Madrid Segway Tour Experience","description":"Disfruta Madrid en Segway","publisher":{"@id":"https:\/\/segcitytours.es\/fr\/#organization"},"alternateName":"Segcitytours - Segway tours","potentialAction":[{"@type":"SearchAction","target":{"@type":"EntryPoint","urlTemplate":"https:\/\/segcitytours.es\/fr\/?s={search_term_string}"},"query-input":{"@type":"PropertyValueSpecification","valueRequired":true,"valueName":"search_term_string"}}],"inLanguage":"fr-FR"},{"@type":["Organization","Place","LocalBusiness"],"@id":"https:\/\/segcitytours.es\/fr\/#organization","name":"Segcitytours","alternateName":"Segway Tours","url":"https:\/\/segcitytours.es\/fr\/","logo":{"@id":"https:\/\/segcitytours.es\/fr\/tours\/full-segway-retiro-120-minutes\/#local-main-organization-logo"},"image":{"@id":"https:\/\/segcitytours.es\/fr\/tours\/full-segway-retiro-120-minutes\/#local-main-organization-logo"},"sameAs":["https:\/\/www.facebook.com\/Segwayfun-111864518874580\/timeline\/?ref=ts","https:\/\/x.com\/_segwayfun"],"address":{"@id":"https:\/\/segcitytours.es\/fr\/tours\/full-segway-retiro-120-minutes\/#local-main-place-address"},"geo":{"@type":"GeoCoordinates","latitude":"40.413530233784094","longitude":"-3.6983123748514117"},"telephone":["+34629612216"],"openingHoursSpecification":[{"@type":"OpeningHoursSpecification","dayOfWeek":["Monday","Tuesday","Wednesday","Thursday","Friday","Saturday","Sunday"],"opens":"10:00","closes":"20:00"}],"email":"info@segcitytours.es","vatID":"B42196998","taxID":"B42196998"},{"@type":"PostalAddress","@id":"https:\/\/segcitytours.es\/fr\/tours\/full-segway-retiro-120-minutes\/#local-main-place-address","streetAddress":"Calle de las Huertas, 39","addressLocality":"Madrid","postalCode":"28014","addressRegion":"Madrid","addressCountry":"ES"},{"@type":"ImageObject","inLanguage":"fr-FR","@id":"https:\/\/segcitytours.es\/fr\/tours\/full-segway-retiro-120-minutes\/#local-main-organization-logo","url":"https:\/\/segcitytours.es\/wp-content\/uploads\/2020\/11\/Segcitytours-fondo-blanco-1000px.png","contentUrl":"https:\/\/segcitytours.es\/wp-content\/uploads\/2020\/11\/Segcitytours-fondo-blanco-1000px.png","width":1000,"height":500,"caption":"Segcitytours"}]},"product_price_amount":"45.00","product_price_currency":"EUR","og_availability":"instock","product_availability":"instock","product_condition":"new","geo.placename":"Madrid","geo.position":{"lat":"40.413530233784094","long":"-3.6983123748514117"},"geo.region":"Espagne"},"_links":{"self":[{"href":"https:\/\/segcitytours.es\/fr\/wp-json\/wp\/v2\/product\/7311","targetHints":{"allow":["GET"]}}],"collection":[{"href":"https:\/\/segcitytours.es\/fr\/wp-json\/wp\/v2\/product"}],"about":[{"href":"https:\/\/segcitytours.es\/fr\/wp-json\/wp\/v2\/types\/product"}],"replies":[{"embeddable":true,"href":"https:\/\/segcitytours.es\/fr\/wp-json\/wp\/v2\/comments?post=7311"}],"version-history":[{"count":0,"href":"https:\/\/segcitytours.es\/fr\/wp-json\/wp\/v2\/product\/7311\/revisions"}],"wp:featuredmedia":[{"embeddable":true,"href":"https:\/\/segcitytours.es\/fr\/wp-json\/wp\/v2\/media\/7313"}],"wp:attachment":[{"href":"https:\/\/segcitytours.es\/fr\/wp-json\/wp\/v2\/media?parent=7311"}],"wp:term":[{"taxonomy":"product_brand","embeddable":true,"href":"https:\/\/segcitytours.es\/fr\/wp-json\/wp\/v2\/product_brand?post=7311"},{"taxonomy":"product_cat","embeddable":true,"href":"https:\/\/segcitytours.es\/fr\/wp-json\/wp\/v2\/product_cat?post=7311"},{"taxonomy":"product_tag","embeddable":true,"href":"https:\/\/segcitytours.es\/fr\/wp-json\/wp\/v2\/product_tag?post=7311"}],"curies":[{"name":"wp","href":"https:\/\/api.w.org\/{rel}","templated":true}]}}