{"id":7346,"date":"2015-06-19T02:15:42","date_gmt":"2015-06-19T02:15:42","guid":{"rendered":"http:\/\/segcitytours.es.mialias.net\/tours\/segway-a-votre-guise-laisse-toi-voir-3-hrs-visite-privee\/"},"modified":"2024-03-06T09:13:23","modified_gmt":"2024-03-06T08:13:23","slug":"segway-a-votre-guise-laisse-toi-voir-3-hrs-visite-privee","status":"publish","type":"product","link":"https:\/\/segcitytours.es\/fr\/tours\/segway-a-votre-guise-laisse-toi-voir-3-hrs-visite-privee\/","title":{"rendered":"Le Segway \u00e0 votre rythme Laissez-vous voir ! 3 heures . VISITE PRIV\u00c9E"},"content":{"rendered":"<h6><span style=\"color: #ff0000;\">Minimum 2 utilisateurs. Suppl\u00e9ment de 10\u20ac pour une visite d&rsquo;un utilisateur<\/span><\/h6>\n<h1>Segway Madrid \u00e0 votre rythme<\/h1>\n<h1><a href=\"https:\/\/youtu.be\/xX3PJR_UXtU\"><img decoding=\"async\" class=\"alignnone wp-image-6848\" src=\"http:\/\/segcitytours.es\/wp-content\/uploads\/2021\/06\/YouTube-logo.png\" alt=\"\" width=\"82\" height=\"54\"><\/a><\/h1>\n<h2>Segway \u00e0 votre rythme, visite priv\u00e9e et exclusive, pas de groupes<\/h2>\n<h2>Roulez comme vous l&rsquo;entendez sur un Segway !<\/h2>\n<p><!-- FareHarbor calendar of item #214897 --><br \/>\n<script src=\"https:\/\/fareharbor.com\/embeds\/script\/calendar-small\/segwayfunmadrid\/items\/214897\/?fallback=simple&amp;full-items=yes&amp;flow=358265\"><\/script><\/p>\n<p><strong>Segway a tu aire <\/strong>est une fa\u00e7on joyeuse et amusante de profiter de la ville pendant 3 heures, nous vous proposons de profiter de la conception de <strong>segway<\/strong> dans tout Madrid.<\/p>\n<p>Nous proposons un circuit pour visiter l&rsquo;ensemble de Madrid avec un guide expert qui vous parlera de tous les points les plus importants du parc du Retiro, du Pasaje de la Luz, du jardin vertical du Caixa Forum, du Paseo del Prado et du mus\u00e9e du Prado, etc.<\/p>\n<p>Du parc du Retiro au temple de Debod, une visite compl\u00e8te des sites les plus int\u00e9ressants de Madrid.<\/p>\n<p>Ou choisissez votre itin\u00e9raire parmi les itin\u00e9raires autoris\u00e9s.<\/p>\n<p>R\u00e9unissez vos amis et passez une journ\u00e9e fantastique sur un <strong>Segway, \u00e0 votre rythme<\/strong>.<\/p>\n<p>Laissez-vous voir !<\/p>\n<p>Vous serez accompagn\u00e9 d&rsquo;un moniteur.<\/p>\n<p>Venez et profitez !<\/p>\n<p><span style=\"color: #ff0000;\"><strong>\u00c2ge minimum : 10 ans. Poids minimum et maximum : 30-120 Kg.<\/strong><\/span><\/p>\n<p><span style=\"color: #ff0000;\">Pas d&rsquo;annulation en cas de pluie.<\/span><\/p>\n<p><span style=\"color: #ff0000;\">Suppl\u00e9ment de 5\u20ac pour les visites individuelles.<\/span><\/p>\n<p><span style=\"color: #ff0000;\"><strong>Point de d\u00e9part et d&rsquo;arriv\u00e9e : Calle Huertas, 39<\/strong><\/span><\/p>\n<p><strong>Groupes &gt;16 utilisateurs, veuillez consulter.<\/strong><\/p>\n<h3>Autres circuits Segway susceptibles de vous int\u00e9resser :<\/h3>\n<p><strong><a title=\"Segway Madrid\" href=\"http:\/\/segcitytours.es\/tours\/segway-segovia-lagranja\/\">Segway La Granja<\/a> &#8211; <a title=\"Segway \u00e0 Casa de Campo\" href=\"http:\/\/segcitytours.es\/tours\/segwaycasadecampo\/\">Segway Off Road<\/a> &#8211; Segway <a title=\"Segway Madrid\" href=\"http:\/\/segcitytours.es\/tours\/segwayaustrias\/\">Madrid<\/a> &#8211; Segway <a title=\"Segway Madrid\" href=\"http:\/\/segcitytours.es\/tours\/segwayretiro\/\">Madrid Retiro <\/a>&#8211; Segway <a title=\"Segway Soria\" href=\"http:\/\/segcitytours.es\/tours\/segway-soria\/\">Soria (Vinuesa<\/a> ) &#8211; Segway <a title=\"Segway Toledo\" href=\"http:\/\/segcitytours.es\/tours\/cigarral-segway\/\">Enoturismo Toledo &#8211; Segway Enoturismo Toledo <\/a>&#8211; Segway <a title=\"Segway Toledo\" href=\"http:\/\/segcitytours.es\/tours\/segwayteambuilding\/\">groupes <\/a> &#8211; Segway <a title=\"Segway Toledo\" href=\"http:\/\/segcitytours.es\/tours\/\">tours<\/a> &#8211; <a title=\"Segway Toledo\" href=\"http:\/\/segcitytours.es\/eventos\/\">\u00c9v\u00e9nements<\/a> <\/strong><strong>&#8211; <a title=\"Segway Toledo\" href=\"http:\/\/segcitytours.es\/segway-empresas\/\">Segway pour entreprises<\/a><\/strong><\/p>\n<style>\n.cart {display: none !important;}<br \/><\/style>\n<p><!--more--><\/p>\n","protected":false},"excerpt":{"rendered":"<p>Le <strong>segway madrid \u00e0 votre rythme <\/strong>est une fa\u00e7on amusante et joyeuse de profiter de la ville. Pendant 3 heures, nous vous proposons de profiter de la conception du <strong>segway<\/strong> dans tout Madrid.<\/p>\n<p>Nous proposons un circuit pour visiter l&rsquo;ensemble de Madrid avec un guide expert qui vous parlera de tous les points les plus importants du parc du Retiro, du Pasaje de la Luz, du jardin vertical du Caixa Forum, du Paseo del Prado et du mus\u00e9e du Prado, etc.<\/p>\n<p>Ou choisissez votre itin\u00e9raire parmi les itin\u00e9raires autoris\u00e9s.<\/p>\n","protected":false},"featured_media":7292,"comment_status":"closed","ping_status":"closed","template":"","meta":{"site-sidebar-layout":"default","site-content-layout":"","ast-site-content-layout":"default","site-content-style":"default","site-sidebar-style":"default","ast-global-header-display":"","ast-banner-title-visibility":"","ast-main-header-display":"","ast-hfb-above-header-display":"","ast-hfb-below-header-display":"","ast-hfb-mobile-header-display":"","site-post-title":"","ast-breadcrumbs-content":"","ast-featured-img":"","footer-sml-layout":"","ast-disable-related-posts":"","theme-transparent-header-meta":"default","adv-header-id-meta":"","stick-header-meta":"default","header-above-stick-meta":"","header-main-stick-meta":"","header-below-stick-meta":"","astra-migrate-meta-layouts":"default","ast-page-background-enabled":"default","ast-page-background-meta":{"desktop":{"background-color":"","background-image":"","background-repeat":"repeat","background-position":"center center","background-size":"auto","background-attachment":"scroll","background-type":"","background-media":"","overlay-type":"","overlay-color":"","overlay-opacity":"","overlay-gradient":""},"tablet":{"background-color":"","background-image":"","background-repeat":"repeat","background-position":"center center","background-size":"auto","background-attachment":"scroll","background-type":"","background-media":"","overlay-type":"","overlay-color":"","overlay-opacity":"","overlay-gradient":""},"mobile":{"background-color":"","background-image":"","background-repeat":"repeat","background-position":"center center","background-size":"auto","background-attachment":"scroll","background-type":"","background-media":"","overlay-type":"","overlay-color":"","overlay-opacity":"","overlay-gradient":""}},"ast-content-background-meta":{"desktop":{"background-color":"var(--ast-global-color-5)","background-image":"","background-repeat":"repeat","background-position":"center center","background-size":"auto","background-attachment":"scroll","background-type":"","background-media":"","overlay-type":"","overlay-color":"","overlay-opacity":"","overlay-gradient":""},"tablet":{"background-color":"var(--ast-global-color-5)","background-image":"","background-repeat":"repeat","background-position":"center center","background-size":"auto","background-attachment":"scroll","background-type":"","background-media":"","overlay-type":"","overlay-color":"","overlay-opacity":"","overlay-gradient":""},"mobile":{"background-color":"var(--ast-global-color-5)","background-image":"","background-repeat":"repeat","background-position":"center center","background-size":"auto","background-attachment":"scroll","background-type":"","background-media":"","overlay-type":"","overlay-color":"","overlay-opacity":"","overlay-gradient":""}}},"product_brand":[],"product_cat":[2034],"product_tag":[43,38,39],"class_list":{"0":"post-7346","1":"product","2":"type-product","3":"status-publish","4":"has-post-thumbnail","6":"product_cat-segway-madrid-tours-fr","7":"product_tag-madrid-segway-tour","8":"product_tag-segway-madrid","9":"product_tag-sightseeing-segway-tour","10":"desktop-align-center","11":"tablet-align-center","12":"mobile-align-center","13":"ast-product-gallery-layout-horizontal","14":"ast-product-gallery-with-no-image","15":"ast-product-tabs-layout-distributed","16":"ast-qv-on-image","18":"first","19":"instock","20":"featured","21":"virtual","22":"sold-individually","23":"purchasable","24":"product-type-booking"},"booking_location":"","booking_location_type":"","booking_duration":1,"booking_duration_unit":"hour","booking_buffer":0,"booking_cost":90,"booking_resources":[],"yoast_head":"<!-- This site is optimized with the Yoast SEO Premium plugin v27.1 (Yoast SEO v27.1.1) - https:\/\/yoast.com\/product\/yoast-seo-premium-wordpress\/ -->\n<title>Segway \u00e0 votre rythme<\/title>\n<meta name=\"description\" content=\"Segway a tu aire, visites personnalis\u00e9es, profitez au maximum de Madrid, avec des arr\u00eats pour des tapas et de la gastronomie. Faites votre plan avec segway !\" \/>\n<meta name=\"robots\" content=\"index, follow, max-snippet:-1, max-image-preview:large, max-video-preview:-1\" \/>\n<link rel=\"canonical\" href=\"https:\/\/segcitytours.es\/fr\/tours\/segway-a-votre-guise-laisse-toi-voir-3-hrs-visite-privee\/\" \/>\n<meta property=\"og:locale\" content=\"fr_FR\" \/>\n<meta property=\"og:type\" content=\"article\" \/>\n<meta property=\"og:title\" content=\"Le Segway \u00e0 votre rythme Laissez-vous voir ! 3 heures . VISITE PRIV\u00c9E\" \/>\n<meta property=\"og:description\" content=\"Segway a tu aire, visites personnalis\u00e9es, profitez au maximum de Madrid, avec des arr\u00eats pour des tapas et de la gastronomie. Faites votre plan avec segway !\" \/>\n<meta property=\"og:url\" content=\"https:\/\/segcitytours.es\/fr\/tours\/segway-a-votre-guise-laisse-toi-voir-3-hrs-visite-privee\/\" \/>\n<meta property=\"og:site_name\" content=\"Madrid Segway Tour Experience\" \/>\n<meta property=\"article:publisher\" content=\"https:\/\/www.facebook.com\/Segwayfun-111864518874580\/timeline\/?ref=ts\" \/>\n<meta property=\"article:modified_time\" content=\"2024-03-06T08:13:23+00:00\" \/>\n<meta property=\"og:image\" content=\"https:\/\/segcitytours.es\/wp-content\/uploads\/2015\/06\/segwayfun_cibeles.png\" \/>\n\t<meta property=\"og:image:width\" content=\"800\" \/>\n\t<meta property=\"og:image:height\" content=\"450\" \/>\n\t<meta property=\"og:image:type\" content=\"image\/png\" \/>\n<meta name=\"twitter:card\" content=\"summary_large_image\" \/>\n<meta name=\"twitter:site\" content=\"@_segwayfun\" \/>\n<meta name=\"twitter:label1\" content=\"Prix\" \/>\n\t<meta name=\"twitter:data1\" content=\"90,00&nbsp;&euro;\" \/>\n\t<meta name=\"twitter:label2\" content=\"Disponibilit\u00e9\" \/>\n\t<meta name=\"twitter:data2\" content=\"En stock\" \/>\n<script type=\"application\/ld+json\" class=\"yoast-schema-graph\">{\"@context\":\"https:\/\/schema.org\",\"@graph\":[{\"@type\":\"WebPage\",\"@id\":\"https:\/\/segcitytours.es\/fr\/tours\/segway-a-votre-guise-laisse-toi-voir-3-hrs-visite-privee\/\",\"url\":\"https:\/\/segcitytours.es\/fr\/tours\/segway-a-votre-guise-laisse-toi-voir-3-hrs-visite-privee\/\",\"name\":\"Segway \u00e0 votre rythme\",\"isPartOf\":{\"@id\":\"https:\/\/segcitytours.es\/fr\/#website\"},\"primaryImageOfPage\":{\"@id\":\"https:\/\/segcitytours.es\/fr\/tours\/segway-a-votre-guise-laisse-toi-voir-3-hrs-visite-privee\/#primaryimage\"},\"image\":{\"@id\":\"https:\/\/segcitytours.es\/fr\/tours\/segway-a-votre-guise-laisse-toi-voir-3-hrs-visite-privee\/#primaryimage\"},\"thumbnailUrl\":\"https:\/\/segcitytours.es\/wp-content\/uploads\/2015\/06\/segwayfun_cibeles.png\",\"datePublished\":\"2015-06-19T02:15:42+00:00\",\"dateModified\":\"2024-03-06T08:13:23+00:00\",\"description\":\"Segway a tu aire, visites personnalis\u00e9es, profitez au maximum de Madrid, avec des arr\u00eats pour des tapas et de la gastronomie. Faites votre plan avec segway !\",\"breadcrumb\":{\"@id\":\"https:\/\/segcitytours.es\/fr\/tours\/segway-a-votre-guise-laisse-toi-voir-3-hrs-visite-privee\/#breadcrumb\"},\"inLanguage\":\"fr-FR\",\"potentialAction\":[{\"@type\":\"ReadAction\",\"target\":[\"https:\/\/segcitytours.es\/fr\/tours\/segway-a-votre-guise-laisse-toi-voir-3-hrs-visite-privee\/\"]}]},{\"@type\":\"ImageObject\",\"inLanguage\":\"fr-FR\",\"@id\":\"https:\/\/segcitytours.es\/fr\/tours\/segway-a-votre-guise-laisse-toi-voir-3-hrs-visite-privee\/#primaryimage\",\"url\":\"https:\/\/segcitytours.es\/wp-content\/uploads\/2015\/06\/segwayfun_cibeles.png\",\"contentUrl\":\"https:\/\/segcitytours.es\/wp-content\/uploads\/2015\/06\/segwayfun_cibeles.png\",\"width\":800,\"height\":450},{\"@type\":\"BreadcrumbList\",\"@id\":\"https:\/\/segcitytours.es\/fr\/tours\/segway-a-votre-guise-laisse-toi-voir-3-hrs-visite-privee\/#breadcrumb\",\"itemListElement\":[{\"@type\":\"ListItem\",\"position\":1,\"name\":\"Portada\",\"item\":\"https:\/\/segcitytours.es\/fr\/accueil\/\"},{\"@type\":\"ListItem\",\"position\":2,\"name\":\"Shop\",\"item\":\"https:\/\/segcitytours.es\/en\/shop\/\"},{\"@type\":\"ListItem\",\"position\":3,\"name\":\"Le Segway \u00e0 votre rythme Laissez-vous voir ! 3 heures . VISITE PRIV\u00c9E\"}]},{\"@type\":\"WebSite\",\"@id\":\"https:\/\/segcitytours.es\/fr\/#website\",\"url\":\"https:\/\/segcitytours.es\/fr\/\",\"name\":\"Madrid Segway Tour Experience\",\"description\":\"Disfruta Madrid en Segway\",\"publisher\":{\"@id\":\"https:\/\/segcitytours.es\/fr\/#organization\"},\"alternateName\":\"Segcitytours - Segway tours\",\"potentialAction\":[{\"@type\":\"SearchAction\",\"target\":{\"@type\":\"EntryPoint\",\"urlTemplate\":\"https:\/\/segcitytours.es\/fr\/?s={search_term_string}\"},\"query-input\":{\"@type\":\"PropertyValueSpecification\",\"valueRequired\":true,\"valueName\":\"search_term_string\"}}],\"inLanguage\":\"fr-FR\"},{\"@type\":[\"Organization\",\"Place\",\"LocalBusiness\"],\"@id\":\"https:\/\/segcitytours.es\/fr\/#organization\",\"name\":\"Segcitytours\",\"alternateName\":\"Segway Tours\",\"url\":\"https:\/\/segcitytours.es\/fr\/\",\"logo\":{\"@id\":\"https:\/\/segcitytours.es\/fr\/tours\/segway-a-votre-guise-laisse-toi-voir-3-hrs-visite-privee\/#local-main-organization-logo\"},\"image\":{\"@id\":\"https:\/\/segcitytours.es\/fr\/tours\/segway-a-votre-guise-laisse-toi-voir-3-hrs-visite-privee\/#local-main-organization-logo\"},\"sameAs\":[\"https:\/\/www.facebook.com\/Segwayfun-111864518874580\/timeline\/?ref=ts\",\"https:\/\/x.com\/_segwayfun\"],\"address\":{\"@id\":\"https:\/\/segcitytours.es\/fr\/tours\/segway-a-votre-guise-laisse-toi-voir-3-hrs-visite-privee\/#local-main-place-address\"},\"geo\":{\"@type\":\"GeoCoordinates\",\"latitude\":\"40.413530233784094\",\"longitude\":\"-3.6983123748514117\"},\"telephone\":[\"+34629612216\"],\"openingHoursSpecification\":[{\"@type\":\"OpeningHoursSpecification\",\"dayOfWeek\":[\"Monday\",\"Tuesday\",\"Wednesday\",\"Thursday\",\"Friday\",\"Saturday\",\"Sunday\"],\"opens\":\"10:00\",\"closes\":\"20:00\"}],\"email\":\"info@segcitytours.es\",\"vatID\":\"B42196998\",\"taxID\":\"B42196998\"},{\"@type\":\"PostalAddress\",\"@id\":\"https:\/\/segcitytours.es\/fr\/tours\/segway-a-votre-guise-laisse-toi-voir-3-hrs-visite-privee\/#local-main-place-address\",\"streetAddress\":\"Calle de las Huertas, 39\",\"addressLocality\":\"Madrid\",\"postalCode\":\"28014\",\"addressRegion\":\"Madrid\",\"addressCountry\":\"ES\"},{\"@type\":\"ImageObject\",\"inLanguage\":\"fr-FR\",\"@id\":\"https:\/\/segcitytours.es\/fr\/tours\/segway-a-votre-guise-laisse-toi-voir-3-hrs-visite-privee\/#local-main-organization-logo\",\"url\":\"https:\/\/segcitytours.es\/wp-content\/uploads\/2020\/11\/Segcitytours-fondo-blanco-1000px.png\",\"contentUrl\":\"https:\/\/segcitytours.es\/wp-content\/uploads\/2020\/11\/Segcitytours-fondo-blanco-1000px.png\",\"width\":1000,\"height\":500,\"caption\":\"Segcitytours\"}]}<\/script>\n<meta property=\"product:price:amount\" content=\"90.00\" \/>\n<meta property=\"product:price:currency\" content=\"EUR\" \/>\n<meta property=\"og:availability\" content=\"instock\" \/>\n<meta property=\"product:availability\" content=\"instock\" \/>\n<meta property=\"product:condition\" content=\"new\" \/>\n<meta name=\"geo.placename\" content=\"Madrid\" \/>\n<meta name=\"geo.position\" content=\"40.413530233784094;-3.6983123748514117\" \/>\n<meta name=\"geo.region\" content=\"Espagne\" \/>\n<!-- \/ Yoast SEO Premium plugin. -->","yoast_head_json":{"title":"Segway \u00e0 votre rythme","description":"Segway a tu aire, visites personnalis\u00e9es, profitez au maximum de Madrid, avec des arr\u00eats pour des tapas et de la gastronomie. Faites votre plan avec segway !","robots":{"index":"index","follow":"follow","max-snippet":"max-snippet:-1","max-image-preview":"max-image-preview:large","max-video-preview":"max-video-preview:-1"},"canonical":"https:\/\/segcitytours.es\/fr\/tours\/segway-a-votre-guise-laisse-toi-voir-3-hrs-visite-privee\/","og_locale":"fr_FR","og_type":"article","og_title":"Le Segway \u00e0 votre rythme Laissez-vous voir ! 3 heures . VISITE PRIV\u00c9E","og_description":"Segway a tu aire, visites personnalis\u00e9es, profitez au maximum de Madrid, avec des arr\u00eats pour des tapas et de la gastronomie. Faites votre plan avec segway !","og_url":"https:\/\/segcitytours.es\/fr\/tours\/segway-a-votre-guise-laisse-toi-voir-3-hrs-visite-privee\/","og_site_name":"Madrid Segway Tour Experience","article_publisher":"https:\/\/www.facebook.com\/Segwayfun-111864518874580\/timeline\/?ref=ts","article_modified_time":"2024-03-06T08:13:23+00:00","og_image":[{"width":800,"height":450,"url":"https:\/\/segcitytours.es\/wp-content\/uploads\/2015\/06\/segwayfun_cibeles.png","type":"image\/png"}],"twitter_card":"summary_large_image","twitter_site":"@_segwayfun","twitter_misc":{"Prix":"90,00&nbsp;&euro;","Disponibilit\u00e9":"En stock"},"schema":{"@context":"https:\/\/schema.org","@graph":[{"@type":"WebPage","@id":"https:\/\/segcitytours.es\/fr\/tours\/segway-a-votre-guise-laisse-toi-voir-3-hrs-visite-privee\/","url":"https:\/\/segcitytours.es\/fr\/tours\/segway-a-votre-guise-laisse-toi-voir-3-hrs-visite-privee\/","name":"Segway \u00e0 votre rythme","isPartOf":{"@id":"https:\/\/segcitytours.es\/fr\/#website"},"primaryImageOfPage":{"@id":"https:\/\/segcitytours.es\/fr\/tours\/segway-a-votre-guise-laisse-toi-voir-3-hrs-visite-privee\/#primaryimage"},"image":{"@id":"https:\/\/segcitytours.es\/fr\/tours\/segway-a-votre-guise-laisse-toi-voir-3-hrs-visite-privee\/#primaryimage"},"thumbnailUrl":"https:\/\/segcitytours.es\/wp-content\/uploads\/2015\/06\/segwayfun_cibeles.png","datePublished":"2015-06-19T02:15:42+00:00","dateModified":"2024-03-06T08:13:23+00:00","description":"Segway a tu aire, visites personnalis\u00e9es, profitez au maximum de Madrid, avec des arr\u00eats pour des tapas et de la gastronomie. Faites votre plan avec segway !","breadcrumb":{"@id":"https:\/\/segcitytours.es\/fr\/tours\/segway-a-votre-guise-laisse-toi-voir-3-hrs-visite-privee\/#breadcrumb"},"inLanguage":"fr-FR","potentialAction":[{"@type":"ReadAction","target":["https:\/\/segcitytours.es\/fr\/tours\/segway-a-votre-guise-laisse-toi-voir-3-hrs-visite-privee\/"]}]},{"@type":"ImageObject","inLanguage":"fr-FR","@id":"https:\/\/segcitytours.es\/fr\/tours\/segway-a-votre-guise-laisse-toi-voir-3-hrs-visite-privee\/#primaryimage","url":"https:\/\/segcitytours.es\/wp-content\/uploads\/2015\/06\/segwayfun_cibeles.png","contentUrl":"https:\/\/segcitytours.es\/wp-content\/uploads\/2015\/06\/segwayfun_cibeles.png","width":800,"height":450},{"@type":"BreadcrumbList","@id":"https:\/\/segcitytours.es\/fr\/tours\/segway-a-votre-guise-laisse-toi-voir-3-hrs-visite-privee\/#breadcrumb","itemListElement":[{"@type":"ListItem","position":1,"name":"Portada","item":"https:\/\/segcitytours.es\/fr\/accueil\/"},{"@type":"ListItem","position":2,"name":"Shop","item":"https:\/\/segcitytours.es\/en\/shop\/"},{"@type":"ListItem","position":3,"name":"Le Segway \u00e0 votre rythme Laissez-vous voir ! 3 heures . VISITE PRIV\u00c9E"}]},{"@type":"WebSite","@id":"https:\/\/segcitytours.es\/fr\/#website","url":"https:\/\/segcitytours.es\/fr\/","name":"Madrid Segway Tour Experience","description":"Disfruta Madrid en Segway","publisher":{"@id":"https:\/\/segcitytours.es\/fr\/#organization"},"alternateName":"Segcitytours - Segway tours","potentialAction":[{"@type":"SearchAction","target":{"@type":"EntryPoint","urlTemplate":"https:\/\/segcitytours.es\/fr\/?s={search_term_string}"},"query-input":{"@type":"PropertyValueSpecification","valueRequired":true,"valueName":"search_term_string"}}],"inLanguage":"fr-FR"},{"@type":["Organization","Place","LocalBusiness"],"@id":"https:\/\/segcitytours.es\/fr\/#organization","name":"Segcitytours","alternateName":"Segway Tours","url":"https:\/\/segcitytours.es\/fr\/","logo":{"@id":"https:\/\/segcitytours.es\/fr\/tours\/segway-a-votre-guise-laisse-toi-voir-3-hrs-visite-privee\/#local-main-organization-logo"},"image":{"@id":"https:\/\/segcitytours.es\/fr\/tours\/segway-a-votre-guise-laisse-toi-voir-3-hrs-visite-privee\/#local-main-organization-logo"},"sameAs":["https:\/\/www.facebook.com\/Segwayfun-111864518874580\/timeline\/?ref=ts","https:\/\/x.com\/_segwayfun"],"address":{"@id":"https:\/\/segcitytours.es\/fr\/tours\/segway-a-votre-guise-laisse-toi-voir-3-hrs-visite-privee\/#local-main-place-address"},"geo":{"@type":"GeoCoordinates","latitude":"40.413530233784094","longitude":"-3.6983123748514117"},"telephone":["+34629612216"],"openingHoursSpecification":[{"@type":"OpeningHoursSpecification","dayOfWeek":["Monday","Tuesday","Wednesday","Thursday","Friday","Saturday","Sunday"],"opens":"10:00","closes":"20:00"}],"email":"info@segcitytours.es","vatID":"B42196998","taxID":"B42196998"},{"@type":"PostalAddress","@id":"https:\/\/segcitytours.es\/fr\/tours\/segway-a-votre-guise-laisse-toi-voir-3-hrs-visite-privee\/#local-main-place-address","streetAddress":"Calle de las Huertas, 39","addressLocality":"Madrid","postalCode":"28014","addressRegion":"Madrid","addressCountry":"ES"},{"@type":"ImageObject","inLanguage":"fr-FR","@id":"https:\/\/segcitytours.es\/fr\/tours\/segway-a-votre-guise-laisse-toi-voir-3-hrs-visite-privee\/#local-main-organization-logo","url":"https:\/\/segcitytours.es\/wp-content\/uploads\/2020\/11\/Segcitytours-fondo-blanco-1000px.png","contentUrl":"https:\/\/segcitytours.es\/wp-content\/uploads\/2020\/11\/Segcitytours-fondo-blanco-1000px.png","width":1000,"height":500,"caption":"Segcitytours"}]},"product_price_amount":"90.00","product_price_currency":"EUR","og_availability":"instock","product_availability":"instock","product_condition":"new","geo.placename":"Madrid","geo.position":{"lat":"40.413530233784094","long":"-3.6983123748514117"},"geo.region":"Espagne"},"_links":{"self":[{"href":"https:\/\/segcitytours.es\/fr\/wp-json\/wp\/v2\/product\/7346","targetHints":{"allow":["GET"]}}],"collection":[{"href":"https:\/\/segcitytours.es\/fr\/wp-json\/wp\/v2\/product"}],"about":[{"href":"https:\/\/segcitytours.es\/fr\/wp-json\/wp\/v2\/types\/product"}],"replies":[{"embeddable":true,"href":"https:\/\/segcitytours.es\/fr\/wp-json\/wp\/v2\/comments?post=7346"}],"version-history":[{"count":0,"href":"https:\/\/segcitytours.es\/fr\/wp-json\/wp\/v2\/product\/7346\/revisions"}],"wp:featuredmedia":[{"embeddable":true,"href":"https:\/\/segcitytours.es\/fr\/wp-json\/wp\/v2\/media\/7292"}],"wp:attachment":[{"href":"https:\/\/segcitytours.es\/fr\/wp-json\/wp\/v2\/media?parent=7346"}],"wp:term":[{"taxonomy":"product_brand","embeddable":true,"href":"https:\/\/segcitytours.es\/fr\/wp-json\/wp\/v2\/product_brand?post=7346"},{"taxonomy":"product_cat","embeddable":true,"href":"https:\/\/segcitytours.es\/fr\/wp-json\/wp\/v2\/product_cat?post=7346"},{"taxonomy":"product_tag","embeddable":true,"href":"https:\/\/segcitytours.es\/fr\/wp-json\/wp\/v2\/product_tag?post=7346"}],"curies":[{"name":"wp","href":"https:\/\/api.w.org\/{rel}","templated":true}]}}