{"id":7357,"date":"2015-06-19T02:23:52","date_gmt":"2015-06-19T02:23:52","guid":{"rendered":"http:\/\/segcitytours.es.mialias.net\/tours\/segway-soria-4x4-en-vinuesa\/"},"modified":"2024-01-14T10:36:50","modified_gmt":"2024-01-14T09:36:50","slug":"segway-soria-4x4-en-vinuesa","status":"publish","type":"product","link":"https:\/\/segcitytours.es\/fr\/tours\/segway-soria-4x4-en-vinuesa\/","title":{"rendered":"Segway Soria 4&#215;4 \u00e0 Vinuesa"},"content":{"rendered":"<p><span style=\"color: #ff0000;\">Segway Soria<br \/>\n<\/span><\/p>\n<h1><strong>Segway Soria &#8211; Vinuesa<br \/>\n<\/strong><\/h1>\n<h1><a href=\"https:\/\/youtu.be\/mboM6Q4NnKE\"><img decoding=\"async\" class=\"alignnone wp-image-6848\" src=\"http:\/\/segcitytours.es\/wp-content\/uploads\/2021\/06\/YouTube-logo.png\" alt=\"\" width=\"82\" height=\"54\"><\/a><\/h1>\n<h2>Tour priv\u00e9 en Segway, pas de groupes<\/h2>\n<h3>Segway hors route<\/h3>\n<p><!-- FareHarbor calendar of item #214934 --><br \/>\n<script src=\"https:\/\/fareharbor.com\/embeds\/script\/calendar-small\/segwayfunmadrid\/items\/214934\/?fallback=simple&amp;full-items=yes&amp;flow=358267\"><\/script><\/p>\n<p><span class=\"tlid-translation translation\" lang=\"es\"><span class=\"\" title=\"\">Magnifique excursion en Segway Soria \u00e0 <strong>Vinuesa, <\/strong>un voyage \u00e0 travers l&rsquo;histoire de cette ville de rois.<\/span> <span title=\"\">Profitez de ce segway tout-terrain pour visiter la ville de Vinuesa, puis la zone montagneuse qui entoure ce village, consid\u00e9r\u00e9 comme l&rsquo;un des plus beaux d&rsquo;Espagne.<br \/>\n<\/span><\/span><\/p>\n<p><span title=\"\">D\u00e9couvrez cet endroit merveilleux en contact permanent avec la nature, ses pin\u00e8des verdoyantes et ses prairies plates.<\/span> <span class=\"\" title=\"\">Ne manquez pas cette occasion de vivre une exp\u00e9rience unique en Segway \u00e0 Vinuesa, Soria.<\/span><\/p>\n<p><span class=\"\" title=\"\">Vous d\u00e9couvrirez la v\u00e9ritable puissance du x2, le segway tout-terrain original.<\/span><\/p>\n<p><span title=\"\">D\u00e9couvrez Vinuesa sur www.vinuesa.es.<\/span><\/p>\n<p><span style=\"color: #ff0000;\"><strong>IMPORTANT : GROUPE MINIMUM 6 PAX, consulter les autres options.<\/strong><\/span><\/p>\n<p><span style=\"color: #ff0000;\"><strong><span title=\"\">Poids minimum et maximum : 30-120 Kg.<\/span><\/strong><\/span><\/p>\n<p><strong>Pas d&rsquo;annulation en cas de pluie.<\/strong><\/p>\n<p><span style=\"color: #ff0000;\"><strong><span class=\"\" title=\"\">Les groupes de plus de 15 personnes sont les bienvenus.<\/span><\/strong><\/span><br \/>\n<span style=\"color: #ff0000;\"><strong><span class=\"\" title=\"\">R\u00e9servez votre SEGWAY by VINUESA<\/span><\/strong><\/span><\/p>\n<p>&nbsp;<\/p>\n<p><strong><span class=\"\" title=\"\">Autres circuits Segway susceptibles de vous int\u00e9resser :<\/span><\/strong><\/p>\n<p><strong><a title=\"Segway Madrid\" href=\"http:\/\/segcitytours.es\/tours\/segway-segovia-lagranja\/\">Segway La Granja<\/a> &#8211; <a title=\"Segway \u00e0 Casa de Campo\" href=\"http:\/\/segcitytours.es\/tours\/segwaycasadecampo\/\">Segway Off Road<\/a> &#8211; Segway <a title=\"Segway Madrid\" href=\"http:\/\/segcitytours.es\/tours\/segwayaustrias\/\">Madrid<\/a> &#8211; Segway <a title=\"Segway Madrid\" href=\"http:\/\/segcitytours.es\/tours\/segwayretiro\/\">Madrid Retiro <\/a>&#8211; <a title=\"Segway Toledo\" href=\"http:\/\/segcitytours.es\/tours\/cigarral-segway\/\">Segway Enoturismo Toledo <\/a>&#8211; Segway <a title=\"Segway Toledo\" href=\"http:\/\/segcitytours.es\/tours\/segwayteambuilding\/\">groupes <\/a> &#8211; Segway <a title=\"Segway Toledo\" href=\"http:\/\/segcitytours.es\/tours\/\">tours<\/a> &#8211; <a title=\"Segway Toledo\" href=\"http:\/\/segcitytours.es\/eventos\/\">\u00c9v\u00e9nements<\/a> <\/strong><strong>&#8211; <a title=\"Segway Toledo\" href=\"http:\/\/segcitytours.es\/segway-empresas\/\">Segway pour entreprises<\/a><\/strong><\/p>\n<style>\n.cart {display: none !important;}<br \/><\/style>\n<p><!--more--><\/p>\n","protected":false},"excerpt":{"rendered":"<p><span class=\"\" tlid-translation=\"\">translation\u00a0\u00bb lang=\u00a0\u00bben\u00a0\u00bb&gt;<span class=\"\">le=\u00a0\u00bb\u00a0\u00bb&gt;Belle visite en Segway de Soria \u00e0 <strong>Vinuesa<\/strong> et l&rsquo;histoire de cette ville des rois<\/span>. <span title=\"\">Profitez de ce Segway tout-terrain pour visiter la ville de Vinuesa et ensuite les Pinares de Soria.<\/span><\/span><\/p>\n<p><span title=\"\">D\u00e9couvrez cet endroit merveilleux en contact permanent avec la nature, ses pin\u00e8des verdoyantes et ses prairies plates.<\/span> <span class=\"\" title=\"\">Ne manquez pas cette occasion de vivre une exp\u00e9rience unique en Segway \u00e0 Vinuesa, Soria.<\/span><\/p>\n","protected":false},"featured_media":8963,"comment_status":"closed","ping_status":"closed","template":"","meta":{"site-sidebar-layout":"default","site-content-layout":"","ast-site-content-layout":"default","site-content-style":"default","site-sidebar-style":"default","ast-global-header-display":"","ast-banner-title-visibility":"","ast-main-header-display":"","ast-hfb-above-header-display":"","ast-hfb-below-header-display":"","ast-hfb-mobile-header-display":"","site-post-title":"","ast-breadcrumbs-content":"","ast-featured-img":"","footer-sml-layout":"","ast-disable-related-posts":"","theme-transparent-header-meta":"default","adv-header-id-meta":"","stick-header-meta":"default","header-above-stick-meta":"","header-main-stick-meta":"","header-below-stick-meta":"","astra-migrate-meta-layouts":"default","ast-page-background-enabled":"default","ast-page-background-meta":{"desktop":{"background-color":"","background-image":"","background-repeat":"repeat","background-position":"center center","background-size":"auto","background-attachment":"scroll","background-type":"","background-media":"","overlay-type":"","overlay-color":"","overlay-opacity":"","overlay-gradient":""},"tablet":{"background-color":"","background-image":"","background-repeat":"repeat","background-position":"center center","background-size":"auto","background-attachment":"scroll","background-type":"","background-media":"","overlay-type":"","overlay-color":"","overlay-opacity":"","overlay-gradient":""},"mobile":{"background-color":"","background-image":"","background-repeat":"repeat","background-position":"center center","background-size":"auto","background-attachment":"scroll","background-type":"","background-media":"","overlay-type":"","overlay-color":"","overlay-opacity":"","overlay-gradient":""}},"ast-content-background-meta":{"desktop":{"background-color":"var(--ast-global-color-5)","background-image":"","background-repeat":"repeat","background-position":"center center","background-size":"auto","background-attachment":"scroll","background-type":"","background-media":"","overlay-type":"","overlay-color":"","overlay-opacity":"","overlay-gradient":""},"tablet":{"background-color":"var(--ast-global-color-5)","background-image":"","background-repeat":"repeat","background-position":"center center","background-size":"auto","background-attachment":"scroll","background-type":"","background-media":"","overlay-type":"","overlay-color":"","overlay-opacity":"","overlay-gradient":""},"mobile":{"background-color":"var(--ast-global-color-5)","background-image":"","background-repeat":"repeat","background-position":"center center","background-size":"auto","background-attachment":"scroll","background-type":"","background-media":"","overlay-type":"","overlay-color":"","overlay-opacity":"","overlay-gradient":""}}},"product_brand":[],"product_cat":[2036],"product_tag":[23,31,33,30,32],"class_list":{"0":"post-7357","1":"product","2":"type-product","3":"status-publish","4":"has-post-thumbnail","6":"product_cat-segway-vinuesa-fr","7":"product_tag-segway","8":"product_tag-segway-soria","9":"product_tag-segway-vinuesa","10":"product_tag-soria","11":"product_tag-vinuesa","12":"desktop-align-center","13":"tablet-align-center","14":"mobile-align-center","15":"ast-product-gallery-layout-horizontal","16":"ast-product-gallery-with-no-image","17":"ast-product-tabs-layout-distributed","18":"ast-qv-on-image","20":"first","21":"instock","22":"featured","23":"sold-individually","24":"shipping-taxable","25":"purchasable","26":"product-type-booking"},"booking_location":"","booking_location_type":"","booking_duration":1,"booking_duration_unit":"hour","booking_buffer":0,"booking_cost":65,"booking_resources":[],"yoast_head":"<!-- This site is optimized with the Yoast SEO Premium plugin v27.1 (Yoast SEO v27.1.1) - https:\/\/yoast.com\/product\/yoast-seo-premium-wordpress\/ -->\n<title>Segway Soria<\/title>\n<meta name=\"description\" content=\"Segway Soria \u00e0 Vinuesa, un circuit dans un village situ\u00e9 dans la vall\u00e9e de l&#039;Urbi\u00f3n, au pied de la Laguna Negra. L&#039;un des plus beaux villages d&#039;Espagne.\" \/>\n<meta name=\"robots\" content=\"index, follow, max-snippet:-1, max-image-preview:large, max-video-preview:-1\" \/>\n<link rel=\"canonical\" href=\"https:\/\/segcitytours.es\/fr\/tours\/segway-soria-4x4-en-vinuesa\/\" \/>\n<meta property=\"og:locale\" content=\"fr_FR\" \/>\n<meta property=\"og:type\" content=\"article\" \/>\n<meta property=\"og:title\" content=\"Segway Soria 4x4 \u00e0 Vinuesa\" \/>\n<meta property=\"og:description\" content=\"Segway Soria \u00e0 Vinuesa, un circuit dans un village situ\u00e9 dans la vall\u00e9e de l&#039;Urbi\u00f3n, au pied de la Laguna Negra. L&#039;un des plus beaux villages d&#039;Espagne.\" \/>\n<meta property=\"og:url\" content=\"https:\/\/segcitytours.es\/fr\/tours\/segway-soria-4x4-en-vinuesa\/\" \/>\n<meta property=\"og:site_name\" content=\"Madrid Segway Tour Experience\" \/>\n<meta property=\"article:publisher\" content=\"https:\/\/www.facebook.com\/Segwayfun-111864518874580\/timeline\/?ref=ts\" \/>\n<meta property=\"article:modified_time\" content=\"2024-01-14T09:36:50+00:00\" \/>\n<meta property=\"og:image\" content=\"https:\/\/segcitytours.es\/wp-content\/uploads\/2015\/06\/IMG_2224.jpg\" \/>\n\t<meta property=\"og:image:width\" content=\"2016\" \/>\n\t<meta property=\"og:image:height\" content=\"1512\" \/>\n\t<meta property=\"og:image:type\" content=\"image\/jpeg\" \/>\n<meta name=\"twitter:card\" content=\"summary_large_image\" \/>\n<meta name=\"twitter:site\" content=\"@_segwayfun\" \/>\n<meta name=\"twitter:label1\" content=\"Prix\" \/>\n\t<meta name=\"twitter:data1\" content=\"65,00&nbsp;&euro;\" \/>\n\t<meta name=\"twitter:label2\" content=\"Disponibilit\u00e9\" \/>\n\t<meta name=\"twitter:data2\" content=\"En stock\" \/>\n<script type=\"application\/ld+json\" class=\"yoast-schema-graph\">{\"@context\":\"https:\/\/schema.org\",\"@graph\":[{\"@type\":\"WebPage\",\"@id\":\"https:\/\/segcitytours.es\/fr\/tours\/segway-soria-4x4-en-vinuesa\/\",\"url\":\"https:\/\/segcitytours.es\/fr\/tours\/segway-soria-4x4-en-vinuesa\/\",\"name\":\"Segway Soria\",\"isPartOf\":{\"@id\":\"https:\/\/segcitytours.es\/fr\/#website\"},\"primaryImageOfPage\":{\"@id\":\"https:\/\/segcitytours.es\/fr\/tours\/segway-soria-4x4-en-vinuesa\/#primaryimage\"},\"image\":{\"@id\":\"https:\/\/segcitytours.es\/fr\/tours\/segway-soria-4x4-en-vinuesa\/#primaryimage\"},\"thumbnailUrl\":\"https:\/\/segcitytours.es\/wp-content\/uploads\/2015\/06\/IMG_2224.jpg\",\"datePublished\":\"2015-06-19T02:23:52+00:00\",\"dateModified\":\"2024-01-14T09:36:50+00:00\",\"description\":\"Segway Soria \u00e0 Vinuesa, un circuit dans un village situ\u00e9 dans la vall\u00e9e de l'Urbi\u00f3n, au pied de la Laguna Negra. L'un des plus beaux villages d'Espagne.\",\"breadcrumb\":{\"@id\":\"https:\/\/segcitytours.es\/fr\/tours\/segway-soria-4x4-en-vinuesa\/#breadcrumb\"},\"inLanguage\":\"fr-FR\",\"potentialAction\":[{\"@type\":\"ReadAction\",\"target\":[\"https:\/\/segcitytours.es\/fr\/tours\/segway-soria-4x4-en-vinuesa\/\"]}]},{\"@type\":\"ImageObject\",\"inLanguage\":\"fr-FR\",\"@id\":\"https:\/\/segcitytours.es\/fr\/tours\/segway-soria-4x4-en-vinuesa\/#primaryimage\",\"url\":\"https:\/\/segcitytours.es\/wp-content\/uploads\/2015\/06\/IMG_2224.jpg\",\"contentUrl\":\"https:\/\/segcitytours.es\/wp-content\/uploads\/2015\/06\/IMG_2224.jpg\",\"width\":2016,\"height\":1512,\"caption\":\"Segway tours\"},{\"@type\":\"BreadcrumbList\",\"@id\":\"https:\/\/segcitytours.es\/fr\/tours\/segway-soria-4x4-en-vinuesa\/#breadcrumb\",\"itemListElement\":[{\"@type\":\"ListItem\",\"position\":1,\"name\":\"Portada\",\"item\":\"https:\/\/segcitytours.es\/fr\/accueil\/\"},{\"@type\":\"ListItem\",\"position\":2,\"name\":\"Shop\",\"item\":\"https:\/\/segcitytours.es\/en\/shop\/\"},{\"@type\":\"ListItem\",\"position\":3,\"name\":\"Segway Soria 4&#215;4 \u00e0 Vinuesa\"}]},{\"@type\":\"WebSite\",\"@id\":\"https:\/\/segcitytours.es\/fr\/#website\",\"url\":\"https:\/\/segcitytours.es\/fr\/\",\"name\":\"Madrid Segway Tour Experience\",\"description\":\"Disfruta Madrid en Segway\",\"publisher\":{\"@id\":\"https:\/\/segcitytours.es\/fr\/#organization\"},\"alternateName\":\"Segcitytours - Segway tours\",\"potentialAction\":[{\"@type\":\"SearchAction\",\"target\":{\"@type\":\"EntryPoint\",\"urlTemplate\":\"https:\/\/segcitytours.es\/fr\/?s={search_term_string}\"},\"query-input\":{\"@type\":\"PropertyValueSpecification\",\"valueRequired\":true,\"valueName\":\"search_term_string\"}}],\"inLanguage\":\"fr-FR\"},{\"@type\":[\"Organization\",\"Place\",\"LocalBusiness\"],\"@id\":\"https:\/\/segcitytours.es\/fr\/#organization\",\"name\":\"Segcitytours\",\"alternateName\":\"Segway Tours\",\"url\":\"https:\/\/segcitytours.es\/fr\/\",\"logo\":{\"@id\":\"https:\/\/segcitytours.es\/fr\/tours\/segway-soria-4x4-en-vinuesa\/#local-main-organization-logo\"},\"image\":{\"@id\":\"https:\/\/segcitytours.es\/fr\/tours\/segway-soria-4x4-en-vinuesa\/#local-main-organization-logo\"},\"sameAs\":[\"https:\/\/www.facebook.com\/Segwayfun-111864518874580\/timeline\/?ref=ts\",\"https:\/\/x.com\/_segwayfun\"],\"address\":{\"@id\":\"https:\/\/segcitytours.es\/fr\/tours\/segway-soria-4x4-en-vinuesa\/#local-main-place-address\"},\"geo\":{\"@type\":\"GeoCoordinates\",\"latitude\":\"40.413530233784094\",\"longitude\":\"-3.6983123748514117\"},\"telephone\":[\"+34629612216\"],\"openingHoursSpecification\":[{\"@type\":\"OpeningHoursSpecification\",\"dayOfWeek\":[\"Monday\",\"Tuesday\",\"Wednesday\",\"Thursday\",\"Friday\",\"Saturday\",\"Sunday\"],\"opens\":\"10:00\",\"closes\":\"20:00\"}],\"email\":\"info@segcitytours.es\",\"vatID\":\"B42196998\",\"taxID\":\"B42196998\"},{\"@type\":\"PostalAddress\",\"@id\":\"https:\/\/segcitytours.es\/fr\/tours\/segway-soria-4x4-en-vinuesa\/#local-main-place-address\",\"streetAddress\":\"Calle de las Huertas, 39\",\"addressLocality\":\"Madrid\",\"postalCode\":\"28014\",\"addressRegion\":\"Madrid\",\"addressCountry\":\"ES\"},{\"@type\":\"ImageObject\",\"inLanguage\":\"fr-FR\",\"@id\":\"https:\/\/segcitytours.es\/fr\/tours\/segway-soria-4x4-en-vinuesa\/#local-main-organization-logo\",\"url\":\"https:\/\/segcitytours.es\/wp-content\/uploads\/2020\/11\/Segcitytours-fondo-blanco-1000px.png\",\"contentUrl\":\"https:\/\/segcitytours.es\/wp-content\/uploads\/2020\/11\/Segcitytours-fondo-blanco-1000px.png\",\"width\":1000,\"height\":500,\"caption\":\"Segcitytours\"}]}<\/script>\n<meta property=\"product:price:amount\" content=\"65.00\" \/>\n<meta property=\"product:price:currency\" content=\"EUR\" \/>\n<meta property=\"og:availability\" content=\"instock\" \/>\n<meta property=\"product:availability\" content=\"instock\" \/>\n<meta property=\"product:condition\" content=\"new\" \/>\n<meta name=\"geo.placename\" content=\"Madrid\" \/>\n<meta name=\"geo.position\" content=\"40.413530233784094;-3.6983123748514117\" \/>\n<meta name=\"geo.region\" content=\"Espagne\" \/>\n<!-- \/ Yoast SEO Premium plugin. -->","yoast_head_json":{"title":"Segway Soria","description":"Segway Soria \u00e0 Vinuesa, un circuit dans un village situ\u00e9 dans la vall\u00e9e de l'Urbi\u00f3n, au pied de la Laguna Negra. L'un des plus beaux villages d'Espagne.","robots":{"index":"index","follow":"follow","max-snippet":"max-snippet:-1","max-image-preview":"max-image-preview:large","max-video-preview":"max-video-preview:-1"},"canonical":"https:\/\/segcitytours.es\/fr\/tours\/segway-soria-4x4-en-vinuesa\/","og_locale":"fr_FR","og_type":"article","og_title":"Segway Soria 4x4 \u00e0 Vinuesa","og_description":"Segway Soria \u00e0 Vinuesa, un circuit dans un village situ\u00e9 dans la vall\u00e9e de l'Urbi\u00f3n, au pied de la Laguna Negra. L'un des plus beaux villages d'Espagne.","og_url":"https:\/\/segcitytours.es\/fr\/tours\/segway-soria-4x4-en-vinuesa\/","og_site_name":"Madrid Segway Tour Experience","article_publisher":"https:\/\/www.facebook.com\/Segwayfun-111864518874580\/timeline\/?ref=ts","article_modified_time":"2024-01-14T09:36:50+00:00","og_image":[{"width":2016,"height":1512,"url":"https:\/\/segcitytours.es\/wp-content\/uploads\/2015\/06\/IMG_2224.jpg","type":"image\/jpeg"}],"twitter_card":"summary_large_image","twitter_site":"@_segwayfun","twitter_misc":{"Prix":"65,00&nbsp;&euro;","Disponibilit\u00e9":"En stock"},"schema":{"@context":"https:\/\/schema.org","@graph":[{"@type":"WebPage","@id":"https:\/\/segcitytours.es\/fr\/tours\/segway-soria-4x4-en-vinuesa\/","url":"https:\/\/segcitytours.es\/fr\/tours\/segway-soria-4x4-en-vinuesa\/","name":"Segway Soria","isPartOf":{"@id":"https:\/\/segcitytours.es\/fr\/#website"},"primaryImageOfPage":{"@id":"https:\/\/segcitytours.es\/fr\/tours\/segway-soria-4x4-en-vinuesa\/#primaryimage"},"image":{"@id":"https:\/\/segcitytours.es\/fr\/tours\/segway-soria-4x4-en-vinuesa\/#primaryimage"},"thumbnailUrl":"https:\/\/segcitytours.es\/wp-content\/uploads\/2015\/06\/IMG_2224.jpg","datePublished":"2015-06-19T02:23:52+00:00","dateModified":"2024-01-14T09:36:50+00:00","description":"Segway Soria \u00e0 Vinuesa, un circuit dans un village situ\u00e9 dans la vall\u00e9e de l'Urbi\u00f3n, au pied de la Laguna Negra. L'un des plus beaux villages d'Espagne.","breadcrumb":{"@id":"https:\/\/segcitytours.es\/fr\/tours\/segway-soria-4x4-en-vinuesa\/#breadcrumb"},"inLanguage":"fr-FR","potentialAction":[{"@type":"ReadAction","target":["https:\/\/segcitytours.es\/fr\/tours\/segway-soria-4x4-en-vinuesa\/"]}]},{"@type":"ImageObject","inLanguage":"fr-FR","@id":"https:\/\/segcitytours.es\/fr\/tours\/segway-soria-4x4-en-vinuesa\/#primaryimage","url":"https:\/\/segcitytours.es\/wp-content\/uploads\/2015\/06\/IMG_2224.jpg","contentUrl":"https:\/\/segcitytours.es\/wp-content\/uploads\/2015\/06\/IMG_2224.jpg","width":2016,"height":1512,"caption":"Segway tours"},{"@type":"BreadcrumbList","@id":"https:\/\/segcitytours.es\/fr\/tours\/segway-soria-4x4-en-vinuesa\/#breadcrumb","itemListElement":[{"@type":"ListItem","position":1,"name":"Portada","item":"https:\/\/segcitytours.es\/fr\/accueil\/"},{"@type":"ListItem","position":2,"name":"Shop","item":"https:\/\/segcitytours.es\/en\/shop\/"},{"@type":"ListItem","position":3,"name":"Segway Soria 4&#215;4 \u00e0 Vinuesa"}]},{"@type":"WebSite","@id":"https:\/\/segcitytours.es\/fr\/#website","url":"https:\/\/segcitytours.es\/fr\/","name":"Madrid Segway Tour Experience","description":"Disfruta Madrid en Segway","publisher":{"@id":"https:\/\/segcitytours.es\/fr\/#organization"},"alternateName":"Segcitytours - Segway tours","potentialAction":[{"@type":"SearchAction","target":{"@type":"EntryPoint","urlTemplate":"https:\/\/segcitytours.es\/fr\/?s={search_term_string}"},"query-input":{"@type":"PropertyValueSpecification","valueRequired":true,"valueName":"search_term_string"}}],"inLanguage":"fr-FR"},{"@type":["Organization","Place","LocalBusiness"],"@id":"https:\/\/segcitytours.es\/fr\/#organization","name":"Segcitytours","alternateName":"Segway Tours","url":"https:\/\/segcitytours.es\/fr\/","logo":{"@id":"https:\/\/segcitytours.es\/fr\/tours\/segway-soria-4x4-en-vinuesa\/#local-main-organization-logo"},"image":{"@id":"https:\/\/segcitytours.es\/fr\/tours\/segway-soria-4x4-en-vinuesa\/#local-main-organization-logo"},"sameAs":["https:\/\/www.facebook.com\/Segwayfun-111864518874580\/timeline\/?ref=ts","https:\/\/x.com\/_segwayfun"],"address":{"@id":"https:\/\/segcitytours.es\/fr\/tours\/segway-soria-4x4-en-vinuesa\/#local-main-place-address"},"geo":{"@type":"GeoCoordinates","latitude":"40.413530233784094","longitude":"-3.6983123748514117"},"telephone":["+34629612216"],"openingHoursSpecification":[{"@type":"OpeningHoursSpecification","dayOfWeek":["Monday","Tuesday","Wednesday","Thursday","Friday","Saturday","Sunday"],"opens":"10:00","closes":"20:00"}],"email":"info@segcitytours.es","vatID":"B42196998","taxID":"B42196998"},{"@type":"PostalAddress","@id":"https:\/\/segcitytours.es\/fr\/tours\/segway-soria-4x4-en-vinuesa\/#local-main-place-address","streetAddress":"Calle de las Huertas, 39","addressLocality":"Madrid","postalCode":"28014","addressRegion":"Madrid","addressCountry":"ES"},{"@type":"ImageObject","inLanguage":"fr-FR","@id":"https:\/\/segcitytours.es\/fr\/tours\/segway-soria-4x4-en-vinuesa\/#local-main-organization-logo","url":"https:\/\/segcitytours.es\/wp-content\/uploads\/2020\/11\/Segcitytours-fondo-blanco-1000px.png","contentUrl":"https:\/\/segcitytours.es\/wp-content\/uploads\/2020\/11\/Segcitytours-fondo-blanco-1000px.png","width":1000,"height":500,"caption":"Segcitytours"}]},"product_price_amount":"65.00","product_price_currency":"EUR","og_availability":"instock","product_availability":"instock","product_condition":"new","geo.placename":"Madrid","geo.position":{"lat":"40.413530233784094","long":"-3.6983123748514117"},"geo.region":"Espagne"},"_links":{"self":[{"href":"https:\/\/segcitytours.es\/fr\/wp-json\/wp\/v2\/product\/7357","targetHints":{"allow":["GET"]}}],"collection":[{"href":"https:\/\/segcitytours.es\/fr\/wp-json\/wp\/v2\/product"}],"about":[{"href":"https:\/\/segcitytours.es\/fr\/wp-json\/wp\/v2\/types\/product"}],"replies":[{"embeddable":true,"href":"https:\/\/segcitytours.es\/fr\/wp-json\/wp\/v2\/comments?post=7357"}],"version-history":[{"count":0,"href":"https:\/\/segcitytours.es\/fr\/wp-json\/wp\/v2\/product\/7357\/revisions"}],"wp:featuredmedia":[{"embeddable":true,"href":"https:\/\/segcitytours.es\/fr\/wp-json\/wp\/v2\/media\/8963"}],"wp:attachment":[{"href":"https:\/\/segcitytours.es\/fr\/wp-json\/wp\/v2\/media?parent=7357"}],"wp:term":[{"taxonomy":"product_brand","embeddable":true,"href":"https:\/\/segcitytours.es\/fr\/wp-json\/wp\/v2\/product_brand?post=7357"},{"taxonomy":"product_cat","embeddable":true,"href":"https:\/\/segcitytours.es\/fr\/wp-json\/wp\/v2\/product_cat?post=7357"},{"taxonomy":"product_tag","embeddable":true,"href":"https:\/\/segcitytours.es\/fr\/wp-json\/wp\/v2\/product_tag?post=7357"}],"curies":[{"name":"wp","href":"https:\/\/api.w.org\/{rel}","templated":true}]}}