{"id":7367,"date":"2015-06-19T02:30:49","date_gmt":"2015-06-19T02:30:49","guid":{"rendered":"http:\/\/segcitytours.es.mialias.net\/tours\/segway-la-granja-de-san-ildefonso\/"},"modified":"2024-01-14T10:00:00","modified_gmt":"2024-01-14T09:00:00","slug":"segway-la-granja-de-san-ildefonso","status":"publish","type":"product","link":"https:\/\/segcitytours.es\/fr\/tours\/segway-la-granja-de-san-ildefonso\/","title":{"rendered":"Segway La Granja de San Ildefonso"},"content":{"rendered":"<p><span style=\"color: #ff0000;\">Segway S\u00e9govie<br \/>\n<\/span><\/p>\n<h1>Segway Segovia \u00e0 La Granja<\/h1>\n<h1><a href=\"https:\/\/youtu.be\/SNCgmGGLLmw\"><img decoding=\"async\" class=\"alignnone wp-image-6848\" src=\"http:\/\/segcitytours.es\/wp-content\/uploads\/2021\/06\/YouTube-logo.png\" alt=\"\" width=\"82\" height=\"54\"><\/a><\/h1>\n<h2>Tour en Segway Priv\u00e9 et exclusif, pas pour les groupes<\/h2>\n<h2>Une exp\u00e9rience en Segway !<\/h2>\n<p><!-- FareHarbor calendar of item #214910 --><br \/>\n<script src=\"https:\/\/fareharbor.com\/embeds\/script\/calendar-small\/segwayfunmadrid\/items\/214910\/?fallback=simple&amp;full-items=yes&amp;flow=358267\"><\/script><\/p>\n<p><strong>Segway Segovia, <\/strong>une impressionnante promenade en Segway \u00e0 travers la <strong>Granja de San Idelfonso, <\/strong>la zone que les Bourbons ont choisie comme lieu de repos.<\/p>\n<p>Une belle commune, dont la r\u00e9habilitation et la r\u00e9cup\u00e9ration de b\u00e2timents uniques, en particulier deux grands b\u00e2timents comme La Casa de los Infantes, l&rsquo;actuel Parador de Turismo, et le Cuartel de Guardia de Corps, etc.<\/p>\n<p>Nous commencerons par la porte de la Reine, \u0153uvre de Charles III d\u00e9di\u00e9e \u00e0 son \u00e9pouse, et nous nous dirigerons vers la zone des b\u00e2timents jumeaux, la Guardia de Corps, construite par Charles III, et les \u00e9curies royales, construites par Philippe V. Nous visiterons ensuite la Coll\u00e9giale et les deux s\u00e9quoias qui pr\u00e9sident \u00e0 l&rsquo;entr\u00e9e, la Reine et le Roi. Nous continuons vers la zone centrale de la municipalit\u00e9 o\u00f9 se trouve l&rsquo;Iglesia de los Dolores, une route amusante, culturelle et facile.<\/p>\n<p><span style=\"color: #ff0000;\"><strong>IMPORTANT : GROUPE MINIMUM 6 PAX, consulter les autres options.<\/strong><\/span><\/p>\n<p><span style=\"color: #ff0000;\">Pas d&rsquo;annulation en cas de pluie.<\/span><\/p>\n<p><span style=\"color: #ff0000;\"><strong>Poids minimum et maximum : 30-120 Kg.<\/strong><\/span><\/p>\n<p><strong>Pour les groupes de plus de 15 personnes <a href=\"http:\/\/segcitytours.es\/contacto\/\">, veuillez consulter les prix<\/a>.<br \/>\n<\/strong><\/p>\n<h3>Autres circuits Segway susceptibles de vous int\u00e9resser :<\/h3>\n<p>&nbsp;<\/p>\n<p><strong>Segway <a title=\"Segway Madrid\" href=\"http:\/\/segcitytours.es\/tours\/segway-segovia-lagranja\/\">La Granja<\/a> &#8211; <a title=\"Segway \u00e0 Casa de Campo\" href=\"http:\/\/segcitytours.es\/tours\/segwaycasadecampo\/\">Segway Off Road<\/a> &#8211; Segway <a title=\"Segway Madrid\" href=\"http:\/\/segcitytours.es\/tours\/segwayaustrias\/\">Madrid<\/a> &#8211; Segway <a title=\"Segway Madrid\" href=\"http:\/\/segcitytours.es\/tours\/segwayretiro\/\">Madrid Retiro <\/a>&#8211; Segway <a title=\"Segway Soria\" href=\"http:\/\/segcitytours.es\/tours\/segway-soria\/\">Soria (Vinuesa<\/a> ) &#8211; <a title=\"Segway Toledo\" href=\"http:\/\/segcitytours.es\/tours\/cigarral-segway\/\">Segway Enoturismo Toledo <\/a>&#8211; Segway <a title=\"Segway Toledo\" href=\"http:\/\/segcitytours.es\/tours\/segwayteambuilding\/\">groupes <\/a> &#8211; Segway <a title=\"Segway Toledo\" href=\"http:\/\/segcitytours.es\/tours\/\">tours<\/a> &#8211; <a title=\"Segway Toledo\" href=\"http:\/\/segcitytours.es\/eventos\/\">\u00c9v\u00e9nements<\/a> &#8211; <a title=\"Segway Toledo\" href=\"http:\/\/segcitytours.es\/segway-empresas\/\">Segway pour entreprises<\/a> &#8211; Segway pour entreprises<\/strong><\/p>\n<style>\n.cart {display: none !important;}<br \/><\/style>\n<p><!--more--><\/p>\n","protected":false},"excerpt":{"rendered":"<p><strong>Segway Segovia, <\/strong>une impressionnante promenade en Segway \u00e0 travers la <strong>Granja de San Idelfonso, <\/strong>la zone que les Bourbons ont choisie comme lieu de repos.<\/p>\n<p>Une belle commune, dont la r\u00e9habilitation et la r\u00e9cup\u00e9ration de b\u00e2timents uniques, en particulier deux grands b\u00e2timents comme La Casa de los Infantes, l&rsquo;actuel Parador de Turismo, et le Cuartel de Guardia de Corps, etc.<\/p>\n","protected":false},"featured_media":7371,"comment_status":"closed","ping_status":"closed","template":"","meta":{"site-sidebar-layout":"default","site-content-layout":"","ast-site-content-layout":"default","site-content-style":"default","site-sidebar-style":"default","ast-global-header-display":"","ast-banner-title-visibility":"","ast-main-header-display":"","ast-hfb-above-header-display":"","ast-hfb-below-header-display":"","ast-hfb-mobile-header-display":"","site-post-title":"","ast-breadcrumbs-content":"","ast-featured-img":"","footer-sml-layout":"","ast-disable-related-posts":"","theme-transparent-header-meta":"default","adv-header-id-meta":"","stick-header-meta":"default","header-above-stick-meta":"","header-main-stick-meta":"","header-below-stick-meta":"","astra-migrate-meta-layouts":"default","ast-page-background-enabled":"default","ast-page-background-meta":{"desktop":{"background-color":"","background-image":"","background-repeat":"repeat","background-position":"center center","background-size":"auto","background-attachment":"scroll","background-type":"","background-media":"","overlay-type":"","overlay-color":"","overlay-opacity":"","overlay-gradient":""},"tablet":{"background-color":"","background-image":"","background-repeat":"repeat","background-position":"center center","background-size":"auto","background-attachment":"scroll","background-type":"","background-media":"","overlay-type":"","overlay-color":"","overlay-opacity":"","overlay-gradient":""},"mobile":{"background-color":"","background-image":"","background-repeat":"repeat","background-position":"center center","background-size":"auto","background-attachment":"scroll","background-type":"","background-media":"","overlay-type":"","overlay-color":"","overlay-opacity":"","overlay-gradient":""}},"ast-content-background-meta":{"desktop":{"background-color":"var(--ast-global-color-5)","background-image":"","background-repeat":"repeat","background-position":"center center","background-size":"auto","background-attachment":"scroll","background-type":"","background-media":"","overlay-type":"","overlay-color":"","overlay-opacity":"","overlay-gradient":""},"tablet":{"background-color":"var(--ast-global-color-5)","background-image":"","background-repeat":"repeat","background-position":"center center","background-size":"auto","background-attachment":"scroll","background-type":"","background-media":"","overlay-type":"","overlay-color":"","overlay-opacity":"","overlay-gradient":""},"mobile":{"background-color":"var(--ast-global-color-5)","background-image":"","background-repeat":"repeat","background-position":"center center","background-size":"auto","background-attachment":"scroll","background-type":"","background-media":"","overlay-type":"","overlay-color":"","overlay-opacity":"","overlay-gradient":""}}},"product_brand":[],"product_cat":[2038],"product_tag":[27,23,29,28],"class_list":{"0":"post-7367","1":"product","2":"type-product","3":"status-publish","4":"has-post-thumbnail","6":"product_cat-segway-segovia-fr","7":"product_tag-segovia","8":"product_tag-segway","9":"product_tag-segway-la-granja","10":"product_tag-segway-segovia","11":"desktop-align-center","12":"tablet-align-center","13":"mobile-align-center","14":"ast-product-gallery-layout-horizontal","15":"ast-product-gallery-with-no-image","16":"ast-product-tabs-layout-distributed","17":"ast-qv-on-image","19":"first","20":"instock","21":"featured","22":"virtual","23":"sold-individually","24":"purchasable","25":"product-type-booking"},"booking_location":"","booking_location_type":"","booking_duration":1,"booking_duration_unit":"hour","booking_buffer":0,"booking_cost":75,"booking_resources":[],"yoast_head":"<!-- This site is optimized with the Yoast SEO Premium plugin v27.1 (Yoast SEO v27.3) - https:\/\/yoast.com\/product\/yoast-seo-premium-wordpress\/ -->\n<title>Segway S\u00e9govie<\/title>\n<meta name=\"description\" content=\"Segway Segovia, Tour de La Granja de San Ildefonso en Segway, nous vous montrons la cr\u00e9ation des Bourbons pour leur lieu de repos et de chasse.\" \/>\n<meta name=\"robots\" content=\"index, follow, max-snippet:-1, max-image-preview:large, max-video-preview:-1\" \/>\n<link rel=\"canonical\" href=\"https:\/\/segcitytours.es\/fr\/tours\/segway-la-granja-de-san-ildefonso\/\" \/>\n<meta property=\"og:locale\" content=\"fr_FR\" \/>\n<meta property=\"og:type\" content=\"article\" \/>\n<meta property=\"og:title\" content=\"Segway La Granja de San Ildefonso\" \/>\n<meta property=\"og:description\" content=\"Segway Segovia, Tour de La Granja de San Ildefonso en Segway, nous vous montrons la cr\u00e9ation des Bourbons pour leur lieu de repos et de chasse.\" \/>\n<meta property=\"og:url\" content=\"https:\/\/segcitytours.es\/fr\/tours\/segway-la-granja-de-san-ildefonso\/\" \/>\n<meta property=\"og:site_name\" content=\"Madrid Segway Tour Experience\" \/>\n<meta property=\"article:publisher\" content=\"https:\/\/www.facebook.com\/Segwayfun-111864518874580\/timeline\/?ref=ts\" \/>\n<meta property=\"article:modified_time\" content=\"2024-01-14T09:00:00+00:00\" \/>\n<meta property=\"og:image\" content=\"https:\/\/segcitytours.es\/wp-content\/uploads\/2015\/06\/tour-segwayfun-lagranja-segovia.jpg\" \/>\n\t<meta property=\"og:image:width\" content=\"745\" \/>\n\t<meta property=\"og:image:height\" content=\"598\" \/>\n\t<meta property=\"og:image:type\" content=\"image\/jpeg\" \/>\n<meta name=\"twitter:card\" content=\"summary_large_image\" \/>\n<meta name=\"twitter:site\" content=\"@_segwayfun\" \/>\n<meta name=\"twitter:label1\" content=\"Prix\" \/>\n\t<meta name=\"twitter:data1\" content=\"75,00&nbsp;&euro;\" \/>\n\t<meta name=\"twitter:label2\" content=\"Disponibilit\u00e9\" \/>\n\t<meta name=\"twitter:data2\" content=\"En stock\" \/>\n<script type=\"application\/ld+json\" class=\"yoast-schema-graph\">{\"@context\":\"https:\\\/\\\/schema.org\",\"@graph\":[{\"@type\":\"WebPage\",\"@id\":\"https:\\\/\\\/segcitytours.es\\\/fr\\\/tours\\\/segway-la-granja-de-san-ildefonso\\\/\",\"url\":\"https:\\\/\\\/segcitytours.es\\\/fr\\\/tours\\\/segway-la-granja-de-san-ildefonso\\\/\",\"name\":\"Segway S\u00e9govie\",\"isPartOf\":{\"@id\":\"https:\\\/\\\/segcitytours.es\\\/fr\\\/#website\"},\"primaryImageOfPage\":{\"@id\":\"https:\\\/\\\/segcitytours.es\\\/fr\\\/tours\\\/segway-la-granja-de-san-ildefonso\\\/#primaryimage\"},\"image\":{\"@id\":\"https:\\\/\\\/segcitytours.es\\\/fr\\\/tours\\\/segway-la-granja-de-san-ildefonso\\\/#primaryimage\"},\"thumbnailUrl\":\"https:\\\/\\\/segcitytours.es\\\/wp-content\\\/uploads\\\/2015\\\/06\\\/tour-segwayfun-lagranja-segovia.jpg\",\"datePublished\":\"2015-06-19T02:30:49+00:00\",\"dateModified\":\"2024-01-14T09:00:00+00:00\",\"description\":\"Segway Segovia, Tour de La Granja de San Ildefonso en Segway, nous vous montrons la cr\u00e9ation des Bourbons pour leur lieu de repos et de chasse.\",\"breadcrumb\":{\"@id\":\"https:\\\/\\\/segcitytours.es\\\/fr\\\/tours\\\/segway-la-granja-de-san-ildefonso\\\/#breadcrumb\"},\"inLanguage\":\"fr-FR\",\"potentialAction\":[{\"@type\":\"ReadAction\",\"target\":[\"https:\\\/\\\/segcitytours.es\\\/fr\\\/tours\\\/segway-la-granja-de-san-ildefonso\\\/\"]}]},{\"@type\":\"ImageObject\",\"inLanguage\":\"fr-FR\",\"@id\":\"https:\\\/\\\/segcitytours.es\\\/fr\\\/tours\\\/segway-la-granja-de-san-ildefonso\\\/#primaryimage\",\"url\":\"https:\\\/\\\/segcitytours.es\\\/wp-content\\\/uploads\\\/2015\\\/06\\\/tour-segwayfun-lagranja-segovia.jpg\",\"contentUrl\":\"https:\\\/\\\/segcitytours.es\\\/wp-content\\\/uploads\\\/2015\\\/06\\\/tour-segwayfun-lagranja-segovia.jpg\",\"width\":745,\"height\":598,\"caption\":\"Recorrido por la Granja de San Ildefonso en Segway\"},{\"@type\":\"BreadcrumbList\",\"@id\":\"https:\\\/\\\/segcitytours.es\\\/fr\\\/tours\\\/segway-la-granja-de-san-ildefonso\\\/#breadcrumb\",\"itemListElement\":[{\"@type\":\"ListItem\",\"position\":1,\"name\":\"Portada\",\"item\":\"https:\\\/\\\/segcitytours.es\\\/fr\\\/accueil\\\/\"},{\"@type\":\"ListItem\",\"position\":2,\"name\":\"Shop\",\"item\":\"https:\\\/\\\/segcitytours.es\\\/en\\\/shop\\\/\"},{\"@type\":\"ListItem\",\"position\":3,\"name\":\"Segway La Granja de San Ildefonso\"}]},{\"@type\":\"WebSite\",\"@id\":\"https:\\\/\\\/segcitytours.es\\\/fr\\\/#website\",\"url\":\"https:\\\/\\\/segcitytours.es\\\/fr\\\/\",\"name\":\"Madrid Segway Tour Experience\",\"description\":\"Disfruta Madrid en Segway\",\"publisher\":{\"@id\":\"https:\\\/\\\/segcitytours.es\\\/fr\\\/#organization\"},\"alternateName\":\"Segcitytours - Segway tours\",\"potentialAction\":[{\"@type\":\"SearchAction\",\"target\":{\"@type\":\"EntryPoint\",\"urlTemplate\":\"https:\\\/\\\/segcitytours.es\\\/fr\\\/?s={search_term_string}\"},\"query-input\":{\"@type\":\"PropertyValueSpecification\",\"valueRequired\":true,\"valueName\":\"search_term_string\"}}],\"inLanguage\":\"fr-FR\"},{\"@type\":[\"Organization\",\"Place\",\"LocalBusiness\"],\"@id\":\"https:\\\/\\\/segcitytours.es\\\/fr\\\/#organization\",\"name\":\"Segcitytours\",\"alternateName\":\"Segway Tours\",\"url\":\"https:\\\/\\\/segcitytours.es\\\/fr\\\/\",\"logo\":{\"@id\":\"https:\\\/\\\/segcitytours.es\\\/fr\\\/tours\\\/segway-la-granja-de-san-ildefonso\\\/#local-main-organization-logo\"},\"image\":{\"@id\":\"https:\\\/\\\/segcitytours.es\\\/fr\\\/tours\\\/segway-la-granja-de-san-ildefonso\\\/#local-main-organization-logo\"},\"sameAs\":[\"https:\\\/\\\/www.facebook.com\\\/Segwayfun-111864518874580\\\/timeline\\\/?ref=ts\",\"https:\\\/\\\/x.com\\\/_segwayfun\"],\"address\":{\"@id\":\"https:\\\/\\\/segcitytours.es\\\/fr\\\/tours\\\/segway-la-granja-de-san-ildefonso\\\/#local-main-place-address\"},\"geo\":{\"@type\":\"GeoCoordinates\",\"latitude\":\"40.413530233784094\",\"longitude\":\"-3.6983123748514117\"},\"telephone\":[\"+34629612216\"],\"openingHoursSpecification\":[{\"@type\":\"OpeningHoursSpecification\",\"dayOfWeek\":[\"Monday\",\"Tuesday\",\"Wednesday\",\"Thursday\",\"Friday\",\"Saturday\",\"Sunday\"],\"opens\":\"10:00\",\"closes\":\"20:00\"}],\"email\":\"info@segcitytours.es\",\"vatID\":\"B42196998\",\"taxID\":\"B42196998\"},{\"@type\":\"PostalAddress\",\"@id\":\"https:\\\/\\\/segcitytours.es\\\/fr\\\/tours\\\/segway-la-granja-de-san-ildefonso\\\/#local-main-place-address\",\"streetAddress\":\"Calle de las Huertas, 39\",\"addressLocality\":\"Madrid\",\"postalCode\":\"28014\",\"addressRegion\":\"Madrid\",\"addressCountry\":\"ES\"},{\"@type\":\"ImageObject\",\"inLanguage\":\"fr-FR\",\"@id\":\"https:\\\/\\\/segcitytours.es\\\/fr\\\/tours\\\/segway-la-granja-de-san-ildefonso\\\/#local-main-organization-logo\",\"url\":\"https:\\\/\\\/segcitytours.es\\\/wp-content\\\/uploads\\\/2020\\\/11\\\/Segcitytours-fondo-blanco-1000px.png\",\"contentUrl\":\"https:\\\/\\\/segcitytours.es\\\/wp-content\\\/uploads\\\/2020\\\/11\\\/Segcitytours-fondo-blanco-1000px.png\",\"width\":1000,\"height\":500,\"caption\":\"Segcitytours\"}]}<\/script>\n<meta property=\"product:price:amount\" content=\"75.00\" \/>\n<meta property=\"product:price:currency\" content=\"EUR\" \/>\n<meta property=\"og:availability\" content=\"instock\" \/>\n<meta property=\"product:availability\" content=\"instock\" \/>\n<meta property=\"product:condition\" content=\"new\" \/>\n<meta name=\"geo.placename\" content=\"Madrid\" \/>\n<meta name=\"geo.position\" content=\"40.413530233784094;-3.6983123748514117\" \/>\n<meta name=\"geo.region\" content=\"Espagne\" \/>\n<!-- \/ Yoast SEO Premium plugin. -->","yoast_head_json":{"title":"Segway S\u00e9govie","description":"Segway Segovia, Tour de La Granja de San Ildefonso en Segway, nous vous montrons la cr\u00e9ation des Bourbons pour leur lieu de repos et de chasse.","robots":{"index":"index","follow":"follow","max-snippet":"max-snippet:-1","max-image-preview":"max-image-preview:large","max-video-preview":"max-video-preview:-1"},"canonical":"https:\/\/segcitytours.es\/fr\/tours\/segway-la-granja-de-san-ildefonso\/","og_locale":"fr_FR","og_type":"article","og_title":"Segway La Granja de San Ildefonso","og_description":"Segway Segovia, Tour de La Granja de San Ildefonso en Segway, nous vous montrons la cr\u00e9ation des Bourbons pour leur lieu de repos et de chasse.","og_url":"https:\/\/segcitytours.es\/fr\/tours\/segway-la-granja-de-san-ildefonso\/","og_site_name":"Madrid Segway Tour Experience","article_publisher":"https:\/\/www.facebook.com\/Segwayfun-111864518874580\/timeline\/?ref=ts","article_modified_time":"2024-01-14T09:00:00+00:00","og_image":[{"width":745,"height":598,"url":"https:\/\/segcitytours.es\/wp-content\/uploads\/2015\/06\/tour-segwayfun-lagranja-segovia.jpg","type":"image\/jpeg"}],"twitter_card":"summary_large_image","twitter_site":"@_segwayfun","twitter_misc":{"Prix":"75,00&nbsp;&euro;","Disponibilit\u00e9":"En stock"},"schema":{"@context":"https:\/\/schema.org","@graph":[{"@type":"WebPage","@id":"https:\/\/segcitytours.es\/fr\/tours\/segway-la-granja-de-san-ildefonso\/","url":"https:\/\/segcitytours.es\/fr\/tours\/segway-la-granja-de-san-ildefonso\/","name":"Segway S\u00e9govie","isPartOf":{"@id":"https:\/\/segcitytours.es\/fr\/#website"},"primaryImageOfPage":{"@id":"https:\/\/segcitytours.es\/fr\/tours\/segway-la-granja-de-san-ildefonso\/#primaryimage"},"image":{"@id":"https:\/\/segcitytours.es\/fr\/tours\/segway-la-granja-de-san-ildefonso\/#primaryimage"},"thumbnailUrl":"https:\/\/segcitytours.es\/wp-content\/uploads\/2015\/06\/tour-segwayfun-lagranja-segovia.jpg","datePublished":"2015-06-19T02:30:49+00:00","dateModified":"2024-01-14T09:00:00+00:00","description":"Segway Segovia, Tour de La Granja de San Ildefonso en Segway, nous vous montrons la cr\u00e9ation des Bourbons pour leur lieu de repos et de chasse.","breadcrumb":{"@id":"https:\/\/segcitytours.es\/fr\/tours\/segway-la-granja-de-san-ildefonso\/#breadcrumb"},"inLanguage":"fr-FR","potentialAction":[{"@type":"ReadAction","target":["https:\/\/segcitytours.es\/fr\/tours\/segway-la-granja-de-san-ildefonso\/"]}]},{"@type":"ImageObject","inLanguage":"fr-FR","@id":"https:\/\/segcitytours.es\/fr\/tours\/segway-la-granja-de-san-ildefonso\/#primaryimage","url":"https:\/\/segcitytours.es\/wp-content\/uploads\/2015\/06\/tour-segwayfun-lagranja-segovia.jpg","contentUrl":"https:\/\/segcitytours.es\/wp-content\/uploads\/2015\/06\/tour-segwayfun-lagranja-segovia.jpg","width":745,"height":598,"caption":"Recorrido por la Granja de San Ildefonso en Segway"},{"@type":"BreadcrumbList","@id":"https:\/\/segcitytours.es\/fr\/tours\/segway-la-granja-de-san-ildefonso\/#breadcrumb","itemListElement":[{"@type":"ListItem","position":1,"name":"Portada","item":"https:\/\/segcitytours.es\/fr\/accueil\/"},{"@type":"ListItem","position":2,"name":"Shop","item":"https:\/\/segcitytours.es\/en\/shop\/"},{"@type":"ListItem","position":3,"name":"Segway La Granja de San Ildefonso"}]},{"@type":"WebSite","@id":"https:\/\/segcitytours.es\/fr\/#website","url":"https:\/\/segcitytours.es\/fr\/","name":"Madrid Segway Tour Experience","description":"Disfruta Madrid en Segway","publisher":{"@id":"https:\/\/segcitytours.es\/fr\/#organization"},"alternateName":"Segcitytours - Segway tours","potentialAction":[{"@type":"SearchAction","target":{"@type":"EntryPoint","urlTemplate":"https:\/\/segcitytours.es\/fr\/?s={search_term_string}"},"query-input":{"@type":"PropertyValueSpecification","valueRequired":true,"valueName":"search_term_string"}}],"inLanguage":"fr-FR"},{"@type":["Organization","Place","LocalBusiness"],"@id":"https:\/\/segcitytours.es\/fr\/#organization","name":"Segcitytours","alternateName":"Segway Tours","url":"https:\/\/segcitytours.es\/fr\/","logo":{"@id":"https:\/\/segcitytours.es\/fr\/tours\/segway-la-granja-de-san-ildefonso\/#local-main-organization-logo"},"image":{"@id":"https:\/\/segcitytours.es\/fr\/tours\/segway-la-granja-de-san-ildefonso\/#local-main-organization-logo"},"sameAs":["https:\/\/www.facebook.com\/Segwayfun-111864518874580\/timeline\/?ref=ts","https:\/\/x.com\/_segwayfun"],"address":{"@id":"https:\/\/segcitytours.es\/fr\/tours\/segway-la-granja-de-san-ildefonso\/#local-main-place-address"},"geo":{"@type":"GeoCoordinates","latitude":"40.413530233784094","longitude":"-3.6983123748514117"},"telephone":["+34629612216"],"openingHoursSpecification":[{"@type":"OpeningHoursSpecification","dayOfWeek":["Monday","Tuesday","Wednesday","Thursday","Friday","Saturday","Sunday"],"opens":"10:00","closes":"20:00"}],"email":"info@segcitytours.es","vatID":"B42196998","taxID":"B42196998"},{"@type":"PostalAddress","@id":"https:\/\/segcitytours.es\/fr\/tours\/segway-la-granja-de-san-ildefonso\/#local-main-place-address","streetAddress":"Calle de las Huertas, 39","addressLocality":"Madrid","postalCode":"28014","addressRegion":"Madrid","addressCountry":"ES"},{"@type":"ImageObject","inLanguage":"fr-FR","@id":"https:\/\/segcitytours.es\/fr\/tours\/segway-la-granja-de-san-ildefonso\/#local-main-organization-logo","url":"https:\/\/segcitytours.es\/wp-content\/uploads\/2020\/11\/Segcitytours-fondo-blanco-1000px.png","contentUrl":"https:\/\/segcitytours.es\/wp-content\/uploads\/2020\/11\/Segcitytours-fondo-blanco-1000px.png","width":1000,"height":500,"caption":"Segcitytours"}]},"product_price_amount":"75.00","product_price_currency":"EUR","og_availability":"instock","product_availability":"instock","product_condition":"new","geo.placename":"Madrid","geo.position":{"lat":"40.413530233784094","long":"-3.6983123748514117"},"geo.region":"Espagne"},"_links":{"self":[{"href":"https:\/\/segcitytours.es\/fr\/wp-json\/wp\/v2\/product\/7367","targetHints":{"allow":["GET"]}}],"collection":[{"href":"https:\/\/segcitytours.es\/fr\/wp-json\/wp\/v2\/product"}],"about":[{"href":"https:\/\/segcitytours.es\/fr\/wp-json\/wp\/v2\/types\/product"}],"replies":[{"embeddable":true,"href":"https:\/\/segcitytours.es\/fr\/wp-json\/wp\/v2\/comments?post=7367"}],"version-history":[{"count":0,"href":"https:\/\/segcitytours.es\/fr\/wp-json\/wp\/v2\/product\/7367\/revisions"}],"wp:featuredmedia":[{"embeddable":true,"href":"https:\/\/segcitytours.es\/fr\/wp-json\/wp\/v2\/media\/7371"}],"wp:attachment":[{"href":"https:\/\/segcitytours.es\/fr\/wp-json\/wp\/v2\/media?parent=7367"}],"wp:term":[{"taxonomy":"product_brand","embeddable":true,"href":"https:\/\/segcitytours.es\/fr\/wp-json\/wp\/v2\/product_brand?post=7367"},{"taxonomy":"product_cat","embeddable":true,"href":"https:\/\/segcitytours.es\/fr\/wp-json\/wp\/v2\/product_cat?post=7367"},{"taxonomy":"product_tag","embeddable":true,"href":"https:\/\/segcitytours.es\/fr\/wp-json\/wp\/v2\/product_tag?post=7367"}],"curies":[{"name":"wp","href":"https:\/\/api.w.org\/{rel}","templated":true}]}}