{"id":7401,"date":"2015-08-26T18:51:34","date_gmt":"2015-08-26T18:51:34","guid":{"rendered":"http:\/\/segcitytours.es.mialias.net\/tours\/segway-avila\/"},"modified":"2026-02-24T18:35:15","modified_gmt":"2026-02-24T17:35:15","slug":"segway-avila","status":"publish","type":"product","link":"https:\/\/segcitytours.es\/fr\/tours\/segway-avila\/","title":{"rendered":"Segway Avila"},"content":{"rendered":"<h1>Segway Avila<\/h1>\n<h2>Vivez l&rsquo;exp\u00e9rience Segway !<\/h2>\n<p>Segway \u00c1vila, un itin\u00e9raire sur roues, avec des visites dans le centre historique de la ville d&rsquo;\u00c1vila.<\/p>\n<p>De mani\u00e8re ludique et confortable, vous d\u00e9couvrirez les secrets et les curiosit\u00e9s d&rsquo;Avila.<\/p>\n<p>Le parcours partira de la Plaza de Santa Teresa et durera environ 100 minutes.<\/p>\n<p>Au cours de la visite, vous pourrez reconna\u00eetre tous les lieux d&rsquo;int\u00e9r\u00eat touristique et historique, en visitant les points les plus embl\u00e9matiques :<\/p>\n<p><strong>&#8211; El grande ou Plaza de Santa Teresa<br \/>\n&#8211; La cath\u00e9drale.<br \/>\n&#8211; Le mur.<br \/>\n&#8211; Ses diff\u00e9rentes portes et anecdotes<br \/>\n&#8211; Ana la Santa.<br \/>\n&#8211; La Plaza del Mercado Chico.<\/strong><\/p>\n<p>Vous aurez la meilleure vue sur la ville et les remparts depuis les 4 pyl\u00f4nes.<\/p>\n<p>Parmi les sites pittoresques, citons la cath\u00e9drale d&rsquo;El Salvador et la basilique de San Vicente, ainsi que le centre-ville m\u00e9di\u00e9val et son mur d&rsquo;enceinte de 2 500 m\u00e8tres de long, consid\u00e9r\u00e9 comme un site du patrimoine mondial et le mieux pr\u00e9serv\u00e9 au monde.<\/p>\n<p>Cette activit\u00e9 est id\u00e9ale pour des groupes de 5 \u00e0 10 personnes pour une meilleure mobilit\u00e9.<\/p>\n<h3>Autres circuits Segway susceptibles de vous int\u00e9resser :<\/h3>\n<p><strong><a title=\"Segway Madrid\" href=\"https:\/\/www.segcitytours.es\/tours\/segway-segovia-lagranja\/\">Segway La Granja<\/a> &#8211; <a title=\"Segway \u00e0 Casa de Campo\" href=\"https:\/\/www.segcitytours.es\/tours\/segwaycasadecampo\/\">Segway Off Road<\/a> &#8211; Segway <a title=\"Segway Madrid\" href=\"https:\/\/www.segcitytours.es\/tours\/segwayaustrias\/\">Madrid<\/a> &#8211; Segway <a title=\"Segway Madrid\" href=\"https:\/\/www.segcitytours.es\/tours\/segwayretiro\/\">Madrid Retiro <\/a>&#8211; Segway <a title=\"Segway Soria\" href=\"https:\/\/www.segcitytours.es\/tours\/segway-soria\/\">Soria (Vinuesa<\/a> ) &#8211; Segway <a title=\"Segway Toledo\" href=\"https:\/\/www.segcitytours.es\/tours\/cigarral-segway\/\">Enoturismo Toledo &#8211; Segway Enoturismo Toledo <\/a>&#8211; Segway <a title=\"Segway Toledo\" href=\"https:\/\/www.segcitytours.es\/tours\/segwayteambuilding\/\">groupes <\/a> &#8211; Segway <a title=\"Segway Toledo\" href=\"https:\/\/www.segcitytours.es\/tours\/\">tours<\/a> &#8211; <a title=\"Segway Toledo\" href=\"https:\/\/www.segcitytours.es\/eventos\/\">\u00c9v\u00e9nements<\/a> <\/strong><strong>&#8211; <a title=\"Segway Toledo\" href=\"https:\/\/www.segcitytours.es\/segway-empresas\/\">Segway pour entreprises<\/a><\/strong><!--more--><\/p>\n","protected":false},"excerpt":{"rendered":"<p> [&hellip;]<\/p>\n","protected":false},"featured_media":7405,"comment_status":"closed","ping_status":"closed","template":"","meta":{"site-sidebar-layout":"default","site-content-layout":"","ast-site-content-layout":"default","site-content-style":"default","site-sidebar-style":"default","ast-global-header-display":"","ast-banner-title-visibility":"","ast-main-header-display":"","ast-hfb-above-header-display":"","ast-hfb-below-header-display":"","ast-hfb-mobile-header-display":"","site-post-title":"","ast-breadcrumbs-content":"","ast-featured-img":"","footer-sml-layout":"","ast-disable-related-posts":"","theme-transparent-header-meta":"default","adv-header-id-meta":"","stick-header-meta":"default","header-above-stick-meta":"","header-main-stick-meta":"","header-below-stick-meta":"","astra-migrate-meta-layouts":"default","ast-page-background-enabled":"default","ast-page-background-meta":{"desktop":{"background-color":"","background-image":"","background-repeat":"repeat","background-position":"center center","background-size":"auto","background-attachment":"scroll","background-type":"","background-media":"","overlay-type":"","overlay-color":"","overlay-opacity":"","overlay-gradient":""},"tablet":{"background-color":"","background-image":"","background-repeat":"repeat","background-position":"center center","background-size":"auto","background-attachment":"scroll","background-type":"","background-media":"","overlay-type":"","overlay-color":"","overlay-opacity":"","overlay-gradient":""},"mobile":{"background-color":"","background-image":"","background-repeat":"repeat","background-position":"center center","background-size":"auto","background-attachment":"scroll","background-type":"","background-media":"","overlay-type":"","overlay-color":"","overlay-opacity":"","overlay-gradient":""}},"ast-content-background-meta":{"desktop":{"background-color":"var(--ast-global-color-5)","background-image":"","background-repeat":"repeat","background-position":"center center","background-size":"auto","background-attachment":"scroll","background-type":"","background-media":"","overlay-type":"","overlay-color":"","overlay-opacity":"","overlay-gradient":""},"tablet":{"background-color":"var(--ast-global-color-5)","background-image":"","background-repeat":"repeat","background-position":"center center","background-size":"auto","background-attachment":"scroll","background-type":"","background-media":"","overlay-type":"","overlay-color":"","overlay-opacity":"","overlay-gradient":""},"mobile":{"background-color":"var(--ast-global-color-5)","background-image":"","background-repeat":"repeat","background-position":"center center","background-size":"auto","background-attachment":"scroll","background-type":"","background-media":"","overlay-type":"","overlay-color":"","overlay-opacity":"","overlay-gradient":""}}},"product_brand":[],"product_cat":[2032],"product_tag":[],"class_list":{"0":"post-7401","1":"product","2":"type-product","3":"status-publish","4":"has-post-thumbnail","6":"product_cat-non-classifiee","7":"desktop-align-center","8":"tablet-align-center","9":"mobile-align-center","10":"ast-product-gallery-layout-horizontal","11":"ast-product-gallery-with-no-image","12":"ast-product-tabs-layout-distributed","13":"ast-qv-on-image","15":"first","16":"instock","17":"featured","18":"virtual","19":"sold-individually","20":"purchasable","21":"product-type-booking"},"booking_location":"","booking_location_type":"","booking_duration":1,"booking_duration_unit":"hour","booking_buffer":0,"booking_cost":75,"booking_resources":[],"yoast_head":"<!-- This site is optimized with the Yoast SEO Premium plugin v27.1 (Yoast SEO v27.1.1) - https:\/\/yoast.com\/product\/yoast-seo-premium-wordpress\/ -->\n<title>[:es]Segway Avila | Segway \u00c1vila Tour[:en]Segway Avila, conna\u00eet le meilleur de la ville - Segwayfun[:fr]Segway Avila, conna\u00eet le meilleur de la ville - Segwayfun[ :]<\/title>\n<meta name=\"description\" content=\"{:en}Segway \u00c1vila, Segway \u00c1vila Tour. D\u00e9couvrez le centre historique de la ville d&#039;Avila de la mani\u00e8re la plus originale qui soit ! R\u00e9servez votre Segway Avila et passez un moment inoubliable !{:en}Segway Avila. Nous organisons des excursions dans la ville historique d&#039;Avila. De mani\u00e8re amusante et tr\u00e8s confortable, vous pouvez d\u00e9couvrir ses secrets et ses curiosit\u00e9s.{:fr}Segway Avila. Nous avons visit\u00e9 la ville historique d&#039;Avila. De mani\u00e8re ludique et pratique, vous pourrez d\u00e9couvrir ses secrets et ses curiosit\u00e9s.{:}\" \/>\n<meta name=\"robots\" content=\"index, follow, max-snippet:-1, max-image-preview:large, max-video-preview:-1\" \/>\n<link rel=\"canonical\" href=\"https:\/\/segcitytours.es\/fr\/tours\/segway-avila\/\" \/>\n<meta property=\"og:locale\" content=\"fr_FR\" \/>\n<meta property=\"og:type\" content=\"article\" \/>\n<meta property=\"og:title\" content=\"Segway Avila\" \/>\n<meta property=\"og:description\" content=\"{:en}Segway \u00c1vila, Segway \u00c1vila Tour. D\u00e9couvrez le centre historique de la ville d&#039;Avila de la mani\u00e8re la plus originale qui soit ! R\u00e9servez votre Segway Avila et passez un moment inoubliable !{:en}Segway Avila. Nous organisons des excursions dans la ville historique d&#039;Avila. De mani\u00e8re amusante et tr\u00e8s confortable, vous pouvez d\u00e9couvrir ses secrets et ses curiosit\u00e9s.{:fr}Segway Avila. Nous avons visit\u00e9 la ville historique d&#039;Avila. De mani\u00e8re ludique et pratique, vous pourrez d\u00e9couvrir ses secrets et ses curiosit\u00e9s.{:}\" \/>\n<meta property=\"og:url\" content=\"https:\/\/segcitytours.es\/fr\/tours\/segway-avila\/\" \/>\n<meta property=\"og:site_name\" content=\"Madrid Segway Tour Experience\" \/>\n<meta property=\"article:publisher\" content=\"https:\/\/www.facebook.com\/Segwayfun-111864518874580\/timeline\/?ref=ts\" \/>\n<meta property=\"article:modified_time\" content=\"2026-02-24T17:35:15+00:00\" \/>\n<meta property=\"og:image\" content=\"https:\/\/segcitytours.es\/wp-content\/uploads\/2015\/08\/tour-segwayfun-avila.jpg\" \/>\n\t<meta property=\"og:image:width\" content=\"800\" \/>\n\t<meta property=\"og:image:height\" content=\"598\" \/>\n\t<meta property=\"og:image:type\" content=\"image\/jpeg\" \/>\n<meta name=\"twitter:card\" content=\"summary_large_image\" \/>\n<meta name=\"twitter:site\" content=\"@_segwayfun\" \/>\n<meta name=\"twitter:label1\" content=\"Prix\" \/>\n\t<meta name=\"twitter:data1\" content=\"75,00&nbsp;&euro;\" \/>\n\t<meta name=\"twitter:label2\" content=\"Disponibilit\u00e9\" \/>\n\t<meta name=\"twitter:data2\" content=\"En stock\" \/>\n<script type=\"application\/ld+json\" class=\"yoast-schema-graph\">{\"@context\":\"https:\/\/schema.org\",\"@graph\":[{\"@type\":\"WebPage\",\"@id\":\"https:\/\/segcitytours.es\/fr\/tours\/segway-avila\/\",\"url\":\"https:\/\/segcitytours.es\/fr\/tours\/segway-avila\/\",\"name\":\"[:es]Segway Avila | Segway \u00c1vila Tour[:en]Segway Avila, conna\u00eet le meilleur de la ville - Segwayfun[:fr]Segway Avila, conna\u00eet le meilleur de la ville - Segwayfun[ :]\",\"isPartOf\":{\"@id\":\"https:\/\/segcitytours.es\/fr\/#website\"},\"primaryImageOfPage\":{\"@id\":\"https:\/\/segcitytours.es\/fr\/tours\/segway-avila\/#primaryimage\"},\"image\":{\"@id\":\"https:\/\/segcitytours.es\/fr\/tours\/segway-avila\/#primaryimage\"},\"thumbnailUrl\":\"https:\/\/segcitytours.es\/wp-content\/uploads\/2015\/08\/tour-segwayfun-avila.jpg\",\"datePublished\":\"2015-08-26T18:51:34+00:00\",\"dateModified\":\"2026-02-24T17:35:15+00:00\",\"description\":\"{:en}Segway \u00c1vila, Segway \u00c1vila Tour. D\u00e9couvrez le centre historique de la ville d'Avila de la mani\u00e8re la plus originale qui soit ! R\u00e9servez votre Segway Avila et passez un moment inoubliable !{:en}Segway Avila. Nous organisons des excursions dans la ville historique d'Avila. De mani\u00e8re amusante et tr\u00e8s confortable, vous pouvez d\u00e9couvrir ses secrets et ses curiosit\u00e9s.{:fr}Segway Avila. Nous avons visit\u00e9 la ville historique d'Avila. De mani\u00e8re ludique et pratique, vous pourrez d\u00e9couvrir ses secrets et ses curiosit\u00e9s.{:}\",\"breadcrumb\":{\"@id\":\"https:\/\/segcitytours.es\/fr\/tours\/segway-avila\/#breadcrumb\"},\"inLanguage\":\"fr-FR\",\"potentialAction\":[{\"@type\":\"ReadAction\",\"target\":[\"https:\/\/segcitytours.es\/fr\/tours\/segway-avila\/\"]}]},{\"@type\":\"ImageObject\",\"inLanguage\":\"fr-FR\",\"@id\":\"https:\/\/segcitytours.es\/fr\/tours\/segway-avila\/#primaryimage\",\"url\":\"https:\/\/segcitytours.es\/wp-content\/uploads\/2015\/08\/tour-segwayfun-avila.jpg\",\"contentUrl\":\"https:\/\/segcitytours.es\/wp-content\/uploads\/2015\/08\/tour-segwayfun-avila.jpg\",\"width\":800,\"height\":598,\"caption\":\"Tour en segway por la ciudad de \u00c1vila\"},{\"@type\":\"BreadcrumbList\",\"@id\":\"https:\/\/segcitytours.es\/fr\/tours\/segway-avila\/#breadcrumb\",\"itemListElement\":[{\"@type\":\"ListItem\",\"position\":1,\"name\":\"Portada\",\"item\":\"https:\/\/segcitytours.es\/fr\/accueil\/\"},{\"@type\":\"ListItem\",\"position\":2,\"name\":\"Shop\",\"item\":\"https:\/\/segcitytours.es\/en\/shop\/\"},{\"@type\":\"ListItem\",\"position\":3,\"name\":\"Segway Avila\"}]},{\"@type\":\"WebSite\",\"@id\":\"https:\/\/segcitytours.es\/fr\/#website\",\"url\":\"https:\/\/segcitytours.es\/fr\/\",\"name\":\"Madrid Segway Tour Experience\",\"description\":\"Disfruta Madrid en Segway\",\"publisher\":{\"@id\":\"https:\/\/segcitytours.es\/fr\/#organization\"},\"alternateName\":\"Segcitytours - Segway tours\",\"potentialAction\":[{\"@type\":\"SearchAction\",\"target\":{\"@type\":\"EntryPoint\",\"urlTemplate\":\"https:\/\/segcitytours.es\/fr\/?s={search_term_string}\"},\"query-input\":{\"@type\":\"PropertyValueSpecification\",\"valueRequired\":true,\"valueName\":\"search_term_string\"}}],\"inLanguage\":\"fr-FR\"},{\"@type\":[\"Organization\",\"Place\",\"LocalBusiness\"],\"@id\":\"https:\/\/segcitytours.es\/fr\/#organization\",\"name\":\"Segcitytours\",\"alternateName\":\"Segway Tours\",\"url\":\"https:\/\/segcitytours.es\/fr\/\",\"logo\":{\"@id\":\"https:\/\/segcitytours.es\/fr\/tours\/segway-avila\/#local-main-organization-logo\"},\"image\":{\"@id\":\"https:\/\/segcitytours.es\/fr\/tours\/segway-avila\/#local-main-organization-logo\"},\"sameAs\":[\"https:\/\/www.facebook.com\/Segwayfun-111864518874580\/timeline\/?ref=ts\",\"https:\/\/x.com\/_segwayfun\"],\"address\":{\"@id\":\"https:\/\/segcitytours.es\/fr\/tours\/segway-avila\/#local-main-place-address\"},\"geo\":{\"@type\":\"GeoCoordinates\",\"latitude\":\"40.413530233784094\",\"longitude\":\"-3.6983123748514117\"},\"telephone\":[\"+34629612216\"],\"openingHoursSpecification\":[{\"@type\":\"OpeningHoursSpecification\",\"dayOfWeek\":[\"Monday\",\"Tuesday\",\"Wednesday\",\"Thursday\",\"Friday\",\"Saturday\",\"Sunday\"],\"opens\":\"10:00\",\"closes\":\"20:00\"}],\"email\":\"info@segcitytours.es\",\"vatID\":\"B42196998\",\"taxID\":\"B42196998\"},{\"@type\":\"PostalAddress\",\"@id\":\"https:\/\/segcitytours.es\/fr\/tours\/segway-avila\/#local-main-place-address\",\"streetAddress\":\"Calle de las Huertas, 39\",\"addressLocality\":\"Madrid\",\"postalCode\":\"28014\",\"addressRegion\":\"Madrid\",\"addressCountry\":\"ES\"},{\"@type\":\"ImageObject\",\"inLanguage\":\"fr-FR\",\"@id\":\"https:\/\/segcitytours.es\/fr\/tours\/segway-avila\/#local-main-organization-logo\",\"url\":\"https:\/\/segcitytours.es\/wp-content\/uploads\/2020\/11\/Segcitytours-fondo-blanco-1000px.png\",\"contentUrl\":\"https:\/\/segcitytours.es\/wp-content\/uploads\/2020\/11\/Segcitytours-fondo-blanco-1000px.png\",\"width\":1000,\"height\":500,\"caption\":\"Segcitytours\"}]}<\/script>\n<meta property=\"product:price:amount\" content=\"75.00\" \/>\n<meta property=\"product:price:currency\" content=\"EUR\" \/>\n<meta property=\"og:availability\" content=\"instock\" \/>\n<meta property=\"product:availability\" content=\"instock\" \/>\n<meta property=\"product:condition\" content=\"new\" \/>\n<meta name=\"geo.placename\" content=\"Madrid\" \/>\n<meta name=\"geo.position\" content=\"40.413530233784094;-3.6983123748514117\" \/>\n<meta name=\"geo.region\" content=\"Espagne\" \/>\n<!-- \/ Yoast SEO Premium plugin. -->","yoast_head_json":{"title":"[:es]Segway Avila | Segway \u00c1vila Tour[:en]Segway Avila, conna\u00eet le meilleur de la ville - Segwayfun[:fr]Segway Avila, conna\u00eet le meilleur de la ville - Segwayfun[ :]","description":"{:en}Segway \u00c1vila, Segway \u00c1vila Tour. D\u00e9couvrez le centre historique de la ville d'Avila de la mani\u00e8re la plus originale qui soit ! R\u00e9servez votre Segway Avila et passez un moment inoubliable !{:en}Segway Avila. Nous organisons des excursions dans la ville historique d'Avila. De mani\u00e8re amusante et tr\u00e8s confortable, vous pouvez d\u00e9couvrir ses secrets et ses curiosit\u00e9s.{:fr}Segway Avila. Nous avons visit\u00e9 la ville historique d'Avila. De mani\u00e8re ludique et pratique, vous pourrez d\u00e9couvrir ses secrets et ses curiosit\u00e9s.{:}","robots":{"index":"index","follow":"follow","max-snippet":"max-snippet:-1","max-image-preview":"max-image-preview:large","max-video-preview":"max-video-preview:-1"},"canonical":"https:\/\/segcitytours.es\/fr\/tours\/segway-avila\/","og_locale":"fr_FR","og_type":"article","og_title":"Segway Avila","og_description":"{:en}Segway \u00c1vila, Segway \u00c1vila Tour. D\u00e9couvrez le centre historique de la ville d'Avila de la mani\u00e8re la plus originale qui soit ! R\u00e9servez votre Segway Avila et passez un moment inoubliable !{:en}Segway Avila. Nous organisons des excursions dans la ville historique d'Avila. De mani\u00e8re amusante et tr\u00e8s confortable, vous pouvez d\u00e9couvrir ses secrets et ses curiosit\u00e9s.{:fr}Segway Avila. Nous avons visit\u00e9 la ville historique d'Avila. De mani\u00e8re ludique et pratique, vous pourrez d\u00e9couvrir ses secrets et ses curiosit\u00e9s.{:}","og_url":"https:\/\/segcitytours.es\/fr\/tours\/segway-avila\/","og_site_name":"Madrid Segway Tour Experience","article_publisher":"https:\/\/www.facebook.com\/Segwayfun-111864518874580\/timeline\/?ref=ts","article_modified_time":"2026-02-24T17:35:15+00:00","og_image":[{"width":800,"height":598,"url":"https:\/\/segcitytours.es\/wp-content\/uploads\/2015\/08\/tour-segwayfun-avila.jpg","type":"image\/jpeg"}],"twitter_card":"summary_large_image","twitter_site":"@_segwayfun","twitter_misc":{"Prix":"75,00&nbsp;&euro;","Disponibilit\u00e9":"En stock"},"schema":{"@context":"https:\/\/schema.org","@graph":[{"@type":"WebPage","@id":"https:\/\/segcitytours.es\/fr\/tours\/segway-avila\/","url":"https:\/\/segcitytours.es\/fr\/tours\/segway-avila\/","name":"[:es]Segway Avila | Segway \u00c1vila Tour[:en]Segway Avila, conna\u00eet le meilleur de la ville - Segwayfun[:fr]Segway Avila, conna\u00eet le meilleur de la ville - Segwayfun[ :]","isPartOf":{"@id":"https:\/\/segcitytours.es\/fr\/#website"},"primaryImageOfPage":{"@id":"https:\/\/segcitytours.es\/fr\/tours\/segway-avila\/#primaryimage"},"image":{"@id":"https:\/\/segcitytours.es\/fr\/tours\/segway-avila\/#primaryimage"},"thumbnailUrl":"https:\/\/segcitytours.es\/wp-content\/uploads\/2015\/08\/tour-segwayfun-avila.jpg","datePublished":"2015-08-26T18:51:34+00:00","dateModified":"2026-02-24T17:35:15+00:00","description":"{:en}Segway \u00c1vila, Segway \u00c1vila Tour. D\u00e9couvrez le centre historique de la ville d'Avila de la mani\u00e8re la plus originale qui soit ! R\u00e9servez votre Segway Avila et passez un moment inoubliable !{:en}Segway Avila. Nous organisons des excursions dans la ville historique d'Avila. De mani\u00e8re amusante et tr\u00e8s confortable, vous pouvez d\u00e9couvrir ses secrets et ses curiosit\u00e9s.{:fr}Segway Avila. Nous avons visit\u00e9 la ville historique d'Avila. De mani\u00e8re ludique et pratique, vous pourrez d\u00e9couvrir ses secrets et ses curiosit\u00e9s.{:}","breadcrumb":{"@id":"https:\/\/segcitytours.es\/fr\/tours\/segway-avila\/#breadcrumb"},"inLanguage":"fr-FR","potentialAction":[{"@type":"ReadAction","target":["https:\/\/segcitytours.es\/fr\/tours\/segway-avila\/"]}]},{"@type":"ImageObject","inLanguage":"fr-FR","@id":"https:\/\/segcitytours.es\/fr\/tours\/segway-avila\/#primaryimage","url":"https:\/\/segcitytours.es\/wp-content\/uploads\/2015\/08\/tour-segwayfun-avila.jpg","contentUrl":"https:\/\/segcitytours.es\/wp-content\/uploads\/2015\/08\/tour-segwayfun-avila.jpg","width":800,"height":598,"caption":"Tour en segway por la ciudad de \u00c1vila"},{"@type":"BreadcrumbList","@id":"https:\/\/segcitytours.es\/fr\/tours\/segway-avila\/#breadcrumb","itemListElement":[{"@type":"ListItem","position":1,"name":"Portada","item":"https:\/\/segcitytours.es\/fr\/accueil\/"},{"@type":"ListItem","position":2,"name":"Shop","item":"https:\/\/segcitytours.es\/en\/shop\/"},{"@type":"ListItem","position":3,"name":"Segway Avila"}]},{"@type":"WebSite","@id":"https:\/\/segcitytours.es\/fr\/#website","url":"https:\/\/segcitytours.es\/fr\/","name":"Madrid Segway Tour Experience","description":"Disfruta Madrid en Segway","publisher":{"@id":"https:\/\/segcitytours.es\/fr\/#organization"},"alternateName":"Segcitytours - Segway tours","potentialAction":[{"@type":"SearchAction","target":{"@type":"EntryPoint","urlTemplate":"https:\/\/segcitytours.es\/fr\/?s={search_term_string}"},"query-input":{"@type":"PropertyValueSpecification","valueRequired":true,"valueName":"search_term_string"}}],"inLanguage":"fr-FR"},{"@type":["Organization","Place","LocalBusiness"],"@id":"https:\/\/segcitytours.es\/fr\/#organization","name":"Segcitytours","alternateName":"Segway Tours","url":"https:\/\/segcitytours.es\/fr\/","logo":{"@id":"https:\/\/segcitytours.es\/fr\/tours\/segway-avila\/#local-main-organization-logo"},"image":{"@id":"https:\/\/segcitytours.es\/fr\/tours\/segway-avila\/#local-main-organization-logo"},"sameAs":["https:\/\/www.facebook.com\/Segwayfun-111864518874580\/timeline\/?ref=ts","https:\/\/x.com\/_segwayfun"],"address":{"@id":"https:\/\/segcitytours.es\/fr\/tours\/segway-avila\/#local-main-place-address"},"geo":{"@type":"GeoCoordinates","latitude":"40.413530233784094","longitude":"-3.6983123748514117"},"telephone":["+34629612216"],"openingHoursSpecification":[{"@type":"OpeningHoursSpecification","dayOfWeek":["Monday","Tuesday","Wednesday","Thursday","Friday","Saturday","Sunday"],"opens":"10:00","closes":"20:00"}],"email":"info@segcitytours.es","vatID":"B42196998","taxID":"B42196998"},{"@type":"PostalAddress","@id":"https:\/\/segcitytours.es\/fr\/tours\/segway-avila\/#local-main-place-address","streetAddress":"Calle de las Huertas, 39","addressLocality":"Madrid","postalCode":"28014","addressRegion":"Madrid","addressCountry":"ES"},{"@type":"ImageObject","inLanguage":"fr-FR","@id":"https:\/\/segcitytours.es\/fr\/tours\/segway-avila\/#local-main-organization-logo","url":"https:\/\/segcitytours.es\/wp-content\/uploads\/2020\/11\/Segcitytours-fondo-blanco-1000px.png","contentUrl":"https:\/\/segcitytours.es\/wp-content\/uploads\/2020\/11\/Segcitytours-fondo-blanco-1000px.png","width":1000,"height":500,"caption":"Segcitytours"}]},"product_price_amount":"75.00","product_price_currency":"EUR","og_availability":"instock","product_availability":"instock","product_condition":"new","geo.placename":"Madrid","geo.position":{"lat":"40.413530233784094","long":"-3.6983123748514117"},"geo.region":"Espagne"},"_links":{"self":[{"href":"https:\/\/segcitytours.es\/fr\/wp-json\/wp\/v2\/product\/7401","targetHints":{"allow":["GET"]}}],"collection":[{"href":"https:\/\/segcitytours.es\/fr\/wp-json\/wp\/v2\/product"}],"about":[{"href":"https:\/\/segcitytours.es\/fr\/wp-json\/wp\/v2\/types\/product"}],"replies":[{"embeddable":true,"href":"https:\/\/segcitytours.es\/fr\/wp-json\/wp\/v2\/comments?post=7401"}],"version-history":[{"count":1,"href":"https:\/\/segcitytours.es\/fr\/wp-json\/wp\/v2\/product\/7401\/revisions"}],"predecessor-version":[{"id":10327,"href":"https:\/\/segcitytours.es\/fr\/wp-json\/wp\/v2\/product\/7401\/revisions\/10327"}],"wp:featuredmedia":[{"embeddable":true,"href":"https:\/\/segcitytours.es\/fr\/wp-json\/wp\/v2\/media\/7405"}],"wp:attachment":[{"href":"https:\/\/segcitytours.es\/fr\/wp-json\/wp\/v2\/media?parent=7401"}],"wp:term":[{"taxonomy":"product_brand","embeddable":true,"href":"https:\/\/segcitytours.es\/fr\/wp-json\/wp\/v2\/product_brand?post=7401"},{"taxonomy":"product_cat","embeddable":true,"href":"https:\/\/segcitytours.es\/fr\/wp-json\/wp\/v2\/product_cat?post=7401"},{"taxonomy":"product_tag","embeddable":true,"href":"https:\/\/segcitytours.es\/fr\/wp-json\/wp\/v2\/product_tag?post=7401"}],"curies":[{"name":"wp","href":"https:\/\/api.w.org\/{rel}","templated":true}]}}