{"id":7428,"date":"2016-04-09T20:41:34","date_gmt":"2016-04-09T20:41:34","guid":{"rendered":"http:\/\/segcitytours.es.mialias.net\/tours\/segway-parc-du-retiro-1-hr-visite-privee\/"},"modified":"2024-03-19T18:28:45","modified_gmt":"2024-03-19T17:28:45","slug":"segway-parc-du-retiro-1-hr-visite-privee","status":"publish","type":"product","link":"https:\/\/segcitytours.es\/fr\/tours\/segway-parc-du-retiro-1-hr-visite-privee\/","title":{"rendered":"Segway Parc du Retiro &#8211; 1 heure . VISITE PRIV\u00c9E"},"content":{"rendered":"<h6><span style=\"color: #ff0000;\">Minimum 2 utilisateurs. Suppl\u00e9ment de 10\u20ac pour une visite d&rsquo;un utilisateur<\/span><\/h6>\n<h1>Segway Parc du Retiro<\/h1>\n<h1><a href=\"https:\/\/youtu.be\/JQ-ecNMEWew\"><img decoding=\"async\" class=\"alignnone wp-image-6848\" src=\"http:\/\/segcitytours.es\/wp-content\/uploads\/2021\/06\/YouTube-logo.png\" alt=\"\" width=\"82\" height=\"54\"><\/a><\/h1>\n<h4><span style=\"color: #ff0000;\">Une promenade dans le \u00ab\u00a0paysage de lumi\u00e8re\u00a0\u00bb. Segway Retiro<\/span><br \/>\n<span style=\"color: #ff0000;\">Patrimoine mondial de l&rsquo;Unesco<\/span><\/h4>\n<h2>Madrid Segway Tour Priv\u00e9 et exclusif, pas pour les groupes<\/h2>\n<h2>Rouler en Segway comme un roi !<\/h2>\n<p><!-- FareHarbor calendar of item #214870 --><br \/>\n<script src=\"https:\/\/fareharbor.com\/embeds\/script\/calendar-small\/segwayfunmadrid\/items\/214870\/?fallback=simple&amp;full-items=yes&amp;flow=358377\"><\/script><\/p>\n<p><strong>Segway Parque del Retiro<\/strong>, un parcours en Segway pour d\u00e9couvrir ce lieu embl\u00e9matique, lieu de d\u00e9tente des rois.<\/p>\n<p>Promenez-vous dans des sites historiques tels que<\/p>\n<ul>\n<li>Le Parterre, \u00e0 c\u00f4t\u00e9 de l&rsquo;inconnue Estanque de las Campanillas.<\/li>\n<li>Visitez le Crystal Palace et d\u00e9couvrez l&rsquo;\u0153uvre de l&rsquo;architecte Vel\u00e1zquez Bosco.<\/li>\n<li>Le Palacio de Vel\u00e1zquez, un b\u00e2timent de style n\u00e9o-historique, a accueilli l&rsquo;exposition mini\u00e8re de 1883.<\/li>\n<li>Le monument \u00e0 Alphonse XII, le plus grand monument de Madrid, qui couronne le grand \u00e9tang du Retiro.<\/li>\n<\/ul>\n<p>Le <strong>Segway x2<\/strong> se d\u00e9place sur tous les types de terrain.<\/p>\n<p>Vous vous amuserez comme des fous gr\u00e2ce \u00e0 nos segways !<\/p>\n<p>Vous serez accompagn\u00e9 d&rsquo;un guide expert.<\/p>\n<p>Venez essayer le segway sur un parcours autour du parc du Retiro.<\/p>\n<p><span style=\"color: #ff0000;\"><strong>\u00c2ge minimum : 10 ans. Poids minimum et maximum : 30-120 Kg.<br \/>\n<\/strong><\/span><\/p>\n<p><span style=\"color: #ff0000;\">Pour les r\u00e9servations de jour, v\u00e9rifier la disponibilit\u00e9 au +34 629 61 22 16.<\/span><\/p>\n<p><span style=\"color: #ff0000;\">Pas d&rsquo;annulation en cas de pluie.<\/span><\/p>\n<p><span style=\"color: #ff0000;\">Suppl\u00e9ment pour les visites individuelles.<\/span><\/p>\n<p><span style=\"color: #ff0000;\"><strong>Point de d\u00e9part et d&rsquo;arriv\u00e9e : Calle Huertas, 39<\/strong><\/span><\/p>\n<p><strong>Groupes&gt; 16 utilisateurs consulter.<\/strong><\/p>\n<h3>Autres circuits Segway susceptibles de vous int\u00e9resser :<\/h3>\n<p><strong><a title=\"Segway Madrid\" href=\"http:\/\/segcitytours.es\/tours\/segway-segovia-lagranja\/\">Segway La Granja<\/a> &#8211; <a title=\"Segway \u00e0 Casa de Campo\" href=\"http:\/\/segcitytours.es\/tours\/segwaycasadecampo\/\">Segway Off Road<\/a> &#8211; Segway <a title=\"Segway Madrid\" href=\"http:\/\/segcitytours.es\/tours\/segwayaustrias\/\">Madrid<\/a> &#8211; Segway <a title=\"Segway Madrid\" href=\"http:\/\/segcitytours.es\/tours\/segwayretiro\/\">Madrid Retiro <\/a>&#8211; Segway <a title=\"Segway Soria\" href=\"http:\/\/segcitytours.es\/tours\/segway-soria\/\">Soria (Vinuesa<\/a> ) &#8211; Segway <a title=\"Segway Toledo\" href=\"http:\/\/segcitytours.es\/tours\/cigarral-segway\/\">Enoturismo Toledo &#8211; Segway Enoturismo Toledo <\/a>&#8211; Segway <a title=\"Segway Toledo\" href=\"http:\/\/segcitytours.es\/tours\/segwayteambuilding\/\">groupes <\/a> &#8211; Segway <a title=\"Segway Toledo\" href=\"http:\/\/segcitytours.es\/tours\/\">tours<\/a> &#8211; <a title=\"Segway Toledo\" href=\"http:\/\/segcitytours.es\/eventos\/\">\u00c9v\u00e9nements<\/a> <\/strong><strong>&#8211; <a title=\"Segway Toledo\" href=\"http:\/\/segcitytours.es\/segway-empresas\/\">Segway pour entreprises<\/a><\/strong><\/p>\n<style>\n.cart {display: none !important;}<br \/><\/style>\n<p><!--more--><\/p>\n","protected":false},"excerpt":{"rendered":"<p><strong>Segway Parque del Retiro<\/strong>, un parcours en Segway pour d\u00e9couvrir ce lieu embl\u00e9matique, lieu de d\u00e9tente des rois.<\/p>\n<p>Promenez-vous dans des sites historiques tels que<\/p>\n<ul>\n<li>Le Parterre, \u00e0 c\u00f4t\u00e9 de l&rsquo;inconnue Estanque de las Campanillas.<\/li>\n<li>Visitez le Crystal Palace et d\u00e9couvrez l&rsquo;\u0153uvre de l&rsquo;architecte Vel\u00e1zquez Bosco.<\/li>\n<li>Le Palacio de Vel\u00e1zquez, un b\u00e2timent de style n\u00e9o-historique, a accueilli l&rsquo;exposition mini\u00e8re de 1883.<\/li>\n<li>Le monument \u00e0 Alphonse XII, le plus grand monument de Madrid, qui couronne le grand \u00e9tang du Retiro.<\/li>\n<\/ul>\n","protected":false},"featured_media":7323,"comment_status":"closed","ping_status":"closed","template":"","meta":{"site-sidebar-layout":"default","site-content-layout":"","ast-site-content-layout":"default","site-content-style":"default","site-sidebar-style":"default","ast-global-header-display":"","ast-banner-title-visibility":"","ast-main-header-display":"","ast-hfb-above-header-display":"","ast-hfb-below-header-display":"","ast-hfb-mobile-header-display":"","site-post-title":"","ast-breadcrumbs-content":"","ast-featured-img":"","footer-sml-layout":"","ast-disable-related-posts":"","theme-transparent-header-meta":"default","adv-header-id-meta":"","stick-header-meta":"default","header-above-stick-meta":"","header-main-stick-meta":"","header-below-stick-meta":"","astra-migrate-meta-layouts":"default","ast-page-background-enabled":"default","ast-page-background-meta":{"desktop":{"background-color":"","background-image":"","background-repeat":"repeat","background-position":"center center","background-size":"auto","background-attachment":"scroll","background-type":"","background-media":"","overlay-type":"","overlay-color":"","overlay-opacity":"","overlay-gradient":""},"tablet":{"background-color":"","background-image":"","background-repeat":"repeat","background-position":"center center","background-size":"auto","background-attachment":"scroll","background-type":"","background-media":"","overlay-type":"","overlay-color":"","overlay-opacity":"","overlay-gradient":""},"mobile":{"background-color":"","background-image":"","background-repeat":"repeat","background-position":"center center","background-size":"auto","background-attachment":"scroll","background-type":"","background-media":"","overlay-type":"","overlay-color":"","overlay-opacity":"","overlay-gradient":""}},"ast-content-background-meta":{"desktop":{"background-color":"var(--ast-global-color-5)","background-image":"","background-repeat":"repeat","background-position":"center center","background-size":"auto","background-attachment":"scroll","background-type":"","background-media":"","overlay-type":"","overlay-color":"","overlay-opacity":"","overlay-gradient":""},"tablet":{"background-color":"var(--ast-global-color-5)","background-image":"","background-repeat":"repeat","background-position":"center center","background-size":"auto","background-attachment":"scroll","background-type":"","background-media":"","overlay-type":"","overlay-color":"","overlay-opacity":"","overlay-gradient":""},"mobile":{"background-color":"var(--ast-global-color-5)","background-image":"","background-repeat":"repeat","background-position":"center center","background-size":"auto","background-attachment":"scroll","background-type":"","background-media":"","overlay-type":"","overlay-color":"","overlay-opacity":"","overlay-gradient":""}}},"product_brand":[],"product_cat":[2034],"product_tag":[41,23,42],"class_list":{"0":"post-7428","1":"product","2":"type-product","3":"status-publish","4":"has-post-thumbnail","6":"product_cat-segway-madrid-tours-fr","7":"product_tag-madrid","8":"product_tag-segway","9":"product_tag-segway-sightseeing-tour","10":"desktop-align-center","11":"tablet-align-center","12":"mobile-align-center","13":"ast-product-gallery-layout-horizontal","14":"ast-product-gallery-with-no-image","15":"ast-product-tabs-layout-distributed","16":"ast-qv-on-image","18":"first","19":"instock","20":"featured","21":"virtual","22":"sold-individually","23":"purchasable","24":"product-type-booking"},"booking_location":"","booking_location_type":"","booking_duration":1,"booking_duration_unit":"hour","booking_buffer":0,"booking_cost":35,"booking_resources":[],"yoast_head":"<!-- This site is optimized with the Yoast SEO Premium plugin v27.1 (Yoast SEO v27.1.1) - https:\/\/yoast.com\/product\/yoast-seo-premium-wordpress\/ -->\n<title>Segway Parc du Retiro<\/title>\n<meta name=\"description\" content=\"Segway Parque del Retiro, Segway Madrid Tours ; d\u00e9couvrez la fa\u00e7on la plus amusante de d\u00e9couvrir les endroits les plus charmants de Madrid. Vivez une exp\u00e9rience unique !\" \/>\n<meta name=\"robots\" content=\"index, follow, max-snippet:-1, max-image-preview:large, max-video-preview:-1\" \/>\n<link rel=\"canonical\" href=\"https:\/\/segcitytours.es\/fr\/tours\/segway-parc-du-retiro-1-hr-visite-privee\/\" \/>\n<meta property=\"og:locale\" content=\"fr_FR\" \/>\n<meta property=\"og:type\" content=\"article\" \/>\n<meta property=\"og:title\" content=\"Segway Parc du Retiro - 1 heure . VISITE PRIV\u00c9E\" \/>\n<meta property=\"og:description\" content=\"Segway Parque del Retiro, Segway Madrid Tours ; d\u00e9couvrez la fa\u00e7on la plus amusante de d\u00e9couvrir les endroits les plus charmants de Madrid. Vivez une exp\u00e9rience unique !\" \/>\n<meta property=\"og:url\" content=\"https:\/\/segcitytours.es\/fr\/tours\/segway-parc-du-retiro-1-hr-visite-privee\/\" \/>\n<meta property=\"og:site_name\" content=\"Madrid Segway Tour Experience\" \/>\n<meta property=\"article:publisher\" content=\"https:\/\/www.facebook.com\/Segwayfun-111864518874580\/timeline\/?ref=ts\" \/>\n<meta property=\"article:modified_time\" content=\"2024-03-19T17:28:45+00:00\" \/>\n<meta property=\"og:image\" content=\"https:\/\/segcitytours.es\/wp-content\/uploads\/2016\/04\/madrid-retiro-scaled.jpg\" \/>\n\t<meta property=\"og:image:width\" content=\"2560\" \/>\n\t<meta property=\"og:image:height\" content=\"1920\" \/>\n\t<meta property=\"og:image:type\" content=\"image\/jpeg\" \/>\n<meta name=\"twitter:card\" content=\"summary_large_image\" \/>\n<meta name=\"twitter:site\" content=\"@_segwayfun\" \/>\n<meta name=\"twitter:label1\" content=\"Prix\" \/>\n\t<meta name=\"twitter:data1\" content=\"35,00&nbsp;&euro;\" \/>\n\t<meta name=\"twitter:label2\" content=\"Disponibilit\u00e9\" \/>\n\t<meta name=\"twitter:data2\" content=\"En stock\" \/>\n<script type=\"application\/ld+json\" class=\"yoast-schema-graph\">{\"@context\":\"https:\/\/schema.org\",\"@graph\":[{\"@type\":\"WebPage\",\"@id\":\"https:\/\/segcitytours.es\/fr\/tours\/segway-parc-du-retiro-1-hr-visite-privee\/\",\"url\":\"https:\/\/segcitytours.es\/fr\/tours\/segway-parc-du-retiro-1-hr-visite-privee\/\",\"name\":\"Segway Parc du Retiro\",\"isPartOf\":{\"@id\":\"https:\/\/segcitytours.es\/fr\/#website\"},\"primaryImageOfPage\":{\"@id\":\"https:\/\/segcitytours.es\/fr\/tours\/segway-parc-du-retiro-1-hr-visite-privee\/#primaryimage\"},\"image\":{\"@id\":\"https:\/\/segcitytours.es\/fr\/tours\/segway-parc-du-retiro-1-hr-visite-privee\/#primaryimage\"},\"thumbnailUrl\":\"https:\/\/segcitytours.es\/wp-content\/uploads\/2015\/06\/3.jpeg\",\"datePublished\":\"2016-04-09T20:41:34+00:00\",\"dateModified\":\"2024-03-19T17:28:45+00:00\",\"description\":\"Segway Parque del Retiro, Segway Madrid Tours ; d\u00e9couvrez la fa\u00e7on la plus amusante de d\u00e9couvrir les endroits les plus charmants de Madrid. Vivez une exp\u00e9rience unique !\",\"breadcrumb\":{\"@id\":\"https:\/\/segcitytours.es\/fr\/tours\/segway-parc-du-retiro-1-hr-visite-privee\/#breadcrumb\"},\"inLanguage\":\"fr-FR\",\"potentialAction\":[{\"@type\":\"ReadAction\",\"target\":[\"https:\/\/segcitytours.es\/fr\/tours\/segway-parc-du-retiro-1-hr-visite-privee\/\"]}]},{\"@type\":\"ImageObject\",\"inLanguage\":\"fr-FR\",\"@id\":\"https:\/\/segcitytours.es\/fr\/tours\/segway-parc-du-retiro-1-hr-visite-privee\/#primaryimage\",\"url\":\"https:\/\/segcitytours.es\/wp-content\/uploads\/2015\/06\/3.jpeg\",\"contentUrl\":\"https:\/\/segcitytours.es\/wp-content\/uploads\/2015\/06\/3.jpeg\",\"width\":960,\"height\":1280,\"caption\":\"segway madrid segcitytours\"},{\"@type\":\"BreadcrumbList\",\"@id\":\"https:\/\/segcitytours.es\/fr\/tours\/segway-parc-du-retiro-1-hr-visite-privee\/#breadcrumb\",\"itemListElement\":[{\"@type\":\"ListItem\",\"position\":1,\"name\":\"Portada\",\"item\":\"https:\/\/segcitytours.es\/fr\/accueil\/\"},{\"@type\":\"ListItem\",\"position\":2,\"name\":\"Shop\",\"item\":\"https:\/\/segcitytours.es\/en\/shop\/\"},{\"@type\":\"ListItem\",\"position\":3,\"name\":\"Segway Parc du Retiro &#8211; 1 heure . VISITE PRIV\u00c9E\"}]},{\"@type\":\"WebSite\",\"@id\":\"https:\/\/segcitytours.es\/fr\/#website\",\"url\":\"https:\/\/segcitytours.es\/fr\/\",\"name\":\"Madrid Segway Tour Experience\",\"description\":\"Disfruta Madrid en Segway\",\"publisher\":{\"@id\":\"https:\/\/segcitytours.es\/fr\/#organization\"},\"alternateName\":\"Segcitytours - Segway tours\",\"potentialAction\":[{\"@type\":\"SearchAction\",\"target\":{\"@type\":\"EntryPoint\",\"urlTemplate\":\"https:\/\/segcitytours.es\/fr\/?s={search_term_string}\"},\"query-input\":{\"@type\":\"PropertyValueSpecification\",\"valueRequired\":true,\"valueName\":\"search_term_string\"}}],\"inLanguage\":\"fr-FR\"},{\"@type\":[\"Organization\",\"Place\",\"LocalBusiness\"],\"@id\":\"https:\/\/segcitytours.es\/fr\/#organization\",\"name\":\"Segcitytours\",\"alternateName\":\"Segway Tours\",\"url\":\"https:\/\/segcitytours.es\/fr\/\",\"logo\":{\"@id\":\"https:\/\/segcitytours.es\/fr\/tours\/segway-parc-du-retiro-1-hr-visite-privee\/#local-main-organization-logo\"},\"image\":{\"@id\":\"https:\/\/segcitytours.es\/fr\/tours\/segway-parc-du-retiro-1-hr-visite-privee\/#local-main-organization-logo\"},\"sameAs\":[\"https:\/\/www.facebook.com\/Segwayfun-111864518874580\/timeline\/?ref=ts\",\"https:\/\/x.com\/_segwayfun\"],\"address\":{\"@id\":\"https:\/\/segcitytours.es\/fr\/tours\/segway-parc-du-retiro-1-hr-visite-privee\/#local-main-place-address\"},\"geo\":{\"@type\":\"GeoCoordinates\",\"latitude\":\"40.413530233784094\",\"longitude\":\"-3.6983123748514117\"},\"telephone\":[\"+34629612216\"],\"openingHoursSpecification\":[{\"@type\":\"OpeningHoursSpecification\",\"dayOfWeek\":[\"Monday\",\"Tuesday\",\"Wednesday\",\"Thursday\",\"Friday\",\"Saturday\",\"Sunday\"],\"opens\":\"10:00\",\"closes\":\"20:00\"}],\"email\":\"info@segcitytours.es\",\"vatID\":\"B42196998\",\"taxID\":\"B42196998\"},{\"@type\":\"PostalAddress\",\"@id\":\"https:\/\/segcitytours.es\/fr\/tours\/segway-parc-du-retiro-1-hr-visite-privee\/#local-main-place-address\",\"streetAddress\":\"Calle de las Huertas, 39\",\"addressLocality\":\"Madrid\",\"postalCode\":\"28014\",\"addressRegion\":\"Madrid\",\"addressCountry\":\"ES\"},{\"@type\":\"ImageObject\",\"inLanguage\":\"fr-FR\",\"@id\":\"https:\/\/segcitytours.es\/fr\/tours\/segway-parc-du-retiro-1-hr-visite-privee\/#local-main-organization-logo\",\"url\":\"https:\/\/segcitytours.es\/wp-content\/uploads\/2020\/11\/Segcitytours-fondo-blanco-1000px.png\",\"contentUrl\":\"https:\/\/segcitytours.es\/wp-content\/uploads\/2020\/11\/Segcitytours-fondo-blanco-1000px.png\",\"width\":1000,\"height\":500,\"caption\":\"Segcitytours\"}]}<\/script>\n<meta property=\"product:price:amount\" content=\"35.00\" \/>\n<meta property=\"product:price:currency\" content=\"EUR\" \/>\n<meta property=\"og:availability\" content=\"instock\" \/>\n<meta property=\"product:availability\" content=\"instock\" \/>\n<meta property=\"product:condition\" content=\"new\" \/>\n<meta name=\"geo.placename\" content=\"Madrid\" \/>\n<meta name=\"geo.position\" content=\"40.413530233784094;-3.6983123748514117\" \/>\n<meta name=\"geo.region\" content=\"Espagne\" \/>\n<!-- \/ Yoast SEO Premium plugin. -->","yoast_head_json":{"title":"Segway Parc du Retiro","description":"Segway Parque del Retiro, Segway Madrid Tours ; d\u00e9couvrez la fa\u00e7on la plus amusante de d\u00e9couvrir les endroits les plus charmants de Madrid. Vivez une exp\u00e9rience unique !","robots":{"index":"index","follow":"follow","max-snippet":"max-snippet:-1","max-image-preview":"max-image-preview:large","max-video-preview":"max-video-preview:-1"},"canonical":"https:\/\/segcitytours.es\/fr\/tours\/segway-parc-du-retiro-1-hr-visite-privee\/","og_locale":"fr_FR","og_type":"article","og_title":"Segway Parc du Retiro - 1 heure . VISITE PRIV\u00c9E","og_description":"Segway Parque del Retiro, Segway Madrid Tours ; d\u00e9couvrez la fa\u00e7on la plus amusante de d\u00e9couvrir les endroits les plus charmants de Madrid. Vivez une exp\u00e9rience unique !","og_url":"https:\/\/segcitytours.es\/fr\/tours\/segway-parc-du-retiro-1-hr-visite-privee\/","og_site_name":"Madrid Segway Tour Experience","article_publisher":"https:\/\/www.facebook.com\/Segwayfun-111864518874580\/timeline\/?ref=ts","article_modified_time":"2024-03-19T17:28:45+00:00","og_image":[{"width":2560,"height":1920,"url":"https:\/\/segcitytours.es\/wp-content\/uploads\/2016\/04\/madrid-retiro-scaled.jpg","type":"image\/jpeg"}],"twitter_card":"summary_large_image","twitter_site":"@_segwayfun","twitter_misc":{"Prix":"35,00&nbsp;&euro;","Disponibilit\u00e9":"En stock"},"schema":{"@context":"https:\/\/schema.org","@graph":[{"@type":"WebPage","@id":"https:\/\/segcitytours.es\/fr\/tours\/segway-parc-du-retiro-1-hr-visite-privee\/","url":"https:\/\/segcitytours.es\/fr\/tours\/segway-parc-du-retiro-1-hr-visite-privee\/","name":"Segway Parc du Retiro","isPartOf":{"@id":"https:\/\/segcitytours.es\/fr\/#website"},"primaryImageOfPage":{"@id":"https:\/\/segcitytours.es\/fr\/tours\/segway-parc-du-retiro-1-hr-visite-privee\/#primaryimage"},"image":{"@id":"https:\/\/segcitytours.es\/fr\/tours\/segway-parc-du-retiro-1-hr-visite-privee\/#primaryimage"},"thumbnailUrl":"https:\/\/segcitytours.es\/wp-content\/uploads\/2015\/06\/3.jpeg","datePublished":"2016-04-09T20:41:34+00:00","dateModified":"2024-03-19T17:28:45+00:00","description":"Segway Parque del Retiro, Segway Madrid Tours ; d\u00e9couvrez la fa\u00e7on la plus amusante de d\u00e9couvrir les endroits les plus charmants de Madrid. Vivez une exp\u00e9rience unique !","breadcrumb":{"@id":"https:\/\/segcitytours.es\/fr\/tours\/segway-parc-du-retiro-1-hr-visite-privee\/#breadcrumb"},"inLanguage":"fr-FR","potentialAction":[{"@type":"ReadAction","target":["https:\/\/segcitytours.es\/fr\/tours\/segway-parc-du-retiro-1-hr-visite-privee\/"]}]},{"@type":"ImageObject","inLanguage":"fr-FR","@id":"https:\/\/segcitytours.es\/fr\/tours\/segway-parc-du-retiro-1-hr-visite-privee\/#primaryimage","url":"https:\/\/segcitytours.es\/wp-content\/uploads\/2015\/06\/3.jpeg","contentUrl":"https:\/\/segcitytours.es\/wp-content\/uploads\/2015\/06\/3.jpeg","width":960,"height":1280,"caption":"segway madrid segcitytours"},{"@type":"BreadcrumbList","@id":"https:\/\/segcitytours.es\/fr\/tours\/segway-parc-du-retiro-1-hr-visite-privee\/#breadcrumb","itemListElement":[{"@type":"ListItem","position":1,"name":"Portada","item":"https:\/\/segcitytours.es\/fr\/accueil\/"},{"@type":"ListItem","position":2,"name":"Shop","item":"https:\/\/segcitytours.es\/en\/shop\/"},{"@type":"ListItem","position":3,"name":"Segway Parc du Retiro &#8211; 1 heure . VISITE PRIV\u00c9E"}]},{"@type":"WebSite","@id":"https:\/\/segcitytours.es\/fr\/#website","url":"https:\/\/segcitytours.es\/fr\/","name":"Madrid Segway Tour Experience","description":"Disfruta Madrid en Segway","publisher":{"@id":"https:\/\/segcitytours.es\/fr\/#organization"},"alternateName":"Segcitytours - Segway tours","potentialAction":[{"@type":"SearchAction","target":{"@type":"EntryPoint","urlTemplate":"https:\/\/segcitytours.es\/fr\/?s={search_term_string}"},"query-input":{"@type":"PropertyValueSpecification","valueRequired":true,"valueName":"search_term_string"}}],"inLanguage":"fr-FR"},{"@type":["Organization","Place","LocalBusiness"],"@id":"https:\/\/segcitytours.es\/fr\/#organization","name":"Segcitytours","alternateName":"Segway Tours","url":"https:\/\/segcitytours.es\/fr\/","logo":{"@id":"https:\/\/segcitytours.es\/fr\/tours\/segway-parc-du-retiro-1-hr-visite-privee\/#local-main-organization-logo"},"image":{"@id":"https:\/\/segcitytours.es\/fr\/tours\/segway-parc-du-retiro-1-hr-visite-privee\/#local-main-organization-logo"},"sameAs":["https:\/\/www.facebook.com\/Segwayfun-111864518874580\/timeline\/?ref=ts","https:\/\/x.com\/_segwayfun"],"address":{"@id":"https:\/\/segcitytours.es\/fr\/tours\/segway-parc-du-retiro-1-hr-visite-privee\/#local-main-place-address"},"geo":{"@type":"GeoCoordinates","latitude":"40.413530233784094","longitude":"-3.6983123748514117"},"telephone":["+34629612216"],"openingHoursSpecification":[{"@type":"OpeningHoursSpecification","dayOfWeek":["Monday","Tuesday","Wednesday","Thursday","Friday","Saturday","Sunday"],"opens":"10:00","closes":"20:00"}],"email":"info@segcitytours.es","vatID":"B42196998","taxID":"B42196998"},{"@type":"PostalAddress","@id":"https:\/\/segcitytours.es\/fr\/tours\/segway-parc-du-retiro-1-hr-visite-privee\/#local-main-place-address","streetAddress":"Calle de las Huertas, 39","addressLocality":"Madrid","postalCode":"28014","addressRegion":"Madrid","addressCountry":"ES"},{"@type":"ImageObject","inLanguage":"fr-FR","@id":"https:\/\/segcitytours.es\/fr\/tours\/segway-parc-du-retiro-1-hr-visite-privee\/#local-main-organization-logo","url":"https:\/\/segcitytours.es\/wp-content\/uploads\/2020\/11\/Segcitytours-fondo-blanco-1000px.png","contentUrl":"https:\/\/segcitytours.es\/wp-content\/uploads\/2020\/11\/Segcitytours-fondo-blanco-1000px.png","width":1000,"height":500,"caption":"Segcitytours"}]},"product_price_amount":"35.00","product_price_currency":"EUR","og_availability":"instock","product_availability":"instock","product_condition":"new","geo.placename":"Madrid","geo.position":{"lat":"40.413530233784094","long":"-3.6983123748514117"},"geo.region":"Espagne"},"_links":{"self":[{"href":"https:\/\/segcitytours.es\/fr\/wp-json\/wp\/v2\/product\/7428","targetHints":{"allow":["GET"]}}],"collection":[{"href":"https:\/\/segcitytours.es\/fr\/wp-json\/wp\/v2\/product"}],"about":[{"href":"https:\/\/segcitytours.es\/fr\/wp-json\/wp\/v2\/types\/product"}],"replies":[{"embeddable":true,"href":"https:\/\/segcitytours.es\/fr\/wp-json\/wp\/v2\/comments?post=7428"}],"version-history":[{"count":0,"href":"https:\/\/segcitytours.es\/fr\/wp-json\/wp\/v2\/product\/7428\/revisions"}],"wp:featuredmedia":[{"embeddable":true,"href":"https:\/\/segcitytours.es\/fr\/wp-json\/wp\/v2\/media\/7323"}],"wp:attachment":[{"href":"https:\/\/segcitytours.es\/fr\/wp-json\/wp\/v2\/media?parent=7428"}],"wp:term":[{"taxonomy":"product_brand","embeddable":true,"href":"https:\/\/segcitytours.es\/fr\/wp-json\/wp\/v2\/product_brand?post=7428"},{"taxonomy":"product_cat","embeddable":true,"href":"https:\/\/segcitytours.es\/fr\/wp-json\/wp\/v2\/product_cat?post=7428"},{"taxonomy":"product_tag","embeddable":true,"href":"https:\/\/segcitytours.es\/fr\/wp-json\/wp\/v2\/product_tag?post=7428"}],"curies":[{"name":"wp","href":"https:\/\/api.w.org\/{rel}","templated":true}]}}