{"id":7459,"date":"2016-04-11T08:29:15","date_gmt":"2016-04-11T08:29:15","guid":{"rendered":"http:\/\/segcitytours.es.mialias.net\/tours\/segway-historique-madrid-90-min-visite-privee\/"},"modified":"2024-01-13T13:36:15","modified_gmt":"2024-01-13T12:36:15","slug":"segway-historique-madrid-90-min-visite-privee","status":"publish","type":"product","link":"https:\/\/segcitytours.es\/fr\/tours\/segway-historique-madrid-90-min-visite-privee\/","title":{"rendered":"Segway Madrid historique 90 min. VISITE PRIV\u00c9E"},"content":{"rendered":"<h6><span style=\"color: #ff0000;\">Minimum 2 utilisateurs. Suppl\u00e9ment de 10\u20ac pour une visite d&rsquo;un utilisateur<\/span><\/h6>\n<h2>Segway Madrid Monumental<\/h2>\n<h2>90 minutes<\/h2>\n<h5>   <a href=\"https:\/\/youtu.be\/1gneaZlaIIY\"><img decoding=\"async\" class=\"alignnone wp-image-6848\" src=\"http:\/\/segcitytours.es\/wp-content\/uploads\/2021\/06\/YouTube-logo.png\" alt=\"\" width=\"82\" height=\"54\"><\/a><\/h5>\n<h2>Tour en Segway Priv\u00e9 et exclusif, pas de groupes<\/h2>\n<h2>Visite de Madrid en Segway !<\/h2>\n<p><!-- FareHarbor calendar of item #214881 --><br \/>\n<script src=\"https:\/\/fareharbor.com\/embeds\/script\/calendar-small\/segwayfunmadrid\/items\/214881\/?fallback=simple&amp;full-items=yes&amp;flow=358377\"><\/script><\/p>\n<p><strong>Segway Tour Madrid Monumental,<\/strong> choisissez votre segway madrid tour pour 90 minutes.<\/p>\n<p>Avec Segway Madrid, nous ferons une visite de 90 minutes du Madrid Monumental. Nous sommes au centre du barrio de las letras, le quartier litt\u00e9raire de Madrid, et d&rsquo;ici nous pouvons aller au Madrid monumental, le plus ancien Madrid, qui sera parfait pour commencer votre itin\u00e9raire en Segway Tour Madrid Monumental.<\/p>\n<p>. Barrio de las Letras<\/p>\n<p>. Plaza del Comercio \/ Mayor<\/p>\n<p>. Porte ferm\u00e9e<\/p>\n<p>. Point de vue de l&rsquo;Almudena et palais royal<\/p>\n<p>. Place des Ramales<\/p>\n<p>. Carr\u00e9 Isabel II<\/p>\n<p>. Mur arabe<\/p>\n<p>. Puerta del Sol<\/p>\n<p>&nbsp;<\/p>\n<p>Le plaisir du Segway est garanti !<\/p>\n<p>&nbsp;<\/p>\n<p>Profitez du segway \u00e0 Madrid !<\/p>\n<p><span style=\"color: #ff0000;\"><strong>\u00c2ge minimum : 10 ans. Poids minimum et maximum : 30-120 Kg.<br \/>\n<\/strong><\/span><\/p>\n<p><span style=\"color: #ff0000;\">Pour les r\u00e9servations de jour, v\u00e9rifier la disponibilit\u00e9 au +34 629 61 22 16.<\/span><\/p>\n<p><span style=\"color: #ff0000;\">Pas d&rsquo;annulation en cas de pluie.<br \/>\n<\/span><\/p>\n<p><strong><span style=\"color: #ff0000;\">Suppl\u00e9ment pour les visites individuelles.<\/span><\/strong><\/p>\n<p><span style=\"color: #ff0000;\"><strong>Point de d\u00e9part et d&rsquo;arriv\u00e9e : Calle Huertas, 39<\/strong><\/span><\/p>\n<p><strong>Groupes &gt;16 utilisateurs, veuillez consulter.<\/strong><\/p>\n<h3><strong>Autres circuits Segway susceptibles de vous int\u00e9resser :<\/strong><\/h3>\n<p>&nbsp;<\/p>\n<p><strong><a title=\"Segway Madrid\" href=\"http:\/\/segcitytours.es\/tours\/segway-segovia-lagranja\/\">Segway La Granja<\/a> &#8211; <a title=\"Segway \u00e0 Casa de Campo\" href=\"http:\/\/segcitytours.es\/tours\/segwaycasadecampo\/\">Segway Off Road<\/a> &#8211; Segway <a title=\"Segway Madrid\" href=\"http:\/\/segcitytours.es\/tours\/segwayretiro\/\">Madrid Retiro <\/a>&#8211; Segway <a title=\"Segway Soria\" href=\"http:\/\/segcitytours.es\/tours\/segway-soria\/\">Soria (Vinuesa<\/a> ) &#8211; <a title=\"Segway Toledo\" href=\"http:\/\/segcitytours.es\/tours\/cigarral-segway\/\">Segway Enoturismo Toledo <\/a>&#8211; <a title=\"Segway Toledo\" href=\"http:\/\/segcitytours.es\/tours\/segwayteambuilding\/\">Segway pour groupes <\/a> &#8211; <a title=\"Segway Toledo\" href=\"http:\/\/segcitytours.es\/tours\/\">Circuits<\/a> en Segway &#8211; <a title=\"Segway Toledo\" href=\"http:\/\/segcitytours.es\/eventos\/\">\u00c9v\u00e9nements<\/a> <\/strong><strong>&#8211; Segway <a title=\"Segway Toledo\" href=\"http:\/\/segcitytours.es\/segway-empresas\/\">pour entreprises<\/a><\/strong><\/p>\n<style>\n.cart {display: none !important;}<br \/><\/style>\n<p><!--more--><\/p>\n","protected":false},"excerpt":{"rendered":"<p><strong>Segway Tour Madrid Monumental,<\/strong> choisissez votre segway madrid tour pour 90 minutes.<\/p>\n<p>Avec Segway Madrid, nous ferons une visite de 90 minutes du Madrid Monumental. Nous sommes au centre du barrio de las letras, le quartier litt\u00e9raire de Madrid, et d&rsquo;ici nous pouvons aller au Madrid monumental, le plus ancien Madrid, qui sera parfait pour commencer votre itin\u00e9raire en Segway Tour Madrid Monumental.<\/p>\n","protected":false},"featured_media":7467,"comment_status":"closed","ping_status":"closed","template":"","meta":{"site-sidebar-layout":"default","site-content-layout":"","ast-site-content-layout":"default","site-content-style":"default","site-sidebar-style":"default","ast-global-header-display":"","ast-banner-title-visibility":"","ast-main-header-display":"","ast-hfb-above-header-display":"","ast-hfb-below-header-display":"","ast-hfb-mobile-header-display":"","site-post-title":"","ast-breadcrumbs-content":"","ast-featured-img":"","footer-sml-layout":"","ast-disable-related-posts":"","theme-transparent-header-meta":"default","adv-header-id-meta":"","stick-header-meta":"default","header-above-stick-meta":"","header-main-stick-meta":"","header-below-stick-meta":"","astra-migrate-meta-layouts":"default","ast-page-background-enabled":"default","ast-page-background-meta":{"desktop":{"background-color":"","background-image":"","background-repeat":"repeat","background-position":"center center","background-size":"auto","background-attachment":"scroll","background-type":"","background-media":"","overlay-type":"","overlay-color":"","overlay-opacity":"","overlay-gradient":""},"tablet":{"background-color":"","background-image":"","background-repeat":"repeat","background-position":"center center","background-size":"auto","background-attachment":"scroll","background-type":"","background-media":"","overlay-type":"","overlay-color":"","overlay-opacity":"","overlay-gradient":""},"mobile":{"background-color":"","background-image":"","background-repeat":"repeat","background-position":"center center","background-size":"auto","background-attachment":"scroll","background-type":"","background-media":"","overlay-type":"","overlay-color":"","overlay-opacity":"","overlay-gradient":""}},"ast-content-background-meta":{"desktop":{"background-color":"var(--ast-global-color-5)","background-image":"","background-repeat":"repeat","background-position":"center center","background-size":"auto","background-attachment":"scroll","background-type":"","background-media":"","overlay-type":"","overlay-color":"","overlay-opacity":"","overlay-gradient":""},"tablet":{"background-color":"var(--ast-global-color-5)","background-image":"","background-repeat":"repeat","background-position":"center center","background-size":"auto","background-attachment":"scroll","background-type":"","background-media":"","overlay-type":"","overlay-color":"","overlay-opacity":"","overlay-gradient":""},"mobile":{"background-color":"var(--ast-global-color-5)","background-image":"","background-repeat":"repeat","background-position":"center center","background-size":"auto","background-attachment":"scroll","background-type":"","background-media":"","overlay-type":"","overlay-color":"","overlay-opacity":"","overlay-gradient":""}}},"product_brand":[],"product_cat":[2034],"product_tag":[41,57,23,58,38,42],"class_list":{"0":"post-7459","1":"product","2":"type-product","3":"status-publish","4":"has-post-thumbnail","6":"product_cat-segway-madrid-tours-fr","7":"product_tag-madrid","8":"product_tag-madrid-en-segway","9":"product_tag-segway","10":"product_tag-segway-en-madrid","11":"product_tag-segway-madrid","12":"product_tag-segway-sightseeing-tour","13":"desktop-align-center","14":"tablet-align-center","15":"mobile-align-center","16":"ast-product-gallery-layout-horizontal","17":"ast-product-gallery-with-no-image","18":"ast-product-tabs-layout-distributed","19":"ast-qv-on-image","21":"first","22":"instock","23":"featured","24":"virtual","25":"sold-individually","26":"purchasable","27":"product-type-booking"},"booking_location":"","booking_location_type":"","booking_duration":1,"booking_duration_unit":"hour","booking_buffer":0,"booking_cost":45,"booking_resources":[],"yoast_head":"<!-- This site is optimized with the Yoast SEO Premium plugin v27.4 (Yoast SEO v27.3) - https:\/\/yoast.com\/product\/yoast-seo-premium-wordpress\/ -->\n<title>Tour en Segway Madrid Monumental<\/title>\n<meta name=\"description\" content=\"Segway Tour Madrid Monumental, la fa\u00e7on la plus simple et la plus amusante de conna\u00eetre les lieux embl\u00e9matiques de Madrid et de s&#039;amuser en segway, montez et profitez.\" \/>\n<meta name=\"robots\" content=\"index, follow, max-snippet:-1, max-image-preview:large, max-video-preview:-1\" \/>\n<link rel=\"canonical\" href=\"https:\/\/segcitytours.es\/fr\/tours\/segway-historique-madrid-90-min-visite-privee\/\" \/>\n<meta property=\"og:locale\" content=\"fr_FR\" \/>\n<meta property=\"og:type\" content=\"article\" \/>\n<meta property=\"og:title\" content=\"Tour en Segway Madrid Monumental\" \/>\n<meta property=\"og:description\" content=\"Segway Tour Madrid Monumental, la fa\u00e7on la plus simple et la plus amusante de conna\u00eetre les lieux embl\u00e9matiques de Madrid et de s&#039;amuser en segway, montez et profitez.\" \/>\n<meta property=\"og:url\" content=\"https:\/\/segcitytours.es\/fr\/tours\/segway-historique-madrid-90-min-visite-privee\/\" \/>\n<meta property=\"og:site_name\" content=\"Madrid Segway Tour Experience\" \/>\n<meta property=\"article:publisher\" content=\"https:\/\/www.facebook.com\/Segwayfun-111864518874580\/timeline\/?ref=ts\" \/>\n<meta property=\"article:modified_time\" content=\"2024-01-13T12:36:15+00:00\" \/>\n<meta property=\"og:image\" content=\"https:\/\/segcitytours.es\/wp-content\/uploads\/2016\/04\/segway-madrid-90.jpg\" \/>\n\t<meta property=\"og:image:width\" content=\"2016\" \/>\n\t<meta property=\"og:image:height\" content=\"1512\" \/>\n\t<meta property=\"og:image:type\" content=\"image\/jpeg\" \/>\n<meta name=\"twitter:card\" content=\"summary_large_image\" \/>\n<meta name=\"twitter:site\" content=\"@_segwayfun\" \/>\n<meta name=\"twitter:label1\" content=\"Prix\" \/>\n\t<meta name=\"twitter:data1\" content=\"45,00&nbsp;&euro;\" \/>\n\t<meta name=\"twitter:label2\" content=\"Disponibilit\u00e9\" \/>\n\t<meta name=\"twitter:data2\" content=\"En stock\" \/>\n<script type=\"application\/ld+json\" class=\"yoast-schema-graph\">{\"@context\":\"https:\\\/\\\/schema.org\",\"@graph\":[{\"@type\":\"WebPage\",\"@id\":\"https:\\\/\\\/segcitytours.es\\\/fr\\\/tours\\\/segway-historique-madrid-90-min-visite-privee\\\/\",\"url\":\"https:\\\/\\\/segcitytours.es\\\/fr\\\/tours\\\/segway-historique-madrid-90-min-visite-privee\\\/\",\"name\":\"Tour en Segway Madrid Monumental\",\"isPartOf\":{\"@id\":\"https:\\\/\\\/segcitytours.es\\\/fr\\\/#website\"},\"primaryImageOfPage\":{\"@id\":\"https:\\\/\\\/segcitytours.es\\\/fr\\\/tours\\\/segway-historique-madrid-90-min-visite-privee\\\/#primaryimage\"},\"image\":{\"@id\":\"https:\\\/\\\/segcitytours.es\\\/fr\\\/tours\\\/segway-historique-madrid-90-min-visite-privee\\\/#primaryimage\"},\"thumbnailUrl\":\"https:\\\/\\\/segcitytours.es\\\/wp-content\\\/uploads\\\/2016\\\/04\\\/segway-madrid-90.jpg\",\"datePublished\":\"2016-04-11T08:29:15+00:00\",\"dateModified\":\"2024-01-13T12:36:15+00:00\",\"description\":\"Segway Tour Madrid Monumental, la fa\u00e7on la plus simple et la plus amusante de conna\u00eetre les lieux embl\u00e9matiques de Madrid et de s'amuser en segway, montez et profitez.\",\"breadcrumb\":{\"@id\":\"https:\\\/\\\/segcitytours.es\\\/fr\\\/tours\\\/segway-historique-madrid-90-min-visite-privee\\\/#breadcrumb\"},\"inLanguage\":\"fr-FR\",\"potentialAction\":[{\"@type\":\"ReadAction\",\"target\":[\"https:\\\/\\\/segcitytours.es\\\/fr\\\/tours\\\/segway-historique-madrid-90-min-visite-privee\\\/\"]}]},{\"@type\":\"ImageObject\",\"inLanguage\":\"fr-FR\",\"@id\":\"https:\\\/\\\/segcitytours.es\\\/fr\\\/tours\\\/segway-historique-madrid-90-min-visite-privee\\\/#primaryimage\",\"url\":\"https:\\\/\\\/segcitytours.es\\\/wp-content\\\/uploads\\\/2016\\\/04\\\/segway-madrid-90.jpg\",\"contentUrl\":\"https:\\\/\\\/segcitytours.es\\\/wp-content\\\/uploads\\\/2016\\\/04\\\/segway-madrid-90.jpg\",\"width\":2016,\"height\":1512},{\"@type\":\"BreadcrumbList\",\"@id\":\"https:\\\/\\\/segcitytours.es\\\/fr\\\/tours\\\/segway-historique-madrid-90-min-visite-privee\\\/#breadcrumb\",\"itemListElement\":[{\"@type\":\"ListItem\",\"position\":1,\"name\":\"Portada\",\"item\":\"https:\\\/\\\/segcitytours.es\\\/fr\\\/accueil\\\/\"},{\"@type\":\"ListItem\",\"position\":2,\"name\":\"Shop\",\"item\":\"https:\\\/\\\/segcitytours.es\\\/en\\\/shop\\\/\"},{\"@type\":\"ListItem\",\"position\":3,\"name\":\"Segway Madrid historique 90 min. VISITE PRIV\u00c9E\"}]},{\"@type\":\"WebSite\",\"@id\":\"https:\\\/\\\/segcitytours.es\\\/fr\\\/#website\",\"url\":\"https:\\\/\\\/segcitytours.es\\\/fr\\\/\",\"name\":\"Madrid Segway Tour Experience\",\"description\":\"Disfruta Madrid en Segway\",\"publisher\":{\"@id\":\"https:\\\/\\\/segcitytours.es\\\/fr\\\/#organization\"},\"alternateName\":\"Segcitytours - Segway tours\",\"potentialAction\":[{\"@type\":\"SearchAction\",\"target\":{\"@type\":\"EntryPoint\",\"urlTemplate\":\"https:\\\/\\\/segcitytours.es\\\/fr\\\/?s={search_term_string}\"},\"query-input\":{\"@type\":\"PropertyValueSpecification\",\"valueRequired\":true,\"valueName\":\"search_term_string\"}}],\"inLanguage\":\"fr-FR\"},{\"@type\":[\"Organization\",\"Place\",\"LocalBusiness\"],\"@id\":\"https:\\\/\\\/segcitytours.es\\\/fr\\\/#organization\",\"name\":\"Segcitytours\",\"alternateName\":\"Segway Tours\",\"url\":\"https:\\\/\\\/segcitytours.es\\\/fr\\\/\",\"logo\":{\"@id\":\"https:\\\/\\\/segcitytours.es\\\/fr\\\/tours\\\/segway-historique-madrid-90-min-visite-privee\\\/#local-main-organization-logo\"},\"image\":{\"@id\":\"https:\\\/\\\/segcitytours.es\\\/fr\\\/tours\\\/segway-historique-madrid-90-min-visite-privee\\\/#local-main-organization-logo\"},\"sameAs\":[\"https:\\\/\\\/www.facebook.com\\\/Segwayfun-111864518874580\\\/timeline\\\/?ref=ts\",\"https:\\\/\\\/x.com\\\/_segwayfun\"],\"address\":{\"@id\":\"https:\\\/\\\/segcitytours.es\\\/fr\\\/tours\\\/segway-historique-madrid-90-min-visite-privee\\\/#local-main-place-address\"},\"geo\":{\"@type\":\"GeoCoordinates\",\"latitude\":\"40.413530233784094\",\"longitude\":\"-3.6983123748514117\"},\"telephone\":[\"+34629612216\"],\"openingHoursSpecification\":[{\"@type\":\"OpeningHoursSpecification\",\"dayOfWeek\":[\"Monday\",\"Tuesday\",\"Wednesday\",\"Thursday\",\"Friday\",\"Saturday\",\"Sunday\"],\"opens\":\"10:00\",\"closes\":\"20:00\"}],\"email\":\"info@segcitytours.es\",\"vatID\":\"B42196998\",\"taxID\":\"B42196998\"},{\"@type\":\"PostalAddress\",\"@id\":\"https:\\\/\\\/segcitytours.es\\\/fr\\\/tours\\\/segway-historique-madrid-90-min-visite-privee\\\/#local-main-place-address\",\"streetAddress\":\"Calle de las Huertas, 39\",\"addressLocality\":\"Madrid\",\"postalCode\":\"28014\",\"addressRegion\":\"Madrid\",\"addressCountry\":\"ES\"},{\"@type\":\"ImageObject\",\"inLanguage\":\"fr-FR\",\"@id\":\"https:\\\/\\\/segcitytours.es\\\/fr\\\/tours\\\/segway-historique-madrid-90-min-visite-privee\\\/#local-main-organization-logo\",\"url\":\"https:\\\/\\\/segcitytours.es\\\/wp-content\\\/uploads\\\/2020\\\/11\\\/Segcitytours-fondo-blanco-1000px.png\",\"contentUrl\":\"https:\\\/\\\/segcitytours.es\\\/wp-content\\\/uploads\\\/2020\\\/11\\\/Segcitytours-fondo-blanco-1000px.png\",\"width\":1000,\"height\":500,\"caption\":\"Segcitytours\"}]}<\/script>\n<meta property=\"product:price:amount\" content=\"45.00\" \/>\n<meta property=\"product:price:currency\" content=\"EUR\" \/>\n<meta property=\"og:availability\" content=\"instock\" \/>\n<meta property=\"product:availability\" content=\"instock\" \/>\n<meta property=\"product:condition\" content=\"new\" \/>\n<meta name=\"geo.placename\" content=\"Madrid\" \/>\n<meta name=\"geo.position\" content=\"40.413530233784094;-3.6983123748514117\" \/>\n<meta name=\"geo.region\" content=\"Espagne\" \/>\n<!-- \/ Yoast SEO Premium plugin. -->","yoast_head_json":{"title":"Tour en Segway Madrid Monumental","description":"Segway Tour Madrid Monumental, la fa\u00e7on la plus simple et la plus amusante de conna\u00eetre les lieux embl\u00e9matiques de Madrid et de s'amuser en segway, montez et profitez.","robots":{"index":"index","follow":"follow","max-snippet":"max-snippet:-1","max-image-preview":"max-image-preview:large","max-video-preview":"max-video-preview:-1"},"canonical":"https:\/\/segcitytours.es\/fr\/tours\/segway-historique-madrid-90-min-visite-privee\/","og_locale":"fr_FR","og_type":"article","og_title":"Tour en Segway Madrid Monumental","og_description":"Segway Tour Madrid Monumental, la fa\u00e7on la plus simple et la plus amusante de conna\u00eetre les lieux embl\u00e9matiques de Madrid et de s'amuser en segway, montez et profitez.","og_url":"https:\/\/segcitytours.es\/fr\/tours\/segway-historique-madrid-90-min-visite-privee\/","og_site_name":"Madrid Segway Tour Experience","article_publisher":"https:\/\/www.facebook.com\/Segwayfun-111864518874580\/timeline\/?ref=ts","article_modified_time":"2024-01-13T12:36:15+00:00","og_image":[{"width":2016,"height":1512,"url":"https:\/\/segcitytours.es\/wp-content\/uploads\/2016\/04\/segway-madrid-90.jpg","type":"image\/jpeg"}],"twitter_card":"summary_large_image","twitter_site":"@_segwayfun","twitter_misc":{"Prix":"45,00&nbsp;&euro;","Disponibilit\u00e9":"En stock"},"schema":{"@context":"https:\/\/schema.org","@graph":[{"@type":"WebPage","@id":"https:\/\/segcitytours.es\/fr\/tours\/segway-historique-madrid-90-min-visite-privee\/","url":"https:\/\/segcitytours.es\/fr\/tours\/segway-historique-madrid-90-min-visite-privee\/","name":"Tour en Segway Madrid Monumental","isPartOf":{"@id":"https:\/\/segcitytours.es\/fr\/#website"},"primaryImageOfPage":{"@id":"https:\/\/segcitytours.es\/fr\/tours\/segway-historique-madrid-90-min-visite-privee\/#primaryimage"},"image":{"@id":"https:\/\/segcitytours.es\/fr\/tours\/segway-historique-madrid-90-min-visite-privee\/#primaryimage"},"thumbnailUrl":"https:\/\/segcitytours.es\/wp-content\/uploads\/2016\/04\/segway-madrid-90.jpg","datePublished":"2016-04-11T08:29:15+00:00","dateModified":"2024-01-13T12:36:15+00:00","description":"Segway Tour Madrid Monumental, la fa\u00e7on la plus simple et la plus amusante de conna\u00eetre les lieux embl\u00e9matiques de Madrid et de s'amuser en segway, montez et profitez.","breadcrumb":{"@id":"https:\/\/segcitytours.es\/fr\/tours\/segway-historique-madrid-90-min-visite-privee\/#breadcrumb"},"inLanguage":"fr-FR","potentialAction":[{"@type":"ReadAction","target":["https:\/\/segcitytours.es\/fr\/tours\/segway-historique-madrid-90-min-visite-privee\/"]}]},{"@type":"ImageObject","inLanguage":"fr-FR","@id":"https:\/\/segcitytours.es\/fr\/tours\/segway-historique-madrid-90-min-visite-privee\/#primaryimage","url":"https:\/\/segcitytours.es\/wp-content\/uploads\/2016\/04\/segway-madrid-90.jpg","contentUrl":"https:\/\/segcitytours.es\/wp-content\/uploads\/2016\/04\/segway-madrid-90.jpg","width":2016,"height":1512},{"@type":"BreadcrumbList","@id":"https:\/\/segcitytours.es\/fr\/tours\/segway-historique-madrid-90-min-visite-privee\/#breadcrumb","itemListElement":[{"@type":"ListItem","position":1,"name":"Portada","item":"https:\/\/segcitytours.es\/fr\/accueil\/"},{"@type":"ListItem","position":2,"name":"Shop","item":"https:\/\/segcitytours.es\/en\/shop\/"},{"@type":"ListItem","position":3,"name":"Segway Madrid historique 90 min. VISITE PRIV\u00c9E"}]},{"@type":"WebSite","@id":"https:\/\/segcitytours.es\/fr\/#website","url":"https:\/\/segcitytours.es\/fr\/","name":"Madrid Segway Tour Experience","description":"Disfruta Madrid en Segway","publisher":{"@id":"https:\/\/segcitytours.es\/fr\/#organization"},"alternateName":"Segcitytours - Segway tours","potentialAction":[{"@type":"SearchAction","target":{"@type":"EntryPoint","urlTemplate":"https:\/\/segcitytours.es\/fr\/?s={search_term_string}"},"query-input":{"@type":"PropertyValueSpecification","valueRequired":true,"valueName":"search_term_string"}}],"inLanguage":"fr-FR"},{"@type":["Organization","Place","LocalBusiness"],"@id":"https:\/\/segcitytours.es\/fr\/#organization","name":"Segcitytours","alternateName":"Segway Tours","url":"https:\/\/segcitytours.es\/fr\/","logo":{"@id":"https:\/\/segcitytours.es\/fr\/tours\/segway-historique-madrid-90-min-visite-privee\/#local-main-organization-logo"},"image":{"@id":"https:\/\/segcitytours.es\/fr\/tours\/segway-historique-madrid-90-min-visite-privee\/#local-main-organization-logo"},"sameAs":["https:\/\/www.facebook.com\/Segwayfun-111864518874580\/timeline\/?ref=ts","https:\/\/x.com\/_segwayfun"],"address":{"@id":"https:\/\/segcitytours.es\/fr\/tours\/segway-historique-madrid-90-min-visite-privee\/#local-main-place-address"},"geo":{"@type":"GeoCoordinates","latitude":"40.413530233784094","longitude":"-3.6983123748514117"},"telephone":["+34629612216"],"openingHoursSpecification":[{"@type":"OpeningHoursSpecification","dayOfWeek":["Monday","Tuesday","Wednesday","Thursday","Friday","Saturday","Sunday"],"opens":"10:00","closes":"20:00"}],"email":"info@segcitytours.es","vatID":"B42196998","taxID":"B42196998"},{"@type":"PostalAddress","@id":"https:\/\/segcitytours.es\/fr\/tours\/segway-historique-madrid-90-min-visite-privee\/#local-main-place-address","streetAddress":"Calle de las Huertas, 39","addressLocality":"Madrid","postalCode":"28014","addressRegion":"Madrid","addressCountry":"ES"},{"@type":"ImageObject","inLanguage":"fr-FR","@id":"https:\/\/segcitytours.es\/fr\/tours\/segway-historique-madrid-90-min-visite-privee\/#local-main-organization-logo","url":"https:\/\/segcitytours.es\/wp-content\/uploads\/2020\/11\/Segcitytours-fondo-blanco-1000px.png","contentUrl":"https:\/\/segcitytours.es\/wp-content\/uploads\/2020\/11\/Segcitytours-fondo-blanco-1000px.png","width":1000,"height":500,"caption":"Segcitytours"}]},"product_price_amount":"45.00","product_price_currency":"EUR","og_availability":"instock","product_availability":"instock","product_condition":"new","geo.placename":"Madrid","geo.position":{"lat":"40.413530233784094","long":"-3.6983123748514117"},"geo.region":"Espagne"},"_links":{"self":[{"href":"https:\/\/segcitytours.es\/fr\/wp-json\/wp\/v2\/product\/7459","targetHints":{"allow":["GET"]}}],"collection":[{"href":"https:\/\/segcitytours.es\/fr\/wp-json\/wp\/v2\/product"}],"about":[{"href":"https:\/\/segcitytours.es\/fr\/wp-json\/wp\/v2\/types\/product"}],"replies":[{"embeddable":true,"href":"https:\/\/segcitytours.es\/fr\/wp-json\/wp\/v2\/comments?post=7459"}],"version-history":[{"count":0,"href":"https:\/\/segcitytours.es\/fr\/wp-json\/wp\/v2\/product\/7459\/revisions"}],"wp:featuredmedia":[{"embeddable":true,"href":"https:\/\/segcitytours.es\/fr\/wp-json\/wp\/v2\/media\/7467"}],"wp:attachment":[{"href":"https:\/\/segcitytours.es\/fr\/wp-json\/wp\/v2\/media?parent=7459"}],"wp:term":[{"taxonomy":"product_brand","embeddable":true,"href":"https:\/\/segcitytours.es\/fr\/wp-json\/wp\/v2\/product_brand?post=7459"},{"taxonomy":"product_cat","embeddable":true,"href":"https:\/\/segcitytours.es\/fr\/wp-json\/wp\/v2\/product_cat?post=7459"},{"taxonomy":"product_tag","embeddable":true,"href":"https:\/\/segcitytours.es\/fr\/wp-json\/wp\/v2\/product_tag?post=7459"}],"curies":[{"name":"wp","href":"https:\/\/api.w.org\/{rel}","templated":true}]}}