{"id":7554,"date":"2019-10-25T20:50:30","date_gmt":"2019-10-25T18:50:30","guid":{"rendered":"http:\/\/segcitytours.es.mialias.net\/tours\/visite-de-vignoble-degustation-visite-des-vignobles-en-segway\/"},"modified":"2024-01-14T10:13:01","modified_gmt":"2024-01-14T09:13:01","slug":"visite-de-vignoble-degustation-visite-des-vignobles-en-segway","status":"publish","type":"product","link":"https:\/\/segcitytours.es\/fr\/tours\/visite-de-vignoble-degustation-visite-des-vignobles-en-segway\/","title":{"rendered":"Visite d&rsquo;un domaine viticole + d\u00e9gustation de vin + visite des vignobles en Segway"},"content":{"rendered":"<p><strong><span style=\"color: #ff0000;\">Vignobles et Segway<\/span><\/strong><\/p>\n<h1>Casa del Valle : Segway + visite + d\u00e9gustation<\/h1>\n<h2>Tour en Segway Priv\u00e9 et exclusif, pas pour les groupes<\/h2>\n<h3>Profitez d&rsquo;une exp\u00e9rience dans l&rsquo;un des plus grands domaines viticoles de Tol\u00e8de.<\/h3>\n<p>&nbsp;<\/p>\n<p><strong>Bodega et Segway, <\/strong>une visite \u00e0 l&rsquo;une des plus grandes caves de Tol\u00e8de, nous marcherons \u00e0 travers les vignobles, nous apprendrons le processus de fabrication du vin et nous terminerons par une d\u00e9gustation de 3 grands vins accompagn\u00e9s de charcuterie ib\u00e9rique.<\/p>\n<ul>\n<li>Nous ferons une promenade en segway \u00e0 travers les vignobles.<\/li>\n<li>Nous visitons les installations de la cave.<\/li>\n<li>D\u00e9gustation et conf\u00e9rence avec un \u0153nologue professionnel<\/li>\n<\/ul>\n<p>Si vous le souhaitez, nous pouvons organiser votre r\u00e9union d&rsquo;entreprise ou un service de restauration sur place.<\/p>\n<p>Groupes de 6 \u00e0 15 personnes. (pour les groupes plus importants, veuillez consulter).<br \/>\nDur\u00e9e : 90-120 minutes<\/p>\n<p><span style=\"color: #ff0000;\"><strong>Poids minimum et maximum : 30-120 Kg.<\/strong><\/span><\/p>\n<p>Pas d&rsquo;annulation en cas de pluie.<\/p>\n<p>Montez \u00e0 bord, savourez et d\u00e9gustez !<\/p>\n<h3>Autres circuits Segway susceptibles de vous int\u00e9resser :<\/h3>\n<p><strong><a title=\"Segway Madrid\" href=\"http:\/\/segcitytours.es\/tours\/segway-segovia-lagranja\/\">Segway La Granja<\/a> &#8211; <a title=\"Segway \u00e0 Casa de Campo\" href=\"http:\/\/segcitytours.es\/tours\/segwaycasadecampo\/\">Segway Off Road<\/a> &#8211; Segway <a title=\"Segway Madrid\" href=\"http:\/\/segcitytours.es\/tours\/segwayaustrias\/\">Madrid<\/a> &#8211; Segway <a title=\"Segway Madrid\" href=\"http:\/\/segcitytours.es\/tours\/segwayretiro\/\">Madrid Retiro <\/a>&#8211; Segway <a title=\"Segway Soria\" href=\"http:\/\/segcitytours.es\/tours\/segway-soria\/\">Soria (Vinuesa<\/a> ) &#8211; Segway <a title=\"Segway Toledo\" href=\"http:\/\/segcitytours.es\/tours\/cigarral-segway\/\">Enoturismo Toledo &#8211; Segway Enoturismo Toledo <\/a>&#8211; Segway <a title=\"Segway Toledo\" href=\"http:\/\/segcitytours.es\/tours\/segwayteambuilding\/\">groupes <\/a> &#8211; Segway <a title=\"Segway Toledo\" href=\"http:\/\/segcitytours.es\/tours\/\">tours<\/a> &#8211; <a title=\"Segway Toledo\" href=\"http:\/\/segcitytours.es\/eventos\/\">\u00c9v\u00e9nements<\/a> <\/strong><strong>&#8211; <a title=\"Segway Toledo\" href=\"http:\/\/segcitytours.es\/segway-empresas\/\">Segway pour entreprises<\/a><\/strong><\/p>\n<style>\n.cart {display: none !important;}<br \/><\/style>\n<p><a class=\"fh-button-true-flat-pink\" href=\"mailto:info@segcitytours.es.mialias.net\">  \u00c9crivez-nous \u00e0 info@segcitytours.es.mialias.net<\/a><\/p>\n<p><a class=\"fh-button-true-flat-pink\" href=\"tel:+34629612216\">Appelez-nous pour en savoir plus sur les activit\u00e9s : +34 629612216<\/a><\/p>\n<p><!--more--><\/p>\n","protected":false},"excerpt":{"rendered":"<p><strong>Bodega et Segway, <\/strong>une visite \u00e0 l&rsquo;une des plus grandes caves de Tol\u00e8de, nous marcherons \u00e0 travers les vignobles, nous apprendrons le processus de fabrication du vin et nous terminerons par une d\u00e9gustation de 3 grands vins accompagn\u00e9s de charcuterie ib\u00e9rique.<\/p>\n<ul>\n<li>Nous ferons une promenade en segway \u00e0 travers les vignobles.<\/li>\n<li>Nous visitons les installations de la cave.<\/li>\n<li>D\u00e9gustation et conf\u00e9rence avec un \u0153nologue professionnel<\/li>\n<\/ul>\n","protected":false},"featured_media":7555,"comment_status":"closed","ping_status":"closed","template":"","meta":{"site-sidebar-layout":"default","site-content-layout":"","ast-site-content-layout":"default","site-content-style":"default","site-sidebar-style":"default","ast-global-header-display":"","ast-banner-title-visibility":"","ast-main-header-display":"","ast-hfb-above-header-display":"","ast-hfb-below-header-display":"","ast-hfb-mobile-header-display":"","site-post-title":"","ast-breadcrumbs-content":"","ast-featured-img":"","footer-sml-layout":"","ast-disable-related-posts":"","theme-transparent-header-meta":"default","adv-header-id-meta":"","stick-header-meta":"default","header-above-stick-meta":"","header-main-stick-meta":"","header-below-stick-meta":"","astra-migrate-meta-layouts":"default","ast-page-background-enabled":"default","ast-page-background-meta":{"desktop":{"background-color":"","background-image":"","background-repeat":"repeat","background-position":"center center","background-size":"auto","background-attachment":"scroll","background-type":"","background-media":"","overlay-type":"","overlay-color":"","overlay-opacity":"","overlay-gradient":""},"tablet":{"background-color":"","background-image":"","background-repeat":"repeat","background-position":"center center","background-size":"auto","background-attachment":"scroll","background-type":"","background-media":"","overlay-type":"","overlay-color":"","overlay-opacity":"","overlay-gradient":""},"mobile":{"background-color":"","background-image":"","background-repeat":"repeat","background-position":"center center","background-size":"auto","background-attachment":"scroll","background-type":"","background-media":"","overlay-type":"","overlay-color":"","overlay-opacity":"","overlay-gradient":""}},"ast-content-background-meta":{"desktop":{"background-color":"var(--ast-global-color-5)","background-image":"","background-repeat":"repeat","background-position":"center center","background-size":"auto","background-attachment":"scroll","background-type":"","background-media":"","overlay-type":"","overlay-color":"","overlay-opacity":"","overlay-gradient":""},"tablet":{"background-color":"var(--ast-global-color-5)","background-image":"","background-repeat":"repeat","background-position":"center center","background-size":"auto","background-attachment":"scroll","background-type":"","background-media":"","overlay-type":"","overlay-color":"","overlay-opacity":"","overlay-gradient":""},"mobile":{"background-color":"var(--ast-global-color-5)","background-image":"","background-repeat":"repeat","background-position":"center center","background-size":"auto","background-attachment":"scroll","background-type":"","background-media":"","overlay-type":"","overlay-color":"","overlay-opacity":"","overlay-gradient":""}}},"product_brand":[],"product_cat":[2042],"product_tag":[24,23,26,25],"class_list":{"0":"post-7554","1":"product","2":"type-product","3":"status-publish","4":"has-post-thumbnail","6":"product_cat-enoturismo-fr","7":"product_tag-cigarral-en-segway","8":"product_tag-segway","9":"product_tag-segway-toledo","10":"product_tag-toledo","11":"desktop-align-center","12":"tablet-align-center","13":"mobile-align-center","14":"ast-product-gallery-layout-horizontal","15":"ast-product-gallery-with-no-image","16":"ast-product-tabs-layout-distributed","17":"ast-qv-on-image","19":"first","20":"instock","21":"featured","22":"sold-individually","23":"shipping-taxable","24":"purchasable","25":"product-type-booking"},"booking_location":"","booking_location_type":"","booking_duration":1,"booking_duration_unit":"day","booking_buffer":0,"booking_cost":120,"booking_resources":[],"yoast_head":"<!-- This site is optimized with the Yoast SEO Premium plugin v27.1 (Yoast SEO v27.1.1) - https:\/\/yoast.com\/product\/yoast-seo-premium-wordpress\/ -->\n<title>Vignobles et Segway<\/title>\n<meta name=\"description\" content=\"Vignobles et Segway. L&#039;une des plus grandes caves de Tol\u00e8de, elle associe vignes et oliviers. Une exp\u00e9rience qui fait appel aux sens.\" \/>\n<meta name=\"robots\" content=\"index, follow, max-snippet:-1, max-image-preview:large, max-video-preview:-1\" \/>\n<link rel=\"canonical\" href=\"https:\/\/segcitytours.es\/fr\/tours\/visite-de-vignoble-degustation-visite-des-vignobles-en-segway\/\" \/>\n<meta property=\"og:locale\" content=\"fr_FR\" \/>\n<meta property=\"og:type\" content=\"article\" \/>\n<meta property=\"og:title\" content=\"Visite d&#039;un domaine viticole + d\u00e9gustation de vin + visite des vignobles en Segway\" \/>\n<meta property=\"og:description\" content=\"Vignobles et Segway. L&#039;une des plus grandes caves de Tol\u00e8de, elle associe vignes et oliviers. Une exp\u00e9rience qui fait appel aux sens.\" \/>\n<meta property=\"og:url\" content=\"https:\/\/segcitytours.es\/fr\/tours\/visite-de-vignoble-degustation-visite-des-vignobles-en-segway\/\" \/>\n<meta property=\"og:site_name\" content=\"Madrid Segway Tour Experience\" \/>\n<meta property=\"article:publisher\" content=\"https:\/\/www.facebook.com\/Segwayfun-111864518874580\/timeline\/?ref=ts\" \/>\n<meta property=\"article:modified_time\" content=\"2024-01-14T09:13:01+00:00\" \/>\n<meta property=\"og:image\" content=\"https:\/\/segcitytours.es\/wp-content\/uploads\/2019\/10\/IMG_5580-scaled.jpg\" \/>\n\t<meta property=\"og:image:width\" content=\"2560\" \/>\n\t<meta property=\"og:image:height\" content=\"1920\" \/>\n\t<meta property=\"og:image:type\" content=\"image\/jpeg\" \/>\n<meta name=\"twitter:card\" content=\"summary_large_image\" \/>\n<meta name=\"twitter:site\" content=\"@_segwayfun\" \/>\n<meta name=\"twitter:label1\" content=\"Prix\" \/>\n\t<meta name=\"twitter:data1\" content=\"120,00&nbsp;&euro;\" \/>\n\t<meta name=\"twitter:label2\" content=\"Disponibilit\u00e9\" \/>\n\t<meta name=\"twitter:data2\" content=\"En stock\" \/>\n<script type=\"application\/ld+json\" class=\"yoast-schema-graph\">{\"@context\":\"https:\/\/schema.org\",\"@graph\":[{\"@type\":\"WebPage\",\"@id\":\"https:\/\/segcitytours.es\/fr\/tours\/visite-de-vignoble-degustation-visite-des-vignobles-en-segway\/\",\"url\":\"https:\/\/segcitytours.es\/fr\/tours\/visite-de-vignoble-degustation-visite-des-vignobles-en-segway\/\",\"name\":\"Vignobles et Segway\",\"isPartOf\":{\"@id\":\"https:\/\/segcitytours.es\/fr\/#website\"},\"primaryImageOfPage\":{\"@id\":\"https:\/\/segcitytours.es\/fr\/tours\/visite-de-vignoble-degustation-visite-des-vignobles-en-segway\/#primaryimage\"},\"image\":{\"@id\":\"https:\/\/segcitytours.es\/fr\/tours\/visite-de-vignoble-degustation-visite-des-vignobles-en-segway\/#primaryimage\"},\"thumbnailUrl\":\"https:\/\/segcitytours.es\/wp-content\/uploads\/2019\/10\/IMG_5580-scaled.jpg\",\"datePublished\":\"2019-10-25T18:50:30+00:00\",\"dateModified\":\"2024-01-14T09:13:01+00:00\",\"description\":\"Vignobles et Segway. L'une des plus grandes caves de Tol\u00e8de, elle associe vignes et oliviers. Une exp\u00e9rience qui fait appel aux sens.\",\"breadcrumb\":{\"@id\":\"https:\/\/segcitytours.es\/fr\/tours\/visite-de-vignoble-degustation-visite-des-vignobles-en-segway\/#breadcrumb\"},\"inLanguage\":\"fr-FR\",\"potentialAction\":[{\"@type\":\"ReadAction\",\"target\":[\"https:\/\/segcitytours.es\/fr\/tours\/visite-de-vignoble-degustation-visite-des-vignobles-en-segway\/\"]}]},{\"@type\":\"ImageObject\",\"inLanguage\":\"fr-FR\",\"@id\":\"https:\/\/segcitytours.es\/fr\/tours\/visite-de-vignoble-degustation-visite-des-vignobles-en-segway\/#primaryimage\",\"url\":\"https:\/\/segcitytours.es\/wp-content\/uploads\/2019\/10\/IMG_5580-scaled.jpg\",\"contentUrl\":\"https:\/\/segcitytours.es\/wp-content\/uploads\/2019\/10\/IMG_5580-scaled.jpg\",\"width\":2560,\"height\":1920},{\"@type\":\"BreadcrumbList\",\"@id\":\"https:\/\/segcitytours.es\/fr\/tours\/visite-de-vignoble-degustation-visite-des-vignobles-en-segway\/#breadcrumb\",\"itemListElement\":[{\"@type\":\"ListItem\",\"position\":1,\"name\":\"Portada\",\"item\":\"https:\/\/segcitytours.es\/fr\/accueil\/\"},{\"@type\":\"ListItem\",\"position\":2,\"name\":\"Shop\",\"item\":\"https:\/\/segcitytours.es\/en\/shop\/\"},{\"@type\":\"ListItem\",\"position\":3,\"name\":\"Visite d&rsquo;un domaine viticole + d\u00e9gustation de vin + visite des vignobles en Segway\"}]},{\"@type\":\"WebSite\",\"@id\":\"https:\/\/segcitytours.es\/fr\/#website\",\"url\":\"https:\/\/segcitytours.es\/fr\/\",\"name\":\"Madrid Segway Tour Experience\",\"description\":\"Disfruta Madrid en Segway\",\"publisher\":{\"@id\":\"https:\/\/segcitytours.es\/fr\/#organization\"},\"alternateName\":\"Segcitytours - Segway tours\",\"potentialAction\":[{\"@type\":\"SearchAction\",\"target\":{\"@type\":\"EntryPoint\",\"urlTemplate\":\"https:\/\/segcitytours.es\/fr\/?s={search_term_string}\"},\"query-input\":{\"@type\":\"PropertyValueSpecification\",\"valueRequired\":true,\"valueName\":\"search_term_string\"}}],\"inLanguage\":\"fr-FR\"},{\"@type\":[\"Organization\",\"Place\",\"LocalBusiness\"],\"@id\":\"https:\/\/segcitytours.es\/fr\/#organization\",\"name\":\"Segcitytours\",\"alternateName\":\"Segway Tours\",\"url\":\"https:\/\/segcitytours.es\/fr\/\",\"logo\":{\"@id\":\"https:\/\/segcitytours.es\/fr\/tours\/visite-de-vignoble-degustation-visite-des-vignobles-en-segway\/#local-main-organization-logo\"},\"image\":{\"@id\":\"https:\/\/segcitytours.es\/fr\/tours\/visite-de-vignoble-degustation-visite-des-vignobles-en-segway\/#local-main-organization-logo\"},\"sameAs\":[\"https:\/\/www.facebook.com\/Segwayfun-111864518874580\/timeline\/?ref=ts\",\"https:\/\/x.com\/_segwayfun\"],\"address\":{\"@id\":\"https:\/\/segcitytours.es\/fr\/tours\/visite-de-vignoble-degustation-visite-des-vignobles-en-segway\/#local-main-place-address\"},\"geo\":{\"@type\":\"GeoCoordinates\",\"latitude\":\"40.413530233784094\",\"longitude\":\"-3.6983123748514117\"},\"telephone\":[\"+34629612216\"],\"openingHoursSpecification\":[{\"@type\":\"OpeningHoursSpecification\",\"dayOfWeek\":[\"Monday\",\"Tuesday\",\"Wednesday\",\"Thursday\",\"Friday\",\"Saturday\",\"Sunday\"],\"opens\":\"10:00\",\"closes\":\"20:00\"}],\"email\":\"info@segcitytours.es\",\"vatID\":\"B42196998\",\"taxID\":\"B42196998\"},{\"@type\":\"PostalAddress\",\"@id\":\"https:\/\/segcitytours.es\/fr\/tours\/visite-de-vignoble-degustation-visite-des-vignobles-en-segway\/#local-main-place-address\",\"streetAddress\":\"Calle de las Huertas, 39\",\"addressLocality\":\"Madrid\",\"postalCode\":\"28014\",\"addressRegion\":\"Madrid\",\"addressCountry\":\"ES\"},{\"@type\":\"ImageObject\",\"inLanguage\":\"fr-FR\",\"@id\":\"https:\/\/segcitytours.es\/fr\/tours\/visite-de-vignoble-degustation-visite-des-vignobles-en-segway\/#local-main-organization-logo\",\"url\":\"https:\/\/segcitytours.es\/wp-content\/uploads\/2020\/11\/Segcitytours-fondo-blanco-1000px.png\",\"contentUrl\":\"https:\/\/segcitytours.es\/wp-content\/uploads\/2020\/11\/Segcitytours-fondo-blanco-1000px.png\",\"width\":1000,\"height\":500,\"caption\":\"Segcitytours\"}]}<\/script>\n<meta property=\"product:price:amount\" content=\"120.00\" \/>\n<meta property=\"product:price:currency\" content=\"EUR\" \/>\n<meta property=\"og:availability\" content=\"instock\" \/>\n<meta property=\"product:availability\" content=\"instock\" \/>\n<meta property=\"product:condition\" content=\"new\" \/>\n<meta name=\"geo.placename\" content=\"Madrid\" \/>\n<meta name=\"geo.position\" content=\"40.413530233784094;-3.6983123748514117\" \/>\n<meta name=\"geo.region\" content=\"Espagne\" \/>\n<!-- \/ Yoast SEO Premium plugin. -->","yoast_head_json":{"title":"Vignobles et Segway","description":"Vignobles et Segway. L'une des plus grandes caves de Tol\u00e8de, elle associe vignes et oliviers. Une exp\u00e9rience qui fait appel aux sens.","robots":{"index":"index","follow":"follow","max-snippet":"max-snippet:-1","max-image-preview":"max-image-preview:large","max-video-preview":"max-video-preview:-1"},"canonical":"https:\/\/segcitytours.es\/fr\/tours\/visite-de-vignoble-degustation-visite-des-vignobles-en-segway\/","og_locale":"fr_FR","og_type":"article","og_title":"Visite d'un domaine viticole + d\u00e9gustation de vin + visite des vignobles en Segway","og_description":"Vignobles et Segway. L'une des plus grandes caves de Tol\u00e8de, elle associe vignes et oliviers. Une exp\u00e9rience qui fait appel aux sens.","og_url":"https:\/\/segcitytours.es\/fr\/tours\/visite-de-vignoble-degustation-visite-des-vignobles-en-segway\/","og_site_name":"Madrid Segway Tour Experience","article_publisher":"https:\/\/www.facebook.com\/Segwayfun-111864518874580\/timeline\/?ref=ts","article_modified_time":"2024-01-14T09:13:01+00:00","og_image":[{"width":2560,"height":1920,"url":"https:\/\/segcitytours.es\/wp-content\/uploads\/2019\/10\/IMG_5580-scaled.jpg","type":"image\/jpeg"}],"twitter_card":"summary_large_image","twitter_site":"@_segwayfun","twitter_misc":{"Prix":"120,00&nbsp;&euro;","Disponibilit\u00e9":"En stock"},"schema":{"@context":"https:\/\/schema.org","@graph":[{"@type":"WebPage","@id":"https:\/\/segcitytours.es\/fr\/tours\/visite-de-vignoble-degustation-visite-des-vignobles-en-segway\/","url":"https:\/\/segcitytours.es\/fr\/tours\/visite-de-vignoble-degustation-visite-des-vignobles-en-segway\/","name":"Vignobles et Segway","isPartOf":{"@id":"https:\/\/segcitytours.es\/fr\/#website"},"primaryImageOfPage":{"@id":"https:\/\/segcitytours.es\/fr\/tours\/visite-de-vignoble-degustation-visite-des-vignobles-en-segway\/#primaryimage"},"image":{"@id":"https:\/\/segcitytours.es\/fr\/tours\/visite-de-vignoble-degustation-visite-des-vignobles-en-segway\/#primaryimage"},"thumbnailUrl":"https:\/\/segcitytours.es\/wp-content\/uploads\/2019\/10\/IMG_5580-scaled.jpg","datePublished":"2019-10-25T18:50:30+00:00","dateModified":"2024-01-14T09:13:01+00:00","description":"Vignobles et Segway. L'une des plus grandes caves de Tol\u00e8de, elle associe vignes et oliviers. Une exp\u00e9rience qui fait appel aux sens.","breadcrumb":{"@id":"https:\/\/segcitytours.es\/fr\/tours\/visite-de-vignoble-degustation-visite-des-vignobles-en-segway\/#breadcrumb"},"inLanguage":"fr-FR","potentialAction":[{"@type":"ReadAction","target":["https:\/\/segcitytours.es\/fr\/tours\/visite-de-vignoble-degustation-visite-des-vignobles-en-segway\/"]}]},{"@type":"ImageObject","inLanguage":"fr-FR","@id":"https:\/\/segcitytours.es\/fr\/tours\/visite-de-vignoble-degustation-visite-des-vignobles-en-segway\/#primaryimage","url":"https:\/\/segcitytours.es\/wp-content\/uploads\/2019\/10\/IMG_5580-scaled.jpg","contentUrl":"https:\/\/segcitytours.es\/wp-content\/uploads\/2019\/10\/IMG_5580-scaled.jpg","width":2560,"height":1920},{"@type":"BreadcrumbList","@id":"https:\/\/segcitytours.es\/fr\/tours\/visite-de-vignoble-degustation-visite-des-vignobles-en-segway\/#breadcrumb","itemListElement":[{"@type":"ListItem","position":1,"name":"Portada","item":"https:\/\/segcitytours.es\/fr\/accueil\/"},{"@type":"ListItem","position":2,"name":"Shop","item":"https:\/\/segcitytours.es\/en\/shop\/"},{"@type":"ListItem","position":3,"name":"Visite d&rsquo;un domaine viticole + d\u00e9gustation de vin + visite des vignobles en Segway"}]},{"@type":"WebSite","@id":"https:\/\/segcitytours.es\/fr\/#website","url":"https:\/\/segcitytours.es\/fr\/","name":"Madrid Segway Tour Experience","description":"Disfruta Madrid en Segway","publisher":{"@id":"https:\/\/segcitytours.es\/fr\/#organization"},"alternateName":"Segcitytours - Segway tours","potentialAction":[{"@type":"SearchAction","target":{"@type":"EntryPoint","urlTemplate":"https:\/\/segcitytours.es\/fr\/?s={search_term_string}"},"query-input":{"@type":"PropertyValueSpecification","valueRequired":true,"valueName":"search_term_string"}}],"inLanguage":"fr-FR"},{"@type":["Organization","Place","LocalBusiness"],"@id":"https:\/\/segcitytours.es\/fr\/#organization","name":"Segcitytours","alternateName":"Segway Tours","url":"https:\/\/segcitytours.es\/fr\/","logo":{"@id":"https:\/\/segcitytours.es\/fr\/tours\/visite-de-vignoble-degustation-visite-des-vignobles-en-segway\/#local-main-organization-logo"},"image":{"@id":"https:\/\/segcitytours.es\/fr\/tours\/visite-de-vignoble-degustation-visite-des-vignobles-en-segway\/#local-main-organization-logo"},"sameAs":["https:\/\/www.facebook.com\/Segwayfun-111864518874580\/timeline\/?ref=ts","https:\/\/x.com\/_segwayfun"],"address":{"@id":"https:\/\/segcitytours.es\/fr\/tours\/visite-de-vignoble-degustation-visite-des-vignobles-en-segway\/#local-main-place-address"},"geo":{"@type":"GeoCoordinates","latitude":"40.413530233784094","longitude":"-3.6983123748514117"},"telephone":["+34629612216"],"openingHoursSpecification":[{"@type":"OpeningHoursSpecification","dayOfWeek":["Monday","Tuesday","Wednesday","Thursday","Friday","Saturday","Sunday"],"opens":"10:00","closes":"20:00"}],"email":"info@segcitytours.es","vatID":"B42196998","taxID":"B42196998"},{"@type":"PostalAddress","@id":"https:\/\/segcitytours.es\/fr\/tours\/visite-de-vignoble-degustation-visite-des-vignobles-en-segway\/#local-main-place-address","streetAddress":"Calle de las Huertas, 39","addressLocality":"Madrid","postalCode":"28014","addressRegion":"Madrid","addressCountry":"ES"},{"@type":"ImageObject","inLanguage":"fr-FR","@id":"https:\/\/segcitytours.es\/fr\/tours\/visite-de-vignoble-degustation-visite-des-vignobles-en-segway\/#local-main-organization-logo","url":"https:\/\/segcitytours.es\/wp-content\/uploads\/2020\/11\/Segcitytours-fondo-blanco-1000px.png","contentUrl":"https:\/\/segcitytours.es\/wp-content\/uploads\/2020\/11\/Segcitytours-fondo-blanco-1000px.png","width":1000,"height":500,"caption":"Segcitytours"}]},"product_price_amount":"120.00","product_price_currency":"EUR","og_availability":"instock","product_availability":"instock","product_condition":"new","geo.placename":"Madrid","geo.position":{"lat":"40.413530233784094","long":"-3.6983123748514117"},"geo.region":"Espagne"},"_links":{"self":[{"href":"https:\/\/segcitytours.es\/fr\/wp-json\/wp\/v2\/product\/7554","targetHints":{"allow":["GET"]}}],"collection":[{"href":"https:\/\/segcitytours.es\/fr\/wp-json\/wp\/v2\/product"}],"about":[{"href":"https:\/\/segcitytours.es\/fr\/wp-json\/wp\/v2\/types\/product"}],"replies":[{"embeddable":true,"href":"https:\/\/segcitytours.es\/fr\/wp-json\/wp\/v2\/comments?post=7554"}],"version-history":[{"count":0,"href":"https:\/\/segcitytours.es\/fr\/wp-json\/wp\/v2\/product\/7554\/revisions"}],"wp:featuredmedia":[{"embeddable":true,"href":"https:\/\/segcitytours.es\/fr\/wp-json\/wp\/v2\/media\/7555"}],"wp:attachment":[{"href":"https:\/\/segcitytours.es\/fr\/wp-json\/wp\/v2\/media?parent=7554"}],"wp:term":[{"taxonomy":"product_brand","embeddable":true,"href":"https:\/\/segcitytours.es\/fr\/wp-json\/wp\/v2\/product_brand?post=7554"},{"taxonomy":"product_cat","embeddable":true,"href":"https:\/\/segcitytours.es\/fr\/wp-json\/wp\/v2\/product_cat?post=7554"},{"taxonomy":"product_tag","embeddable":true,"href":"https:\/\/segcitytours.es\/fr\/wp-json\/wp\/v2\/product_tag?post=7554"}],"curies":[{"name":"wp","href":"https:\/\/api.w.org\/{rel}","templated":true}]}}