{"id":7594,"date":"2019-11-18T19:43:14","date_gmt":"2019-11-18T18:43:14","guid":{"rendered":"http:\/\/segcitytours.es.mialias.net\/tours\/chinchon-en-segway-le-plus-ancien-domaine-viticole-de-madrid-visite-privee\/"},"modified":"2024-01-14T09:44:07","modified_gmt":"2024-01-14T08:44:07","slug":"chinchon-en-segway-le-plus-ancien-domaine-viticole-de-madrid-visite-privee","status":"publish","type":"product","link":"https:\/\/segcitytours.es\/fr\/tours\/chinchon-en-segway-le-plus-ancien-domaine-viticole-de-madrid-visite-privee\/","title":{"rendered":"Chinch\u00f3n en Segway + La plus ancienne cave de Madrid . VISITE PRIV\u00c9E"},"content":{"rendered":"<p><span style=\"color: #ff0000;\">Segway Chinch\u00f3n<br \/>\n<\/span><\/p>\n<h1><span class=\"tlid-translation translation\" lang=\"es\"><span title=\"\">Segway \u00e0 Chinch\u00f3n.<\/span><\/span><\/h1>\n<h2>Tour en Segway Priv\u00e9 et exclusif, pas pour les groupes<\/h2>\n<h2><span class=\"tlid-translation translation\" lang=\"es\"><span title=\"\">Nous vous faisons d\u00e9couvrir l&rsquo;un des plus beaux villages d&rsquo;Espagne en Segway.<\/span><br \/>\n<\/span><\/h2>\n<p><!-- FareHarbor calendar of item #214909 --><br \/>\n<script src=\"https:\/\/fareharbor.com\/embeds\/script\/calendar-small\/segwayfunmadrid\/items\/214909\/?fallback=simple&amp;full-items=yes&amp;flow=358267\"><\/script><\/p>\n<p><span class=\"tlid-translation translation\" lang=\"es\"><br \/>\n<span title=\"\">Si Chinch\u00f3n est connu pour quelque chose, c&rsquo;est pour sa place, catalogu\u00e9e comme l&rsquo;une des plus belles du monde, lieu de rencontre o\u00f9 se d\u00e9roulaient les foires aux bestiaux.<\/span> <span title=\"\">Chinch\u00f3n poss\u00e8de de nombreux centres d&rsquo;int\u00e9r\u00eat.<\/span> <span class=\"\" title=\"\">Lors de notre visite en Segway, nous vous montrerons les points forts :<\/span><\/span><\/p>\n<p><span class=\"\" title=\"\">Nous commen\u00e7ons \u00e0 c\u00f4t\u00e9 du couvent des Clarisses.<\/span><br \/>\n<span class=\"\" title=\"\">Chapelle San Roque<\/span><br \/>\n<span class=\"\" title=\"\">Couvent des Augustins (Parador)<\/span><br \/>\n<span class=\"\" title=\"\">Chapelle du Rosaire<\/span><br \/>\n<span class=\"\" title=\"\">Maison en cha\u00eene<\/span><br \/>\n<span title=\"\">Place principale<\/span><br \/>\n<span class=\"\" title=\"\">Ermitage de la Mis\u00e9ricorde<\/span><br \/>\n<span class=\"\" title=\"\">Notre-Dame de l&rsquo;Assomption (fresque de Goya)<\/span><br \/>\n<span class=\"\" title=\"\">Th\u00e9\u00e2tre Lope de Vega (point de vue Castillo de los Condes)<\/span><br \/>\n<span title=\"\">Tour de l&rsquo;horloge<\/span><br \/>\n<span class=\"\" title=\"\">Ermitage de San Ant\u00f3n<\/span><\/p>\n<p>&nbsp;<\/p>\n<p><span class=\"\" title=\"\">(Option +15\u20ac)  <\/span><span class=\"\" title=\"\">Au cours de la visite, nous nous arr\u00eatons dans l&rsquo;une des plus anciennes caves de Madrid, au c\u0153ur de cette municipalit\u00e9, une visite qui se termine par une d\u00e9gustation de deux excellents vins accompagn\u00e9s de fromages locaux.<br \/>\n<\/span><\/p>\n<p><strong>Dur\u00e9e Segway (90&prime;) + visite du vignoble (60&prime;) : 150 minutes environ.  <\/strong><\/p>\n<p><strong>Minimum 6 personnes, groupes de plus de 14 personnes nous consulter.<br \/>\n<\/strong><\/p>\n<p><strong><span class=\"tlid-translation translation\" lang=\"es\">Pas d&rsquo;annulation en cas de pluie.<\/span><\/strong><\/p>\n<p><strong><span style=\"color: #ff0000;\">\u00c2ge minimum : 10 ans<\/span><\/strong><\/p>\n<p><strong><span style=\"color: #ff0000;\">Groupe minimum de 6 utilisateurs<\/span><\/strong><\/p>\n<p><span style=\"color: #ff0000;\"><strong>Poids minimum et maximum : 30-120 Kg.<\/strong><\/span><\/p>\n<p>Montez \u00e0 bord, savourez et d\u00e9gustez !<\/p>\n<h3>Autres circuits Segway susceptibles de vous int\u00e9resser :<\/h3>\n<p><strong><a title=\"Segway Madrid\" href=\"http:\/\/segcitytours.es\/tours\/segway-segovia-lagranja\/\">Segway La Granja<\/a> &#8211; <a title=\"Segway \u00e0 Casa de Campo\" href=\"http:\/\/segcitytours.es\/tours\/segwaycasadecampo\/\">Segway Off Road<\/a> &#8211; Segway <a title=\"Segway Madrid\" href=\"http:\/\/segcitytours.es\/tours\/segwayaustrias\/\">Madrid<\/a> &#8211; Segway <a title=\"Segway Madrid\" href=\"http:\/\/segcitytours.es\/tours\/segwayretiro\/\">Madrid Retiro <\/a>&#8211; Segway <a title=\"Segway Soria\" href=\"http:\/\/segcitytours.es\/tours\/segway-soria\/\">Soria (Vinuesa<\/a> ) &#8211; Segway <a title=\"Segway Toledo\" href=\"http:\/\/segcitytours.es\/tours\/cigarral-segway\/\">Enoturismo Toledo &#8211; Segway Enoturismo Toledo <\/a>&#8211; Segway <a title=\"Segway Toledo\" href=\"http:\/\/segcitytours.es\/tours\/segwayteambuilding\/\">groupes <\/a> &#8211; Segway <a title=\"Segway Toledo\" href=\"http:\/\/segcitytours.es\/tours\/\">tours<\/a> &#8211; <a title=\"Segway Toledo\" href=\"http:\/\/segcitytours.es\/eventos\/\">\u00c9v\u00e9nements<\/a> <\/strong><strong>&#8211; <a title=\"Segway Toledo\" href=\"http:\/\/segcitytours.es\/segway-empresas\/\">Segway pour entreprises<\/a><\/strong><\/p>\n<style>\n.cart {display: none !important;}<br \/><\/style>\n<p><!--more--><\/p>\n","protected":false},"excerpt":{"rendered":"<p> [&hellip;]<\/p>\n","protected":false},"featured_media":7602,"comment_status":"closed","ping_status":"closed","template":"","meta":{"site-sidebar-layout":"default","site-content-layout":"","ast-site-content-layout":"default","site-content-style":"default","site-sidebar-style":"default","ast-global-header-display":"","ast-banner-title-visibility":"","ast-main-header-display":"","ast-hfb-above-header-display":"","ast-hfb-below-header-display":"","ast-hfb-mobile-header-display":"","site-post-title":"","ast-breadcrumbs-content":"","ast-featured-img":"","footer-sml-layout":"","ast-disable-related-posts":"","theme-transparent-header-meta":"default","adv-header-id-meta":"","stick-header-meta":"default","header-above-stick-meta":"","header-main-stick-meta":"","header-below-stick-meta":"","astra-migrate-meta-layouts":"default","ast-page-background-enabled":"default","ast-page-background-meta":{"desktop":{"background-color":"","background-image":"","background-repeat":"repeat","background-position":"center center","background-size":"auto","background-attachment":"scroll","background-type":"","background-media":"","overlay-type":"","overlay-color":"","overlay-opacity":"","overlay-gradient":""},"tablet":{"background-color":"","background-image":"","background-repeat":"repeat","background-position":"center center","background-size":"auto","background-attachment":"scroll","background-type":"","background-media":"","overlay-type":"","overlay-color":"","overlay-opacity":"","overlay-gradient":""},"mobile":{"background-color":"","background-image":"","background-repeat":"repeat","background-position":"center center","background-size":"auto","background-attachment":"scroll","background-type":"","background-media":"","overlay-type":"","overlay-color":"","overlay-opacity":"","overlay-gradient":""}},"ast-content-background-meta":{"desktop":{"background-color":"var(--ast-global-color-5)","background-image":"","background-repeat":"repeat","background-position":"center center","background-size":"auto","background-attachment":"scroll","background-type":"","background-media":"","overlay-type":"","overlay-color":"","overlay-opacity":"","overlay-gradient":""},"tablet":{"background-color":"var(--ast-global-color-5)","background-image":"","background-repeat":"repeat","background-position":"center center","background-size":"auto","background-attachment":"scroll","background-type":"","background-media":"","overlay-type":"","overlay-color":"","overlay-opacity":"","overlay-gradient":""},"mobile":{"background-color":"var(--ast-global-color-5)","background-image":"","background-repeat":"repeat","background-position":"center center","background-size":"auto","background-attachment":"scroll","background-type":"","background-media":"","overlay-type":"","overlay-color":"","overlay-opacity":"","overlay-gradient":""}}},"product_brand":[],"product_cat":[2050,2042],"product_tag":[],"class_list":{"0":"post-7594","1":"product","2":"type-product","3":"status-publish","4":"has-post-thumbnail","6":"product_cat-comunidadmadrid-fr","7":"product_cat-enoturismo-fr","8":"desktop-align-center","9":"tablet-align-center","10":"mobile-align-center","11":"ast-product-gallery-layout-horizontal","12":"ast-product-gallery-with-no-image","13":"ast-product-tabs-layout-distributed","14":"ast-qv-on-image","16":"first","17":"instock","18":"featured","19":"virtual","20":"sold-individually","21":"purchasable","22":"product-type-booking"},"booking_location":"","booking_location_type":"","booking_duration":1,"booking_duration_unit":"day","booking_buffer":0,"booking_cost":70,"booking_resources":[],"yoast_head":"<!-- This site is optimized with the Yoast SEO Premium plugin v27.1 (Yoast SEO v27.1.1) - https:\/\/yoast.com\/product\/yoast-seo-premium-wordpress\/ -->\n<title>Segway Chinch\u00f3n<\/title>\n<meta name=\"description\" content=\"Avec Segway Chinch\u00f3n, d\u00e9couvrez l&#039;un des plus beaux villages d&#039;Espagne, nous vous montrons ses monuments et nous visitons la plus ancienne cave \u00e0 vin de Madrid.\" \/>\n<meta name=\"robots\" content=\"index, follow, max-snippet:-1, max-image-preview:large, max-video-preview:-1\" \/>\n<link rel=\"canonical\" href=\"https:\/\/segcitytours.es\/fr\/tours\/chinchon-en-segway-le-plus-ancien-domaine-viticole-de-madrid-visite-privee\/\" \/>\n<meta property=\"og:locale\" content=\"fr_FR\" \/>\n<meta property=\"og:type\" content=\"article\" \/>\n<meta property=\"og:title\" content=\"Chinch\u00f3n en Segway + La plus ancienne cave de Madrid . VISITE PRIV\u00c9E\" \/>\n<meta property=\"og:description\" content=\"Avec Segway Chinch\u00f3n, d\u00e9couvrez l&#039;un des plus beaux villages d&#039;Espagne, nous vous montrons ses monuments et nous visitons la plus ancienne cave \u00e0 vin de Madrid.\" \/>\n<meta property=\"og:url\" content=\"https:\/\/segcitytours.es\/fr\/tours\/chinchon-en-segway-le-plus-ancien-domaine-viticole-de-madrid-visite-privee\/\" \/>\n<meta property=\"og:site_name\" content=\"Madrid Segway Tour Experience\" \/>\n<meta property=\"article:publisher\" content=\"https:\/\/www.facebook.com\/Segwayfun-111864518874580\/timeline\/?ref=ts\" \/>\n<meta property=\"article:modified_time\" content=\"2024-01-14T08:44:07+00:00\" \/>\n<meta property=\"og:image\" content=\"https:\/\/segcitytours.es\/wp-content\/uploads\/2019\/11\/plaza-mayor-de-chinchon-scaled.jpg\" \/>\n\t<meta property=\"og:image:width\" content=\"2560\" \/>\n\t<meta property=\"og:image:height\" content=\"1920\" \/>\n\t<meta property=\"og:image:type\" content=\"image\/jpeg\" \/>\n<meta name=\"twitter:card\" content=\"summary_large_image\" \/>\n<meta name=\"twitter:site\" content=\"@_segwayfun\" \/>\n<meta name=\"twitter:label1\" content=\"Prix\" \/>\n\t<meta name=\"twitter:data1\" content=\"70,00&nbsp;&euro;\" \/>\n\t<meta name=\"twitter:label2\" content=\"Disponibilit\u00e9\" \/>\n\t<meta name=\"twitter:data2\" content=\"En stock\" \/>\n<script type=\"application\/ld+json\" class=\"yoast-schema-graph\">{\"@context\":\"https:\/\/schema.org\",\"@graph\":[{\"@type\":\"WebPage\",\"@id\":\"https:\/\/segcitytours.es\/fr\/tours\/chinchon-en-segway-le-plus-ancien-domaine-viticole-de-madrid-visite-privee\/\",\"url\":\"https:\/\/segcitytours.es\/fr\/tours\/chinchon-en-segway-le-plus-ancien-domaine-viticole-de-madrid-visite-privee\/\",\"name\":\"Segway Chinch\u00f3n\",\"isPartOf\":{\"@id\":\"https:\/\/segcitytours.es\/fr\/#website\"},\"primaryImageOfPage\":{\"@id\":\"https:\/\/segcitytours.es\/fr\/tours\/chinchon-en-segway-le-plus-ancien-domaine-viticole-de-madrid-visite-privee\/#primaryimage\"},\"image\":{\"@id\":\"https:\/\/segcitytours.es\/fr\/tours\/chinchon-en-segway-le-plus-ancien-domaine-viticole-de-madrid-visite-privee\/#primaryimage\"},\"thumbnailUrl\":\"https:\/\/segcitytours.es\/wp-content\/uploads\/2019\/11\/plaza-mayor-de-chinchon-scaled.jpg\",\"datePublished\":\"2019-11-18T18:43:14+00:00\",\"dateModified\":\"2024-01-14T08:44:07+00:00\",\"description\":\"Avec Segway Chinch\u00f3n, d\u00e9couvrez l'un des plus beaux villages d'Espagne, nous vous montrons ses monuments et nous visitons la plus ancienne cave \u00e0 vin de Madrid.\",\"breadcrumb\":{\"@id\":\"https:\/\/segcitytours.es\/fr\/tours\/chinchon-en-segway-le-plus-ancien-domaine-viticole-de-madrid-visite-privee\/#breadcrumb\"},\"inLanguage\":\"fr-FR\",\"potentialAction\":[{\"@type\":\"ReadAction\",\"target\":[\"https:\/\/segcitytours.es\/fr\/tours\/chinchon-en-segway-le-plus-ancien-domaine-viticole-de-madrid-visite-privee\/\"]}]},{\"@type\":\"ImageObject\",\"inLanguage\":\"fr-FR\",\"@id\":\"https:\/\/segcitytours.es\/fr\/tours\/chinchon-en-segway-le-plus-ancien-domaine-viticole-de-madrid-visite-privee\/#primaryimage\",\"url\":\"https:\/\/segcitytours.es\/wp-content\/uploads\/2019\/11\/plaza-mayor-de-chinchon-scaled.jpg\",\"contentUrl\":\"https:\/\/segcitytours.es\/wp-content\/uploads\/2019\/11\/plaza-mayor-de-chinchon-scaled.jpg\",\"width\":2560,\"height\":1920},{\"@type\":\"BreadcrumbList\",\"@id\":\"https:\/\/segcitytours.es\/fr\/tours\/chinchon-en-segway-le-plus-ancien-domaine-viticole-de-madrid-visite-privee\/#breadcrumb\",\"itemListElement\":[{\"@type\":\"ListItem\",\"position\":1,\"name\":\"Portada\",\"item\":\"https:\/\/segcitytours.es\/fr\/accueil\/\"},{\"@type\":\"ListItem\",\"position\":2,\"name\":\"Shop\",\"item\":\"https:\/\/segcitytours.es\/en\/shop\/\"},{\"@type\":\"ListItem\",\"position\":3,\"name\":\"Chinch\u00f3n en Segway + La plus ancienne cave de Madrid . VISITE PRIV\u00c9E\"}]},{\"@type\":\"WebSite\",\"@id\":\"https:\/\/segcitytours.es\/fr\/#website\",\"url\":\"https:\/\/segcitytours.es\/fr\/\",\"name\":\"Madrid Segway Tour Experience\",\"description\":\"Disfruta Madrid en Segway\",\"publisher\":{\"@id\":\"https:\/\/segcitytours.es\/fr\/#organization\"},\"alternateName\":\"Segcitytours - Segway tours\",\"potentialAction\":[{\"@type\":\"SearchAction\",\"target\":{\"@type\":\"EntryPoint\",\"urlTemplate\":\"https:\/\/segcitytours.es\/fr\/?s={search_term_string}\"},\"query-input\":{\"@type\":\"PropertyValueSpecification\",\"valueRequired\":true,\"valueName\":\"search_term_string\"}}],\"inLanguage\":\"fr-FR\"},{\"@type\":[\"Organization\",\"Place\",\"LocalBusiness\"],\"@id\":\"https:\/\/segcitytours.es\/fr\/#organization\",\"name\":\"Segcitytours\",\"alternateName\":\"Segway Tours\",\"url\":\"https:\/\/segcitytours.es\/fr\/\",\"logo\":{\"@id\":\"https:\/\/segcitytours.es\/fr\/tours\/chinchon-en-segway-le-plus-ancien-domaine-viticole-de-madrid-visite-privee\/#local-main-organization-logo\"},\"image\":{\"@id\":\"https:\/\/segcitytours.es\/fr\/tours\/chinchon-en-segway-le-plus-ancien-domaine-viticole-de-madrid-visite-privee\/#local-main-organization-logo\"},\"sameAs\":[\"https:\/\/www.facebook.com\/Segwayfun-111864518874580\/timeline\/?ref=ts\",\"https:\/\/x.com\/_segwayfun\"],\"address\":{\"@id\":\"https:\/\/segcitytours.es\/fr\/tours\/chinchon-en-segway-le-plus-ancien-domaine-viticole-de-madrid-visite-privee\/#local-main-place-address\"},\"geo\":{\"@type\":\"GeoCoordinates\",\"latitude\":\"40.413530233784094\",\"longitude\":\"-3.6983123748514117\"},\"telephone\":[\"+34629612216\"],\"openingHoursSpecification\":[{\"@type\":\"OpeningHoursSpecification\",\"dayOfWeek\":[\"Monday\",\"Tuesday\",\"Wednesday\",\"Thursday\",\"Friday\",\"Saturday\",\"Sunday\"],\"opens\":\"10:00\",\"closes\":\"20:00\"}],\"email\":\"info@segcitytours.es\",\"vatID\":\"B42196998\",\"taxID\":\"B42196998\"},{\"@type\":\"PostalAddress\",\"@id\":\"https:\/\/segcitytours.es\/fr\/tours\/chinchon-en-segway-le-plus-ancien-domaine-viticole-de-madrid-visite-privee\/#local-main-place-address\",\"streetAddress\":\"Calle de las Huertas, 39\",\"addressLocality\":\"Madrid\",\"postalCode\":\"28014\",\"addressRegion\":\"Madrid\",\"addressCountry\":\"ES\"},{\"@type\":\"ImageObject\",\"inLanguage\":\"fr-FR\",\"@id\":\"https:\/\/segcitytours.es\/fr\/tours\/chinchon-en-segway-le-plus-ancien-domaine-viticole-de-madrid-visite-privee\/#local-main-organization-logo\",\"url\":\"https:\/\/segcitytours.es\/wp-content\/uploads\/2020\/11\/Segcitytours-fondo-blanco-1000px.png\",\"contentUrl\":\"https:\/\/segcitytours.es\/wp-content\/uploads\/2020\/11\/Segcitytours-fondo-blanco-1000px.png\",\"width\":1000,\"height\":500,\"caption\":\"Segcitytours\"}]}<\/script>\n<meta property=\"product:price:amount\" content=\"70.00\" \/>\n<meta property=\"product:price:currency\" content=\"EUR\" \/>\n<meta property=\"og:availability\" content=\"instock\" \/>\n<meta property=\"product:availability\" content=\"instock\" \/>\n<meta property=\"product:condition\" content=\"new\" \/>\n<meta name=\"geo.placename\" content=\"Madrid\" \/>\n<meta name=\"geo.position\" content=\"40.413530233784094;-3.6983123748514117\" \/>\n<meta name=\"geo.region\" content=\"Espagne\" \/>\n<!-- \/ Yoast SEO Premium plugin. -->","yoast_head_json":{"title":"Segway Chinch\u00f3n","description":"Avec Segway Chinch\u00f3n, d\u00e9couvrez l'un des plus beaux villages d'Espagne, nous vous montrons ses monuments et nous visitons la plus ancienne cave \u00e0 vin de Madrid.","robots":{"index":"index","follow":"follow","max-snippet":"max-snippet:-1","max-image-preview":"max-image-preview:large","max-video-preview":"max-video-preview:-1"},"canonical":"https:\/\/segcitytours.es\/fr\/tours\/chinchon-en-segway-le-plus-ancien-domaine-viticole-de-madrid-visite-privee\/","og_locale":"fr_FR","og_type":"article","og_title":"Chinch\u00f3n en Segway + La plus ancienne cave de Madrid . VISITE PRIV\u00c9E","og_description":"Avec Segway Chinch\u00f3n, d\u00e9couvrez l'un des plus beaux villages d'Espagne, nous vous montrons ses monuments et nous visitons la plus ancienne cave \u00e0 vin de Madrid.","og_url":"https:\/\/segcitytours.es\/fr\/tours\/chinchon-en-segway-le-plus-ancien-domaine-viticole-de-madrid-visite-privee\/","og_site_name":"Madrid Segway Tour Experience","article_publisher":"https:\/\/www.facebook.com\/Segwayfun-111864518874580\/timeline\/?ref=ts","article_modified_time":"2024-01-14T08:44:07+00:00","og_image":[{"width":2560,"height":1920,"url":"https:\/\/segcitytours.es\/wp-content\/uploads\/2019\/11\/plaza-mayor-de-chinchon-scaled.jpg","type":"image\/jpeg"}],"twitter_card":"summary_large_image","twitter_site":"@_segwayfun","twitter_misc":{"Prix":"70,00&nbsp;&euro;","Disponibilit\u00e9":"En stock"},"schema":{"@context":"https:\/\/schema.org","@graph":[{"@type":"WebPage","@id":"https:\/\/segcitytours.es\/fr\/tours\/chinchon-en-segway-le-plus-ancien-domaine-viticole-de-madrid-visite-privee\/","url":"https:\/\/segcitytours.es\/fr\/tours\/chinchon-en-segway-le-plus-ancien-domaine-viticole-de-madrid-visite-privee\/","name":"Segway Chinch\u00f3n","isPartOf":{"@id":"https:\/\/segcitytours.es\/fr\/#website"},"primaryImageOfPage":{"@id":"https:\/\/segcitytours.es\/fr\/tours\/chinchon-en-segway-le-plus-ancien-domaine-viticole-de-madrid-visite-privee\/#primaryimage"},"image":{"@id":"https:\/\/segcitytours.es\/fr\/tours\/chinchon-en-segway-le-plus-ancien-domaine-viticole-de-madrid-visite-privee\/#primaryimage"},"thumbnailUrl":"https:\/\/segcitytours.es\/wp-content\/uploads\/2019\/11\/plaza-mayor-de-chinchon-scaled.jpg","datePublished":"2019-11-18T18:43:14+00:00","dateModified":"2024-01-14T08:44:07+00:00","description":"Avec Segway Chinch\u00f3n, d\u00e9couvrez l'un des plus beaux villages d'Espagne, nous vous montrons ses monuments et nous visitons la plus ancienne cave \u00e0 vin de Madrid.","breadcrumb":{"@id":"https:\/\/segcitytours.es\/fr\/tours\/chinchon-en-segway-le-plus-ancien-domaine-viticole-de-madrid-visite-privee\/#breadcrumb"},"inLanguage":"fr-FR","potentialAction":[{"@type":"ReadAction","target":["https:\/\/segcitytours.es\/fr\/tours\/chinchon-en-segway-le-plus-ancien-domaine-viticole-de-madrid-visite-privee\/"]}]},{"@type":"ImageObject","inLanguage":"fr-FR","@id":"https:\/\/segcitytours.es\/fr\/tours\/chinchon-en-segway-le-plus-ancien-domaine-viticole-de-madrid-visite-privee\/#primaryimage","url":"https:\/\/segcitytours.es\/wp-content\/uploads\/2019\/11\/plaza-mayor-de-chinchon-scaled.jpg","contentUrl":"https:\/\/segcitytours.es\/wp-content\/uploads\/2019\/11\/plaza-mayor-de-chinchon-scaled.jpg","width":2560,"height":1920},{"@type":"BreadcrumbList","@id":"https:\/\/segcitytours.es\/fr\/tours\/chinchon-en-segway-le-plus-ancien-domaine-viticole-de-madrid-visite-privee\/#breadcrumb","itemListElement":[{"@type":"ListItem","position":1,"name":"Portada","item":"https:\/\/segcitytours.es\/fr\/accueil\/"},{"@type":"ListItem","position":2,"name":"Shop","item":"https:\/\/segcitytours.es\/en\/shop\/"},{"@type":"ListItem","position":3,"name":"Chinch\u00f3n en Segway + La plus ancienne cave de Madrid . VISITE PRIV\u00c9E"}]},{"@type":"WebSite","@id":"https:\/\/segcitytours.es\/fr\/#website","url":"https:\/\/segcitytours.es\/fr\/","name":"Madrid Segway Tour Experience","description":"Disfruta Madrid en Segway","publisher":{"@id":"https:\/\/segcitytours.es\/fr\/#organization"},"alternateName":"Segcitytours - Segway tours","potentialAction":[{"@type":"SearchAction","target":{"@type":"EntryPoint","urlTemplate":"https:\/\/segcitytours.es\/fr\/?s={search_term_string}"},"query-input":{"@type":"PropertyValueSpecification","valueRequired":true,"valueName":"search_term_string"}}],"inLanguage":"fr-FR"},{"@type":["Organization","Place","LocalBusiness"],"@id":"https:\/\/segcitytours.es\/fr\/#organization","name":"Segcitytours","alternateName":"Segway Tours","url":"https:\/\/segcitytours.es\/fr\/","logo":{"@id":"https:\/\/segcitytours.es\/fr\/tours\/chinchon-en-segway-le-plus-ancien-domaine-viticole-de-madrid-visite-privee\/#local-main-organization-logo"},"image":{"@id":"https:\/\/segcitytours.es\/fr\/tours\/chinchon-en-segway-le-plus-ancien-domaine-viticole-de-madrid-visite-privee\/#local-main-organization-logo"},"sameAs":["https:\/\/www.facebook.com\/Segwayfun-111864518874580\/timeline\/?ref=ts","https:\/\/x.com\/_segwayfun"],"address":{"@id":"https:\/\/segcitytours.es\/fr\/tours\/chinchon-en-segway-le-plus-ancien-domaine-viticole-de-madrid-visite-privee\/#local-main-place-address"},"geo":{"@type":"GeoCoordinates","latitude":"40.413530233784094","longitude":"-3.6983123748514117"},"telephone":["+34629612216"],"openingHoursSpecification":[{"@type":"OpeningHoursSpecification","dayOfWeek":["Monday","Tuesday","Wednesday","Thursday","Friday","Saturday","Sunday"],"opens":"10:00","closes":"20:00"}],"email":"info@segcitytours.es","vatID":"B42196998","taxID":"B42196998"},{"@type":"PostalAddress","@id":"https:\/\/segcitytours.es\/fr\/tours\/chinchon-en-segway-le-plus-ancien-domaine-viticole-de-madrid-visite-privee\/#local-main-place-address","streetAddress":"Calle de las Huertas, 39","addressLocality":"Madrid","postalCode":"28014","addressRegion":"Madrid","addressCountry":"ES"},{"@type":"ImageObject","inLanguage":"fr-FR","@id":"https:\/\/segcitytours.es\/fr\/tours\/chinchon-en-segway-le-plus-ancien-domaine-viticole-de-madrid-visite-privee\/#local-main-organization-logo","url":"https:\/\/segcitytours.es\/wp-content\/uploads\/2020\/11\/Segcitytours-fondo-blanco-1000px.png","contentUrl":"https:\/\/segcitytours.es\/wp-content\/uploads\/2020\/11\/Segcitytours-fondo-blanco-1000px.png","width":1000,"height":500,"caption":"Segcitytours"}]},"product_price_amount":"70.00","product_price_currency":"EUR","og_availability":"instock","product_availability":"instock","product_condition":"new","geo.placename":"Madrid","geo.position":{"lat":"40.413530233784094","long":"-3.6983123748514117"},"geo.region":"Espagne"},"_links":{"self":[{"href":"https:\/\/segcitytours.es\/fr\/wp-json\/wp\/v2\/product\/7594","targetHints":{"allow":["GET"]}}],"collection":[{"href":"https:\/\/segcitytours.es\/fr\/wp-json\/wp\/v2\/product"}],"about":[{"href":"https:\/\/segcitytours.es\/fr\/wp-json\/wp\/v2\/types\/product"}],"replies":[{"embeddable":true,"href":"https:\/\/segcitytours.es\/fr\/wp-json\/wp\/v2\/comments?post=7594"}],"version-history":[{"count":0,"href":"https:\/\/segcitytours.es\/fr\/wp-json\/wp\/v2\/product\/7594\/revisions"}],"wp:featuredmedia":[{"embeddable":true,"href":"https:\/\/segcitytours.es\/fr\/wp-json\/wp\/v2\/media\/7602"}],"wp:attachment":[{"href":"https:\/\/segcitytours.es\/fr\/wp-json\/wp\/v2\/media?parent=7594"}],"wp:term":[{"taxonomy":"product_brand","embeddable":true,"href":"https:\/\/segcitytours.es\/fr\/wp-json\/wp\/v2\/product_brand?post=7594"},{"taxonomy":"product_cat","embeddable":true,"href":"https:\/\/segcitytours.es\/fr\/wp-json\/wp\/v2\/product_cat?post=7594"},{"taxonomy":"product_tag","embeddable":true,"href":"https:\/\/segcitytours.es\/fr\/wp-json\/wp\/v2\/product_tag?post=7594"}],"curies":[{"name":"wp","href":"https:\/\/api.w.org\/{rel}","templated":true}]}}