{"id":7617,"date":"2019-12-15T16:50:21","date_gmt":"2019-12-15T15:50:21","guid":{"rendered":"http:\/\/segcitytours.es.mialias.net\/tours\/tour-express-en-segway-bdll-30-visite-privee\/"},"modified":"2024-03-19T18:19:04","modified_gmt":"2024-03-19T17:19:04","slug":"tour-express-en-segway-bdll-30-visite-privee","status":"publish","type":"product","link":"https:\/\/segcitytours.es\/fr\/tours\/tour-express-en-segway-bdll-30-visite-privee\/","title":{"rendered":"Tour express en Segway BDLL 30&prime;. VISITE PRIV\u00c9E"},"content":{"rendered":"<p><span style=\"color: #ff0000;\"><span style=\"color: #000000;\">Segway Madrid<\/span><br \/>\n<\/span><\/p>\n<h1><strong>Segway Madrid Barrio de las Letras.<\/strong><\/h1>\n<h1><a href=\"https:\/\/youtu.be\/1gneaZlaIIY\"><img decoding=\"async\" class=\"alignnone wp-image-6848\" src=\"http:\/\/segcitytours.es\/wp-content\/uploads\/2021\/06\/YouTube-logo.png\" alt=\"\" width=\"82\" height=\"54\"><\/a><\/h1>\n<h2>Segway Madrid Visite priv\u00e9e et exclusive, pas de groupes.<\/h2>\n<h2>Le plaisir du Segway !<\/h2>\n<p>Visite priv\u00e9e et exclusive, pas de groupes<\/p>\n<p><span style=\"color: #ff0000;\">Minimum 2 utilisateurs. Suppl\u00e9ment de 10\u20ac pour une visite d&rsquo;un utilisateur<\/span><\/p>\n<p><script src=\"https:\/\/fareharbor.com\/embeds\/script\/calendar-small\/segwayfunmadrid\/items\/214861\/?fallback=simple&amp;full-items=yes&amp;flow=no\"><\/script><\/p>\n<p>Avec Segway Madrid, vous aurez le moyen le plus facile et le plus amusant de conna\u00eetre les endroits les plus embl\u00e9matiques du Barrio de las Letras, o\u00f9 ont v\u00e9cu les \u00e9crivains les plus illustres du Si\u00e8cle d&rsquo;Or.<\/p>\n<p>Il s&rsquo;agit d&rsquo;une visite de<strong>30 minutes<\/strong>, au cours de laquelle nous passerons par des lieux aussi connus que les suivants :<\/p>\n<ul>\n<li><a href=\"https:\/\/es.wikipedia.org\/wiki\/Calle_de_las_Huertas\">Calle de las Huertas<\/a><\/li>\n<li><a href=\"https:\/\/es.wikipedia.org\/wiki\/Convento_de_las_Trinitarias_Descalzas\">Le couvent des Trinitaires<\/a><\/li>\n<li>La Plaza de la Plater\u00eda<\/li>\n<li><a href=\"https:\/\/es.wikipedia.org\/wiki\/Casa-Museo_de_Lope_de_Vega\">La maison de Lope de Vega<\/a><\/li>\n<li><a href=\"https:\/\/es.wikipedia.org\/wiki\/Casa_de_Cervantes_(Madrid)\">La maison de Cervantes<\/a><\/li>\n<li>La maison de Quevedo<\/li>\n<li><a href=\"https:\/\/es.wikipedia.org\/wiki\/Plaza_de_Santa_Ana_(Madrid)\">La Plaza de Santa Ana.<\/a><\/li>\n<\/ul>\n<p>La fatigue sera r\u00e9duite au minimum et le plaisir au maximum gr\u00e2ce \u00e0 la facilit\u00e9 du segway !<\/p>\n<p>Vous serez accompagn\u00e9 d&rsquo;un guide expert.<\/p>\n<p>Venez essayer les <a href=\"https:\/\/www.segwayfun.es\/categoria-tours\/madrid-tours\/\">segways sur un parcours autour de Madrid<\/a>!<\/p>\n<p><span style=\"color: #ff0000;\"><strong>\u00c2ge minimum : 10 ans. Poids minimum et maximum : 30-120 Kg.<\/strong><\/span><\/p>\n<p><span style=\"color: #ff0000;\">Pas d&rsquo;annulation en cas de pluie.<\/span><\/p>\n<p><strong><span style=\"color: #ff0000;\">Suppl\u00e9ment pour les visites individuelles.<\/span><\/strong><\/p>\n<p><span style=\"color: #ff0000;\"><strong><span class=\"VIiyi\" lang=\"en\"><span class=\"JLqJ4b ChMk0b\" data-language-for-alternatives=\"en\" data-language-to-translate-into=\"auto\" data-phrase-index=\"0\">Point de d\u00e9part et d&rsquo;arriv\u00e9e : Calle Huertas, 39<\/span><\/span><\/strong><\/span><\/p>\n<p><strong>Groupes &gt;16 utilisateurs, veuillez consulter.<\/strong><\/p>\n<h3>Autres circuits Segway susceptibles de vous int\u00e9resser :<\/h3>\n<p><strong>Segway <a title=\"Segway Madrid\" href=\"http:\/\/segcitytours.es\/tours\/segway-segovia-lagranja\/\">La Granja<\/a> &#8211; <a title=\"Segway \u00e0 Casa de Campo\" href=\"http:\/\/segcitytours.es\/tours\/segwaycasadecampo\/\">Segway Off Road<\/a> &#8211; Segway <a title=\"Segway Madrid\" href=\"http:\/\/segcitytours.es\/tours\/segwayaustrias\/\">Madrid<\/a> &#8211; Segway <a title=\"Segway Madrid\" href=\"http:\/\/segcitytours.es\/tours\/segwayretiro\/\">Madrid Retiro <\/a>&#8211; Segway <a title=\"Segway Soria\" href=\"http:\/\/segcitytours.es\/tours\/segway-soria\/\">Soria (Vinuesa<\/a> ) &#8211; <a title=\"Segway Toledo\" href=\"http:\/\/segcitytours.es\/tours\/cigarral-segway\/\">Segway Enoturismo Toledo <\/a>&#8211; Segway <a title=\"Segway Toledo\" href=\"http:\/\/segcitytours.es\/tours\/segwayteambuilding\/\">groupes <\/a> &#8211; Segway <a title=\"Segway Toledo\" href=\"http:\/\/segcitytours.es\/tours\/\">tours<\/a> &#8211; <a title=\"Segway Toledo\" href=\"http:\/\/segcitytours.es\/eventos\/\">\u00c9v\u00e9nements<\/a> &#8211; <a title=\"Segway Toledo\" href=\"http:\/\/segcitytours.es\/segway-empresas\/\">Segway pour entreprises<\/a> &#8211; Segway pour entreprises<\/strong><\/p>\n<p>&nbsp;<\/p>\n<style>\n.cart {display: none !important;}<br \/><\/style>\n<p><!--more--><\/p>\n","protected":false},"excerpt":{"rendered":"<p> [&hellip;]<\/p>\n","protected":false},"featured_media":7620,"comment_status":"closed","ping_status":"closed","template":"","meta":{"site-sidebar-layout":"default","site-content-layout":"","ast-site-content-layout":"default","site-content-style":"default","site-sidebar-style":"default","ast-global-header-display":"","ast-banner-title-visibility":"","ast-main-header-display":"","ast-hfb-above-header-display":"","ast-hfb-below-header-display":"","ast-hfb-mobile-header-display":"","site-post-title":"","ast-breadcrumbs-content":"","ast-featured-img":"","footer-sml-layout":"","ast-disable-related-posts":"","theme-transparent-header-meta":"default","adv-header-id-meta":"","stick-header-meta":"default","header-above-stick-meta":"","header-main-stick-meta":"","header-below-stick-meta":"","astra-migrate-meta-layouts":"default","ast-page-background-enabled":"default","ast-page-background-meta":{"desktop":{"background-color":"","background-image":"","background-repeat":"repeat","background-position":"center center","background-size":"auto","background-attachment":"scroll","background-type":"","background-media":"","overlay-type":"","overlay-color":"","overlay-opacity":"","overlay-gradient":""},"tablet":{"background-color":"","background-image":"","background-repeat":"repeat","background-position":"center center","background-size":"auto","background-attachment":"scroll","background-type":"","background-media":"","overlay-type":"","overlay-color":"","overlay-opacity":"","overlay-gradient":""},"mobile":{"background-color":"","background-image":"","background-repeat":"repeat","background-position":"center center","background-size":"auto","background-attachment":"scroll","background-type":"","background-media":"","overlay-type":"","overlay-color":"","overlay-opacity":"","overlay-gradient":""}},"ast-content-background-meta":{"desktop":{"background-color":"var(--ast-global-color-5)","background-image":"","background-repeat":"repeat","background-position":"center center","background-size":"auto","background-attachment":"scroll","background-type":"","background-media":"","overlay-type":"","overlay-color":"","overlay-opacity":"","overlay-gradient":""},"tablet":{"background-color":"var(--ast-global-color-5)","background-image":"","background-repeat":"repeat","background-position":"center center","background-size":"auto","background-attachment":"scroll","background-type":"","background-media":"","overlay-type":"","overlay-color":"","overlay-opacity":"","overlay-gradient":""},"mobile":{"background-color":"var(--ast-global-color-5)","background-image":"","background-repeat":"repeat","background-position":"center center","background-size":"auto","background-attachment":"scroll","background-type":"","background-media":"","overlay-type":"","overlay-color":"","overlay-opacity":"","overlay-gradient":""}}},"product_brand":[],"product_cat":[2034],"product_tag":[41,23,42],"class_list":{"0":"post-7617","1":"product","2":"type-product","3":"status-publish","4":"has-post-thumbnail","6":"product_cat-segway-madrid-tours-fr","7":"product_tag-madrid","8":"product_tag-segway","9":"product_tag-segway-sightseeing-tour","10":"desktop-align-center","11":"tablet-align-center","12":"mobile-align-center","13":"ast-product-gallery-layout-horizontal","14":"ast-product-gallery-with-no-image","15":"ast-product-tabs-layout-distributed","16":"ast-qv-on-image","18":"first","19":"instock","20":"featured","21":"virtual","22":"sold-individually","23":"purchasable","24":"product-type-booking"},"booking_location":"","booking_location_type":"","booking_duration":1,"booking_duration_unit":"hour","booking_buffer":0,"booking_cost":25,"booking_resources":[],"yoast_head":"<!-- This site is optimized with the Yoast SEO Premium plugin v27.1 (Yoast SEO v27.1.1) - https:\/\/yoast.com\/product\/yoast-seo-premium-wordpress\/ -->\n<title>Segway Madrid<\/title>\n<meta name=\"description\" content=\"En Segway, d\u00e9couvrez le Barrio de las Letras de Madrid, o\u00f9 se sont concentr\u00e9s les \u00e9crivains qui ont donn\u00e9 naissance au Si\u00e8cle d&#039;or espagnol.\" \/>\n<meta name=\"robots\" content=\"index, follow, max-snippet:-1, max-image-preview:large, max-video-preview:-1\" \/>\n<link rel=\"canonical\" href=\"https:\/\/segcitytours.es\/fr\/tours\/tour-express-en-segway-bdll-30-visite-privee\/\" \/>\n<meta property=\"og:locale\" content=\"fr_FR\" \/>\n<meta property=\"og:type\" content=\"article\" \/>\n<meta property=\"og:title\" content=\"Tour express en Segway BDLL 30&#039;. VISITE PRIV\u00c9E\" \/>\n<meta property=\"og:description\" content=\"En Segway, d\u00e9couvrez le Barrio de las Letras de Madrid, o\u00f9 se sont concentr\u00e9s les \u00e9crivains qui ont donn\u00e9 naissance au Si\u00e8cle d&#039;or espagnol.\" \/>\n<meta property=\"og:url\" content=\"https:\/\/segcitytours.es\/fr\/tours\/tour-express-en-segway-bdll-30-visite-privee\/\" \/>\n<meta property=\"og:site_name\" content=\"Madrid Segway Tour Experience\" \/>\n<meta property=\"article:publisher\" content=\"https:\/\/www.facebook.com\/Segwayfun-111864518874580\/timeline\/?ref=ts\" \/>\n<meta property=\"article:modified_time\" content=\"2024-03-19T17:19:04+00:00\" \/>\n<meta property=\"og:image\" content=\"https:\/\/segcitytours.es\/wp-content\/uploads\/2019\/12\/plaza-de-santa-ana-segway.jpeg\" \/>\n\t<meta property=\"og:image:width\" content=\"1024\" \/>\n\t<meta property=\"og:image:height\" content=\"768\" \/>\n\t<meta property=\"og:image:type\" content=\"image\/jpeg\" \/>\n<meta name=\"twitter:card\" content=\"summary_large_image\" \/>\n<meta name=\"twitter:site\" content=\"@_segwayfun\" \/>\n<meta name=\"twitter:label1\" content=\"Prix\" \/>\n\t<meta name=\"twitter:data1\" content=\"25,00&nbsp;&euro;\" \/>\n\t<meta name=\"twitter:label2\" content=\"Disponibilit\u00e9\" \/>\n\t<meta name=\"twitter:data2\" content=\"En stock\" \/>\n<script type=\"application\/ld+json\" class=\"yoast-schema-graph\">{\"@context\":\"https:\/\/schema.org\",\"@graph\":[{\"@type\":\"WebPage\",\"@id\":\"https:\/\/segcitytours.es\/fr\/tours\/tour-express-en-segway-bdll-30-visite-privee\/\",\"url\":\"https:\/\/segcitytours.es\/fr\/tours\/tour-express-en-segway-bdll-30-visite-privee\/\",\"name\":\"Segway Madrid\",\"isPartOf\":{\"@id\":\"https:\/\/segcitytours.es\/fr\/#website\"},\"primaryImageOfPage\":{\"@id\":\"https:\/\/segcitytours.es\/fr\/tours\/tour-express-en-segway-bdll-30-visite-privee\/#primaryimage\"},\"image\":{\"@id\":\"https:\/\/segcitytours.es\/fr\/tours\/tour-express-en-segway-bdll-30-visite-privee\/#primaryimage\"},\"thumbnailUrl\":\"https:\/\/segcitytours.es\/wp-content\/uploads\/2019\/12\/plaza-de-santa-ana-segway.jpeg\",\"datePublished\":\"2019-12-15T15:50:21+00:00\",\"dateModified\":\"2024-03-19T17:19:04+00:00\",\"description\":\"En Segway, d\u00e9couvrez le Barrio de las Letras de Madrid, o\u00f9 se sont concentr\u00e9s les \u00e9crivains qui ont donn\u00e9 naissance au Si\u00e8cle d'or espagnol.\",\"breadcrumb\":{\"@id\":\"https:\/\/segcitytours.es\/fr\/tours\/tour-express-en-segway-bdll-30-visite-privee\/#breadcrumb\"},\"inLanguage\":\"fr-FR\",\"potentialAction\":[{\"@type\":\"ReadAction\",\"target\":[\"https:\/\/segcitytours.es\/fr\/tours\/tour-express-en-segway-bdll-30-visite-privee\/\"]}]},{\"@type\":\"ImageObject\",\"inLanguage\":\"fr-FR\",\"@id\":\"https:\/\/segcitytours.es\/fr\/tours\/tour-express-en-segway-bdll-30-visite-privee\/#primaryimage\",\"url\":\"https:\/\/segcitytours.es\/wp-content\/uploads\/2019\/12\/plaza-de-santa-ana-segway.jpeg\",\"contentUrl\":\"https:\/\/segcitytours.es\/wp-content\/uploads\/2019\/12\/plaza-de-santa-ana-segway.jpeg\",\"width\":1024,\"height\":768},{\"@type\":\"BreadcrumbList\",\"@id\":\"https:\/\/segcitytours.es\/fr\/tours\/tour-express-en-segway-bdll-30-visite-privee\/#breadcrumb\",\"itemListElement\":[{\"@type\":\"ListItem\",\"position\":1,\"name\":\"Portada\",\"item\":\"https:\/\/segcitytours.es\/fr\/accueil\/\"},{\"@type\":\"ListItem\",\"position\":2,\"name\":\"Shop\",\"item\":\"https:\/\/segcitytours.es\/en\/shop\/\"},{\"@type\":\"ListItem\",\"position\":3,\"name\":\"Tour express en Segway BDLL 30&#8242;. VISITE PRIV\u00c9E\"}]},{\"@type\":\"WebSite\",\"@id\":\"https:\/\/segcitytours.es\/fr\/#website\",\"url\":\"https:\/\/segcitytours.es\/fr\/\",\"name\":\"Madrid Segway Tour Experience\",\"description\":\"Disfruta Madrid en Segway\",\"publisher\":{\"@id\":\"https:\/\/segcitytours.es\/fr\/#organization\"},\"alternateName\":\"Segcitytours - Segway tours\",\"potentialAction\":[{\"@type\":\"SearchAction\",\"target\":{\"@type\":\"EntryPoint\",\"urlTemplate\":\"https:\/\/segcitytours.es\/fr\/?s={search_term_string}\"},\"query-input\":{\"@type\":\"PropertyValueSpecification\",\"valueRequired\":true,\"valueName\":\"search_term_string\"}}],\"inLanguage\":\"fr-FR\"},{\"@type\":[\"Organization\",\"Place\",\"LocalBusiness\"],\"@id\":\"https:\/\/segcitytours.es\/fr\/#organization\",\"name\":\"Segcitytours\",\"alternateName\":\"Segway Tours\",\"url\":\"https:\/\/segcitytours.es\/fr\/\",\"logo\":{\"@id\":\"https:\/\/segcitytours.es\/fr\/tours\/tour-express-en-segway-bdll-30-visite-privee\/#local-main-organization-logo\"},\"image\":{\"@id\":\"https:\/\/segcitytours.es\/fr\/tours\/tour-express-en-segway-bdll-30-visite-privee\/#local-main-organization-logo\"},\"sameAs\":[\"https:\/\/www.facebook.com\/Segwayfun-111864518874580\/timeline\/?ref=ts\",\"https:\/\/x.com\/_segwayfun\"],\"address\":{\"@id\":\"https:\/\/segcitytours.es\/fr\/tours\/tour-express-en-segway-bdll-30-visite-privee\/#local-main-place-address\"},\"geo\":{\"@type\":\"GeoCoordinates\",\"latitude\":\"40.413530233784094\",\"longitude\":\"-3.6983123748514117\"},\"telephone\":[\"+34629612216\"],\"openingHoursSpecification\":[{\"@type\":\"OpeningHoursSpecification\",\"dayOfWeek\":[\"Monday\",\"Tuesday\",\"Wednesday\",\"Thursday\",\"Friday\",\"Saturday\",\"Sunday\"],\"opens\":\"10:00\",\"closes\":\"20:00\"}],\"email\":\"info@segcitytours.es\",\"vatID\":\"B42196998\",\"taxID\":\"B42196998\"},{\"@type\":\"PostalAddress\",\"@id\":\"https:\/\/segcitytours.es\/fr\/tours\/tour-express-en-segway-bdll-30-visite-privee\/#local-main-place-address\",\"streetAddress\":\"Calle de las Huertas, 39\",\"addressLocality\":\"Madrid\",\"postalCode\":\"28014\",\"addressRegion\":\"Madrid\",\"addressCountry\":\"ES\"},{\"@type\":\"ImageObject\",\"inLanguage\":\"fr-FR\",\"@id\":\"https:\/\/segcitytours.es\/fr\/tours\/tour-express-en-segway-bdll-30-visite-privee\/#local-main-organization-logo\",\"url\":\"https:\/\/segcitytours.es\/wp-content\/uploads\/2020\/11\/Segcitytours-fondo-blanco-1000px.png\",\"contentUrl\":\"https:\/\/segcitytours.es\/wp-content\/uploads\/2020\/11\/Segcitytours-fondo-blanco-1000px.png\",\"width\":1000,\"height\":500,\"caption\":\"Segcitytours\"}]}<\/script>\n<meta property=\"product:price:amount\" content=\"25.00\" \/>\n<meta property=\"product:price:currency\" content=\"EUR\" \/>\n<meta property=\"og:availability\" content=\"instock\" \/>\n<meta property=\"product:availability\" content=\"instock\" \/>\n<meta property=\"product:condition\" content=\"new\" \/>\n<meta name=\"geo.placename\" content=\"Madrid\" \/>\n<meta name=\"geo.position\" content=\"40.413530233784094;-3.6983123748514117\" \/>\n<meta name=\"geo.region\" content=\"Espagne\" \/>\n<!-- \/ Yoast SEO Premium plugin. -->","yoast_head_json":{"title":"Segway Madrid","description":"En Segway, d\u00e9couvrez le Barrio de las Letras de Madrid, o\u00f9 se sont concentr\u00e9s les \u00e9crivains qui ont donn\u00e9 naissance au Si\u00e8cle d'or espagnol.","robots":{"index":"index","follow":"follow","max-snippet":"max-snippet:-1","max-image-preview":"max-image-preview:large","max-video-preview":"max-video-preview:-1"},"canonical":"https:\/\/segcitytours.es\/fr\/tours\/tour-express-en-segway-bdll-30-visite-privee\/","og_locale":"fr_FR","og_type":"article","og_title":"Tour express en Segway BDLL 30'. VISITE PRIV\u00c9E","og_description":"En Segway, d\u00e9couvrez le Barrio de las Letras de Madrid, o\u00f9 se sont concentr\u00e9s les \u00e9crivains qui ont donn\u00e9 naissance au Si\u00e8cle d'or espagnol.","og_url":"https:\/\/segcitytours.es\/fr\/tours\/tour-express-en-segway-bdll-30-visite-privee\/","og_site_name":"Madrid Segway Tour Experience","article_publisher":"https:\/\/www.facebook.com\/Segwayfun-111864518874580\/timeline\/?ref=ts","article_modified_time":"2024-03-19T17:19:04+00:00","og_image":[{"width":1024,"height":768,"url":"https:\/\/segcitytours.es\/wp-content\/uploads\/2019\/12\/plaza-de-santa-ana-segway.jpeg","type":"image\/jpeg"}],"twitter_card":"summary_large_image","twitter_site":"@_segwayfun","twitter_misc":{"Prix":"25,00&nbsp;&euro;","Disponibilit\u00e9":"En stock"},"schema":{"@context":"https:\/\/schema.org","@graph":[{"@type":"WebPage","@id":"https:\/\/segcitytours.es\/fr\/tours\/tour-express-en-segway-bdll-30-visite-privee\/","url":"https:\/\/segcitytours.es\/fr\/tours\/tour-express-en-segway-bdll-30-visite-privee\/","name":"Segway Madrid","isPartOf":{"@id":"https:\/\/segcitytours.es\/fr\/#website"},"primaryImageOfPage":{"@id":"https:\/\/segcitytours.es\/fr\/tours\/tour-express-en-segway-bdll-30-visite-privee\/#primaryimage"},"image":{"@id":"https:\/\/segcitytours.es\/fr\/tours\/tour-express-en-segway-bdll-30-visite-privee\/#primaryimage"},"thumbnailUrl":"https:\/\/segcitytours.es\/wp-content\/uploads\/2019\/12\/plaza-de-santa-ana-segway.jpeg","datePublished":"2019-12-15T15:50:21+00:00","dateModified":"2024-03-19T17:19:04+00:00","description":"En Segway, d\u00e9couvrez le Barrio de las Letras de Madrid, o\u00f9 se sont concentr\u00e9s les \u00e9crivains qui ont donn\u00e9 naissance au Si\u00e8cle d'or espagnol.","breadcrumb":{"@id":"https:\/\/segcitytours.es\/fr\/tours\/tour-express-en-segway-bdll-30-visite-privee\/#breadcrumb"},"inLanguage":"fr-FR","potentialAction":[{"@type":"ReadAction","target":["https:\/\/segcitytours.es\/fr\/tours\/tour-express-en-segway-bdll-30-visite-privee\/"]}]},{"@type":"ImageObject","inLanguage":"fr-FR","@id":"https:\/\/segcitytours.es\/fr\/tours\/tour-express-en-segway-bdll-30-visite-privee\/#primaryimage","url":"https:\/\/segcitytours.es\/wp-content\/uploads\/2019\/12\/plaza-de-santa-ana-segway.jpeg","contentUrl":"https:\/\/segcitytours.es\/wp-content\/uploads\/2019\/12\/plaza-de-santa-ana-segway.jpeg","width":1024,"height":768},{"@type":"BreadcrumbList","@id":"https:\/\/segcitytours.es\/fr\/tours\/tour-express-en-segway-bdll-30-visite-privee\/#breadcrumb","itemListElement":[{"@type":"ListItem","position":1,"name":"Portada","item":"https:\/\/segcitytours.es\/fr\/accueil\/"},{"@type":"ListItem","position":2,"name":"Shop","item":"https:\/\/segcitytours.es\/en\/shop\/"},{"@type":"ListItem","position":3,"name":"Tour express en Segway BDLL 30&#8242;. VISITE PRIV\u00c9E"}]},{"@type":"WebSite","@id":"https:\/\/segcitytours.es\/fr\/#website","url":"https:\/\/segcitytours.es\/fr\/","name":"Madrid Segway Tour Experience","description":"Disfruta Madrid en Segway","publisher":{"@id":"https:\/\/segcitytours.es\/fr\/#organization"},"alternateName":"Segcitytours - Segway tours","potentialAction":[{"@type":"SearchAction","target":{"@type":"EntryPoint","urlTemplate":"https:\/\/segcitytours.es\/fr\/?s={search_term_string}"},"query-input":{"@type":"PropertyValueSpecification","valueRequired":true,"valueName":"search_term_string"}}],"inLanguage":"fr-FR"},{"@type":["Organization","Place","LocalBusiness"],"@id":"https:\/\/segcitytours.es\/fr\/#organization","name":"Segcitytours","alternateName":"Segway Tours","url":"https:\/\/segcitytours.es\/fr\/","logo":{"@id":"https:\/\/segcitytours.es\/fr\/tours\/tour-express-en-segway-bdll-30-visite-privee\/#local-main-organization-logo"},"image":{"@id":"https:\/\/segcitytours.es\/fr\/tours\/tour-express-en-segway-bdll-30-visite-privee\/#local-main-organization-logo"},"sameAs":["https:\/\/www.facebook.com\/Segwayfun-111864518874580\/timeline\/?ref=ts","https:\/\/x.com\/_segwayfun"],"address":{"@id":"https:\/\/segcitytours.es\/fr\/tours\/tour-express-en-segway-bdll-30-visite-privee\/#local-main-place-address"},"geo":{"@type":"GeoCoordinates","latitude":"40.413530233784094","longitude":"-3.6983123748514117"},"telephone":["+34629612216"],"openingHoursSpecification":[{"@type":"OpeningHoursSpecification","dayOfWeek":["Monday","Tuesday","Wednesday","Thursday","Friday","Saturday","Sunday"],"opens":"10:00","closes":"20:00"}],"email":"info@segcitytours.es","vatID":"B42196998","taxID":"B42196998"},{"@type":"PostalAddress","@id":"https:\/\/segcitytours.es\/fr\/tours\/tour-express-en-segway-bdll-30-visite-privee\/#local-main-place-address","streetAddress":"Calle de las Huertas, 39","addressLocality":"Madrid","postalCode":"28014","addressRegion":"Madrid","addressCountry":"ES"},{"@type":"ImageObject","inLanguage":"fr-FR","@id":"https:\/\/segcitytours.es\/fr\/tours\/tour-express-en-segway-bdll-30-visite-privee\/#local-main-organization-logo","url":"https:\/\/segcitytours.es\/wp-content\/uploads\/2020\/11\/Segcitytours-fondo-blanco-1000px.png","contentUrl":"https:\/\/segcitytours.es\/wp-content\/uploads\/2020\/11\/Segcitytours-fondo-blanco-1000px.png","width":1000,"height":500,"caption":"Segcitytours"}]},"product_price_amount":"25.00","product_price_currency":"EUR","og_availability":"instock","product_availability":"instock","product_condition":"new","geo.placename":"Madrid","geo.position":{"lat":"40.413530233784094","long":"-3.6983123748514117"},"geo.region":"Espagne"},"_links":{"self":[{"href":"https:\/\/segcitytours.es\/fr\/wp-json\/wp\/v2\/product\/7617","targetHints":{"allow":["GET"]}}],"collection":[{"href":"https:\/\/segcitytours.es\/fr\/wp-json\/wp\/v2\/product"}],"about":[{"href":"https:\/\/segcitytours.es\/fr\/wp-json\/wp\/v2\/types\/product"}],"replies":[{"embeddable":true,"href":"https:\/\/segcitytours.es\/fr\/wp-json\/wp\/v2\/comments?post=7617"}],"version-history":[{"count":0,"href":"https:\/\/segcitytours.es\/fr\/wp-json\/wp\/v2\/product\/7617\/revisions"}],"wp:featuredmedia":[{"embeddable":true,"href":"https:\/\/segcitytours.es\/fr\/wp-json\/wp\/v2\/media\/7620"}],"wp:attachment":[{"href":"https:\/\/segcitytours.es\/fr\/wp-json\/wp\/v2\/media?parent=7617"}],"wp:term":[{"taxonomy":"product_brand","embeddable":true,"href":"https:\/\/segcitytours.es\/fr\/wp-json\/wp\/v2\/product_brand?post=7617"},{"taxonomy":"product_cat","embeddable":true,"href":"https:\/\/segcitytours.es\/fr\/wp-json\/wp\/v2\/product_cat?post=7617"},{"taxonomy":"product_tag","embeddable":true,"href":"https:\/\/segcitytours.es\/fr\/wp-json\/wp\/v2\/product_tag?post=7617"}],"curies":[{"name":"wp","href":"https:\/\/api.w.org\/{rel}","templated":true}]}}