{"id":7633,"date":"2020-04-23T14:05:51","date_gmt":"2020-04-23T12:05:51","guid":{"rendered":"http:\/\/segcitytours.es.mialias.net\/tours\/visite-virtuelle-du-parc-du-retiro-madrid\/"},"modified":"2023-09-14T09:58:59","modified_gmt":"2023-09-14T07:58:59","slug":"visite-virtuelle-du-parc-du-retiro-madrid","status":"publish","type":"product","link":"https:\/\/segcitytours.es\/fr\/tours\/visite-virtuelle-du-parc-du-retiro-madrid\/","title":{"rendered":"Visite virtuelle du parc du Retiro &#8211; Madrid"},"content":{"rendered":"<p><span class=\"tlid-translation translation\" lang=\"fr\"><span title=\"\"><span class=\"tlid-translation translation\" lang=\"es\"><strong><span class=\"\" title=\"\">Visite virtuelle du parc du Retiro &#8211; Madrid<\/span><\/strong><br \/>\n<span class=\"\" title=\"\">Profitez de cette visite virtuelle enti\u00e8rement<span style=\"color: #ff0000;\"><br \/>\n  <strong> gratuite<\/strong><br \/>\n<\/span>Nous vous offrons la Retraite sur votre \u00e9cran.<\/span><\/span><\/span><\/span><\/p>\n<p><a href=\"https:\/\/www.youtube.com\/watch?v=n468d6-piWM&amp;t=18s\" target=\"_blank\" rel=\"noopener noreferrer\"><img decoding=\"async\" class=\"aligncenter wp-image-6147\" src=\"http:\/\/segcitytours.es\/wp-content\/uploads\/2023\/09\/youtube-RETIRO.jpg\" alt=\"\" width=\"191\" height=\"151\"><\/a><\/p>\n<p>Si vous souhaitez vivre l&rsquo;exp\u00e9rience en personne, r\u00e9servez votre tour en segway ou achetez votre carte cadeau d\u00e8s maintenant et vous pourrez l&rsquo;utiliser quand vous le souhaitez, afin que nous puissions vous offrir le service avec une r\u00e9duction unique sur les tours de Madrid Centro ou Retiro.<\/p>\n<p><span style=\"color: #ff0000;\"><strong>1 heure de visite : 15\u20ac.<\/strong><\/span><\/p>\n<p><span style=\"color: #ff0000;\"><strong>La visite de 2 heures : 30\u20ac.<\/strong><\/span><\/p>\n<p><span style=\"color: #ff0000;\"><strong>La visite de 3 heures : 60\u20ac.<\/strong><\/span><\/p>\n<p><span class=\"tlid-translation translation\" lang=\"es\"><span title=\"\">Si vous voulez tenter l&rsquo;exp\u00e9rience, nous vous invitons \u00e0 faire un tour en Segway \u00e0 un prix exceptionnel.<\/span> <span class=\"\" title=\"\">Vous pouvez maintenant profiter de cette opportunit\u00e9 et acheter une carte cadeau \u00e0 un prix fantastique.<\/span><\/span><\/p>\n<p>La carte peut \u00eatre achet\u00e9e pour 15\u20ac, 30\u20ac, 60\u20ac ou le montant que vous souhaitez, faites les combinaisons que vous voulez et dites-nous votre choix dans les commentaires.<\/p>\n<p><strong>Segway <a title=\"Segway Madrid\" href=\"http:\/\/segcitytours.es\/tours\/segway-segovia-lagranja\/\">La Granja<\/a> &#8211; <a title=\"Segway \u00e0 Casa de Campo\" href=\"http:\/\/segcitytours.es\/tours\/segwaycasadecampo\/\">Segway Off Road<\/a> &#8211; Segway <a title=\"Segway Madrid\" href=\"http:\/\/segcitytours.es\/tours\/segwayaustrias\/\">Madrid<\/a> &#8211; Segway <a title=\"Segway Madrid\" href=\"http:\/\/segcitytours.es\/tours\/segwayretiro\/\">Madrid Retiro <\/a>&#8211; Segway <a title=\"Segway Soria\" href=\"http:\/\/segcitytours.es\/tours\/segway-soria\/\">Soria (Vinuesa<\/a> ) &#8211; <a title=\"Segway Toledo\" href=\"http:\/\/segcitytours.es\/tours\/cigarral-segway\/\">Segway Enoturismo Toledo <\/a>&#8211; Segway <a title=\"Segway Toledo\" href=\"http:\/\/segcitytours.es\/tours\/segwayteambuilding\/\">groupes <\/a> &#8211; Segway <a title=\"Segway Toledo\" href=\"http:\/\/segcitytours.es\/tours\/\">tours<\/a> &#8211; <a title=\"Segway Toledo\" href=\"http:\/\/segcitytours.es\/eventos\/\">\u00c9v\u00e9nements<\/a> &#8211; <a title=\"Segway Toledo\" href=\"http:\/\/segcitytours.es\/es\/segway-empresas\/\">Segway pour entreprises<\/a> &#8211; Segway pour entreprises<\/strong><\/p>\n<p><center><a class=\"fh-button-true-flat-pink fh-icon--gift\" href=\"https:\/\/fareharbor.com\/embeds\/book\/segwayfunmadrid\/items\/228443\/?full-items=yes&amp;flow=358264\">Carte cadeau<\/a><\/center><!--more--><\/p>\n","protected":false},"excerpt":{"rendered":"<p> [&hellip;]<\/p>\n","protected":false},"featured_media":7637,"comment_status":"closed","ping_status":"closed","template":"","meta":{"site-sidebar-layout":"default","site-content-layout":"","ast-site-content-layout":"default","site-content-style":"default","site-sidebar-style":"default","ast-global-header-display":"","ast-banner-title-visibility":"","ast-main-header-display":"","ast-hfb-above-header-display":"","ast-hfb-below-header-display":"","ast-hfb-mobile-header-display":"","site-post-title":"","ast-breadcrumbs-content":"","ast-featured-img":"","footer-sml-layout":"","ast-disable-related-posts":"","theme-transparent-header-meta":"default","adv-header-id-meta":"","stick-header-meta":"default","header-above-stick-meta":"","header-main-stick-meta":"","header-below-stick-meta":"","astra-migrate-meta-layouts":"default","ast-page-background-enabled":"default","ast-page-background-meta":{"desktop":{"background-color":"","background-image":"","background-repeat":"repeat","background-position":"center center","background-size":"auto","background-attachment":"scroll","background-type":"","background-media":"","overlay-type":"","overlay-color":"","overlay-opacity":"","overlay-gradient":""},"tablet":{"background-color":"","background-image":"","background-repeat":"repeat","background-position":"center center","background-size":"auto","background-attachment":"scroll","background-type":"","background-media":"","overlay-type":"","overlay-color":"","overlay-opacity":"","overlay-gradient":""},"mobile":{"background-color":"","background-image":"","background-repeat":"repeat","background-position":"center center","background-size":"auto","background-attachment":"scroll","background-type":"","background-media":"","overlay-type":"","overlay-color":"","overlay-opacity":"","overlay-gradient":""}},"ast-content-background-meta":{"desktop":{"background-color":"var(--ast-global-color-5)","background-image":"","background-repeat":"repeat","background-position":"center center","background-size":"auto","background-attachment":"scroll","background-type":"","background-media":"","overlay-type":"","overlay-color":"","overlay-opacity":"","overlay-gradient":""},"tablet":{"background-color":"var(--ast-global-color-5)","background-image":"","background-repeat":"repeat","background-position":"center center","background-size":"auto","background-attachment":"scroll","background-type":"","background-media":"","overlay-type":"","overlay-color":"","overlay-opacity":"","overlay-gradient":""},"mobile":{"background-color":"var(--ast-global-color-5)","background-image":"","background-repeat":"repeat","background-position":"center center","background-size":"auto","background-attachment":"scroll","background-type":"","background-media":"","overlay-type":"","overlay-color":"","overlay-opacity":"","overlay-gradient":""}}},"product_brand":[],"product_cat":[2044],"product_tag":[],"class_list":{"0":"post-7633","1":"product","2":"type-product","3":"status-publish","4":"has-post-thumbnail","6":"product_cat-tour-virtual-fr","7":"desktop-align-center","8":"tablet-align-center","9":"mobile-align-center","10":"ast-product-gallery-layout-horizontal","11":"ast-product-gallery-with-no-image","12":"ast-product-tabs-layout-distributed","13":"ast-qv-on-image","15":"first","16":"instock","17":"shipping-taxable","18":"product-type-external"},"booking_location":null,"booking_location_type":null,"booking_duration":null,"booking_duration_unit":null,"booking_buffer":null,"booking_cost":null,"booking_resources":null,"yoast_head":"<!-- This site is optimized with the Yoast SEO Premium plugin v27.1 (Yoast SEO v27.3) - https:\/\/yoast.com\/product\/yoast-seo-premium-wordpress\/ -->\n<title>Visite virtuelle du Retiro - Nous vous proposons une visite virtuelle du Retiro.<\/title>\n<meta name=\"description\" content=\"Segwayfun vous propose une visite virtuelle du parc du Retiro, avec ses principaux monuments et points d&#039;int\u00e9r\u00eat.\" \/>\n<meta name=\"robots\" content=\"index, follow, max-snippet:-1, max-image-preview:large, max-video-preview:-1\" \/>\n<link rel=\"canonical\" href=\"https:\/\/segcitytours.es\/fr\/tours\/visite-virtuelle-du-parc-du-retiro-madrid\/\" \/>\n<meta property=\"og:locale\" content=\"fr_FR\" \/>\n<meta property=\"og:type\" content=\"article\" \/>\n<meta property=\"og:title\" content=\"Visite virtuelle du parc du Retiro - Madrid\" \/>\n<meta property=\"og:description\" content=\"Segwayfun vous propose une visite virtuelle du parc du Retiro, avec ses principaux monuments et points d&#039;int\u00e9r\u00eat.\" \/>\n<meta property=\"og:url\" content=\"https:\/\/segcitytours.es\/fr\/tours\/visite-virtuelle-du-parc-du-retiro-madrid\/\" \/>\n<meta property=\"og:site_name\" content=\"Madrid Segway Tour Experience\" \/>\n<meta property=\"article:publisher\" content=\"https:\/\/www.facebook.com\/Segwayfun-111864518874580\/timeline\/?ref=ts\" \/>\n<meta property=\"article:modified_time\" content=\"2023-09-14T07:58:59+00:00\" \/>\n<meta property=\"og:image\" content=\"https:\/\/segcitytours.es\/wp-content\/uploads\/2020\/04\/logo-virtual-retiro-1.jpg\" \/>\n\t<meta property=\"og:image:width\" content=\"500\" \/>\n\t<meta property=\"og:image:height\" content=\"500\" \/>\n\t<meta property=\"og:image:type\" content=\"image\/jpeg\" \/>\n<meta name=\"twitter:card\" content=\"summary_large_image\" \/>\n<meta name=\"twitter:site\" content=\"@_segwayfun\" \/>\n<meta name=\"twitter:label1\" content=\"Prix\" \/>\n\t<meta name=\"twitter:data1\" content=\"\" \/>\n\t<meta name=\"twitter:label2\" content=\"Disponibilit\u00e9\" \/>\n\t<meta name=\"twitter:data2\" content=\"En stock\" \/>\n<script type=\"application\/ld+json\" class=\"yoast-schema-graph\">{\"@context\":\"https:\\\/\\\/schema.org\",\"@graph\":[{\"@type\":\"WebPage\",\"@id\":\"https:\\\/\\\/segcitytours.es\\\/fr\\\/tours\\\/visite-virtuelle-du-parc-du-retiro-madrid\\\/\",\"url\":\"https:\\\/\\\/segcitytours.es\\\/fr\\\/tours\\\/visite-virtuelle-du-parc-du-retiro-madrid\\\/\",\"name\":\"Visite virtuelle du Retiro - Nous vous proposons une visite virtuelle du Retiro.\",\"isPartOf\":{\"@id\":\"https:\\\/\\\/segcitytours.es\\\/fr\\\/#website\"},\"primaryImageOfPage\":{\"@id\":\"https:\\\/\\\/segcitytours.es\\\/fr\\\/tours\\\/visite-virtuelle-du-parc-du-retiro-madrid\\\/#primaryimage\"},\"image\":{\"@id\":\"https:\\\/\\\/segcitytours.es\\\/fr\\\/tours\\\/visite-virtuelle-du-parc-du-retiro-madrid\\\/#primaryimage\"},\"thumbnailUrl\":\"https:\\\/\\\/segcitytours.es\\\/wp-content\\\/uploads\\\/2020\\\/04\\\/logo-virtual-retiro-1.jpg\",\"datePublished\":\"2020-04-23T12:05:51+00:00\",\"dateModified\":\"2023-09-14T07:58:59+00:00\",\"description\":\"Segwayfun vous propose une visite virtuelle du parc du Retiro, avec ses principaux monuments et points d'int\u00e9r\u00eat.\",\"breadcrumb\":{\"@id\":\"https:\\\/\\\/segcitytours.es\\\/fr\\\/tours\\\/visite-virtuelle-du-parc-du-retiro-madrid\\\/#breadcrumb\"},\"inLanguage\":\"fr-FR\",\"potentialAction\":[{\"@type\":\"ReadAction\",\"target\":[\"https:\\\/\\\/segcitytours.es\\\/fr\\\/tours\\\/visite-virtuelle-du-parc-du-retiro-madrid\\\/\"]}]},{\"@type\":\"ImageObject\",\"inLanguage\":\"fr-FR\",\"@id\":\"https:\\\/\\\/segcitytours.es\\\/fr\\\/tours\\\/visite-virtuelle-du-parc-du-retiro-madrid\\\/#primaryimage\",\"url\":\"https:\\\/\\\/segcitytours.es\\\/wp-content\\\/uploads\\\/2020\\\/04\\\/logo-virtual-retiro-1.jpg\",\"contentUrl\":\"https:\\\/\\\/segcitytours.es\\\/wp-content\\\/uploads\\\/2020\\\/04\\\/logo-virtual-retiro-1.jpg\",\"width\":500,\"height\":500},{\"@type\":\"BreadcrumbList\",\"@id\":\"https:\\\/\\\/segcitytours.es\\\/fr\\\/tours\\\/visite-virtuelle-du-parc-du-retiro-madrid\\\/#breadcrumb\",\"itemListElement\":[{\"@type\":\"ListItem\",\"position\":1,\"name\":\"Portada\",\"item\":\"https:\\\/\\\/segcitytours.es\\\/fr\\\/accueil\\\/\"},{\"@type\":\"ListItem\",\"position\":2,\"name\":\"Shop\",\"item\":\"https:\\\/\\\/segcitytours.es\\\/en\\\/shop\\\/\"},{\"@type\":\"ListItem\",\"position\":3,\"name\":\"Visite virtuelle du parc du Retiro &#8211; Madrid\"}]},{\"@type\":\"WebSite\",\"@id\":\"https:\\\/\\\/segcitytours.es\\\/fr\\\/#website\",\"url\":\"https:\\\/\\\/segcitytours.es\\\/fr\\\/\",\"name\":\"Madrid Segway Tour Experience\",\"description\":\"Disfruta Madrid en Segway\",\"publisher\":{\"@id\":\"https:\\\/\\\/segcitytours.es\\\/fr\\\/#organization\"},\"alternateName\":\"Segcitytours - Segway tours\",\"potentialAction\":[{\"@type\":\"SearchAction\",\"target\":{\"@type\":\"EntryPoint\",\"urlTemplate\":\"https:\\\/\\\/segcitytours.es\\\/fr\\\/?s={search_term_string}\"},\"query-input\":{\"@type\":\"PropertyValueSpecification\",\"valueRequired\":true,\"valueName\":\"search_term_string\"}}],\"inLanguage\":\"fr-FR\"},{\"@type\":[\"Organization\",\"Place\",\"LocalBusiness\"],\"@id\":\"https:\\\/\\\/segcitytours.es\\\/fr\\\/#organization\",\"name\":\"Segcitytours\",\"alternateName\":\"Segway Tours\",\"url\":\"https:\\\/\\\/segcitytours.es\\\/fr\\\/\",\"logo\":{\"@id\":\"https:\\\/\\\/segcitytours.es\\\/fr\\\/tours\\\/visite-virtuelle-du-parc-du-retiro-madrid\\\/#local-main-organization-logo\"},\"image\":{\"@id\":\"https:\\\/\\\/segcitytours.es\\\/fr\\\/tours\\\/visite-virtuelle-du-parc-du-retiro-madrid\\\/#local-main-organization-logo\"},\"sameAs\":[\"https:\\\/\\\/www.facebook.com\\\/Segwayfun-111864518874580\\\/timeline\\\/?ref=ts\",\"https:\\\/\\\/x.com\\\/_segwayfun\"],\"address\":{\"@id\":\"https:\\\/\\\/segcitytours.es\\\/fr\\\/tours\\\/visite-virtuelle-du-parc-du-retiro-madrid\\\/#local-main-place-address\"},\"geo\":{\"@type\":\"GeoCoordinates\",\"latitude\":\"40.413530233784094\",\"longitude\":\"-3.6983123748514117\"},\"telephone\":[\"+34629612216\"],\"openingHoursSpecification\":[{\"@type\":\"OpeningHoursSpecification\",\"dayOfWeek\":[\"Monday\",\"Tuesday\",\"Wednesday\",\"Thursday\",\"Friday\",\"Saturday\",\"Sunday\"],\"opens\":\"10:00\",\"closes\":\"20:00\"}],\"email\":\"info@segcitytours.es\",\"vatID\":\"B42196998\",\"taxID\":\"B42196998\"},{\"@type\":\"PostalAddress\",\"@id\":\"https:\\\/\\\/segcitytours.es\\\/fr\\\/tours\\\/visite-virtuelle-du-parc-du-retiro-madrid\\\/#local-main-place-address\",\"streetAddress\":\"Calle de las Huertas, 39\",\"addressLocality\":\"Madrid\",\"postalCode\":\"28014\",\"addressRegion\":\"Madrid\",\"addressCountry\":\"ES\"},{\"@type\":\"ImageObject\",\"inLanguage\":\"fr-FR\",\"@id\":\"https:\\\/\\\/segcitytours.es\\\/fr\\\/tours\\\/visite-virtuelle-du-parc-du-retiro-madrid\\\/#local-main-organization-logo\",\"url\":\"https:\\\/\\\/segcitytours.es\\\/wp-content\\\/uploads\\\/2020\\\/11\\\/Segcitytours-fondo-blanco-1000px.png\",\"contentUrl\":\"https:\\\/\\\/segcitytours.es\\\/wp-content\\\/uploads\\\/2020\\\/11\\\/Segcitytours-fondo-blanco-1000px.png\",\"width\":1000,\"height\":500,\"caption\":\"Segcitytours\"}]}<\/script>\n<meta property=\"product:price:currency\" content=\"EUR\" \/>\n<meta property=\"og:availability\" content=\"instock\" \/>\n<meta property=\"product:availability\" content=\"instock\" \/>\n<meta property=\"product:condition\" content=\"new\" \/>\n<meta name=\"geo.placename\" content=\"Madrid\" \/>\n<meta name=\"geo.position\" content=\"40.413530233784094;-3.6983123748514117\" \/>\n<meta name=\"geo.region\" content=\"Espagne\" \/>\n<!-- \/ Yoast SEO Premium plugin. -->","yoast_head_json":{"title":"Visite virtuelle du Retiro - Nous vous proposons une visite virtuelle du Retiro.","description":"Segwayfun vous propose une visite virtuelle du parc du Retiro, avec ses principaux monuments et points d'int\u00e9r\u00eat.","robots":{"index":"index","follow":"follow","max-snippet":"max-snippet:-1","max-image-preview":"max-image-preview:large","max-video-preview":"max-video-preview:-1"},"canonical":"https:\/\/segcitytours.es\/fr\/tours\/visite-virtuelle-du-parc-du-retiro-madrid\/","og_locale":"fr_FR","og_type":"article","og_title":"Visite virtuelle du parc du Retiro - Madrid","og_description":"Segwayfun vous propose une visite virtuelle du parc du Retiro, avec ses principaux monuments et points d'int\u00e9r\u00eat.","og_url":"https:\/\/segcitytours.es\/fr\/tours\/visite-virtuelle-du-parc-du-retiro-madrid\/","og_site_name":"Madrid Segway Tour Experience","article_publisher":"https:\/\/www.facebook.com\/Segwayfun-111864518874580\/timeline\/?ref=ts","article_modified_time":"2023-09-14T07:58:59+00:00","og_image":[{"width":500,"height":500,"url":"https:\/\/segcitytours.es\/wp-content\/uploads\/2020\/04\/logo-virtual-retiro-1.jpg","type":"image\/jpeg"}],"twitter_card":"summary_large_image","twitter_site":"@_segwayfun","twitter_misc":{"Prix":"","Disponibilit\u00e9":"En stock"},"schema":{"@context":"https:\/\/schema.org","@graph":[{"@type":"WebPage","@id":"https:\/\/segcitytours.es\/fr\/tours\/visite-virtuelle-du-parc-du-retiro-madrid\/","url":"https:\/\/segcitytours.es\/fr\/tours\/visite-virtuelle-du-parc-du-retiro-madrid\/","name":"Visite virtuelle du Retiro - Nous vous proposons une visite virtuelle du Retiro.","isPartOf":{"@id":"https:\/\/segcitytours.es\/fr\/#website"},"primaryImageOfPage":{"@id":"https:\/\/segcitytours.es\/fr\/tours\/visite-virtuelle-du-parc-du-retiro-madrid\/#primaryimage"},"image":{"@id":"https:\/\/segcitytours.es\/fr\/tours\/visite-virtuelle-du-parc-du-retiro-madrid\/#primaryimage"},"thumbnailUrl":"https:\/\/segcitytours.es\/wp-content\/uploads\/2020\/04\/logo-virtual-retiro-1.jpg","datePublished":"2020-04-23T12:05:51+00:00","dateModified":"2023-09-14T07:58:59+00:00","description":"Segwayfun vous propose une visite virtuelle du parc du Retiro, avec ses principaux monuments et points d'int\u00e9r\u00eat.","breadcrumb":{"@id":"https:\/\/segcitytours.es\/fr\/tours\/visite-virtuelle-du-parc-du-retiro-madrid\/#breadcrumb"},"inLanguage":"fr-FR","potentialAction":[{"@type":"ReadAction","target":["https:\/\/segcitytours.es\/fr\/tours\/visite-virtuelle-du-parc-du-retiro-madrid\/"]}]},{"@type":"ImageObject","inLanguage":"fr-FR","@id":"https:\/\/segcitytours.es\/fr\/tours\/visite-virtuelle-du-parc-du-retiro-madrid\/#primaryimage","url":"https:\/\/segcitytours.es\/wp-content\/uploads\/2020\/04\/logo-virtual-retiro-1.jpg","contentUrl":"https:\/\/segcitytours.es\/wp-content\/uploads\/2020\/04\/logo-virtual-retiro-1.jpg","width":500,"height":500},{"@type":"BreadcrumbList","@id":"https:\/\/segcitytours.es\/fr\/tours\/visite-virtuelle-du-parc-du-retiro-madrid\/#breadcrumb","itemListElement":[{"@type":"ListItem","position":1,"name":"Portada","item":"https:\/\/segcitytours.es\/fr\/accueil\/"},{"@type":"ListItem","position":2,"name":"Shop","item":"https:\/\/segcitytours.es\/en\/shop\/"},{"@type":"ListItem","position":3,"name":"Visite virtuelle du parc du Retiro &#8211; Madrid"}]},{"@type":"WebSite","@id":"https:\/\/segcitytours.es\/fr\/#website","url":"https:\/\/segcitytours.es\/fr\/","name":"Madrid Segway Tour Experience","description":"Disfruta Madrid en Segway","publisher":{"@id":"https:\/\/segcitytours.es\/fr\/#organization"},"alternateName":"Segcitytours - Segway tours","potentialAction":[{"@type":"SearchAction","target":{"@type":"EntryPoint","urlTemplate":"https:\/\/segcitytours.es\/fr\/?s={search_term_string}"},"query-input":{"@type":"PropertyValueSpecification","valueRequired":true,"valueName":"search_term_string"}}],"inLanguage":"fr-FR"},{"@type":["Organization","Place","LocalBusiness"],"@id":"https:\/\/segcitytours.es\/fr\/#organization","name":"Segcitytours","alternateName":"Segway Tours","url":"https:\/\/segcitytours.es\/fr\/","logo":{"@id":"https:\/\/segcitytours.es\/fr\/tours\/visite-virtuelle-du-parc-du-retiro-madrid\/#local-main-organization-logo"},"image":{"@id":"https:\/\/segcitytours.es\/fr\/tours\/visite-virtuelle-du-parc-du-retiro-madrid\/#local-main-organization-logo"},"sameAs":["https:\/\/www.facebook.com\/Segwayfun-111864518874580\/timeline\/?ref=ts","https:\/\/x.com\/_segwayfun"],"address":{"@id":"https:\/\/segcitytours.es\/fr\/tours\/visite-virtuelle-du-parc-du-retiro-madrid\/#local-main-place-address"},"geo":{"@type":"GeoCoordinates","latitude":"40.413530233784094","longitude":"-3.6983123748514117"},"telephone":["+34629612216"],"openingHoursSpecification":[{"@type":"OpeningHoursSpecification","dayOfWeek":["Monday","Tuesday","Wednesday","Thursday","Friday","Saturday","Sunday"],"opens":"10:00","closes":"20:00"}],"email":"info@segcitytours.es","vatID":"B42196998","taxID":"B42196998"},{"@type":"PostalAddress","@id":"https:\/\/segcitytours.es\/fr\/tours\/visite-virtuelle-du-parc-du-retiro-madrid\/#local-main-place-address","streetAddress":"Calle de las Huertas, 39","addressLocality":"Madrid","postalCode":"28014","addressRegion":"Madrid","addressCountry":"ES"},{"@type":"ImageObject","inLanguage":"fr-FR","@id":"https:\/\/segcitytours.es\/fr\/tours\/visite-virtuelle-du-parc-du-retiro-madrid\/#local-main-organization-logo","url":"https:\/\/segcitytours.es\/wp-content\/uploads\/2020\/11\/Segcitytours-fondo-blanco-1000px.png","contentUrl":"https:\/\/segcitytours.es\/wp-content\/uploads\/2020\/11\/Segcitytours-fondo-blanco-1000px.png","width":1000,"height":500,"caption":"Segcitytours"}]},"product_price_currency":"EUR","og_availability":"instock","product_availability":"instock","product_condition":"new","geo.placename":"Madrid","geo.position":{"lat":"40.413530233784094","long":"-3.6983123748514117"},"geo.region":"Espagne"},"_links":{"self":[{"href":"https:\/\/segcitytours.es\/fr\/wp-json\/wp\/v2\/product\/7633","targetHints":{"allow":["GET"]}}],"collection":[{"href":"https:\/\/segcitytours.es\/fr\/wp-json\/wp\/v2\/product"}],"about":[{"href":"https:\/\/segcitytours.es\/fr\/wp-json\/wp\/v2\/types\/product"}],"replies":[{"embeddable":true,"href":"https:\/\/segcitytours.es\/fr\/wp-json\/wp\/v2\/comments?post=7633"}],"version-history":[{"count":0,"href":"https:\/\/segcitytours.es\/fr\/wp-json\/wp\/v2\/product\/7633\/revisions"}],"wp:featuredmedia":[{"embeddable":true,"href":"https:\/\/segcitytours.es\/fr\/wp-json\/wp\/v2\/media\/7637"}],"wp:attachment":[{"href":"https:\/\/segcitytours.es\/fr\/wp-json\/wp\/v2\/media?parent=7633"}],"wp:term":[{"taxonomy":"product_brand","embeddable":true,"href":"https:\/\/segcitytours.es\/fr\/wp-json\/wp\/v2\/product_brand?post=7633"},{"taxonomy":"product_cat","embeddable":true,"href":"https:\/\/segcitytours.es\/fr\/wp-json\/wp\/v2\/product_cat?post=7633"},{"taxonomy":"product_tag","embeddable":true,"href":"https:\/\/segcitytours.es\/fr\/wp-json\/wp\/v2\/product_tag?post=7633"}],"curies":[{"name":"wp","href":"https:\/\/api.w.org\/{rel}","templated":true}]}}