{"id":7648,"date":"2020-06-17T16:45:10","date_gmt":"2020-06-17T14:45:10","guid":{"rendered":"http:\/\/segcitytours.es.mialias.net\/tours\/carte-cadeau\/"},"modified":"2024-06-20T15:19:58","modified_gmt":"2024-06-20T13:19:58","slug":"carte-cadeau","status":"publish","type":"product","link":"https:\/\/segcitytours.es\/fr\/tours\/carte-cadeau\/","title":{"rendered":"Carte cadeau"},"content":{"rendered":"<h5 style=\"text-align: center;\"><a class=\"fh-button-true-flat-pink fh-icon--gift\" href=\"https:\/\/fareharbor.com\/embeds\/book\/segwayfunmadrid\/items\/228443\/?full-items=yesflow=358264\">Carte cadeau<\/a><\/h5>\n<p>Vous pouvez maintenant acheter votre carte-cadeau pour inviter vos proches \u00e0 ces superbes visites guid\u00e9es dans la r\u00e9gion de Madrid.<\/p>\n<p>Achetez votre carte-cadeau maintenant et profitez-en quand vous le souhaitez, en v\u00e9rifiant simplement la disponibilit\u00e9.<\/p>\n<p>Si vous avez besoin d&rsquo;une carte pour un autre circuit que celui de Madrid, faites-le nous savoir et nous la pr\u00e9parerons pour vous.<\/p>\n<p><strong>Les cartes peuvent \u00eatre achet\u00e9es au prix de 35 \u20ac, 70 \u20ac, 140 \u20ac ou le montant de votre choix, faites vos combinaisons avec ces prix.<\/strong><\/p>\n<p><span style=\"color: #ff0000;\"><strong>1 heure de visite de Madrid : 35\u20ac.<\/strong><\/span><\/p>\n<p><span style=\"color: #ff0000;\"><strong>1,5 heure de visite de Madrid : 45\u20ac.<\/strong><\/span><\/p>\n<p><span style=\"color: #ff0000;\"><strong>Visite de Madrid en 2 heures : 55\u20ac.<\/strong><\/span><\/p>\n<p>Offrez des tours de segway en cadeau, vous ferez une belle exp\u00e9rience.<\/p>\n<p><strong>Segway <a title=\"Segway Madrid\" href=\"http:\/\/segcitytours.es\/tours\/segway-segovia-lagranja\/\">La Granja<\/a> &#8211; <a title=\"Segway \u00e0 Casa de Campo\" href=\"http:\/\/segcitytours.es\/tours\/segwaycasadecampo\/\">Segway Off Road<\/a> &#8211; Segway <a title=\"Segway Madrid\" href=\"http:\/\/segcitytours.es\/tours\/segwayaustrias\/\">Madrid<\/a> &#8211; Segway <a title=\"Segway Madrid\" href=\"http:\/\/segcitytours.es\/tours\/segwayretiro\/\">Madrid Retiro <\/a>&#8211; Segway <a title=\"Segway Soria\" href=\"http:\/\/segcitytours.es\/tours\/segway-soria\/\">Soria (Vinuesa<\/a> ) &#8211; <a title=\"Segway Toledo\" href=\"http:\/\/segcitytours.es\/tours\/cigarral-segway\/\">Segway Enoturismo Toledo <\/a>&#8211; Segway <a title=\"Segway Toledo\" href=\"http:\/\/segcitytours.es\/tours\/segwayteambuilding\/\">groupes <\/a> &#8211; Segway <a title=\"Segway Toledo\" href=\"http:\/\/segcitytours.es\/tours\/\">tours<\/a> &#8211; <a title=\"Segway Toledo\" href=\"http:\/\/segcitytours.es\/eventos\/\">\u00c9v\u00e9nements<\/a> &#8211; <a title=\"Segway Toledo\" href=\"http:\/\/segcitytours.es\/segway-empresas\/\">Segway pour entreprises<\/a> &#8211; Segway pour entreprises<\/strong><\/p>\n<p><center><\/center> <!--more--><\/p>\n","protected":false},"excerpt":{"rendered":"<p> [&hellip;]<\/p>\n","protected":false},"featured_media":7649,"comment_status":"closed","ping_status":"closed","template":"","meta":{"site-sidebar-layout":"default","site-content-layout":"","ast-site-content-layout":"default","site-content-style":"default","site-sidebar-style":"default","ast-global-header-display":"","ast-banner-title-visibility":"","ast-main-header-display":"","ast-hfb-above-header-display":"","ast-hfb-below-header-display":"","ast-hfb-mobile-header-display":"","site-post-title":"","ast-breadcrumbs-content":"","ast-featured-img":"","footer-sml-layout":"","ast-disable-related-posts":"","theme-transparent-header-meta":"default","adv-header-id-meta":"","stick-header-meta":"default","header-above-stick-meta":"","header-main-stick-meta":"","header-below-stick-meta":"","astra-migrate-meta-layouts":"default","ast-page-background-enabled":"default","ast-page-background-meta":{"desktop":{"background-color":"","background-image":"","background-repeat":"repeat","background-position":"center center","background-size":"auto","background-attachment":"scroll","background-type":"","background-media":"","overlay-type":"","overlay-color":"","overlay-opacity":"","overlay-gradient":""},"tablet":{"background-color":"","background-image":"","background-repeat":"repeat","background-position":"center center","background-size":"auto","background-attachment":"scroll","background-type":"","background-media":"","overlay-type":"","overlay-color":"","overlay-opacity":"","overlay-gradient":""},"mobile":{"background-color":"","background-image":"","background-repeat":"repeat","background-position":"center center","background-size":"auto","background-attachment":"scroll","background-type":"","background-media":"","overlay-type":"","overlay-color":"","overlay-opacity":"","overlay-gradient":""}},"ast-content-background-meta":{"desktop":{"background-color":"var(--ast-global-color-5)","background-image":"","background-repeat":"repeat","background-position":"center center","background-size":"auto","background-attachment":"scroll","background-type":"","background-media":"","overlay-type":"","overlay-color":"","overlay-opacity":"","overlay-gradient":""},"tablet":{"background-color":"var(--ast-global-color-5)","background-image":"","background-repeat":"repeat","background-position":"center center","background-size":"auto","background-attachment":"scroll","background-type":"","background-media":"","overlay-type":"","overlay-color":"","overlay-opacity":"","overlay-gradient":""},"mobile":{"background-color":"var(--ast-global-color-5)","background-image":"","background-repeat":"repeat","background-position":"center center","background-size":"auto","background-attachment":"scroll","background-type":"","background-media":"","overlay-type":"","overlay-color":"","overlay-opacity":"","overlay-gradient":""}}},"product_brand":[],"product_cat":[2034,2050,2038],"product_tag":[],"class_list":{"0":"post-7648","1":"product","2":"type-product","3":"status-publish","4":"has-post-thumbnail","6":"product_cat-segway-madrid-tours-fr","7":"product_cat-comunidadmadrid-fr","8":"product_cat-segway-segovia-fr","9":"desktop-align-center","10":"tablet-align-center","11":"mobile-align-center","12":"ast-product-gallery-layout-horizontal","13":"ast-product-gallery-with-no-image","14":"ast-product-tabs-layout-distributed","15":"ast-qv-on-image","17":"first","18":"instock","19":"shipping-taxable","20":"product-type-external"},"booking_location":null,"booking_location_type":null,"booking_duration":null,"booking_duration_unit":null,"booking_buffer":null,"booking_cost":null,"booking_resources":null,"yoast_head":"<!-- This site is optimized with the Yoast SEO Premium plugin v27.1 (Yoast SEO v27.1.1) - https:\/\/yoast.com\/product\/yoast-seo-premium-wordpress\/ -->\n<title>Segway Gift Card - Achetez maintenant et profitez quand vous voulez.<\/title>\n<meta name=\"description\" content=\"\u00c9conomisez sur votre tour en Segway. Vous ne le regretterez pas, achetez d\u00e8s maintenant votre Segway Tour avec une Segway Tour Card que vous pourrez utiliser \u00e0 tout moment. Cadeau d&#039;exp\u00e9rience.carte cadeau segway madrid tour, achetez et offrez cette carte, vous profiterez d&#039;une grande exp\u00e9rience en segway. Vos proches vous en remercieront.\" \/>\n<meta name=\"robots\" content=\"index, follow, max-snippet:-1, max-image-preview:large, max-video-preview:-1\" \/>\n<link rel=\"canonical\" href=\"https:\/\/segcitytours.es\/fr\/tours\/carte-cadeau\/\" \/>\n<meta property=\"og:locale\" content=\"fr_FR\" \/>\n<meta property=\"og:type\" content=\"article\" \/>\n<meta property=\"og:title\" content=\"Carte cadeau\" \/>\n<meta property=\"og:description\" content=\"\u00c9conomisez sur votre tour en Segway. Vous ne le regretterez pas, achetez d\u00e8s maintenant votre Segway Tour avec une Segway Tour Card que vous pourrez utiliser \u00e0 tout moment. Cadeau d&#039;exp\u00e9rience.carte cadeau segway madrid tour, achetez et offrez cette carte, vous profiterez d&#039;une grande exp\u00e9rience en segway. Vos proches vous en remercieront.\" \/>\n<meta property=\"og:url\" content=\"https:\/\/segcitytours.es\/fr\/tours\/carte-cadeau\/\" \/>\n<meta property=\"og:site_name\" content=\"Madrid Segway Tour Experience\" \/>\n<meta property=\"article:publisher\" content=\"https:\/\/www.facebook.com\/Segwayfun-111864518874580\/timeline\/?ref=ts\" \/>\n<meta property=\"article:modified_time\" content=\"2024-06-20T13:19:58+00:00\" \/>\n<meta property=\"og:image\" content=\"https:\/\/segcitytours.es\/wp-content\/uploads\/2020\/06\/tarjeta-regalo-segwayfun-cuadrado.png\" \/>\n\t<meta property=\"og:image:width\" content=\"1000\" \/>\n\t<meta property=\"og:image:height\" content=\"1000\" \/>\n\t<meta property=\"og:image:type\" content=\"image\/png\" \/>\n<meta name=\"twitter:card\" content=\"summary_large_image\" \/>\n<meta name=\"twitter:site\" content=\"@_segwayfun\" \/>\n<meta name=\"twitter:label1\" content=\"Prix\" \/>\n\t<meta name=\"twitter:data1\" content=\"\" \/>\n\t<meta name=\"twitter:label2\" content=\"Disponibilit\u00e9\" \/>\n\t<meta name=\"twitter:data2\" content=\"En stock\" \/>\n<script type=\"application\/ld+json\" class=\"yoast-schema-graph\">{\"@context\":\"https:\/\/schema.org\",\"@graph\":[{\"@type\":\"WebPage\",\"@id\":\"https:\/\/segcitytours.es\/fr\/tours\/carte-cadeau\/\",\"url\":\"https:\/\/segcitytours.es\/fr\/tours\/carte-cadeau\/\",\"name\":\"Segway Gift Card - Achetez maintenant et profitez quand vous voulez.\",\"isPartOf\":{\"@id\":\"https:\/\/segcitytours.es\/fr\/#website\"},\"primaryImageOfPage\":{\"@id\":\"https:\/\/segcitytours.es\/fr\/tours\/carte-cadeau\/#primaryimage\"},\"image\":{\"@id\":\"https:\/\/segcitytours.es\/fr\/tours\/carte-cadeau\/#primaryimage\"},\"thumbnailUrl\":\"https:\/\/segcitytours.es\/wp-content\/uploads\/2020\/06\/tarjeta-regalo-segwayfun-cuadrado.png\",\"datePublished\":\"2020-06-17T14:45:10+00:00\",\"dateModified\":\"2024-06-20T13:19:58+00:00\",\"description\":\"\u00c9conomisez sur votre tour en Segway. Vous ne le regretterez pas, achetez d\u00e8s maintenant votre Segway Tour avec une Segway Tour Card que vous pourrez utiliser \u00e0 tout moment. Cadeau d'exp\u00e9rience.carte cadeau segway madrid tour, achetez et offrez cette carte, vous profiterez d'une grande exp\u00e9rience en segway. Vos proches vous en remercieront.\",\"breadcrumb\":{\"@id\":\"https:\/\/segcitytours.es\/fr\/tours\/carte-cadeau\/#breadcrumb\"},\"inLanguage\":\"fr-FR\",\"potentialAction\":[{\"@type\":\"ReadAction\",\"target\":[\"https:\/\/segcitytours.es\/fr\/tours\/carte-cadeau\/\"]}]},{\"@type\":\"ImageObject\",\"inLanguage\":\"fr-FR\",\"@id\":\"https:\/\/segcitytours.es\/fr\/tours\/carte-cadeau\/#primaryimage\",\"url\":\"https:\/\/segcitytours.es\/wp-content\/uploads\/2020\/06\/tarjeta-regalo-segwayfun-cuadrado.png\",\"contentUrl\":\"https:\/\/segcitytours.es\/wp-content\/uploads\/2020\/06\/tarjeta-regalo-segwayfun-cuadrado.png\",\"width\":1000,\"height\":1000},{\"@type\":\"BreadcrumbList\",\"@id\":\"https:\/\/segcitytours.es\/fr\/tours\/carte-cadeau\/#breadcrumb\",\"itemListElement\":[{\"@type\":\"ListItem\",\"position\":1,\"name\":\"Portada\",\"item\":\"https:\/\/segcitytours.es\/fr\/accueil\/\"},{\"@type\":\"ListItem\",\"position\":2,\"name\":\"Shop\",\"item\":\"https:\/\/segcitytours.es\/en\/shop\/\"},{\"@type\":\"ListItem\",\"position\":3,\"name\":\"Carte cadeau\"}]},{\"@type\":\"WebSite\",\"@id\":\"https:\/\/segcitytours.es\/fr\/#website\",\"url\":\"https:\/\/segcitytours.es\/fr\/\",\"name\":\"Madrid Segway Tour Experience\",\"description\":\"Disfruta Madrid en Segway\",\"publisher\":{\"@id\":\"https:\/\/segcitytours.es\/fr\/#organization\"},\"alternateName\":\"Segcitytours - Segway tours\",\"potentialAction\":[{\"@type\":\"SearchAction\",\"target\":{\"@type\":\"EntryPoint\",\"urlTemplate\":\"https:\/\/segcitytours.es\/fr\/?s={search_term_string}\"},\"query-input\":{\"@type\":\"PropertyValueSpecification\",\"valueRequired\":true,\"valueName\":\"search_term_string\"}}],\"inLanguage\":\"fr-FR\"},{\"@type\":[\"Organization\",\"Place\",\"LocalBusiness\"],\"@id\":\"https:\/\/segcitytours.es\/fr\/#organization\",\"name\":\"Segcitytours\",\"alternateName\":\"Segway Tours\",\"url\":\"https:\/\/segcitytours.es\/fr\/\",\"logo\":{\"@id\":\"https:\/\/segcitytours.es\/fr\/tours\/carte-cadeau\/#local-main-organization-logo\"},\"image\":{\"@id\":\"https:\/\/segcitytours.es\/fr\/tours\/carte-cadeau\/#local-main-organization-logo\"},\"sameAs\":[\"https:\/\/www.facebook.com\/Segwayfun-111864518874580\/timeline\/?ref=ts\",\"https:\/\/x.com\/_segwayfun\"],\"address\":{\"@id\":\"https:\/\/segcitytours.es\/fr\/tours\/carte-cadeau\/#local-main-place-address\"},\"geo\":{\"@type\":\"GeoCoordinates\",\"latitude\":\"40.413530233784094\",\"longitude\":\"-3.6983123748514117\"},\"telephone\":[\"+34629612216\"],\"openingHoursSpecification\":[{\"@type\":\"OpeningHoursSpecification\",\"dayOfWeek\":[\"Monday\",\"Tuesday\",\"Wednesday\",\"Thursday\",\"Friday\",\"Saturday\",\"Sunday\"],\"opens\":\"10:00\",\"closes\":\"20:00\"}],\"email\":\"info@segcitytours.es\",\"vatID\":\"B42196998\",\"taxID\":\"B42196998\"},{\"@type\":\"PostalAddress\",\"@id\":\"https:\/\/segcitytours.es\/fr\/tours\/carte-cadeau\/#local-main-place-address\",\"streetAddress\":\"Calle de las Huertas, 39\",\"addressLocality\":\"Madrid\",\"postalCode\":\"28014\",\"addressRegion\":\"Madrid\",\"addressCountry\":\"ES\"},{\"@type\":\"ImageObject\",\"inLanguage\":\"fr-FR\",\"@id\":\"https:\/\/segcitytours.es\/fr\/tours\/carte-cadeau\/#local-main-organization-logo\",\"url\":\"https:\/\/segcitytours.es\/wp-content\/uploads\/2020\/11\/Segcitytours-fondo-blanco-1000px.png\",\"contentUrl\":\"https:\/\/segcitytours.es\/wp-content\/uploads\/2020\/11\/Segcitytours-fondo-blanco-1000px.png\",\"width\":1000,\"height\":500,\"caption\":\"Segcitytours\"}]}<\/script>\n<meta property=\"product:price:currency\" content=\"EUR\" \/>\n<meta property=\"og:availability\" content=\"instock\" \/>\n<meta property=\"product:availability\" content=\"instock\" \/>\n<meta property=\"product:condition\" content=\"new\" \/>\n<meta name=\"geo.placename\" content=\"Madrid\" \/>\n<meta name=\"geo.position\" content=\"40.413530233784094;-3.6983123748514117\" \/>\n<meta name=\"geo.region\" content=\"Espagne\" \/>\n<!-- \/ Yoast SEO Premium plugin. -->","yoast_head_json":{"title":"Segway Gift Card - Achetez maintenant et profitez quand vous voulez.","description":"\u00c9conomisez sur votre tour en Segway. Vous ne le regretterez pas, achetez d\u00e8s maintenant votre Segway Tour avec une Segway Tour Card que vous pourrez utiliser \u00e0 tout moment. Cadeau d'exp\u00e9rience.carte cadeau segway madrid tour, achetez et offrez cette carte, vous profiterez d'une grande exp\u00e9rience en segway. Vos proches vous en remercieront.","robots":{"index":"index","follow":"follow","max-snippet":"max-snippet:-1","max-image-preview":"max-image-preview:large","max-video-preview":"max-video-preview:-1"},"canonical":"https:\/\/segcitytours.es\/fr\/tours\/carte-cadeau\/","og_locale":"fr_FR","og_type":"article","og_title":"Carte cadeau","og_description":"\u00c9conomisez sur votre tour en Segway. Vous ne le regretterez pas, achetez d\u00e8s maintenant votre Segway Tour avec une Segway Tour Card que vous pourrez utiliser \u00e0 tout moment. Cadeau d'exp\u00e9rience.carte cadeau segway madrid tour, achetez et offrez cette carte, vous profiterez d'une grande exp\u00e9rience en segway. Vos proches vous en remercieront.","og_url":"https:\/\/segcitytours.es\/fr\/tours\/carte-cadeau\/","og_site_name":"Madrid Segway Tour Experience","article_publisher":"https:\/\/www.facebook.com\/Segwayfun-111864518874580\/timeline\/?ref=ts","article_modified_time":"2024-06-20T13:19:58+00:00","og_image":[{"width":1000,"height":1000,"url":"https:\/\/segcitytours.es\/wp-content\/uploads\/2020\/06\/tarjeta-regalo-segwayfun-cuadrado.png","type":"image\/png"}],"twitter_card":"summary_large_image","twitter_site":"@_segwayfun","twitter_misc":{"Prix":"","Disponibilit\u00e9":"En stock"},"schema":{"@context":"https:\/\/schema.org","@graph":[{"@type":"WebPage","@id":"https:\/\/segcitytours.es\/fr\/tours\/carte-cadeau\/","url":"https:\/\/segcitytours.es\/fr\/tours\/carte-cadeau\/","name":"Segway Gift Card - Achetez maintenant et profitez quand vous voulez.","isPartOf":{"@id":"https:\/\/segcitytours.es\/fr\/#website"},"primaryImageOfPage":{"@id":"https:\/\/segcitytours.es\/fr\/tours\/carte-cadeau\/#primaryimage"},"image":{"@id":"https:\/\/segcitytours.es\/fr\/tours\/carte-cadeau\/#primaryimage"},"thumbnailUrl":"https:\/\/segcitytours.es\/wp-content\/uploads\/2020\/06\/tarjeta-regalo-segwayfun-cuadrado.png","datePublished":"2020-06-17T14:45:10+00:00","dateModified":"2024-06-20T13:19:58+00:00","description":"\u00c9conomisez sur votre tour en Segway. Vous ne le regretterez pas, achetez d\u00e8s maintenant votre Segway Tour avec une Segway Tour Card que vous pourrez utiliser \u00e0 tout moment. Cadeau d'exp\u00e9rience.carte cadeau segway madrid tour, achetez et offrez cette carte, vous profiterez d'une grande exp\u00e9rience en segway. Vos proches vous en remercieront.","breadcrumb":{"@id":"https:\/\/segcitytours.es\/fr\/tours\/carte-cadeau\/#breadcrumb"},"inLanguage":"fr-FR","potentialAction":[{"@type":"ReadAction","target":["https:\/\/segcitytours.es\/fr\/tours\/carte-cadeau\/"]}]},{"@type":"ImageObject","inLanguage":"fr-FR","@id":"https:\/\/segcitytours.es\/fr\/tours\/carte-cadeau\/#primaryimage","url":"https:\/\/segcitytours.es\/wp-content\/uploads\/2020\/06\/tarjeta-regalo-segwayfun-cuadrado.png","contentUrl":"https:\/\/segcitytours.es\/wp-content\/uploads\/2020\/06\/tarjeta-regalo-segwayfun-cuadrado.png","width":1000,"height":1000},{"@type":"BreadcrumbList","@id":"https:\/\/segcitytours.es\/fr\/tours\/carte-cadeau\/#breadcrumb","itemListElement":[{"@type":"ListItem","position":1,"name":"Portada","item":"https:\/\/segcitytours.es\/fr\/accueil\/"},{"@type":"ListItem","position":2,"name":"Shop","item":"https:\/\/segcitytours.es\/en\/shop\/"},{"@type":"ListItem","position":3,"name":"Carte cadeau"}]},{"@type":"WebSite","@id":"https:\/\/segcitytours.es\/fr\/#website","url":"https:\/\/segcitytours.es\/fr\/","name":"Madrid Segway Tour Experience","description":"Disfruta Madrid en Segway","publisher":{"@id":"https:\/\/segcitytours.es\/fr\/#organization"},"alternateName":"Segcitytours - Segway tours","potentialAction":[{"@type":"SearchAction","target":{"@type":"EntryPoint","urlTemplate":"https:\/\/segcitytours.es\/fr\/?s={search_term_string}"},"query-input":{"@type":"PropertyValueSpecification","valueRequired":true,"valueName":"search_term_string"}}],"inLanguage":"fr-FR"},{"@type":["Organization","Place","LocalBusiness"],"@id":"https:\/\/segcitytours.es\/fr\/#organization","name":"Segcitytours","alternateName":"Segway Tours","url":"https:\/\/segcitytours.es\/fr\/","logo":{"@id":"https:\/\/segcitytours.es\/fr\/tours\/carte-cadeau\/#local-main-organization-logo"},"image":{"@id":"https:\/\/segcitytours.es\/fr\/tours\/carte-cadeau\/#local-main-organization-logo"},"sameAs":["https:\/\/www.facebook.com\/Segwayfun-111864518874580\/timeline\/?ref=ts","https:\/\/x.com\/_segwayfun"],"address":{"@id":"https:\/\/segcitytours.es\/fr\/tours\/carte-cadeau\/#local-main-place-address"},"geo":{"@type":"GeoCoordinates","latitude":"40.413530233784094","longitude":"-3.6983123748514117"},"telephone":["+34629612216"],"openingHoursSpecification":[{"@type":"OpeningHoursSpecification","dayOfWeek":["Monday","Tuesday","Wednesday","Thursday","Friday","Saturday","Sunday"],"opens":"10:00","closes":"20:00"}],"email":"info@segcitytours.es","vatID":"B42196998","taxID":"B42196998"},{"@type":"PostalAddress","@id":"https:\/\/segcitytours.es\/fr\/tours\/carte-cadeau\/#local-main-place-address","streetAddress":"Calle de las Huertas, 39","addressLocality":"Madrid","postalCode":"28014","addressRegion":"Madrid","addressCountry":"ES"},{"@type":"ImageObject","inLanguage":"fr-FR","@id":"https:\/\/segcitytours.es\/fr\/tours\/carte-cadeau\/#local-main-organization-logo","url":"https:\/\/segcitytours.es\/wp-content\/uploads\/2020\/11\/Segcitytours-fondo-blanco-1000px.png","contentUrl":"https:\/\/segcitytours.es\/wp-content\/uploads\/2020\/11\/Segcitytours-fondo-blanco-1000px.png","width":1000,"height":500,"caption":"Segcitytours"}]},"product_price_currency":"EUR","og_availability":"instock","product_availability":"instock","product_condition":"new","geo.placename":"Madrid","geo.position":{"lat":"40.413530233784094","long":"-3.6983123748514117"},"geo.region":"Espagne"},"_links":{"self":[{"href":"https:\/\/segcitytours.es\/fr\/wp-json\/wp\/v2\/product\/7648","targetHints":{"allow":["GET"]}}],"collection":[{"href":"https:\/\/segcitytours.es\/fr\/wp-json\/wp\/v2\/product"}],"about":[{"href":"https:\/\/segcitytours.es\/fr\/wp-json\/wp\/v2\/types\/product"}],"replies":[{"embeddable":true,"href":"https:\/\/segcitytours.es\/fr\/wp-json\/wp\/v2\/comments?post=7648"}],"version-history":[{"count":0,"href":"https:\/\/segcitytours.es\/fr\/wp-json\/wp\/v2\/product\/7648\/revisions"}],"wp:featuredmedia":[{"embeddable":true,"href":"https:\/\/segcitytours.es\/fr\/wp-json\/wp\/v2\/media\/7649"}],"wp:attachment":[{"href":"https:\/\/segcitytours.es\/fr\/wp-json\/wp\/v2\/media?parent=7648"}],"wp:term":[{"taxonomy":"product_brand","embeddable":true,"href":"https:\/\/segcitytours.es\/fr\/wp-json\/wp\/v2\/product_brand?post=7648"},{"taxonomy":"product_cat","embeddable":true,"href":"https:\/\/segcitytours.es\/fr\/wp-json\/wp\/v2\/product_cat?post=7648"},{"taxonomy":"product_tag","embeddable":true,"href":"https:\/\/segcitytours.es\/fr\/wp-json\/wp\/v2\/product_tag?post=7648"}],"curies":[{"name":"wp","href":"https:\/\/api.w.org\/{rel}","templated":true}]}}