{"id":7705,"date":"2020-12-16T20:59:22","date_gmt":"2020-12-16T19:59:22","guid":{"rendered":"http:\/\/segcitytours.es.mialias.net\/tours\/bon-cadeau-2-personnes-segway-retiro-madrid-90-min\/"},"modified":"2025-01-10T20:24:09","modified_gmt":"2025-01-10T19:24:09","slug":"bon-cadeau-2-personnes-segway-retiro-madrid-90-min","status":"publish","type":"product","link":"https:\/\/segcitytours.es\/fr\/tours\/bon-cadeau-2-personnes-segway-retiro-madrid-90-min\/","title":{"rendered":"Bon cadeau pour 2 personnes Segway Retiro Madrid &#8211; 90 min"},"content":{"rendered":"<p><span style=\"color: #ff0000;\">Segway Retiro<\/span><\/p>\n<h1><span style=\"color: #ff0000;\">Bon cadeau Segway Retiro Madrid<br \/>\n<\/span><\/h1>\n<h1><a href=\"https:\/\/youtu.be\/JQ-ecNMEWew\"><img decoding=\"async\" class=\"alignnone wp-image-6848\" src=\"http:\/\/segcitytours.es\/wp-content\/uploads\/2021\/06\/YouTube-logo.png\" alt=\"\" width=\"82\" height=\"54\"><\/a><\/h1>\n<h2>2 personnes pour 90 minutes<\/h2>\n<p>Une exp\u00e9rience formidable \u00e0 offrir en cadeau. Faites votre achat et vous recevrez un bon cadeau, la personne qui l&rsquo;utilisera nous appellera ou nous \u00e9crira pour choisir la date. <\/p>\n<h1>Retraite en Segway 90 minutes.<\/h1>\n<h2>Tour en Segway Priv\u00e9 et exclusif, pas pour les groupes<\/h2>\n<p><strong>Segway Retiro,<\/strong> un itin\u00e9raire pour d\u00e9couvrir ce lieu embl\u00e9matique, d\u00e9tente des Rois.<\/p>\n<p>Promenez-vous dans des sites historiques tels que<\/p>\n<ul>\n<li>Le Parterre, \u00e0 c\u00f4t\u00e9 de l&rsquo;inconnue Estanque de las Campanillas.<\/li>\n<li>Visitez le Crystal Palace et d\u00e9couvrez l&rsquo;\u0153uvre de l&rsquo;architecte Vel\u00e1zquez Bosco.<\/li>\n<li>Le Palacio de Vel\u00e1zquez, un b\u00e2timent de style n\u00e9o-historique, a accueilli l&rsquo;exposition mini\u00e8re de 1883.<\/li>\n<li>Le monument \u00e0 Alphonse XII, le plus grand monument de Madrid, qui couronne le grand \u00e9tang du Retiro.<\/li>\n<li>La Casita del Pescador<\/li>\n<li>La Puerta de Alcal\u00e1<\/li>\n<\/ul>\n<p>Le <strong>Segway x2<\/strong> se d\u00e9place sur tous les types de terrain.<\/p>\n<p>Vous vous amuserez comme des fous gr\u00e2ce \u00e0 nos segways !<\/p>\n<p>Vous serez accompagn\u00e9 d&rsquo;un guide expert.<\/p>\n<p>Venez essayer un parcours dans le parc du Retiro. Avec Segway Retiro, nous ferons un tour de 90 minutes.<\/p>\n<p> Nous sommes au centre du barrio de las letras, le quartier litt\u00e9raire de Madrid, et d&rsquo;ici nous pouvons nous rendre au Retiro, l&rsquo;endroit id\u00e9al pour commencer votre parcours en segway.<\/p>\n<p>Le plaisir est garanti !<\/p>\n<p><strong>\u00c2ge minimum : 10 ans. Poids minimum et maximum : 30-120 Kg.<\/strong><\/p>\n<p>Pas d&rsquo;annulation en cas de pluie.<\/p>\n<p>&nbsp;<\/p>\n<p><a class=\"fh-button-true-flat-pink\" href=\"mailto:info@segcitytours.es\">Ordonnance \u00e0 l&rsquo;adresse info@segcitytours.es<\/a><br \/>\n<a class=\"fh-button-true-flat-pink\" href=\"https:\/\/segcitybox.com\">Ordonnance \u00e0 l&rsquo;adresse www.segcitybox.com<\/a><!--more--><\/p>\n","protected":false},"excerpt":{"rendered":"<p> [&hellip;]<\/p>\n","protected":false},"featured_media":7461,"comment_status":"closed","ping_status":"closed","template":"","meta":{"site-sidebar-layout":"default","site-content-layout":"","ast-site-content-layout":"default","site-content-style":"default","site-sidebar-style":"default","ast-global-header-display":"","ast-banner-title-visibility":"","ast-main-header-display":"","ast-hfb-above-header-display":"","ast-hfb-below-header-display":"","ast-hfb-mobile-header-display":"","site-post-title":"","ast-breadcrumbs-content":"","ast-featured-img":"","footer-sml-layout":"","ast-disable-related-posts":"","theme-transparent-header-meta":"default","adv-header-id-meta":"","stick-header-meta":"default","header-above-stick-meta":"","header-main-stick-meta":"","header-below-stick-meta":"","astra-migrate-meta-layouts":"default","ast-page-background-enabled":"default","ast-page-background-meta":{"desktop":{"background-color":"","background-image":"","background-repeat":"repeat","background-position":"center center","background-size":"auto","background-attachment":"scroll","background-type":"","background-media":"","overlay-type":"","overlay-color":"","overlay-opacity":"","overlay-gradient":""},"tablet":{"background-color":"","background-image":"","background-repeat":"repeat","background-position":"center center","background-size":"auto","background-attachment":"scroll","background-type":"","background-media":"","overlay-type":"","overlay-color":"","overlay-opacity":"","overlay-gradient":""},"mobile":{"background-color":"","background-image":"","background-repeat":"repeat","background-position":"center center","background-size":"auto","background-attachment":"scroll","background-type":"","background-media":"","overlay-type":"","overlay-color":"","overlay-opacity":"","overlay-gradient":""}},"ast-content-background-meta":{"desktop":{"background-color":"var(--ast-global-color-5)","background-image":"","background-repeat":"repeat","background-position":"center center","background-size":"auto","background-attachment":"scroll","background-type":"","background-media":"","overlay-type":"","overlay-color":"","overlay-opacity":"","overlay-gradient":""},"tablet":{"background-color":"var(--ast-global-color-5)","background-image":"","background-repeat":"repeat","background-position":"center center","background-size":"auto","background-attachment":"scroll","background-type":"","background-media":"","overlay-type":"","overlay-color":"","overlay-opacity":"","overlay-gradient":""},"mobile":{"background-color":"var(--ast-global-color-5)","background-image":"","background-repeat":"repeat","background-position":"center center","background-size":"auto","background-attachment":"scroll","background-type":"","background-media":"","overlay-type":"","overlay-color":"","overlay-opacity":"","overlay-gradient":""}}},"product_brand":[],"product_cat":[2045],"product_tag":[],"class_list":{"0":"post-7705","1":"product","2":"type-product","3":"status-publish","4":"has-post-thumbnail","6":"product_cat-regalo-fr","7":"desktop-align-center","8":"tablet-align-center","9":"mobile-align-center","10":"ast-product-gallery-layout-horizontal","11":"ast-product-gallery-with-no-image","12":"ast-product-tabs-layout-distributed","13":"ast-qv-on-image","15":"first","16":"instock","17":"shipping-taxable","18":"purchasable","19":"product-type-simple"},"booking_location":null,"booking_location_type":null,"booking_duration":null,"booking_duration_unit":null,"booking_buffer":null,"booking_cost":null,"booking_resources":null,"yoast_head":"<!-- This site is optimized with the Yoast SEO Premium plugin v27.1 (Yoast SEO v27.1.1) - https:\/\/yoast.com\/product\/yoast-seo-premium-wordpress\/ -->\n<title>Segway Retiro<\/title>\n<meta name=\"description\" content=\"Bon cadeau pour une visite de 90 minutes du magique parc du Retiro pour deux personnes. Un cadeau inoubliable.\" \/>\n<meta name=\"robots\" content=\"index, follow, max-snippet:-1, max-image-preview:large, max-video-preview:-1\" \/>\n<link rel=\"canonical\" href=\"https:\/\/segcitytours.es\/fr\/tours\/bon-cadeau-2-personnes-segway-retiro-madrid-90-min\/\" \/>\n<meta property=\"og:locale\" content=\"fr_FR\" \/>\n<meta property=\"og:type\" content=\"article\" \/>\n<meta property=\"og:title\" content=\"Bon cadeau pour 2 personnes Segway Retiro Madrid - 90 min\" \/>\n<meta property=\"og:description\" content=\"Bon cadeau pour une visite de 90 minutes du magique parc du Retiro pour deux personnes. Un cadeau inoubliable.\" \/>\n<meta property=\"og:url\" content=\"https:\/\/segcitytours.es\/fr\/tours\/bon-cadeau-2-personnes-segway-retiro-madrid-90-min\/\" \/>\n<meta property=\"og:site_name\" content=\"Madrid Segway Tour Experience\" \/>\n<meta property=\"article:publisher\" content=\"https:\/\/www.facebook.com\/Segwayfun-111864518874580\/timeline\/?ref=ts\" \/>\n<meta property=\"article:modified_time\" content=\"2025-01-10T19:24:09+00:00\" \/>\n<meta property=\"og:image\" content=\"https:\/\/segcitytours.es\/wp-content\/uploads\/2016\/04\/SEGWAY-90-MIN.jpg\" \/>\n\t<meta property=\"og:image:width\" content=\"1250\" \/>\n\t<meta property=\"og:image:height\" content=\"1250\" \/>\n\t<meta property=\"og:image:type\" content=\"image\/jpeg\" \/>\n<meta name=\"twitter:card\" content=\"summary_large_image\" \/>\n<meta name=\"twitter:site\" content=\"@_segwayfun\" \/>\n<meta name=\"twitter:label1\" content=\"Prix\" \/>\n\t<meta name=\"twitter:data1\" content=\"90,00&nbsp;&euro;\" \/>\n\t<meta name=\"twitter:label2\" content=\"Disponibilit\u00e9\" \/>\n\t<meta name=\"twitter:data2\" content=\"En stock\" \/>\n<script type=\"application\/ld+json\" class=\"yoast-schema-graph\">{\"@context\":\"https:\/\/schema.org\",\"@graph\":[{\"@type\":\"WebPage\",\"@id\":\"https:\/\/segcitytours.es\/fr\/tours\/bon-cadeau-2-personnes-segway-retiro-madrid-90-min\/\",\"url\":\"https:\/\/segcitytours.es\/fr\/tours\/bon-cadeau-2-personnes-segway-retiro-madrid-90-min\/\",\"name\":\"Segway Retiro\",\"isPartOf\":{\"@id\":\"https:\/\/segcitytours.es\/fr\/#website\"},\"primaryImageOfPage\":{\"@id\":\"https:\/\/segcitytours.es\/fr\/tours\/bon-cadeau-2-personnes-segway-retiro-madrid-90-min\/#primaryimage\"},\"image\":{\"@id\":\"https:\/\/segcitytours.es\/fr\/tours\/bon-cadeau-2-personnes-segway-retiro-madrid-90-min\/#primaryimage\"},\"thumbnailUrl\":\"https:\/\/segcitytours.es\/wp-content\/uploads\/2016\/04\/SEGWAY-90-MIN.jpg\",\"datePublished\":\"2020-12-16T19:59:22+00:00\",\"dateModified\":\"2025-01-10T19:24:09+00:00\",\"description\":\"Bon cadeau pour une visite de 90 minutes du magique parc du Retiro pour deux personnes. Un cadeau inoubliable.\",\"breadcrumb\":{\"@id\":\"https:\/\/segcitytours.es\/fr\/tours\/bon-cadeau-2-personnes-segway-retiro-madrid-90-min\/#breadcrumb\"},\"inLanguage\":\"fr-FR\",\"potentialAction\":[{\"@type\":\"ReadAction\",\"target\":[\"https:\/\/segcitytours.es\/fr\/tours\/bon-cadeau-2-personnes-segway-retiro-madrid-90-min\/\"]}]},{\"@type\":\"ImageObject\",\"inLanguage\":\"fr-FR\",\"@id\":\"https:\/\/segcitytours.es\/fr\/tours\/bon-cadeau-2-personnes-segway-retiro-madrid-90-min\/#primaryimage\",\"url\":\"https:\/\/segcitytours.es\/wp-content\/uploads\/2016\/04\/SEGWAY-90-MIN.jpg\",\"contentUrl\":\"https:\/\/segcitytours.es\/wp-content\/uploads\/2016\/04\/SEGWAY-90-MIN.jpg\",\"width\":1250,\"height\":1250,\"caption\":\"segway fun madrid retiro\"},{\"@type\":\"BreadcrumbList\",\"@id\":\"https:\/\/segcitytours.es\/fr\/tours\/bon-cadeau-2-personnes-segway-retiro-madrid-90-min\/#breadcrumb\",\"itemListElement\":[{\"@type\":\"ListItem\",\"position\":1,\"name\":\"Portada\",\"item\":\"https:\/\/segcitytours.es\/fr\/accueil\/\"},{\"@type\":\"ListItem\",\"position\":2,\"name\":\"Shop\",\"item\":\"https:\/\/segcitytours.es\/en\/shop\/\"},{\"@type\":\"ListItem\",\"position\":3,\"name\":\"Bon cadeau pour 2 personnes Segway Retiro Madrid &#8211; 90 min\"}]},{\"@type\":\"WebSite\",\"@id\":\"https:\/\/segcitytours.es\/fr\/#website\",\"url\":\"https:\/\/segcitytours.es\/fr\/\",\"name\":\"Madrid Segway Tour Experience\",\"description\":\"Disfruta Madrid en Segway\",\"publisher\":{\"@id\":\"https:\/\/segcitytours.es\/fr\/#organization\"},\"alternateName\":\"Segcitytours - Segway tours\",\"potentialAction\":[{\"@type\":\"SearchAction\",\"target\":{\"@type\":\"EntryPoint\",\"urlTemplate\":\"https:\/\/segcitytours.es\/fr\/?s={search_term_string}\"},\"query-input\":{\"@type\":\"PropertyValueSpecification\",\"valueRequired\":true,\"valueName\":\"search_term_string\"}}],\"inLanguage\":\"fr-FR\"},{\"@type\":[\"Organization\",\"Place\",\"LocalBusiness\"],\"@id\":\"https:\/\/segcitytours.es\/fr\/#organization\",\"name\":\"Segcitytours\",\"alternateName\":\"Segway Tours\",\"url\":\"https:\/\/segcitytours.es\/fr\/\",\"logo\":{\"@id\":\"https:\/\/segcitytours.es\/fr\/tours\/bon-cadeau-2-personnes-segway-retiro-madrid-90-min\/#local-main-organization-logo\"},\"image\":{\"@id\":\"https:\/\/segcitytours.es\/fr\/tours\/bon-cadeau-2-personnes-segway-retiro-madrid-90-min\/#local-main-organization-logo\"},\"sameAs\":[\"https:\/\/www.facebook.com\/Segwayfun-111864518874580\/timeline\/?ref=ts\",\"https:\/\/x.com\/_segwayfun\"],\"address\":{\"@id\":\"https:\/\/segcitytours.es\/fr\/tours\/bon-cadeau-2-personnes-segway-retiro-madrid-90-min\/#local-main-place-address\"},\"geo\":{\"@type\":\"GeoCoordinates\",\"latitude\":\"40.413530233784094\",\"longitude\":\"-3.6983123748514117\"},\"telephone\":[\"+34629612216\"],\"openingHoursSpecification\":[{\"@type\":\"OpeningHoursSpecification\",\"dayOfWeek\":[\"Monday\",\"Tuesday\",\"Wednesday\",\"Thursday\",\"Friday\",\"Saturday\",\"Sunday\"],\"opens\":\"10:00\",\"closes\":\"20:00\"}],\"email\":\"info@segcitytours.es\",\"vatID\":\"B42196998\",\"taxID\":\"B42196998\"},{\"@type\":\"PostalAddress\",\"@id\":\"https:\/\/segcitytours.es\/fr\/tours\/bon-cadeau-2-personnes-segway-retiro-madrid-90-min\/#local-main-place-address\",\"streetAddress\":\"Calle de las Huertas, 39\",\"addressLocality\":\"Madrid\",\"postalCode\":\"28014\",\"addressRegion\":\"Madrid\",\"addressCountry\":\"ES\"},{\"@type\":\"ImageObject\",\"inLanguage\":\"fr-FR\",\"@id\":\"https:\/\/segcitytours.es\/fr\/tours\/bon-cadeau-2-personnes-segway-retiro-madrid-90-min\/#local-main-organization-logo\",\"url\":\"https:\/\/segcitytours.es\/wp-content\/uploads\/2020\/11\/Segcitytours-fondo-blanco-1000px.png\",\"contentUrl\":\"https:\/\/segcitytours.es\/wp-content\/uploads\/2020\/11\/Segcitytours-fondo-blanco-1000px.png\",\"width\":1000,\"height\":500,\"caption\":\"Segcitytours\"}]}<\/script>\n<meta property=\"product:price:amount\" content=\"90.00\" \/>\n<meta property=\"product:price:currency\" content=\"EUR\" \/>\n<meta property=\"og:availability\" content=\"instock\" \/>\n<meta property=\"product:availability\" content=\"instock\" \/>\n<meta property=\"product:condition\" content=\"new\" \/>\n<meta name=\"geo.placename\" content=\"Madrid\" \/>\n<meta name=\"geo.position\" content=\"40.413530233784094;-3.6983123748514117\" \/>\n<meta name=\"geo.region\" content=\"Espagne\" \/>\n<!-- \/ Yoast SEO Premium plugin. -->","yoast_head_json":{"title":"Segway Retiro","description":"Bon cadeau pour une visite de 90 minutes du magique parc du Retiro pour deux personnes. Un cadeau inoubliable.","robots":{"index":"index","follow":"follow","max-snippet":"max-snippet:-1","max-image-preview":"max-image-preview:large","max-video-preview":"max-video-preview:-1"},"canonical":"https:\/\/segcitytours.es\/fr\/tours\/bon-cadeau-2-personnes-segway-retiro-madrid-90-min\/","og_locale":"fr_FR","og_type":"article","og_title":"Bon cadeau pour 2 personnes Segway Retiro Madrid - 90 min","og_description":"Bon cadeau pour une visite de 90 minutes du magique parc du Retiro pour deux personnes. Un cadeau inoubliable.","og_url":"https:\/\/segcitytours.es\/fr\/tours\/bon-cadeau-2-personnes-segway-retiro-madrid-90-min\/","og_site_name":"Madrid Segway Tour Experience","article_publisher":"https:\/\/www.facebook.com\/Segwayfun-111864518874580\/timeline\/?ref=ts","article_modified_time":"2025-01-10T19:24:09+00:00","og_image":[{"width":1250,"height":1250,"url":"https:\/\/segcitytours.es\/wp-content\/uploads\/2016\/04\/SEGWAY-90-MIN.jpg","type":"image\/jpeg"}],"twitter_card":"summary_large_image","twitter_site":"@_segwayfun","twitter_misc":{"Prix":"90,00&nbsp;&euro;","Disponibilit\u00e9":"En stock"},"schema":{"@context":"https:\/\/schema.org","@graph":[{"@type":"WebPage","@id":"https:\/\/segcitytours.es\/fr\/tours\/bon-cadeau-2-personnes-segway-retiro-madrid-90-min\/","url":"https:\/\/segcitytours.es\/fr\/tours\/bon-cadeau-2-personnes-segway-retiro-madrid-90-min\/","name":"Segway Retiro","isPartOf":{"@id":"https:\/\/segcitytours.es\/fr\/#website"},"primaryImageOfPage":{"@id":"https:\/\/segcitytours.es\/fr\/tours\/bon-cadeau-2-personnes-segway-retiro-madrid-90-min\/#primaryimage"},"image":{"@id":"https:\/\/segcitytours.es\/fr\/tours\/bon-cadeau-2-personnes-segway-retiro-madrid-90-min\/#primaryimage"},"thumbnailUrl":"https:\/\/segcitytours.es\/wp-content\/uploads\/2016\/04\/SEGWAY-90-MIN.jpg","datePublished":"2020-12-16T19:59:22+00:00","dateModified":"2025-01-10T19:24:09+00:00","description":"Bon cadeau pour une visite de 90 minutes du magique parc du Retiro pour deux personnes. Un cadeau inoubliable.","breadcrumb":{"@id":"https:\/\/segcitytours.es\/fr\/tours\/bon-cadeau-2-personnes-segway-retiro-madrid-90-min\/#breadcrumb"},"inLanguage":"fr-FR","potentialAction":[{"@type":"ReadAction","target":["https:\/\/segcitytours.es\/fr\/tours\/bon-cadeau-2-personnes-segway-retiro-madrid-90-min\/"]}]},{"@type":"ImageObject","inLanguage":"fr-FR","@id":"https:\/\/segcitytours.es\/fr\/tours\/bon-cadeau-2-personnes-segway-retiro-madrid-90-min\/#primaryimage","url":"https:\/\/segcitytours.es\/wp-content\/uploads\/2016\/04\/SEGWAY-90-MIN.jpg","contentUrl":"https:\/\/segcitytours.es\/wp-content\/uploads\/2016\/04\/SEGWAY-90-MIN.jpg","width":1250,"height":1250,"caption":"segway fun madrid retiro"},{"@type":"BreadcrumbList","@id":"https:\/\/segcitytours.es\/fr\/tours\/bon-cadeau-2-personnes-segway-retiro-madrid-90-min\/#breadcrumb","itemListElement":[{"@type":"ListItem","position":1,"name":"Portada","item":"https:\/\/segcitytours.es\/fr\/accueil\/"},{"@type":"ListItem","position":2,"name":"Shop","item":"https:\/\/segcitytours.es\/en\/shop\/"},{"@type":"ListItem","position":3,"name":"Bon cadeau pour 2 personnes Segway Retiro Madrid &#8211; 90 min"}]},{"@type":"WebSite","@id":"https:\/\/segcitytours.es\/fr\/#website","url":"https:\/\/segcitytours.es\/fr\/","name":"Madrid Segway Tour Experience","description":"Disfruta Madrid en Segway","publisher":{"@id":"https:\/\/segcitytours.es\/fr\/#organization"},"alternateName":"Segcitytours - Segway tours","potentialAction":[{"@type":"SearchAction","target":{"@type":"EntryPoint","urlTemplate":"https:\/\/segcitytours.es\/fr\/?s={search_term_string}"},"query-input":{"@type":"PropertyValueSpecification","valueRequired":true,"valueName":"search_term_string"}}],"inLanguage":"fr-FR"},{"@type":["Organization","Place","LocalBusiness"],"@id":"https:\/\/segcitytours.es\/fr\/#organization","name":"Segcitytours","alternateName":"Segway Tours","url":"https:\/\/segcitytours.es\/fr\/","logo":{"@id":"https:\/\/segcitytours.es\/fr\/tours\/bon-cadeau-2-personnes-segway-retiro-madrid-90-min\/#local-main-organization-logo"},"image":{"@id":"https:\/\/segcitytours.es\/fr\/tours\/bon-cadeau-2-personnes-segway-retiro-madrid-90-min\/#local-main-organization-logo"},"sameAs":["https:\/\/www.facebook.com\/Segwayfun-111864518874580\/timeline\/?ref=ts","https:\/\/x.com\/_segwayfun"],"address":{"@id":"https:\/\/segcitytours.es\/fr\/tours\/bon-cadeau-2-personnes-segway-retiro-madrid-90-min\/#local-main-place-address"},"geo":{"@type":"GeoCoordinates","latitude":"40.413530233784094","longitude":"-3.6983123748514117"},"telephone":["+34629612216"],"openingHoursSpecification":[{"@type":"OpeningHoursSpecification","dayOfWeek":["Monday","Tuesday","Wednesday","Thursday","Friday","Saturday","Sunday"],"opens":"10:00","closes":"20:00"}],"email":"info@segcitytours.es","vatID":"B42196998","taxID":"B42196998"},{"@type":"PostalAddress","@id":"https:\/\/segcitytours.es\/fr\/tours\/bon-cadeau-2-personnes-segway-retiro-madrid-90-min\/#local-main-place-address","streetAddress":"Calle de las Huertas, 39","addressLocality":"Madrid","postalCode":"28014","addressRegion":"Madrid","addressCountry":"ES"},{"@type":"ImageObject","inLanguage":"fr-FR","@id":"https:\/\/segcitytours.es\/fr\/tours\/bon-cadeau-2-personnes-segway-retiro-madrid-90-min\/#local-main-organization-logo","url":"https:\/\/segcitytours.es\/wp-content\/uploads\/2020\/11\/Segcitytours-fondo-blanco-1000px.png","contentUrl":"https:\/\/segcitytours.es\/wp-content\/uploads\/2020\/11\/Segcitytours-fondo-blanco-1000px.png","width":1000,"height":500,"caption":"Segcitytours"}]},"product_price_amount":"90.00","product_price_currency":"EUR","og_availability":"instock","product_availability":"instock","product_condition":"new","geo.placename":"Madrid","geo.position":{"lat":"40.413530233784094","long":"-3.6983123748514117"},"geo.region":"Espagne"},"_links":{"self":[{"href":"https:\/\/segcitytours.es\/fr\/wp-json\/wp\/v2\/product\/7705","targetHints":{"allow":["GET"]}}],"collection":[{"href":"https:\/\/segcitytours.es\/fr\/wp-json\/wp\/v2\/product"}],"about":[{"href":"https:\/\/segcitytours.es\/fr\/wp-json\/wp\/v2\/types\/product"}],"replies":[{"embeddable":true,"href":"https:\/\/segcitytours.es\/fr\/wp-json\/wp\/v2\/comments?post=7705"}],"version-history":[{"count":0,"href":"https:\/\/segcitytours.es\/fr\/wp-json\/wp\/v2\/product\/7705\/revisions"}],"wp:featuredmedia":[{"embeddable":true,"href":"https:\/\/segcitytours.es\/fr\/wp-json\/wp\/v2\/media\/7461"}],"wp:attachment":[{"href":"https:\/\/segcitytours.es\/fr\/wp-json\/wp\/v2\/media?parent=7705"}],"wp:term":[{"taxonomy":"product_brand","embeddable":true,"href":"https:\/\/segcitytours.es\/fr\/wp-json\/wp\/v2\/product_brand?post=7705"},{"taxonomy":"product_cat","embeddable":true,"href":"https:\/\/segcitytours.es\/fr\/wp-json\/wp\/v2\/product_cat?post=7705"},{"taxonomy":"product_tag","embeddable":true,"href":"https:\/\/segcitytours.es\/fr\/wp-json\/wp\/v2\/product_tag?post=7705"}],"curies":[{"name":"wp","href":"https:\/\/api.w.org\/{rel}","templated":true}]}}