{"id":7707,"date":"2020-12-16T21:01:12","date_gmt":"2020-12-16T20:01:12","guid":{"rendered":"http:\/\/segcitytours.es.mialias.net\/tours\/bon-cadeau-4-personnes-segway-chinchon-avec-degustation-2-hrs\/"},"modified":"2025-01-10T20:24:09","modified_gmt":"2025-01-10T19:24:09","slug":"bon-cadeau-4-personnes-segway-chinchon-avec-degustation-2-hrs","status":"publish","type":"product","link":"https:\/\/segcitytours.es\/fr\/tours\/bon-cadeau-4-personnes-segway-chinchon-avec-degustation-2-hrs\/","title":{"rendered":"Bon cadeau pour 4 personnes Segway Chinch\u00f3n avec d\u00e9gustation &#8211; 2 heures"},"content":{"rendered":"<p>Segway Chinch\u00f3n<\/p>\n<h1><span style=\"color: #ff0000;\">Ch\u00e8que-cadeau Segway Chinch\u00f3n<br \/>\n<\/span><\/h1>\n<h2>4 personnes pour 100 minutes + d\u00e9gustation<\/h2>\n<p>Une exp\u00e9rience formidable \u00e0 offrir en cadeau. Faites votre achat et vous recevrez un bon cadeau, la personne qui va l&rsquo;utiliser nous appelle ou nous \u00e9crit pour choisir la date.<\/p>\n<h1><span class=\"tlid-translation translation\" lang=\"es\"><span title=\"\">Segway \u00e0 Chinch\u00f3n.<\/span><\/span><\/h1>\n<h2>Segway Chinch\u00f3n Private Tour, pas pour les groupes<\/h2>\n<h3><span class=\"tlid-translation translation\" lang=\"es\"><span title=\"\">Nous vous faisons d\u00e9couvrir l&rsquo;un des plus beaux villages d&rsquo;Espagne en Segway.<\/span><br \/>\n<\/span><\/h3>\n<p><span class=\"tlid-translation translation\" lang=\"es\"><br \/>\n<span title=\"\">Si Chinch\u00f3n est connu pour quelque chose, c&rsquo;est pour sa place, catalogu\u00e9e comme l&rsquo;une des plus belles du monde, lieu de rencontre o\u00f9 se d\u00e9roulaient les foires aux bestiaux.<\/span> <span title=\"\">Chinch\u00f3n poss\u00e8de de nombreux centres d&rsquo;int\u00e9r\u00eat.<\/span> <span class=\"\" title=\"\">Lors de notre visite en Segway, nous vous montrerons les points forts :<\/span><\/span><\/p>\n<p><span class=\"\" title=\"\">Nous commen\u00e7ons \u00e0 c\u00f4t\u00e9 du couvent des Clarisses.<\/span><br \/>\n<span class=\"\" title=\"\">Chapelle San Roque<\/span><br \/>\n<span class=\"\" title=\"\">Couvent des Augustins (Parador)<\/span><br \/>\n<span class=\"\" title=\"\">Chapelle du Rosaire<\/span><br \/>\n<span class=\"\" title=\"\">Maison en cha\u00eene<\/span><br \/>\n<span title=\"\">Place principale<\/span><br \/>\n<span class=\"\" title=\"\">Ermitage de la Mis\u00e9ricorde<\/span><br \/>\n<span class=\"\" title=\"\">Notre-Dame de l&rsquo;Assomption (fresque de Goya)<\/span><br \/>\n<span class=\"\" title=\"\">Th\u00e9\u00e2tre Lope de Vega (point de vue Castillo de los Condes)<\/span><br \/>\n<span title=\"\">Tour de l&rsquo;horloge<\/span><br \/>\n<span class=\"\" title=\"\">Ermitage de San Ant\u00f3n<\/span><\/p>\n<p><span class=\"\" title=\"\">Une fois la visite termin\u00e9e, nous nous rendons dans la plus ancienne cave de Madrid, situ\u00e9e au c\u0153ur de cette municipalit\u00e9, une visite qui se termine par une d\u00e9gustation de deux excellents vins accompagn\u00e9s de fromages locaux.<\/span><\/p>\n<p><strong>Dur\u00e9e Segway + visite du vignoble : 150 minutes environ.  <\/strong><\/p>\n<p><strong><span class=\"tlid-translation translation\" lang=\"es\">Pas d&rsquo;annulation en cas de pluie.<\/span><\/strong><\/p>\n<p><strong>\u00c2ge minimum : 10 ans<\/strong><\/p>\n<p><strong>Poids minimum et maximum : 30-120 Kg.<\/strong><\/p>\n<p>Montez \u00e0 bord, savourez et d\u00e9gustez !<\/p>\n<p>&nbsp;<\/p>\n<p><a class=\"fh-button-true-flat-pink\" href=\"mailto:info@segcitytours.es\">Ordonnance \u00e0 l&rsquo;adresse info@segcitytours.es<\/a><br \/>\n<a class=\"fh-button-true-flat-pink\" href=\"https:\/\/segcitybox.com\">Ordonnance \u00e0 l&rsquo;adresse www.segcitybox.com<\/a><!--more--><\/p>\n","protected":false},"excerpt":{"rendered":"<p> [&hellip;]<\/p>\n","protected":false},"featured_media":7602,"comment_status":"closed","ping_status":"closed","template":"","meta":{"site-sidebar-layout":"default","site-content-layout":"","ast-site-content-layout":"default","site-content-style":"default","site-sidebar-style":"default","ast-global-header-display":"","ast-banner-title-visibility":"","ast-main-header-display":"","ast-hfb-above-header-display":"","ast-hfb-below-header-display":"","ast-hfb-mobile-header-display":"","site-post-title":"","ast-breadcrumbs-content":"","ast-featured-img":"","footer-sml-layout":"","ast-disable-related-posts":"","theme-transparent-header-meta":"default","adv-header-id-meta":"","stick-header-meta":"default","header-above-stick-meta":"","header-main-stick-meta":"","header-below-stick-meta":"","astra-migrate-meta-layouts":"default","ast-page-background-enabled":"default","ast-page-background-meta":{"desktop":{"background-color":"","background-image":"","background-repeat":"repeat","background-position":"center center","background-size":"auto","background-attachment":"scroll","background-type":"","background-media":"","overlay-type":"","overlay-color":"","overlay-opacity":"","overlay-gradient":""},"tablet":{"background-color":"","background-image":"","background-repeat":"repeat","background-position":"center center","background-size":"auto","background-attachment":"scroll","background-type":"","background-media":"","overlay-type":"","overlay-color":"","overlay-opacity":"","overlay-gradient":""},"mobile":{"background-color":"","background-image":"","background-repeat":"repeat","background-position":"center center","background-size":"auto","background-attachment":"scroll","background-type":"","background-media":"","overlay-type":"","overlay-color":"","overlay-opacity":"","overlay-gradient":""}},"ast-content-background-meta":{"desktop":{"background-color":"var(--ast-global-color-5)","background-image":"","background-repeat":"repeat","background-position":"center center","background-size":"auto","background-attachment":"scroll","background-type":"","background-media":"","overlay-type":"","overlay-color":"","overlay-opacity":"","overlay-gradient":""},"tablet":{"background-color":"var(--ast-global-color-5)","background-image":"","background-repeat":"repeat","background-position":"center center","background-size":"auto","background-attachment":"scroll","background-type":"","background-media":"","overlay-type":"","overlay-color":"","overlay-opacity":"","overlay-gradient":""},"mobile":{"background-color":"var(--ast-global-color-5)","background-image":"","background-repeat":"repeat","background-position":"center center","background-size":"auto","background-attachment":"scroll","background-type":"","background-media":"","overlay-type":"","overlay-color":"","overlay-opacity":"","overlay-gradient":""}}},"product_brand":[],"product_cat":[2045],"product_tag":[],"class_list":{"0":"post-7707","1":"product","2":"type-product","3":"status-publish","4":"has-post-thumbnail","6":"product_cat-regalo-fr","7":"desktop-align-center","8":"tablet-align-center","9":"mobile-align-center","10":"ast-product-gallery-layout-horizontal","11":"ast-product-gallery-with-no-image","12":"ast-product-tabs-layout-distributed","13":"ast-qv-on-image","15":"first","16":"instock","17":"shipping-taxable","18":"purchasable","19":"product-type-simple"},"booking_location":null,"booking_location_type":null,"booking_duration":null,"booking_duration_unit":null,"booking_buffer":null,"booking_cost":null,"booking_resources":null,"yoast_head":"<!-- This site is optimized with the Yoast SEO Premium plugin v27.1 (Yoast SEO v27.1.1) - https:\/\/yoast.com\/product\/yoast-seo-premium-wordpress\/ -->\n<title>Bon cadeau pour 4 personnes Segway Chinch\u00f3n avec d\u00e9gustation - 2 heures - Madrid Segway Tour Experience<\/title>\n<meta name=\"description\" content=\"Un cadeau que l&#039;on n&#039;oubliera pas, le Segway Chinch\u00f3n, la visite de l&#039;un des plus beaux villages d&#039;Espagne et la visite d&#039;une cave centenaire.\" \/>\n<meta name=\"robots\" content=\"index, follow, max-snippet:-1, max-image-preview:large, max-video-preview:-1\" \/>\n<link rel=\"canonical\" href=\"https:\/\/segcitytours.es\/fr\/tours\/bon-cadeau-4-personnes-segway-chinchon-avec-degustation-2-hrs\/\" \/>\n<meta property=\"og:locale\" content=\"fr_FR\" \/>\n<meta property=\"og:type\" content=\"article\" \/>\n<meta property=\"og:title\" content=\"Bon cadeau pour 4 personnes Segway Chinch\u00f3n avec d\u00e9gustation - 2 heures\" \/>\n<meta property=\"og:description\" content=\"Un cadeau que l&#039;on n&#039;oubliera pas, le Segway Chinch\u00f3n, la visite de l&#039;un des plus beaux villages d&#039;Espagne et la visite d&#039;une cave centenaire.\" \/>\n<meta property=\"og:url\" content=\"https:\/\/segcitytours.es\/fr\/tours\/bon-cadeau-4-personnes-segway-chinchon-avec-degustation-2-hrs\/\" \/>\n<meta property=\"og:site_name\" content=\"Madrid Segway Tour Experience\" \/>\n<meta property=\"article:publisher\" content=\"https:\/\/www.facebook.com\/Segwayfun-111864518874580\/timeline\/?ref=ts\" \/>\n<meta property=\"article:modified_time\" content=\"2025-01-10T19:24:09+00:00\" \/>\n<meta property=\"og:image\" content=\"https:\/\/segcitytours.es\/wp-content\/uploads\/2019\/11\/plaza-mayor-de-chinchon-scaled.jpg\" \/>\n\t<meta property=\"og:image:width\" content=\"2560\" \/>\n\t<meta property=\"og:image:height\" content=\"1920\" \/>\n\t<meta property=\"og:image:type\" content=\"image\/jpeg\" \/>\n<meta name=\"twitter:card\" content=\"summary_large_image\" \/>\n<meta name=\"twitter:site\" content=\"@_segwayfun\" \/>\n<meta name=\"twitter:label1\" content=\"Prix\" \/>\n\t<meta name=\"twitter:data1\" content=\"540,00&nbsp;&euro;\" \/>\n\t<meta name=\"twitter:label2\" content=\"Disponibilit\u00e9\" \/>\n\t<meta name=\"twitter:data2\" content=\"En stock\" \/>\n<script type=\"application\/ld+json\" class=\"yoast-schema-graph\">{\"@context\":\"https:\/\/schema.org\",\"@graph\":[{\"@type\":\"WebPage\",\"@id\":\"https:\/\/segcitytours.es\/fr\/tours\/bon-cadeau-4-personnes-segway-chinchon-avec-degustation-2-hrs\/\",\"url\":\"https:\/\/segcitytours.es\/fr\/tours\/bon-cadeau-4-personnes-segway-chinchon-avec-degustation-2-hrs\/\",\"name\":\"Bon cadeau pour 4 personnes Segway Chinch\u00f3n avec d\u00e9gustation - 2 heures - Madrid Segway Tour Experience\",\"isPartOf\":{\"@id\":\"https:\/\/segcitytours.es\/fr\/#website\"},\"primaryImageOfPage\":{\"@id\":\"https:\/\/segcitytours.es\/fr\/tours\/bon-cadeau-4-personnes-segway-chinchon-avec-degustation-2-hrs\/#primaryimage\"},\"image\":{\"@id\":\"https:\/\/segcitytours.es\/fr\/tours\/bon-cadeau-4-personnes-segway-chinchon-avec-degustation-2-hrs\/#primaryimage\"},\"thumbnailUrl\":\"https:\/\/segcitytours.es\/wp-content\/uploads\/2019\/11\/plaza-mayor-de-chinchon-scaled.jpg\",\"datePublished\":\"2020-12-16T20:01:12+00:00\",\"dateModified\":\"2025-01-10T19:24:09+00:00\",\"description\":\"Un cadeau que l'on n'oubliera pas, le Segway Chinch\u00f3n, la visite de l'un des plus beaux villages d'Espagne et la visite d'une cave centenaire.\",\"breadcrumb\":{\"@id\":\"https:\/\/segcitytours.es\/fr\/tours\/bon-cadeau-4-personnes-segway-chinchon-avec-degustation-2-hrs\/#breadcrumb\"},\"inLanguage\":\"fr-FR\",\"potentialAction\":[{\"@type\":\"ReadAction\",\"target\":[\"https:\/\/segcitytours.es\/fr\/tours\/bon-cadeau-4-personnes-segway-chinchon-avec-degustation-2-hrs\/\"]}]},{\"@type\":\"ImageObject\",\"inLanguage\":\"fr-FR\",\"@id\":\"https:\/\/segcitytours.es\/fr\/tours\/bon-cadeau-4-personnes-segway-chinchon-avec-degustation-2-hrs\/#primaryimage\",\"url\":\"https:\/\/segcitytours.es\/wp-content\/uploads\/2019\/11\/plaza-mayor-de-chinchon-scaled.jpg\",\"contentUrl\":\"https:\/\/segcitytours.es\/wp-content\/uploads\/2019\/11\/plaza-mayor-de-chinchon-scaled.jpg\",\"width\":2560,\"height\":1920},{\"@type\":\"BreadcrumbList\",\"@id\":\"https:\/\/segcitytours.es\/fr\/tours\/bon-cadeau-4-personnes-segway-chinchon-avec-degustation-2-hrs\/#breadcrumb\",\"itemListElement\":[{\"@type\":\"ListItem\",\"position\":1,\"name\":\"Portada\",\"item\":\"https:\/\/segcitytours.es\/fr\/accueil\/\"},{\"@type\":\"ListItem\",\"position\":2,\"name\":\"Shop\",\"item\":\"https:\/\/segcitytours.es\/en\/shop\/\"},{\"@type\":\"ListItem\",\"position\":3,\"name\":\"Bon cadeau pour 4 personnes Segway Chinch\u00f3n avec d\u00e9gustation &#8211; 2 heures\"}]},{\"@type\":\"WebSite\",\"@id\":\"https:\/\/segcitytours.es\/fr\/#website\",\"url\":\"https:\/\/segcitytours.es\/fr\/\",\"name\":\"Madrid Segway Tour Experience\",\"description\":\"Disfruta Madrid en Segway\",\"publisher\":{\"@id\":\"https:\/\/segcitytours.es\/fr\/#organization\"},\"alternateName\":\"Segcitytours - Segway tours\",\"potentialAction\":[{\"@type\":\"SearchAction\",\"target\":{\"@type\":\"EntryPoint\",\"urlTemplate\":\"https:\/\/segcitytours.es\/fr\/?s={search_term_string}\"},\"query-input\":{\"@type\":\"PropertyValueSpecification\",\"valueRequired\":true,\"valueName\":\"search_term_string\"}}],\"inLanguage\":\"fr-FR\"},{\"@type\":[\"Organization\",\"Place\",\"LocalBusiness\"],\"@id\":\"https:\/\/segcitytours.es\/fr\/#organization\",\"name\":\"Segcitytours\",\"alternateName\":\"Segway Tours\",\"url\":\"https:\/\/segcitytours.es\/fr\/\",\"logo\":{\"@id\":\"https:\/\/segcitytours.es\/fr\/tours\/bon-cadeau-4-personnes-segway-chinchon-avec-degustation-2-hrs\/#local-main-organization-logo\"},\"image\":{\"@id\":\"https:\/\/segcitytours.es\/fr\/tours\/bon-cadeau-4-personnes-segway-chinchon-avec-degustation-2-hrs\/#local-main-organization-logo\"},\"sameAs\":[\"https:\/\/www.facebook.com\/Segwayfun-111864518874580\/timeline\/?ref=ts\",\"https:\/\/x.com\/_segwayfun\"],\"address\":{\"@id\":\"https:\/\/segcitytours.es\/fr\/tours\/bon-cadeau-4-personnes-segway-chinchon-avec-degustation-2-hrs\/#local-main-place-address\"},\"geo\":{\"@type\":\"GeoCoordinates\",\"latitude\":\"40.413530233784094\",\"longitude\":\"-3.6983123748514117\"},\"telephone\":[\"+34629612216\"],\"openingHoursSpecification\":[{\"@type\":\"OpeningHoursSpecification\",\"dayOfWeek\":[\"Monday\",\"Tuesday\",\"Wednesday\",\"Thursday\",\"Friday\",\"Saturday\",\"Sunday\"],\"opens\":\"10:00\",\"closes\":\"20:00\"}],\"email\":\"info@segcitytours.es\",\"vatID\":\"B42196998\",\"taxID\":\"B42196998\"},{\"@type\":\"PostalAddress\",\"@id\":\"https:\/\/segcitytours.es\/fr\/tours\/bon-cadeau-4-personnes-segway-chinchon-avec-degustation-2-hrs\/#local-main-place-address\",\"streetAddress\":\"Calle de las Huertas, 39\",\"addressLocality\":\"Madrid\",\"postalCode\":\"28014\",\"addressRegion\":\"Madrid\",\"addressCountry\":\"ES\"},{\"@type\":\"ImageObject\",\"inLanguage\":\"fr-FR\",\"@id\":\"https:\/\/segcitytours.es\/fr\/tours\/bon-cadeau-4-personnes-segway-chinchon-avec-degustation-2-hrs\/#local-main-organization-logo\",\"url\":\"https:\/\/segcitytours.es\/wp-content\/uploads\/2020\/11\/Segcitytours-fondo-blanco-1000px.png\",\"contentUrl\":\"https:\/\/segcitytours.es\/wp-content\/uploads\/2020\/11\/Segcitytours-fondo-blanco-1000px.png\",\"width\":1000,\"height\":500,\"caption\":\"Segcitytours\"}]}<\/script>\n<meta property=\"product:price:amount\" content=\"540.00\" \/>\n<meta property=\"product:price:currency\" content=\"EUR\" \/>\n<meta property=\"og:availability\" content=\"instock\" \/>\n<meta property=\"product:availability\" content=\"instock\" \/>\n<meta property=\"product:condition\" content=\"new\" \/>\n<meta name=\"geo.placename\" content=\"Madrid\" \/>\n<meta name=\"geo.position\" content=\"40.413530233784094;-3.6983123748514117\" \/>\n<meta name=\"geo.region\" content=\"Espagne\" \/>\n<!-- \/ Yoast SEO Premium plugin. -->","yoast_head_json":{"title":"Bon cadeau pour 4 personnes Segway Chinch\u00f3n avec d\u00e9gustation - 2 heures - Madrid Segway Tour Experience","description":"Un cadeau que l'on n'oubliera pas, le Segway Chinch\u00f3n, la visite de l'un des plus beaux villages d'Espagne et la visite d'une cave centenaire.","robots":{"index":"index","follow":"follow","max-snippet":"max-snippet:-1","max-image-preview":"max-image-preview:large","max-video-preview":"max-video-preview:-1"},"canonical":"https:\/\/segcitytours.es\/fr\/tours\/bon-cadeau-4-personnes-segway-chinchon-avec-degustation-2-hrs\/","og_locale":"fr_FR","og_type":"article","og_title":"Bon cadeau pour 4 personnes Segway Chinch\u00f3n avec d\u00e9gustation - 2 heures","og_description":"Un cadeau que l'on n'oubliera pas, le Segway Chinch\u00f3n, la visite de l'un des plus beaux villages d'Espagne et la visite d'une cave centenaire.","og_url":"https:\/\/segcitytours.es\/fr\/tours\/bon-cadeau-4-personnes-segway-chinchon-avec-degustation-2-hrs\/","og_site_name":"Madrid Segway Tour Experience","article_publisher":"https:\/\/www.facebook.com\/Segwayfun-111864518874580\/timeline\/?ref=ts","article_modified_time":"2025-01-10T19:24:09+00:00","og_image":[{"width":2560,"height":1920,"url":"https:\/\/segcitytours.es\/wp-content\/uploads\/2019\/11\/plaza-mayor-de-chinchon-scaled.jpg","type":"image\/jpeg"}],"twitter_card":"summary_large_image","twitter_site":"@_segwayfun","twitter_misc":{"Prix":"540,00&nbsp;&euro;","Disponibilit\u00e9":"En stock"},"schema":{"@context":"https:\/\/schema.org","@graph":[{"@type":"WebPage","@id":"https:\/\/segcitytours.es\/fr\/tours\/bon-cadeau-4-personnes-segway-chinchon-avec-degustation-2-hrs\/","url":"https:\/\/segcitytours.es\/fr\/tours\/bon-cadeau-4-personnes-segway-chinchon-avec-degustation-2-hrs\/","name":"Bon cadeau pour 4 personnes Segway Chinch\u00f3n avec d\u00e9gustation - 2 heures - Madrid Segway Tour Experience","isPartOf":{"@id":"https:\/\/segcitytours.es\/fr\/#website"},"primaryImageOfPage":{"@id":"https:\/\/segcitytours.es\/fr\/tours\/bon-cadeau-4-personnes-segway-chinchon-avec-degustation-2-hrs\/#primaryimage"},"image":{"@id":"https:\/\/segcitytours.es\/fr\/tours\/bon-cadeau-4-personnes-segway-chinchon-avec-degustation-2-hrs\/#primaryimage"},"thumbnailUrl":"https:\/\/segcitytours.es\/wp-content\/uploads\/2019\/11\/plaza-mayor-de-chinchon-scaled.jpg","datePublished":"2020-12-16T20:01:12+00:00","dateModified":"2025-01-10T19:24:09+00:00","description":"Un cadeau que l'on n'oubliera pas, le Segway Chinch\u00f3n, la visite de l'un des plus beaux villages d'Espagne et la visite d'une cave centenaire.","breadcrumb":{"@id":"https:\/\/segcitytours.es\/fr\/tours\/bon-cadeau-4-personnes-segway-chinchon-avec-degustation-2-hrs\/#breadcrumb"},"inLanguage":"fr-FR","potentialAction":[{"@type":"ReadAction","target":["https:\/\/segcitytours.es\/fr\/tours\/bon-cadeau-4-personnes-segway-chinchon-avec-degustation-2-hrs\/"]}]},{"@type":"ImageObject","inLanguage":"fr-FR","@id":"https:\/\/segcitytours.es\/fr\/tours\/bon-cadeau-4-personnes-segway-chinchon-avec-degustation-2-hrs\/#primaryimage","url":"https:\/\/segcitytours.es\/wp-content\/uploads\/2019\/11\/plaza-mayor-de-chinchon-scaled.jpg","contentUrl":"https:\/\/segcitytours.es\/wp-content\/uploads\/2019\/11\/plaza-mayor-de-chinchon-scaled.jpg","width":2560,"height":1920},{"@type":"BreadcrumbList","@id":"https:\/\/segcitytours.es\/fr\/tours\/bon-cadeau-4-personnes-segway-chinchon-avec-degustation-2-hrs\/#breadcrumb","itemListElement":[{"@type":"ListItem","position":1,"name":"Portada","item":"https:\/\/segcitytours.es\/fr\/accueil\/"},{"@type":"ListItem","position":2,"name":"Shop","item":"https:\/\/segcitytours.es\/en\/shop\/"},{"@type":"ListItem","position":3,"name":"Bon cadeau pour 4 personnes Segway Chinch\u00f3n avec d\u00e9gustation &#8211; 2 heures"}]},{"@type":"WebSite","@id":"https:\/\/segcitytours.es\/fr\/#website","url":"https:\/\/segcitytours.es\/fr\/","name":"Madrid Segway Tour Experience","description":"Disfruta Madrid en Segway","publisher":{"@id":"https:\/\/segcitytours.es\/fr\/#organization"},"alternateName":"Segcitytours - Segway tours","potentialAction":[{"@type":"SearchAction","target":{"@type":"EntryPoint","urlTemplate":"https:\/\/segcitytours.es\/fr\/?s={search_term_string}"},"query-input":{"@type":"PropertyValueSpecification","valueRequired":true,"valueName":"search_term_string"}}],"inLanguage":"fr-FR"},{"@type":["Organization","Place","LocalBusiness"],"@id":"https:\/\/segcitytours.es\/fr\/#organization","name":"Segcitytours","alternateName":"Segway Tours","url":"https:\/\/segcitytours.es\/fr\/","logo":{"@id":"https:\/\/segcitytours.es\/fr\/tours\/bon-cadeau-4-personnes-segway-chinchon-avec-degustation-2-hrs\/#local-main-organization-logo"},"image":{"@id":"https:\/\/segcitytours.es\/fr\/tours\/bon-cadeau-4-personnes-segway-chinchon-avec-degustation-2-hrs\/#local-main-organization-logo"},"sameAs":["https:\/\/www.facebook.com\/Segwayfun-111864518874580\/timeline\/?ref=ts","https:\/\/x.com\/_segwayfun"],"address":{"@id":"https:\/\/segcitytours.es\/fr\/tours\/bon-cadeau-4-personnes-segway-chinchon-avec-degustation-2-hrs\/#local-main-place-address"},"geo":{"@type":"GeoCoordinates","latitude":"40.413530233784094","longitude":"-3.6983123748514117"},"telephone":["+34629612216"],"openingHoursSpecification":[{"@type":"OpeningHoursSpecification","dayOfWeek":["Monday","Tuesday","Wednesday","Thursday","Friday","Saturday","Sunday"],"opens":"10:00","closes":"20:00"}],"email":"info@segcitytours.es","vatID":"B42196998","taxID":"B42196998"},{"@type":"PostalAddress","@id":"https:\/\/segcitytours.es\/fr\/tours\/bon-cadeau-4-personnes-segway-chinchon-avec-degustation-2-hrs\/#local-main-place-address","streetAddress":"Calle de las Huertas, 39","addressLocality":"Madrid","postalCode":"28014","addressRegion":"Madrid","addressCountry":"ES"},{"@type":"ImageObject","inLanguage":"fr-FR","@id":"https:\/\/segcitytours.es\/fr\/tours\/bon-cadeau-4-personnes-segway-chinchon-avec-degustation-2-hrs\/#local-main-organization-logo","url":"https:\/\/segcitytours.es\/wp-content\/uploads\/2020\/11\/Segcitytours-fondo-blanco-1000px.png","contentUrl":"https:\/\/segcitytours.es\/wp-content\/uploads\/2020\/11\/Segcitytours-fondo-blanco-1000px.png","width":1000,"height":500,"caption":"Segcitytours"}]},"product_price_amount":"540.00","product_price_currency":"EUR","og_availability":"instock","product_availability":"instock","product_condition":"new","geo.placename":"Madrid","geo.position":{"lat":"40.413530233784094","long":"-3.6983123748514117"},"geo.region":"Espagne"},"_links":{"self":[{"href":"https:\/\/segcitytours.es\/fr\/wp-json\/wp\/v2\/product\/7707","targetHints":{"allow":["GET"]}}],"collection":[{"href":"https:\/\/segcitytours.es\/fr\/wp-json\/wp\/v2\/product"}],"about":[{"href":"https:\/\/segcitytours.es\/fr\/wp-json\/wp\/v2\/types\/product"}],"replies":[{"embeddable":true,"href":"https:\/\/segcitytours.es\/fr\/wp-json\/wp\/v2\/comments?post=7707"}],"version-history":[{"count":0,"href":"https:\/\/segcitytours.es\/fr\/wp-json\/wp\/v2\/product\/7707\/revisions"}],"wp:featuredmedia":[{"embeddable":true,"href":"https:\/\/segcitytours.es\/fr\/wp-json\/wp\/v2\/media\/7602"}],"wp:attachment":[{"href":"https:\/\/segcitytours.es\/fr\/wp-json\/wp\/v2\/media?parent=7707"}],"wp:term":[{"taxonomy":"product_brand","embeddable":true,"href":"https:\/\/segcitytours.es\/fr\/wp-json\/wp\/v2\/product_brand?post=7707"},{"taxonomy":"product_cat","embeddable":true,"href":"https:\/\/segcitytours.es\/fr\/wp-json\/wp\/v2\/product_cat?post=7707"},{"taxonomy":"product_tag","embeddable":true,"href":"https:\/\/segcitytours.es\/fr\/wp-json\/wp\/v2\/product_tag?post=7707"}],"curies":[{"name":"wp","href":"https:\/\/api.w.org\/{rel}","templated":true}]}}