{"id":7713,"date":"2020-12-16T21:36:24","date_gmt":"2020-12-16T20:36:24","guid":{"rendered":"http:\/\/segcitytours.es.mialias.net\/tours\/bon-cadeau-2-personnes-visite-de-madrid-en-segway-1-h\/"},"modified":"2025-01-10T20:24:07","modified_gmt":"2025-01-10T19:24:07","slug":"bon-cadeau-2-personnes-visite-de-madrid-en-segway-1-h","status":"publish","type":"product","link":"https:\/\/segcitytours.es\/fr\/tours\/bon-cadeau-2-personnes-visite-de-madrid-en-segway-1-h\/","title":{"rendered":"Bon cadeau 2 personnes Segway Madrid tour 1 hr"},"content":{"rendered":"<p><span style=\"color: #ff0000;\">Segway Madrid<\/span><\/p>\n<h1><span style=\"color: #ff0000;\">Ch\u00e8que-cadeau Segway Madrid Centro<br \/>\n<\/span><\/h1>\n<h1><a href=\"https:\/\/youtu.be\/1gneaZlaIIY\"><img decoding=\"async\" class=\"alignnone wp-image-6848\" src=\"http:\/\/segcitytours.es\/wp-content\/uploads\/2021\/06\/YouTube-logo.png\" alt=\"\" width=\"82\" height=\"54\"><\/a><\/h1>\n<h2>2 personnes pour 60 minutes<\/h2>\n<p>Une exp\u00e9rience formidable \u00e0 offrir en cadeau. Faites votre achat et vous recevrez un bon cadeau, la personne qui va l&rsquo;utiliser nous appelle ou nous \u00e9crit pour choisir la date.<\/p>\n<h1><strong>Segway Madrid Centro Austrias Tour.<\/strong><\/h1>\n<h2>Tour en Segway Priv\u00e9 et exclusif, pas pour les groupes<\/h2>\n<h2>Une heure de plaisir en Segway !<\/h2>\n<p>Avec Segway Madrid, vous aurez le moyen le plus facile et le plus amusant de conna\u00eetre les lieux les plus embl\u00e9matiques de Madrid. Profitez d&rsquo;un <a href=\"https:\/\/www.segwayfun.es\/segway-tours\/segway-madrid-tours\/\"><br \/>\n  <strong>tour de Madrid en segway<\/strong><br \/>\n<\/a>.<\/p>\n<p>Il s&rsquo;agit d&rsquo;une visite d&rsquo;une heure, au cours de laquelle nous passerons par des endroits aussi connus que les suivants :<\/p>\n<ul>\n<li><a href=\"https:\/\/es.wikipedia.org\/wiki\/Catedral_de_la_Almudena_(Madrid)\">La cath\u00e9drale de l&rsquo;Almudena<\/a>.<\/li>\n<li><a href=\"https:\/\/www.google.es\/#q=El+Palacio+Real\">Le Palais Royal<\/a>.<\/li>\n<li><a href=\"https:\/\/es.wikipedia.org\/wiki\/Plaza_de_Isabel_II\">Place de l&rsquo;Op\u00e9ra<\/a>.<\/li>\n<li><a href=\"https:\/\/es.wikipedia.org\/wiki\/Puerta_del_Sol\">La Puerta del Sol<\/a>.<\/li>\n<li><a href=\"https:\/\/es.wikipedia.org\/wiki\/Plaza_Mayor_de_Madrid\">La Plaza Mayor.<\/a><\/li>\n<\/ul>\n<p>La fatigue sera r\u00e9duite au minimum et le plaisir au maximum gr\u00e2ce \u00e0 la facilit\u00e9 du segway !<\/p>\n<p>Vous serez accompagn\u00e9 d&rsquo;un guide expert.<\/p>\n<p>Venez essayer les <a href=\"https:\/\/www.segwayfun.es\/categoria-tours\/madrid-tours\/\">segways sur un parcours autour de Madrid<\/a>!<\/p>\n<p><strong>\u00c2ge minimum : 10 ans. Poids minimum et maximum : 30-120 Kg.<\/strong><\/p>\n<p>Pas d&rsquo;annulation en cas de pluie.<\/p>\n<p><a class=\"fh-button-true-flat-pink\" href=\"mailto:info@segcitytours.es.mialias.net\">Ordonnance \u00e0 l&rsquo;adresse info@segcitytours.es<\/a><\/p>\n<p><a class=\"fh-button-true-flat-pink\" href=\"https:\/\/segcitybox.com\">Ordonnance \u00e0 l&rsquo;adresse www.segcitybox.com<\/a><\/p>\n<p><!--more--><\/p>\n","protected":false},"excerpt":{"rendered":"<p> [&hellip;]<\/p>\n","protected":false},"featured_media":7304,"comment_status":"closed","ping_status":"closed","template":"","meta":{"site-sidebar-layout":"default","site-content-layout":"","ast-site-content-layout":"default","site-content-style":"default","site-sidebar-style":"default","ast-global-header-display":"","ast-banner-title-visibility":"","ast-main-header-display":"","ast-hfb-above-header-display":"","ast-hfb-below-header-display":"","ast-hfb-mobile-header-display":"","site-post-title":"","ast-breadcrumbs-content":"","ast-featured-img":"","footer-sml-layout":"","ast-disable-related-posts":"","theme-transparent-header-meta":"default","adv-header-id-meta":"","stick-header-meta":"default","header-above-stick-meta":"","header-main-stick-meta":"","header-below-stick-meta":"","astra-migrate-meta-layouts":"default","ast-page-background-enabled":"default","ast-page-background-meta":{"desktop":{"background-color":"","background-image":"","background-repeat":"repeat","background-position":"center center","background-size":"auto","background-attachment":"scroll","background-type":"","background-media":"","overlay-type":"","overlay-color":"","overlay-opacity":"","overlay-gradient":""},"tablet":{"background-color":"","background-image":"","background-repeat":"repeat","background-position":"center center","background-size":"auto","background-attachment":"scroll","background-type":"","background-media":"","overlay-type":"","overlay-color":"","overlay-opacity":"","overlay-gradient":""},"mobile":{"background-color":"","background-image":"","background-repeat":"repeat","background-position":"center center","background-size":"auto","background-attachment":"scroll","background-type":"","background-media":"","overlay-type":"","overlay-color":"","overlay-opacity":"","overlay-gradient":""}},"ast-content-background-meta":{"desktop":{"background-color":"var(--ast-global-color-5)","background-image":"","background-repeat":"repeat","background-position":"center center","background-size":"auto","background-attachment":"scroll","background-type":"","background-media":"","overlay-type":"","overlay-color":"","overlay-opacity":"","overlay-gradient":""},"tablet":{"background-color":"var(--ast-global-color-5)","background-image":"","background-repeat":"repeat","background-position":"center center","background-size":"auto","background-attachment":"scroll","background-type":"","background-media":"","overlay-type":"","overlay-color":"","overlay-opacity":"","overlay-gradient":""},"mobile":{"background-color":"var(--ast-global-color-5)","background-image":"","background-repeat":"repeat","background-position":"center center","background-size":"auto","background-attachment":"scroll","background-type":"","background-media":"","overlay-type":"","overlay-color":"","overlay-opacity":"","overlay-gradient":""}}},"product_brand":[],"product_cat":[2045],"product_tag":[],"class_list":{"0":"post-7713","1":"product","2":"type-product","3":"status-publish","4":"has-post-thumbnail","6":"product_cat-regalo-fr","7":"desktop-align-center","8":"tablet-align-center","9":"mobile-align-center","10":"ast-product-gallery-layout-horizontal","11":"ast-product-gallery-with-no-image","12":"ast-product-tabs-layout-distributed","13":"ast-qv-on-image","15":"first","16":"instock","17":"shipping-taxable","18":"purchasable","19":"product-type-simple"},"booking_location":null,"booking_location_type":null,"booking_duration":null,"booking_duration_unit":null,"booking_buffer":null,"booking_cost":null,"booking_resources":null,"yoast_head":"<!-- This site is optimized with the Yoast SEO Premium plugin v27.1 (Yoast SEO v27.1.1) - https:\/\/yoast.com\/product\/yoast-seo-premium-wordpress\/ -->\n<title>Segway Madrid<\/title>\n<meta name=\"description\" content=\"Bon cadeau Segway Madrid, profitez d&#039;un tour en Segway pour 2 personnes pendant 60 minutes, d\u00e9couvrez le Madrid monumental.\" \/>\n<meta name=\"robots\" content=\"index, follow, max-snippet:-1, max-image-preview:large, max-video-preview:-1\" \/>\n<link rel=\"canonical\" href=\"https:\/\/segcitytours.es\/fr\/tours\/bon-cadeau-2-personnes-visite-de-madrid-en-segway-1-h\/\" \/>\n<meta property=\"og:locale\" content=\"fr_FR\" \/>\n<meta property=\"og:type\" content=\"article\" \/>\n<meta property=\"og:title\" content=\"Bon cadeau 2 personnes Segway Madrid tour 1 hr\" \/>\n<meta property=\"og:description\" content=\"Bon cadeau Segway Madrid, profitez d&#039;un tour en Segway pour 2 personnes pendant 60 minutes, d\u00e9couvrez le Madrid monumental.\" \/>\n<meta property=\"og:url\" content=\"https:\/\/segcitytours.es\/fr\/tours\/bon-cadeau-2-personnes-visite-de-madrid-en-segway-1-h\/\" \/>\n<meta property=\"og:site_name\" content=\"Madrid Segway Tour Experience\" \/>\n<meta property=\"article:publisher\" content=\"https:\/\/www.facebook.com\/Segwayfun-111864518874580\/timeline\/?ref=ts\" \/>\n<meta property=\"article:modified_time\" content=\"2025-01-10T19:24:07+00:00\" \/>\n<meta property=\"og:image\" content=\"https:\/\/segcitytours.es\/wp-content\/uploads\/2015\/06\/segway-mirador-almudena-scaled.jpg\" \/>\n\t<meta property=\"og:image:width\" content=\"1919\" \/>\n\t<meta property=\"og:image:height\" content=\"2560\" \/>\n\t<meta property=\"og:image:type\" content=\"image\/jpeg\" \/>\n<meta name=\"twitter:card\" content=\"summary_large_image\" \/>\n<meta name=\"twitter:site\" content=\"@_segwayfun\" \/>\n<meta name=\"twitter:label1\" content=\"Prix\" \/>\n\t<meta name=\"twitter:data1\" content=\"70,00&nbsp;&euro;\" \/>\n\t<meta name=\"twitter:label2\" content=\"Disponibilit\u00e9\" \/>\n\t<meta name=\"twitter:data2\" content=\"En stock\" \/>\n<script type=\"application\/ld+json\" class=\"yoast-schema-graph\">{\"@context\":\"https:\/\/schema.org\",\"@graph\":[{\"@type\":\"WebPage\",\"@id\":\"https:\/\/segcitytours.es\/fr\/tours\/bon-cadeau-2-personnes-visite-de-madrid-en-segway-1-h\/\",\"url\":\"https:\/\/segcitytours.es\/fr\/tours\/bon-cadeau-2-personnes-visite-de-madrid-en-segway-1-h\/\",\"name\":\"Segway Madrid\",\"isPartOf\":{\"@id\":\"https:\/\/segcitytours.es\/fr\/#website\"},\"primaryImageOfPage\":{\"@id\":\"https:\/\/segcitytours.es\/fr\/tours\/bon-cadeau-2-personnes-visite-de-madrid-en-segway-1-h\/#primaryimage\"},\"image\":{\"@id\":\"https:\/\/segcitytours.es\/fr\/tours\/bon-cadeau-2-personnes-visite-de-madrid-en-segway-1-h\/#primaryimage\"},\"thumbnailUrl\":\"https:\/\/segcitytours.es\/wp-content\/uploads\/2015\/06\/segway-mirador-almudena-scaled.jpg\",\"datePublished\":\"2020-12-16T20:36:24+00:00\",\"dateModified\":\"2025-01-10T19:24:07+00:00\",\"description\":\"Bon cadeau Segway Madrid, profitez d'un tour en Segway pour 2 personnes pendant 60 minutes, d\u00e9couvrez le Madrid monumental.\",\"breadcrumb\":{\"@id\":\"https:\/\/segcitytours.es\/fr\/tours\/bon-cadeau-2-personnes-visite-de-madrid-en-segway-1-h\/#breadcrumb\"},\"inLanguage\":\"fr-FR\",\"potentialAction\":[{\"@type\":\"ReadAction\",\"target\":[\"https:\/\/segcitytours.es\/fr\/tours\/bon-cadeau-2-personnes-visite-de-madrid-en-segway-1-h\/\"]}]},{\"@type\":\"ImageObject\",\"inLanguage\":\"fr-FR\",\"@id\":\"https:\/\/segcitytours.es\/fr\/tours\/bon-cadeau-2-personnes-visite-de-madrid-en-segway-1-h\/#primaryimage\",\"url\":\"https:\/\/segcitytours.es\/wp-content\/uploads\/2015\/06\/segway-mirador-almudena-scaled.jpg\",\"contentUrl\":\"https:\/\/segcitytours.es\/wp-content\/uploads\/2015\/06\/segway-mirador-almudena-scaled.jpg\",\"width\":1919,\"height\":2560,\"caption\":\"segway fun madrid\"},{\"@type\":\"BreadcrumbList\",\"@id\":\"https:\/\/segcitytours.es\/fr\/tours\/bon-cadeau-2-personnes-visite-de-madrid-en-segway-1-h\/#breadcrumb\",\"itemListElement\":[{\"@type\":\"ListItem\",\"position\":1,\"name\":\"Portada\",\"item\":\"https:\/\/segcitytours.es\/fr\/accueil\/\"},{\"@type\":\"ListItem\",\"position\":2,\"name\":\"Shop\",\"item\":\"https:\/\/segcitytours.es\/en\/shop\/\"},{\"@type\":\"ListItem\",\"position\":3,\"name\":\"Bon cadeau 2 personnes Segway Madrid tour 1 hr\"}]},{\"@type\":\"WebSite\",\"@id\":\"https:\/\/segcitytours.es\/fr\/#website\",\"url\":\"https:\/\/segcitytours.es\/fr\/\",\"name\":\"Madrid Segway Tour Experience\",\"description\":\"Disfruta Madrid en Segway\",\"publisher\":{\"@id\":\"https:\/\/segcitytours.es\/fr\/#organization\"},\"alternateName\":\"Segcitytours - Segway tours\",\"potentialAction\":[{\"@type\":\"SearchAction\",\"target\":{\"@type\":\"EntryPoint\",\"urlTemplate\":\"https:\/\/segcitytours.es\/fr\/?s={search_term_string}\"},\"query-input\":{\"@type\":\"PropertyValueSpecification\",\"valueRequired\":true,\"valueName\":\"search_term_string\"}}],\"inLanguage\":\"fr-FR\"},{\"@type\":[\"Organization\",\"Place\",\"LocalBusiness\"],\"@id\":\"https:\/\/segcitytours.es\/fr\/#organization\",\"name\":\"Segcitytours\",\"alternateName\":\"Segway Tours\",\"url\":\"https:\/\/segcitytours.es\/fr\/\",\"logo\":{\"@id\":\"https:\/\/segcitytours.es\/fr\/tours\/bon-cadeau-2-personnes-visite-de-madrid-en-segway-1-h\/#local-main-organization-logo\"},\"image\":{\"@id\":\"https:\/\/segcitytours.es\/fr\/tours\/bon-cadeau-2-personnes-visite-de-madrid-en-segway-1-h\/#local-main-organization-logo\"},\"sameAs\":[\"https:\/\/www.facebook.com\/Segwayfun-111864518874580\/timeline\/?ref=ts\",\"https:\/\/x.com\/_segwayfun\"],\"address\":{\"@id\":\"https:\/\/segcitytours.es\/fr\/tours\/bon-cadeau-2-personnes-visite-de-madrid-en-segway-1-h\/#local-main-place-address\"},\"geo\":{\"@type\":\"GeoCoordinates\",\"latitude\":\"40.413530233784094\",\"longitude\":\"-3.6983123748514117\"},\"telephone\":[\"+34629612216\"],\"openingHoursSpecification\":[{\"@type\":\"OpeningHoursSpecification\",\"dayOfWeek\":[\"Monday\",\"Tuesday\",\"Wednesday\",\"Thursday\",\"Friday\",\"Saturday\",\"Sunday\"],\"opens\":\"10:00\",\"closes\":\"20:00\"}],\"email\":\"info@segcitytours.es\",\"vatID\":\"B42196998\",\"taxID\":\"B42196998\"},{\"@type\":\"PostalAddress\",\"@id\":\"https:\/\/segcitytours.es\/fr\/tours\/bon-cadeau-2-personnes-visite-de-madrid-en-segway-1-h\/#local-main-place-address\",\"streetAddress\":\"Calle de las Huertas, 39\",\"addressLocality\":\"Madrid\",\"postalCode\":\"28014\",\"addressRegion\":\"Madrid\",\"addressCountry\":\"ES\"},{\"@type\":\"ImageObject\",\"inLanguage\":\"fr-FR\",\"@id\":\"https:\/\/segcitytours.es\/fr\/tours\/bon-cadeau-2-personnes-visite-de-madrid-en-segway-1-h\/#local-main-organization-logo\",\"url\":\"https:\/\/segcitytours.es\/wp-content\/uploads\/2020\/11\/Segcitytours-fondo-blanco-1000px.png\",\"contentUrl\":\"https:\/\/segcitytours.es\/wp-content\/uploads\/2020\/11\/Segcitytours-fondo-blanco-1000px.png\",\"width\":1000,\"height\":500,\"caption\":\"Segcitytours\"}]}<\/script>\n<meta property=\"product:price:amount\" content=\"70.00\" \/>\n<meta property=\"product:price:currency\" content=\"EUR\" \/>\n<meta property=\"og:availability\" content=\"instock\" \/>\n<meta property=\"product:availability\" content=\"instock\" \/>\n<meta property=\"product:condition\" content=\"new\" \/>\n<meta name=\"geo.placename\" content=\"Madrid\" \/>\n<meta name=\"geo.position\" content=\"40.413530233784094;-3.6983123748514117\" \/>\n<meta name=\"geo.region\" content=\"Espagne\" \/>\n<!-- \/ Yoast SEO Premium plugin. -->","yoast_head_json":{"title":"Segway Madrid","description":"Bon cadeau Segway Madrid, profitez d'un tour en Segway pour 2 personnes pendant 60 minutes, d\u00e9couvrez le Madrid monumental.","robots":{"index":"index","follow":"follow","max-snippet":"max-snippet:-1","max-image-preview":"max-image-preview:large","max-video-preview":"max-video-preview:-1"},"canonical":"https:\/\/segcitytours.es\/fr\/tours\/bon-cadeau-2-personnes-visite-de-madrid-en-segway-1-h\/","og_locale":"fr_FR","og_type":"article","og_title":"Bon cadeau 2 personnes Segway Madrid tour 1 hr","og_description":"Bon cadeau Segway Madrid, profitez d'un tour en Segway pour 2 personnes pendant 60 minutes, d\u00e9couvrez le Madrid monumental.","og_url":"https:\/\/segcitytours.es\/fr\/tours\/bon-cadeau-2-personnes-visite-de-madrid-en-segway-1-h\/","og_site_name":"Madrid Segway Tour Experience","article_publisher":"https:\/\/www.facebook.com\/Segwayfun-111864518874580\/timeline\/?ref=ts","article_modified_time":"2025-01-10T19:24:07+00:00","og_image":[{"width":1919,"height":2560,"url":"https:\/\/segcitytours.es\/wp-content\/uploads\/2015\/06\/segway-mirador-almudena-scaled.jpg","type":"image\/jpeg"}],"twitter_card":"summary_large_image","twitter_site":"@_segwayfun","twitter_misc":{"Prix":"70,00&nbsp;&euro;","Disponibilit\u00e9":"En stock"},"schema":{"@context":"https:\/\/schema.org","@graph":[{"@type":"WebPage","@id":"https:\/\/segcitytours.es\/fr\/tours\/bon-cadeau-2-personnes-visite-de-madrid-en-segway-1-h\/","url":"https:\/\/segcitytours.es\/fr\/tours\/bon-cadeau-2-personnes-visite-de-madrid-en-segway-1-h\/","name":"Segway Madrid","isPartOf":{"@id":"https:\/\/segcitytours.es\/fr\/#website"},"primaryImageOfPage":{"@id":"https:\/\/segcitytours.es\/fr\/tours\/bon-cadeau-2-personnes-visite-de-madrid-en-segway-1-h\/#primaryimage"},"image":{"@id":"https:\/\/segcitytours.es\/fr\/tours\/bon-cadeau-2-personnes-visite-de-madrid-en-segway-1-h\/#primaryimage"},"thumbnailUrl":"https:\/\/segcitytours.es\/wp-content\/uploads\/2015\/06\/segway-mirador-almudena-scaled.jpg","datePublished":"2020-12-16T20:36:24+00:00","dateModified":"2025-01-10T19:24:07+00:00","description":"Bon cadeau Segway Madrid, profitez d'un tour en Segway pour 2 personnes pendant 60 minutes, d\u00e9couvrez le Madrid monumental.","breadcrumb":{"@id":"https:\/\/segcitytours.es\/fr\/tours\/bon-cadeau-2-personnes-visite-de-madrid-en-segway-1-h\/#breadcrumb"},"inLanguage":"fr-FR","potentialAction":[{"@type":"ReadAction","target":["https:\/\/segcitytours.es\/fr\/tours\/bon-cadeau-2-personnes-visite-de-madrid-en-segway-1-h\/"]}]},{"@type":"ImageObject","inLanguage":"fr-FR","@id":"https:\/\/segcitytours.es\/fr\/tours\/bon-cadeau-2-personnes-visite-de-madrid-en-segway-1-h\/#primaryimage","url":"https:\/\/segcitytours.es\/wp-content\/uploads\/2015\/06\/segway-mirador-almudena-scaled.jpg","contentUrl":"https:\/\/segcitytours.es\/wp-content\/uploads\/2015\/06\/segway-mirador-almudena-scaled.jpg","width":1919,"height":2560,"caption":"segway fun madrid"},{"@type":"BreadcrumbList","@id":"https:\/\/segcitytours.es\/fr\/tours\/bon-cadeau-2-personnes-visite-de-madrid-en-segway-1-h\/#breadcrumb","itemListElement":[{"@type":"ListItem","position":1,"name":"Portada","item":"https:\/\/segcitytours.es\/fr\/accueil\/"},{"@type":"ListItem","position":2,"name":"Shop","item":"https:\/\/segcitytours.es\/en\/shop\/"},{"@type":"ListItem","position":3,"name":"Bon cadeau 2 personnes Segway Madrid tour 1 hr"}]},{"@type":"WebSite","@id":"https:\/\/segcitytours.es\/fr\/#website","url":"https:\/\/segcitytours.es\/fr\/","name":"Madrid Segway Tour Experience","description":"Disfruta Madrid en Segway","publisher":{"@id":"https:\/\/segcitytours.es\/fr\/#organization"},"alternateName":"Segcitytours - Segway tours","potentialAction":[{"@type":"SearchAction","target":{"@type":"EntryPoint","urlTemplate":"https:\/\/segcitytours.es\/fr\/?s={search_term_string}"},"query-input":{"@type":"PropertyValueSpecification","valueRequired":true,"valueName":"search_term_string"}}],"inLanguage":"fr-FR"},{"@type":["Organization","Place","LocalBusiness"],"@id":"https:\/\/segcitytours.es\/fr\/#organization","name":"Segcitytours","alternateName":"Segway Tours","url":"https:\/\/segcitytours.es\/fr\/","logo":{"@id":"https:\/\/segcitytours.es\/fr\/tours\/bon-cadeau-2-personnes-visite-de-madrid-en-segway-1-h\/#local-main-organization-logo"},"image":{"@id":"https:\/\/segcitytours.es\/fr\/tours\/bon-cadeau-2-personnes-visite-de-madrid-en-segway-1-h\/#local-main-organization-logo"},"sameAs":["https:\/\/www.facebook.com\/Segwayfun-111864518874580\/timeline\/?ref=ts","https:\/\/x.com\/_segwayfun"],"address":{"@id":"https:\/\/segcitytours.es\/fr\/tours\/bon-cadeau-2-personnes-visite-de-madrid-en-segway-1-h\/#local-main-place-address"},"geo":{"@type":"GeoCoordinates","latitude":"40.413530233784094","longitude":"-3.6983123748514117"},"telephone":["+34629612216"],"openingHoursSpecification":[{"@type":"OpeningHoursSpecification","dayOfWeek":["Monday","Tuesday","Wednesday","Thursday","Friday","Saturday","Sunday"],"opens":"10:00","closes":"20:00"}],"email":"info@segcitytours.es","vatID":"B42196998","taxID":"B42196998"},{"@type":"PostalAddress","@id":"https:\/\/segcitytours.es\/fr\/tours\/bon-cadeau-2-personnes-visite-de-madrid-en-segway-1-h\/#local-main-place-address","streetAddress":"Calle de las Huertas, 39","addressLocality":"Madrid","postalCode":"28014","addressRegion":"Madrid","addressCountry":"ES"},{"@type":"ImageObject","inLanguage":"fr-FR","@id":"https:\/\/segcitytours.es\/fr\/tours\/bon-cadeau-2-personnes-visite-de-madrid-en-segway-1-h\/#local-main-organization-logo","url":"https:\/\/segcitytours.es\/wp-content\/uploads\/2020\/11\/Segcitytours-fondo-blanco-1000px.png","contentUrl":"https:\/\/segcitytours.es\/wp-content\/uploads\/2020\/11\/Segcitytours-fondo-blanco-1000px.png","width":1000,"height":500,"caption":"Segcitytours"}]},"product_price_amount":"70.00","product_price_currency":"EUR","og_availability":"instock","product_availability":"instock","product_condition":"new","geo.placename":"Madrid","geo.position":{"lat":"40.413530233784094","long":"-3.6983123748514117"},"geo.region":"Espagne"},"_links":{"self":[{"href":"https:\/\/segcitytours.es\/fr\/wp-json\/wp\/v2\/product\/7713","targetHints":{"allow":["GET"]}}],"collection":[{"href":"https:\/\/segcitytours.es\/fr\/wp-json\/wp\/v2\/product"}],"about":[{"href":"https:\/\/segcitytours.es\/fr\/wp-json\/wp\/v2\/types\/product"}],"replies":[{"embeddable":true,"href":"https:\/\/segcitytours.es\/fr\/wp-json\/wp\/v2\/comments?post=7713"}],"version-history":[{"count":0,"href":"https:\/\/segcitytours.es\/fr\/wp-json\/wp\/v2\/product\/7713\/revisions"}],"wp:featuredmedia":[{"embeddable":true,"href":"https:\/\/segcitytours.es\/fr\/wp-json\/wp\/v2\/media\/7304"}],"wp:attachment":[{"href":"https:\/\/segcitytours.es\/fr\/wp-json\/wp\/v2\/media?parent=7713"}],"wp:term":[{"taxonomy":"product_brand","embeddable":true,"href":"https:\/\/segcitytours.es\/fr\/wp-json\/wp\/v2\/product_brand?post=7713"},{"taxonomy":"product_cat","embeddable":true,"href":"https:\/\/segcitytours.es\/fr\/wp-json\/wp\/v2\/product_cat?post=7713"},{"taxonomy":"product_tag","embeddable":true,"href":"https:\/\/segcitytours.es\/fr\/wp-json\/wp\/v2\/product_tag?post=7713"}],"curies":[{"name":"wp","href":"https:\/\/api.w.org\/{rel}","templated":true}]}}