{"id":7729,"date":"2021-02-16T13:17:13","date_gmt":"2021-02-16T12:17:13","guid":{"rendered":"http:\/\/segcitytours.es.mialias.net\/tours\/evasion-urbaine-the-killer-in-the-mask\/"},"modified":"2025-01-31T15:34:53","modified_gmt":"2025-01-31T14:34:53","slug":"evasion-urbaine-the-killer-in-the-mask","status":"publish","type":"product","link":"https:\/\/segcitytours.es\/fr\/tours\/evasion-urbaine-the-killer-in-the-mask\/","title":{"rendered":"City Escape \u00ab\u00a0Le tueur au masque\u00a0\u00bb."},"content":{"rendered":"<h1>L&rsquo;\u00e9vasion urbaine.<\/h1>\n<h2><span style=\"color: #ff0000;\">PRIX PAR BO\u00ceTE.  <\/span><\/h2>\n<h2><span style=\"color: #ff0000;\">RECOMMAND\u00c9 pour 2 \u00e0 6 joueurs<\/span><\/h2>\n<p>The Masked Killer est un jeu de tir \u00e0 la premi\u00e8re personne disponible dans plus de 30 villes d&rsquo;Espagne. Dans cette aventure, vous devrez attraper et d\u00e9couvrir l&rsquo;identit\u00e9 d&rsquo;un tueur en s\u00e9rie qui s\u00e8me la terreur dans tout le pays. Ce criminel tr\u00e8s dangereux tue ses victimes et laisse leurs cadavres dans des lieux embl\u00e9matiques des principales villes du pays. Par le biais des r\u00e9seaux sociaux, il diffuse les meurtres, cr\u00e9ant encore plus d&rsquo;agitation dans la soci\u00e9t\u00e9.   <\/p>\n<p><img fetchpriority=\"high\" decoding=\"async\" class=\"alignnone size-full wp-image-6709\" src=\"http:\/\/segcitytours.es\/wp-content\/uploads\/2021\/02\/Captura-de-pantalla-2021-02-13-a-las-12.23.05.png\" alt=\"\" width=\"1400\" height=\"504\" srcset=\"https:\/\/segcitytours.es\/wp-content\/uploads\/2021\/02\/Captura-de-pantalla-2021-02-13-a-las-12.23.05.png 1400w, https:\/\/segcitytours.es\/wp-content\/uploads\/2021\/02\/Captura-de-pantalla-2021-02-13-a-las-12.23.05-600x216.png 600w, https:\/\/segcitytours.es\/wp-content\/uploads\/2021\/02\/Captura-de-pantalla-2021-02-13-a-las-12.23.05-300x108.png 300w, https:\/\/segcitytours.es\/wp-content\/uploads\/2021\/02\/Captura-de-pantalla-2021-02-13-a-las-12.23.05-768x276.png 768w, https:\/\/segcitytours.es\/wp-content\/uploads\/2021\/02\/Captura-de-pantalla-2021-02-13-a-las-12.23.05-1024x369.png 1024w\" sizes=\"(max-width: 1400px) 100vw, 1400px\" \/><\/p>\n<p>Une salle d&rsquo;\u00e9vasion urbaine jou\u00e9e dans les rues de la ville comme un film \u00e0 la premi\u00e8re personne. La bo\u00eete myst\u00e8re contient tout ce dont vous avez besoin pour commencer votre aventure. Achetez la bo\u00eete, t\u00e9l\u00e9chargez l&rsquo;application et commencez \u00e0 jouer quand vous le souhaitez dans l&rsquo;une des 40 villes o\u00f9 nos jeux sont disponibles.<\/p>\n<p><a href=\"https:\/\/youtu.be\/xhViq3wmKp4\"><img decoding=\"async\" class=\"wp-image-6701 aligncenter\" src=\"http:\/\/segcitytours.es\/wp-content\/uploads\/2021\/02\/VIDEO-MASCARA.jpg\" alt=\"\" width=\"288\" height=\"256\" srcset=\"https:\/\/segcitytours.es\/wp-content\/uploads\/2021\/02\/VIDEO-MASCARA.jpg 993w, https:\/\/segcitytours.es\/wp-content\/uploads\/2021\/02\/VIDEO-MASCARA-600x533.jpg 600w, https:\/\/segcitytours.es\/wp-content\/uploads\/2021\/02\/VIDEO-MASCARA-300x266.jpg 300w, https:\/\/segcitytours.es\/wp-content\/uploads\/2021\/02\/VIDEO-MASCARA-768x682.jpg 768w\" sizes=\"(max-width: 288px) 100vw, 288px\" \/><\/a><\/p>\n<p>&nbsp;<\/p>\n<p style=\"text-align: center;\"><a class=\"fh-button-true-flat-pink\" href=\"mailto:info@segcitytours.es.mialias.net\">Ordonnance \u00e0 l&rsquo;adresse info@segcitytours.es.mialias.net<\/a><\/p>\n<p style=\"text-align: center;\"><a class=\"fh-button-true-flat-pink\" href=\"https:\/\/segcitybox.com\">Ordonnance \u00e0 l&rsquo;adresse www.segcitybox.com<\/a><\/p>\n<p><!--more--><\/p>\n","protected":false},"excerpt":{"rendered":"<p> [&hellip;]<\/p>\n","protected":false},"featured_media":7731,"comment_status":"closed","ping_status":"closed","template":"","meta":{"site-sidebar-layout":"default","site-content-layout":"","ast-site-content-layout":"default","site-content-style":"default","site-sidebar-style":"default","ast-global-header-display":"","ast-banner-title-visibility":"","ast-main-header-display":"","ast-hfb-above-header-display":"","ast-hfb-below-header-display":"","ast-hfb-mobile-header-display":"","site-post-title":"","ast-breadcrumbs-content":"","ast-featured-img":"","footer-sml-layout":"","ast-disable-related-posts":"","theme-transparent-header-meta":"default","adv-header-id-meta":"","stick-header-meta":"default","header-above-stick-meta":"","header-main-stick-meta":"","header-below-stick-meta":"","astra-migrate-meta-layouts":"default","ast-page-background-enabled":"default","ast-page-background-meta":{"desktop":{"background-color":"","background-image":"","background-repeat":"repeat","background-position":"center center","background-size":"auto","background-attachment":"scroll","background-type":"","background-media":"","overlay-type":"","overlay-color":"","overlay-opacity":"","overlay-gradient":""},"tablet":{"background-color":"","background-image":"","background-repeat":"repeat","background-position":"center center","background-size":"auto","background-attachment":"scroll","background-type":"","background-media":"","overlay-type":"","overlay-color":"","overlay-opacity":"","overlay-gradient":""},"mobile":{"background-color":"","background-image":"","background-repeat":"repeat","background-position":"center center","background-size":"auto","background-attachment":"scroll","background-type":"","background-media":"","overlay-type":"","overlay-color":"","overlay-opacity":"","overlay-gradient":""}},"ast-content-background-meta":{"desktop":{"background-color":"var(--ast-global-color-5)","background-image":"","background-repeat":"repeat","background-position":"center center","background-size":"auto","background-attachment":"scroll","background-type":"","background-media":"","overlay-type":"","overlay-color":"","overlay-opacity":"","overlay-gradient":""},"tablet":{"background-color":"var(--ast-global-color-5)","background-image":"","background-repeat":"repeat","background-position":"center center","background-size":"auto","background-attachment":"scroll","background-type":"","background-media":"","overlay-type":"","overlay-color":"","overlay-opacity":"","overlay-gradient":""},"mobile":{"background-color":"var(--ast-global-color-5)","background-image":"","background-repeat":"repeat","background-position":"center center","background-size":"auto","background-attachment":"scroll","background-type":"","background-media":"","overlay-type":"","overlay-color":"","overlay-opacity":"","overlay-gradient":""}}},"product_brand":[],"product_cat":[2048,2045],"product_tag":[],"class_list":{"0":"post-7729","1":"product","2":"type-product","3":"status-publish","4":"has-post-thumbnail","6":"product_cat-escape-room-urbano-fr","7":"product_cat-regalo-fr","8":"desktop-align-center","9":"tablet-align-center","10":"mobile-align-center","11":"ast-product-gallery-layout-horizontal","12":"ast-product-tabs-layout-distributed","13":"ast-qv-on-image","15":"first","16":"instock","17":"shipping-taxable","18":"purchasable","19":"product-type-simple"},"booking_location":null,"booking_location_type":null,"booking_duration":null,"booking_duration_unit":null,"booking_buffer":null,"booking_cost":null,"booking_resources":null,"yoast_head":"<!-- This site is optimized with the Yoast SEO Premium plugin v27.1 (Yoast SEO v27.1.1) - https:\/\/yoast.com\/product\/yoast-seo-premium-wordpress\/ -->\n<title>City Escape &quot;Le tueur au masque&quot;. - Madrid Segway Tour Experience<\/title>\n<meta name=\"description\" content=\"El Asesino de la M\u00e1scara est un film de tir \u00e0 la premi\u00e8re personne disponible dans plus de 30 villes d&#039;Espagne. Osez jouer.\" \/>\n<meta name=\"robots\" content=\"index, follow, max-snippet:-1, max-image-preview:large, max-video-preview:-1\" \/>\n<link rel=\"canonical\" href=\"https:\/\/segcitytours.es\/fr\/tours\/evasion-urbaine-the-killer-in-the-mask\/\" \/>\n<meta property=\"og:locale\" content=\"fr_FR\" \/>\n<meta property=\"og:type\" content=\"article\" \/>\n<meta property=\"og:title\" content=\"City Escape &quot;Le tueur au masque&quot;.\" \/>\n<meta property=\"og:description\" content=\"El Asesino de la M\u00e1scara est un film de tir \u00e0 la premi\u00e8re personne disponible dans plus de 30 villes d&#039;Espagne. Osez jouer.\" \/>\n<meta property=\"og:url\" content=\"https:\/\/segcitytours.es\/fr\/tours\/evasion-urbaine-the-killer-in-the-mask\/\" \/>\n<meta property=\"og:site_name\" content=\"Madrid Segway Tour Experience\" \/>\n<meta property=\"article:publisher\" content=\"https:\/\/www.facebook.com\/Segwayfun-111864518874580\/timeline\/?ref=ts\" \/>\n<meta property=\"article:modified_time\" content=\"2025-01-31T14:34:53+00:00\" \/>\n<meta property=\"og:image\" content=\"https:\/\/segcitytours.es\/wp-content\/uploads\/2021\/02\/caratula-cuadrada-general-el-asesino-de-la-mascara.jpg\" \/>\n\t<meta property=\"og:image:width\" content=\"993\" \/>\n\t<meta property=\"og:image:height\" content=\"882\" \/>\n\t<meta property=\"og:image:type\" content=\"image\/jpeg\" \/>\n<meta name=\"twitter:card\" content=\"summary_large_image\" \/>\n<meta name=\"twitter:site\" content=\"@_segwayfun\" \/>\n<meta name=\"twitter:label1\" content=\"Prix\" \/>\n\t<meta name=\"twitter:data1\" content=\"49,90&nbsp;&euro;\" \/>\n\t<meta name=\"twitter:label2\" content=\"Disponibilit\u00e9\" \/>\n\t<meta name=\"twitter:data2\" content=\"En stock\" \/>\n<script type=\"application\/ld+json\" class=\"yoast-schema-graph\">{\"@context\":\"https:\/\/schema.org\",\"@graph\":[{\"@type\":\"WebPage\",\"@id\":\"https:\/\/segcitytours.es\/fr\/tours\/evasion-urbaine-the-killer-in-the-mask\/\",\"url\":\"https:\/\/segcitytours.es\/fr\/tours\/evasion-urbaine-the-killer-in-the-mask\/\",\"name\":\"City Escape \\\"Le tueur au masque\\\". - Madrid Segway Tour Experience\",\"isPartOf\":{\"@id\":\"https:\/\/segcitytours.es\/fr\/#website\"},\"primaryImageOfPage\":{\"@id\":\"https:\/\/segcitytours.es\/fr\/tours\/evasion-urbaine-the-killer-in-the-mask\/#primaryimage\"},\"image\":{\"@id\":\"https:\/\/segcitytours.es\/fr\/tours\/evasion-urbaine-the-killer-in-the-mask\/#primaryimage\"},\"thumbnailUrl\":\"https:\/\/segcitytours.es\/wp-content\/uploads\/2021\/02\/caratula-cuadrada-general-el-asesino-de-la-mascara.jpg\",\"datePublished\":\"2021-02-16T12:17:13+00:00\",\"dateModified\":\"2025-01-31T14:34:53+00:00\",\"description\":\"El Asesino de la M\u00e1scara est un film de tir \u00e0 la premi\u00e8re personne disponible dans plus de 30 villes d'Espagne. Osez jouer.\",\"breadcrumb\":{\"@id\":\"https:\/\/segcitytours.es\/fr\/tours\/evasion-urbaine-the-killer-in-the-mask\/#breadcrumb\"},\"inLanguage\":\"fr-FR\",\"potentialAction\":[{\"@type\":\"ReadAction\",\"target\":[\"https:\/\/segcitytours.es\/fr\/tours\/evasion-urbaine-the-killer-in-the-mask\/\"]}]},{\"@type\":\"ImageObject\",\"inLanguage\":\"fr-FR\",\"@id\":\"https:\/\/segcitytours.es\/fr\/tours\/evasion-urbaine-the-killer-in-the-mask\/#primaryimage\",\"url\":\"https:\/\/segcitytours.es\/wp-content\/uploads\/2021\/02\/caratula-cuadrada-general-el-asesino-de-la-mascara.jpg\",\"contentUrl\":\"https:\/\/segcitytours.es\/wp-content\/uploads\/2021\/02\/caratula-cuadrada-general-el-asesino-de-la-mascara.jpg\",\"width\":993,\"height\":882,\"caption\":\"Urban Escape Room le masque du tueur\"},{\"@type\":\"BreadcrumbList\",\"@id\":\"https:\/\/segcitytours.es\/fr\/tours\/evasion-urbaine-the-killer-in-the-mask\/#breadcrumb\",\"itemListElement\":[{\"@type\":\"ListItem\",\"position\":1,\"name\":\"Portada\",\"item\":\"https:\/\/segcitytours.es\/fr\/accueil\/\"},{\"@type\":\"ListItem\",\"position\":2,\"name\":\"Shop\",\"item\":\"https:\/\/segcitytours.es\/en\/shop\/\"},{\"@type\":\"ListItem\",\"position\":3,\"name\":\"City Escape \u00ab\u00a0Le tueur au masque\u00a0\u00bb.\"}]},{\"@type\":\"WebSite\",\"@id\":\"https:\/\/segcitytours.es\/fr\/#website\",\"url\":\"https:\/\/segcitytours.es\/fr\/\",\"name\":\"Madrid Segway Tour Experience\",\"description\":\"Disfruta Madrid en Segway\",\"publisher\":{\"@id\":\"https:\/\/segcitytours.es\/fr\/#organization\"},\"alternateName\":\"Segcitytours - Segway tours\",\"potentialAction\":[{\"@type\":\"SearchAction\",\"target\":{\"@type\":\"EntryPoint\",\"urlTemplate\":\"https:\/\/segcitytours.es\/fr\/?s={search_term_string}\"},\"query-input\":{\"@type\":\"PropertyValueSpecification\",\"valueRequired\":true,\"valueName\":\"search_term_string\"}}],\"inLanguage\":\"fr-FR\"},{\"@type\":[\"Organization\",\"Place\",\"LocalBusiness\"],\"@id\":\"https:\/\/segcitytours.es\/fr\/#organization\",\"name\":\"Segcitytours\",\"alternateName\":\"Segway Tours\",\"url\":\"https:\/\/segcitytours.es\/fr\/\",\"logo\":{\"@id\":\"https:\/\/segcitytours.es\/fr\/tours\/evasion-urbaine-the-killer-in-the-mask\/#local-main-organization-logo\"},\"image\":{\"@id\":\"https:\/\/segcitytours.es\/fr\/tours\/evasion-urbaine-the-killer-in-the-mask\/#local-main-organization-logo\"},\"sameAs\":[\"https:\/\/www.facebook.com\/Segwayfun-111864518874580\/timeline\/?ref=ts\",\"https:\/\/x.com\/_segwayfun\"],\"address\":{\"@id\":\"https:\/\/segcitytours.es\/fr\/tours\/evasion-urbaine-the-killer-in-the-mask\/#local-main-place-address\"},\"geo\":{\"@type\":\"GeoCoordinates\",\"latitude\":\"40.413530233784094\",\"longitude\":\"-3.6983123748514117\"},\"telephone\":[\"+34629612216\"],\"openingHoursSpecification\":[{\"@type\":\"OpeningHoursSpecification\",\"dayOfWeek\":[\"Monday\",\"Tuesday\",\"Wednesday\",\"Thursday\",\"Friday\",\"Saturday\",\"Sunday\"],\"opens\":\"10:00\",\"closes\":\"20:00\"}],\"email\":\"info@segcitytours.es\",\"vatID\":\"B42196998\",\"taxID\":\"B42196998\"},{\"@type\":\"PostalAddress\",\"@id\":\"https:\/\/segcitytours.es\/fr\/tours\/evasion-urbaine-the-killer-in-the-mask\/#local-main-place-address\",\"streetAddress\":\"Calle de las Huertas, 39\",\"addressLocality\":\"Madrid\",\"postalCode\":\"28014\",\"addressRegion\":\"Madrid\",\"addressCountry\":\"ES\"},{\"@type\":\"ImageObject\",\"inLanguage\":\"fr-FR\",\"@id\":\"https:\/\/segcitytours.es\/fr\/tours\/evasion-urbaine-the-killer-in-the-mask\/#local-main-organization-logo\",\"url\":\"https:\/\/segcitytours.es\/wp-content\/uploads\/2020\/11\/Segcitytours-fondo-blanco-1000px.png\",\"contentUrl\":\"https:\/\/segcitytours.es\/wp-content\/uploads\/2020\/11\/Segcitytours-fondo-blanco-1000px.png\",\"width\":1000,\"height\":500,\"caption\":\"Segcitytours\"}]}<\/script>\n<meta property=\"product:price:amount\" content=\"49.90\" \/>\n<meta property=\"product:price:currency\" content=\"EUR\" \/>\n<meta property=\"og:availability\" content=\"instock\" \/>\n<meta property=\"product:availability\" content=\"instock\" \/>\n<meta property=\"product:condition\" content=\"new\" \/>\n<meta name=\"geo.placename\" content=\"Madrid\" \/>\n<meta name=\"geo.position\" content=\"40.413530233784094;-3.6983123748514117\" \/>\n<meta name=\"geo.region\" content=\"Espagne\" \/>\n<!-- \/ Yoast SEO Premium plugin. -->","yoast_head_json":{"title":"City Escape \"Le tueur au masque\". - Madrid Segway Tour Experience","description":"El Asesino de la M\u00e1scara est un film de tir \u00e0 la premi\u00e8re personne disponible dans plus de 30 villes d'Espagne. Osez jouer.","robots":{"index":"index","follow":"follow","max-snippet":"max-snippet:-1","max-image-preview":"max-image-preview:large","max-video-preview":"max-video-preview:-1"},"canonical":"https:\/\/segcitytours.es\/fr\/tours\/evasion-urbaine-the-killer-in-the-mask\/","og_locale":"fr_FR","og_type":"article","og_title":"City Escape \"Le tueur au masque\".","og_description":"El Asesino de la M\u00e1scara est un film de tir \u00e0 la premi\u00e8re personne disponible dans plus de 30 villes d'Espagne. Osez jouer.","og_url":"https:\/\/segcitytours.es\/fr\/tours\/evasion-urbaine-the-killer-in-the-mask\/","og_site_name":"Madrid Segway Tour Experience","article_publisher":"https:\/\/www.facebook.com\/Segwayfun-111864518874580\/timeline\/?ref=ts","article_modified_time":"2025-01-31T14:34:53+00:00","og_image":[{"width":993,"height":882,"url":"https:\/\/segcitytours.es\/wp-content\/uploads\/2021\/02\/caratula-cuadrada-general-el-asesino-de-la-mascara.jpg","type":"image\/jpeg"}],"twitter_card":"summary_large_image","twitter_site":"@_segwayfun","twitter_misc":{"Prix":"49,90&nbsp;&euro;","Disponibilit\u00e9":"En stock"},"schema":{"@context":"https:\/\/schema.org","@graph":[{"@type":"WebPage","@id":"https:\/\/segcitytours.es\/fr\/tours\/evasion-urbaine-the-killer-in-the-mask\/","url":"https:\/\/segcitytours.es\/fr\/tours\/evasion-urbaine-the-killer-in-the-mask\/","name":"City Escape \"Le tueur au masque\". - Madrid Segway Tour Experience","isPartOf":{"@id":"https:\/\/segcitytours.es\/fr\/#website"},"primaryImageOfPage":{"@id":"https:\/\/segcitytours.es\/fr\/tours\/evasion-urbaine-the-killer-in-the-mask\/#primaryimage"},"image":{"@id":"https:\/\/segcitytours.es\/fr\/tours\/evasion-urbaine-the-killer-in-the-mask\/#primaryimage"},"thumbnailUrl":"https:\/\/segcitytours.es\/wp-content\/uploads\/2021\/02\/caratula-cuadrada-general-el-asesino-de-la-mascara.jpg","datePublished":"2021-02-16T12:17:13+00:00","dateModified":"2025-01-31T14:34:53+00:00","description":"El Asesino de la M\u00e1scara est un film de tir \u00e0 la premi\u00e8re personne disponible dans plus de 30 villes d'Espagne. Osez jouer.","breadcrumb":{"@id":"https:\/\/segcitytours.es\/fr\/tours\/evasion-urbaine-the-killer-in-the-mask\/#breadcrumb"},"inLanguage":"fr-FR","potentialAction":[{"@type":"ReadAction","target":["https:\/\/segcitytours.es\/fr\/tours\/evasion-urbaine-the-killer-in-the-mask\/"]}]},{"@type":"ImageObject","inLanguage":"fr-FR","@id":"https:\/\/segcitytours.es\/fr\/tours\/evasion-urbaine-the-killer-in-the-mask\/#primaryimage","url":"https:\/\/segcitytours.es\/wp-content\/uploads\/2021\/02\/caratula-cuadrada-general-el-asesino-de-la-mascara.jpg","contentUrl":"https:\/\/segcitytours.es\/wp-content\/uploads\/2021\/02\/caratula-cuadrada-general-el-asesino-de-la-mascara.jpg","width":993,"height":882,"caption":"Urban Escape Room le masque du tueur"},{"@type":"BreadcrumbList","@id":"https:\/\/segcitytours.es\/fr\/tours\/evasion-urbaine-the-killer-in-the-mask\/#breadcrumb","itemListElement":[{"@type":"ListItem","position":1,"name":"Portada","item":"https:\/\/segcitytours.es\/fr\/accueil\/"},{"@type":"ListItem","position":2,"name":"Shop","item":"https:\/\/segcitytours.es\/en\/shop\/"},{"@type":"ListItem","position":3,"name":"City Escape \u00ab\u00a0Le tueur au masque\u00a0\u00bb."}]},{"@type":"WebSite","@id":"https:\/\/segcitytours.es\/fr\/#website","url":"https:\/\/segcitytours.es\/fr\/","name":"Madrid Segway Tour Experience","description":"Disfruta Madrid en Segway","publisher":{"@id":"https:\/\/segcitytours.es\/fr\/#organization"},"alternateName":"Segcitytours - Segway tours","potentialAction":[{"@type":"SearchAction","target":{"@type":"EntryPoint","urlTemplate":"https:\/\/segcitytours.es\/fr\/?s={search_term_string}"},"query-input":{"@type":"PropertyValueSpecification","valueRequired":true,"valueName":"search_term_string"}}],"inLanguage":"fr-FR"},{"@type":["Organization","Place","LocalBusiness"],"@id":"https:\/\/segcitytours.es\/fr\/#organization","name":"Segcitytours","alternateName":"Segway Tours","url":"https:\/\/segcitytours.es\/fr\/","logo":{"@id":"https:\/\/segcitytours.es\/fr\/tours\/evasion-urbaine-the-killer-in-the-mask\/#local-main-organization-logo"},"image":{"@id":"https:\/\/segcitytours.es\/fr\/tours\/evasion-urbaine-the-killer-in-the-mask\/#local-main-organization-logo"},"sameAs":["https:\/\/www.facebook.com\/Segwayfun-111864518874580\/timeline\/?ref=ts","https:\/\/x.com\/_segwayfun"],"address":{"@id":"https:\/\/segcitytours.es\/fr\/tours\/evasion-urbaine-the-killer-in-the-mask\/#local-main-place-address"},"geo":{"@type":"GeoCoordinates","latitude":"40.413530233784094","longitude":"-3.6983123748514117"},"telephone":["+34629612216"],"openingHoursSpecification":[{"@type":"OpeningHoursSpecification","dayOfWeek":["Monday","Tuesday","Wednesday","Thursday","Friday","Saturday","Sunday"],"opens":"10:00","closes":"20:00"}],"email":"info@segcitytours.es","vatID":"B42196998","taxID":"B42196998"},{"@type":"PostalAddress","@id":"https:\/\/segcitytours.es\/fr\/tours\/evasion-urbaine-the-killer-in-the-mask\/#local-main-place-address","streetAddress":"Calle de las Huertas, 39","addressLocality":"Madrid","postalCode":"28014","addressRegion":"Madrid","addressCountry":"ES"},{"@type":"ImageObject","inLanguage":"fr-FR","@id":"https:\/\/segcitytours.es\/fr\/tours\/evasion-urbaine-the-killer-in-the-mask\/#local-main-organization-logo","url":"https:\/\/segcitytours.es\/wp-content\/uploads\/2020\/11\/Segcitytours-fondo-blanco-1000px.png","contentUrl":"https:\/\/segcitytours.es\/wp-content\/uploads\/2020\/11\/Segcitytours-fondo-blanco-1000px.png","width":1000,"height":500,"caption":"Segcitytours"}]},"product_price_amount":"49.90","product_price_currency":"EUR","og_availability":"instock","product_availability":"instock","product_condition":"new","geo.placename":"Madrid","geo.position":{"lat":"40.413530233784094","long":"-3.6983123748514117"},"geo.region":"Espagne"},"_links":{"self":[{"href":"https:\/\/segcitytours.es\/fr\/wp-json\/wp\/v2\/product\/7729","targetHints":{"allow":["GET"]}}],"collection":[{"href":"https:\/\/segcitytours.es\/fr\/wp-json\/wp\/v2\/product"}],"about":[{"href":"https:\/\/segcitytours.es\/fr\/wp-json\/wp\/v2\/types\/product"}],"replies":[{"embeddable":true,"href":"https:\/\/segcitytours.es\/fr\/wp-json\/wp\/v2\/comments?post=7729"}],"version-history":[{"count":1,"href":"https:\/\/segcitytours.es\/fr\/wp-json\/wp\/v2\/product\/7729\/revisions"}],"predecessor-version":[{"id":10138,"href":"https:\/\/segcitytours.es\/fr\/wp-json\/wp\/v2\/product\/7729\/revisions\/10138"}],"wp:featuredmedia":[{"embeddable":true,"href":"https:\/\/segcitytours.es\/fr\/wp-json\/wp\/v2\/media\/7731"}],"wp:attachment":[{"href":"https:\/\/segcitytours.es\/fr\/wp-json\/wp\/v2\/media?parent=7729"}],"wp:term":[{"taxonomy":"product_brand","embeddable":true,"href":"https:\/\/segcitytours.es\/fr\/wp-json\/wp\/v2\/product_brand?post=7729"},{"taxonomy":"product_cat","embeddable":true,"href":"https:\/\/segcitytours.es\/fr\/wp-json\/wp\/v2\/product_cat?post=7729"},{"taxonomy":"product_tag","embeddable":true,"href":"https:\/\/segcitytours.es\/fr\/wp-json\/wp\/v2\/product_tag?post=7729"}],"curies":[{"name":"wp","href":"https:\/\/api.w.org\/{rel}","templated":true}]}}