{"id":9468,"date":"2024-03-10T20:52:06","date_gmt":"2024-03-10T19:52:06","guid":{"rendered":"http:\/\/segcitytours.es\/tours\/tour-prive-en-segway-graffiti-street-art-2-heures\/"},"modified":"2026-02-24T19:04:31","modified_gmt":"2026-02-24T18:04:31","slug":"lavapiescentro","status":"publish","type":"product","link":"https:\/\/segcitytours.es\/fr\/tours\/lavapiescentro\/","title":{"rendered":"Visite en Segway de Lavapi\u00e9s et du centre historique de Madrid. VISITE PRIV\u00c9E"},"content":{"rendered":"\t\t<div data-elementor-type=\"product-post\" data-elementor-id=\"9468\" class=\"elementor elementor-9468\" data-elementor-post-type=\"product\">\n\t\t\t\t\t\t<section class=\"elementor-section elementor-top-section elementor-element elementor-element-8182c07 elementor-section-boxed elementor-section-height-default elementor-section-height-default\" data-id=\"8182c07\" data-element_type=\"section\" data-e-type=\"section\">\n\t\t\t\t\t\t<div class=\"elementor-container elementor-column-gap-default\">\n\t\t\t\t\t<div class=\"elementor-column elementor-col-100 elementor-top-column elementor-element elementor-element-7867494\" data-id=\"7867494\" data-element_type=\"column\" data-e-type=\"column\">\n\t\t\t<div class=\"elementor-widget-wrap elementor-element-populated\">\n\t\t\t\t\t\t<div class=\"elementor-element elementor-element-38c47f11 elementor-widget elementor-widget-text-editor\" data-id=\"38c47f11\" data-element_type=\"widget\" data-e-type=\"widget\" data-widget_type=\"text-editor.default\">\n\t\t\t\t<div class=\"elementor-widget-container\">\n\t\t\t\t\t\t\t\t\t<h6><span class=\"HwtZe\" lang=\"fr\"><span class=\"jCAhz ChMk0b\" style=\"color: #ff0000;\"><span class=\"ryNqvb\">Minimum 2 participants.<\/span> <\/span><span class=\"jCAhz ChMk0b\"><span class=\"ryNqvb\"><span style=\"color: #ff0000;\">Suppl\u00e9ment de 10 \u20ac pour les visites<\/span> <\/span><\/span><\/span><\/h6><h1>\u00a0<\/h1><h1><span class=\"HwtZe\" lang=\"fr\"><span class=\"jCAhz ChMk0b\"><span class=\"ryNqvb\">Visite priv\u00e9e en Segway : Lavapi\u00e9s + Centre historique de Madrid <\/span><\/span><\/span><\/h1><h2><span class=\"HwtZe\" lang=\"fr\"><span class=\"jCAhz ChMk0b\"><span class=\"ryNqvb\">D\u00e9couvrez Lavapi\u00e9s, un quartier de Madrid r\u00e9put\u00e9 pour ses graffitis, et rejoignez le quartier des Habsbourg.<\/span><\/span><\/span><\/h2><p><!-- FareHarbor calendar of item #532346 --><br \/><script src=\"https:\/\/fareharbor.com\/embeds\/script\/calendar-small\/segwayfunmadrid\/items\/532346\/?fallback=simple&#038;full-items=yes&#038;flow=358060\"><\/script><\/p><p>Avec le circuit Segway Madrid Lavapi\u00e9s + Centre-ville, profitez d&rsquo;une balade d&rsquo;environ deux heures \u00e0 travers deux facettes historiques et culturelles de la ville. Ce circuit relie le quartier multiculturel et gastronomique de Lavapi\u00e9s au Madrid des Habsbourg, vous permettant d&rsquo;appr\u00e9cier les contrastes architecturaux, l&rsquo;animation des rues et les sc\u00e8nes urbaines. C&rsquo;est une fa\u00e7on dynamique et confortable de d\u00e9couvrir davantage de quartiers tout en apprenant leur histoire et leur vie contemporaine.<\/p><p>Lavapi\u00e9s : quartier embl\u00e9matique de la culture madril\u00e8ne traditionnelle, Lavapi\u00e9s est un quartier anim\u00e9 et multiculturel aux rues m\u00e9di\u00e9vales en pente, regorgeant de restaurants indiens et de bars espagnols traditionnels. Il est entour\u00e9 de centres culturels tels que La Tabacalera, le mus\u00e9e Reina Sof\u00eda, le march\u00e9 San Fernando et les paroisses San Mill\u00e1n et San Cayetano. Ce quartier, impr\u00e9gn\u00e9 de culture et de saveurs, est riche en art de rue et en fresques murales. Situ\u00e9 au XVe si\u00e8cle hors des remparts de la ville, Lavapi\u00e9s est reli\u00e9 au Madrid des Habsbourg. Le c\u0153ur historique et monumental de Madrid, d\u00e9velopp\u00e9 sous le r\u00e8gne de la Maison d&rsquo;Autriche (XVIe et XVIIe si\u00e8cles) apr\u00e8s son accession au statut de capitale de l&rsquo;Empire sous Philippe II.<\/p><p>Les deux quartiers m\u00e9di\u00e9vaux de Madrid.<\/p><p>Rue Atocha<br \/>Rue Santa Isabel<br \/>Ruelles Diego Diego<br \/>Place Lavapi\u00e9s<br \/>Centre de La Tabacalera<br \/>Fresque du Chimpanz\u00e9 d&rsquo;Okuda et Bordalo II<br \/>Place Cascorro<br \/>Puerta Cerrada (Porte Ferm\u00e9e)<br \/>Carboneras (Mines de Charbon)<br \/>Point de vue Royal (Cath\u00e9drale et Palais)<br \/>Plaza Mayor (Place Principale)<\/p><p><strong>Embarquez pour une visite unique de Madrid !<\/strong><\/p><p><strong><span style=\"color: #ff0000;\">\u00c2ge minimum : 10 ans.<\/span> <\/strong><\/p><p><span style=\"color: #ff0000;\"><strong>Poids minimum et maximum : 30-125 kg.<\/strong><\/span><\/p><p><strong>Les visites sont maintenues en cas de pluie.<\/strong><\/p><p><strong>Suppl\u00e9ment pour les visites individuelles.<\/strong><\/p><p><span style=\"color: #ff0000;\"><strong>D\u00e9part et arriv\u00e9e : Rue Huertas, 39.<\/strong><\/span><\/p><p><strong>Pour les groupes de plus de 16 personnes, veuillez nous contacter.<\/strong><\/p><h3><strong><span class=\"HwtZe\" lang=\"fr\"><span class=\"jCAhz ChMk0b\"><span class=\"ryNqvb\">Autres circuits en Segway susceptibles de vous int\u00e9resser\u00a0:<\/span><\/span><\/span><\/strong><\/h3><p><strong><a title=\"Segway Madrid\" href=\"https:\/\/segcitytours.es\/fr\/tours\/segway-segovia-lagranja\/\">Segway La Granja<\/a> \u2022 <a title=\"Segway en Casa de Campo\" href=\"https:\/\/segcitytours.es\/fr\/tours\/segwaycasadecampo\/\">Segway\u00a0 Off Road<\/a> \u2022 <a title=\"Segway Madrid\" href=\"https:\/\/segcitytours.es\/fr\/tours\/segwayaustrias\/\">Segway monumental<\/a>\u00a0 \u2022 <a title=\"Segway Madrid\" href=\"https:\/\/segcitytours.es\/fr\/tours\/segwayretiro\/\">Segway Retiro <\/a>\u2022 <a title=\"Segway Soria\" href=\"https:\/\/segcitytours.es\/fr\/tours\/segway-soria\/\">Segway Soria (Vinuesa)<\/a> \u2022 <a title=\"Segway Toledo\" href=\"http:\/\/segcitytours.es\/tours\/cigarral-segway\/\">Segway Enoturismo Toledo <\/a>\u2022 <a title=\"Segway Toledo\" href=\"http:\/\/segcitytours.es\/tours\/segwayteambuilding\/\">Segway grupos\u00a0<\/a> \u2022\u00a0<a title=\"Segway Toledo\" href=\"https:\/\/segcitytours.es\/fr\/tours\/\">Segway tours<\/a>\u00a0 \u2022\u00a0<a title=\"Segway Toledo\" href=\"https:\/\/segcitytours.es\/fr\/eventos\/\">Eventos<\/a> <\/strong><strong>\u2022\u00a0<a title=\"Segway Toledo\" href=\"https:\/\/segcitytours.es\/fr\/segway-empresas\/\">Segway para empresas<\/a><\/strong><\/p><p><style>\n.cart {display: none !important;}<br \/><\/style><\/p><p><\/p><\/div><\/div><\/div><\/div><\/div><\/section><\/div> &hellip;<p class=\"ast-the-content-more-link\"> <a class=\"\" href=\"https:\/\/segcitytours.es\/fr\/tours\/lavapiescentro\/\"> <span class=\"screen-reader-text\">Visite en Segway de Lavapi\u00e9s et du centre historique de Madrid. VISITE PRIV\u00c9E<\/span>Lire la suite\u00a0\u00bb<\/a><\/p>","protected":false},"excerpt":{"rendered":"<p> [&hellip;]<\/p>\n","protected":false},"featured_media":9557,"comment_status":"closed","ping_status":"closed","template":"","meta":{"site-sidebar-layout":"default","site-content-layout":"","ast-site-content-layout":"default","site-content-style":"default","site-sidebar-style":"default","ast-global-header-display":"","ast-banner-title-visibility":"","ast-main-header-display":"","ast-hfb-above-header-display":"","ast-hfb-below-header-display":"","ast-hfb-mobile-header-display":"","site-post-title":"","ast-breadcrumbs-content":"","ast-featured-img":"","footer-sml-layout":"","ast-disable-related-posts":"","theme-transparent-header-meta":"default","adv-header-id-meta":"","stick-header-meta":"default","header-above-stick-meta":"","header-main-stick-meta":"","header-below-stick-meta":"","astra-migrate-meta-layouts":"set","ast-page-background-enabled":"default","ast-page-background-meta":{"desktop":{"background-color":"","background-image":"","background-repeat":"repeat","background-position":"center center","background-size":"auto","background-attachment":"scroll","background-type":"","background-media":"","overlay-type":"","overlay-color":"","overlay-opacity":"","overlay-gradient":""},"tablet":{"background-color":"","background-image":"","background-repeat":"repeat","background-position":"center center","background-size":"auto","background-attachment":"scroll","background-type":"","background-media":"","overlay-type":"","overlay-color":"","overlay-opacity":"","overlay-gradient":""},"mobile":{"background-color":"","background-image":"","background-repeat":"repeat","background-position":"center center","background-size":"auto","background-attachment":"scroll","background-type":"","background-media":"","overlay-type":"","overlay-color":"","overlay-opacity":"","overlay-gradient":""}},"ast-content-background-meta":{"desktop":{"background-color":"var(--ast-global-color-5)","background-image":"","background-repeat":"repeat","background-position":"center center","background-size":"auto","background-attachment":"scroll","background-type":"","background-media":"","overlay-type":"","overlay-color":"","overlay-opacity":"","overlay-gradient":""},"tablet":{"background-color":"var(--ast-global-color-5)","background-image":"","background-repeat":"repeat","background-position":"center center","background-size":"auto","background-attachment":"scroll","background-type":"","background-media":"","overlay-type":"","overlay-color":"","overlay-opacity":"","overlay-gradient":""},"mobile":{"background-color":"var(--ast-global-color-5)","background-image":"","background-repeat":"repeat","background-position":"center center","background-size":"auto","background-attachment":"scroll","background-type":"","background-media":"","overlay-type":"","overlay-color":"","overlay-opacity":"","overlay-gradient":""}}},"product_brand":[],"product_cat":[2034],"product_tag":[41,43,23,42],"class_list":{"0":"post-9468","1":"product","2":"type-product","3":"status-publish","4":"has-post-thumbnail","6":"product_cat-segway-madrid-tours-fr","7":"product_tag-madrid","8":"product_tag-madrid-segway-tour","9":"product_tag-segway","10":"product_tag-segway-sightseeing-tour","11":"desktop-align-center","12":"tablet-align-center","13":"mobile-align-center","14":"ast-product-gallery-layout-horizontal","15":"ast-product-tabs-layout-distributed","16":"ast-qv-on-image","18":"first","19":"instock","20":"featured","21":"virtual","22":"sold-individually","23":"purchasable","24":"product-type-booking"},"booking_location":"","booking_location_type":"","booking_duration":1,"booking_duration_unit":"hour","booking_buffer":0,"booking_cost":55,"booking_resources":[],"yoast_head":"<!-- This site is optimized with the Yoast SEO Premium plugin v27.1 (Yoast SEO v27.1.1) - https:\/\/yoast.com\/product\/yoast-seo-premium-wordpress\/ -->\n<title>Segway de Lavapi\u00e9s et du centre historique de Madrid.<\/title>\n<meta name=\"description\" content=\"Avec le circuit Segway Madrid Lavapi\u00e9s + Centre, profitez d&#039;une balade d&#039;environ deux heures \u00e0 travers deux facettes historiques et culturelles de la ville.\" \/>\n<meta name=\"robots\" content=\"index, follow, max-snippet:-1, max-image-preview:large, max-video-preview:-1\" \/>\n<link rel=\"canonical\" href=\"https:\/\/segcitytours.es\/fr\/tours\/lavapiescentro\/\" \/>\n<meta property=\"og:locale\" content=\"fr_FR\" \/>\n<meta property=\"og:type\" content=\"article\" \/>\n<meta property=\"og:title\" content=\"Visite en Segway de Lavapi\u00e9s et du centre historique de Madrid. VISITE PRIV\u00c9E\" \/>\n<meta property=\"og:description\" content=\"Avec le circuit Segway Madrid Lavapi\u00e9s + Centre, profitez d&#039;une balade d&#039;environ deux heures \u00e0 travers deux facettes historiques et culturelles de la ville.\" \/>\n<meta property=\"og:url\" content=\"https:\/\/segcitytours.es\/fr\/tours\/lavapiescentro\/\" \/>\n<meta property=\"og:site_name\" content=\"Madrid Segway Tour Experience\" \/>\n<meta property=\"article:publisher\" content=\"https:\/\/www.facebook.com\/Segwayfun-111864518874580\/timeline\/?ref=ts\" \/>\n<meta property=\"article:modified_time\" content=\"2026-02-24T18:04:31+00:00\" \/>\n<meta property=\"og:image\" content=\"https:\/\/segcitytours.es\/wp-content\/uploads\/2024\/02\/segway-grafiti-el-mono.jpg\" \/>\n\t<meta property=\"og:image:width\" content=\"1752\" \/>\n\t<meta property=\"og:image:height\" content=\"1567\" \/>\n\t<meta property=\"og:image:type\" content=\"image\/jpeg\" \/>\n<meta name=\"twitter:card\" content=\"summary_large_image\" \/>\n<meta name=\"twitter:site\" content=\"@_segwayfun\" \/>\n<meta name=\"twitter:label1\" content=\"Prix\" \/>\n\t<meta name=\"twitter:data1\" content=\"55,00&nbsp;&euro;\" \/>\n\t<meta name=\"twitter:label2\" content=\"Disponibilit\u00e9\" \/>\n\t<meta name=\"twitter:data2\" content=\"En stock\" \/>\n<script type=\"application\/ld+json\" class=\"yoast-schema-graph\">{\"@context\":\"https:\/\/schema.org\",\"@graph\":[{\"@type\":\"WebPage\",\"@id\":\"https:\/\/segcitytours.es\/fr\/tours\/lavapiescentro\/\",\"url\":\"https:\/\/segcitytours.es\/fr\/tours\/lavapiescentro\/\",\"name\":\"Segway de Lavapi\u00e9s et du centre historique de Madrid.\",\"isPartOf\":{\"@id\":\"https:\/\/segcitytours.es\/fr\/#website\"},\"primaryImageOfPage\":{\"@id\":\"https:\/\/segcitytours.es\/fr\/tours\/lavapiescentro\/#primaryimage\"},\"image\":{\"@id\":\"https:\/\/segcitytours.es\/fr\/tours\/lavapiescentro\/#primaryimage\"},\"thumbnailUrl\":\"https:\/\/segcitytours.es\/wp-content\/uploads\/2024\/02\/segway-grafiti-el-mono.jpg\",\"datePublished\":\"2024-03-10T19:52:06+00:00\",\"dateModified\":\"2026-02-24T18:04:31+00:00\",\"description\":\"Avec le circuit Segway Madrid Lavapi\u00e9s + Centre, profitez d'une balade d'environ deux heures \u00e0 travers deux facettes historiques et culturelles de la ville.\",\"breadcrumb\":{\"@id\":\"https:\/\/segcitytours.es\/fr\/tours\/lavapiescentro\/#breadcrumb\"},\"inLanguage\":\"fr-FR\",\"potentialAction\":[{\"@type\":\"ReadAction\",\"target\":[\"https:\/\/segcitytours.es\/fr\/tours\/lavapiescentro\/\"]}]},{\"@type\":\"ImageObject\",\"inLanguage\":\"fr-FR\",\"@id\":\"https:\/\/segcitytours.es\/fr\/tours\/lavapiescentro\/#primaryimage\",\"url\":\"https:\/\/segcitytours.es\/wp-content\/uploads\/2024\/02\/segway-grafiti-el-mono.jpg\",\"contentUrl\":\"https:\/\/segcitytours.es\/wp-content\/uploads\/2024\/02\/segway-grafiti-el-mono.jpg\",\"width\":1752,\"height\":1567,\"caption\":\"Arte callejero\"},{\"@type\":\"BreadcrumbList\",\"@id\":\"https:\/\/segcitytours.es\/fr\/tours\/lavapiescentro\/#breadcrumb\",\"itemListElement\":[{\"@type\":\"ListItem\",\"position\":1,\"name\":\"Portada\",\"item\":\"https:\/\/segcitytours.es\/fr\/accueil\/\"},{\"@type\":\"ListItem\",\"position\":2,\"name\":\"Shop\",\"item\":\"https:\/\/segcitytours.es\/en\/shop\/\"},{\"@type\":\"ListItem\",\"position\":3,\"name\":\"Visite en Segway de Lavapi\u00e9s et du centre historique de Madrid. VISITE PRIV\u00c9E\"}]},{\"@type\":\"WebSite\",\"@id\":\"https:\/\/segcitytours.es\/fr\/#website\",\"url\":\"https:\/\/segcitytours.es\/fr\/\",\"name\":\"Madrid Segway Tour Experience\",\"description\":\"Disfruta Madrid en Segway\",\"publisher\":{\"@id\":\"https:\/\/segcitytours.es\/fr\/#organization\"},\"alternateName\":\"Segcitytours - Segway tours\",\"potentialAction\":[{\"@type\":\"SearchAction\",\"target\":{\"@type\":\"EntryPoint\",\"urlTemplate\":\"https:\/\/segcitytours.es\/fr\/?s={search_term_string}\"},\"query-input\":{\"@type\":\"PropertyValueSpecification\",\"valueRequired\":true,\"valueName\":\"search_term_string\"}}],\"inLanguage\":\"fr-FR\"},{\"@type\":[\"Organization\",\"Place\",\"LocalBusiness\"],\"@id\":\"https:\/\/segcitytours.es\/fr\/#organization\",\"name\":\"Segcitytours\",\"alternateName\":\"Segway Tours\",\"url\":\"https:\/\/segcitytours.es\/fr\/\",\"logo\":{\"@id\":\"https:\/\/segcitytours.es\/fr\/tours\/lavapiescentro\/#local-main-organization-logo\"},\"image\":{\"@id\":\"https:\/\/segcitytours.es\/fr\/tours\/lavapiescentro\/#local-main-organization-logo\"},\"sameAs\":[\"https:\/\/www.facebook.com\/Segwayfun-111864518874580\/timeline\/?ref=ts\",\"https:\/\/x.com\/_segwayfun\"],\"address\":{\"@id\":\"https:\/\/segcitytours.es\/fr\/tours\/lavapiescentro\/#local-main-place-address\"},\"geo\":{\"@type\":\"GeoCoordinates\",\"latitude\":\"40.413530233784094\",\"longitude\":\"-3.6983123748514117\"},\"telephone\":[\"+34629612216\"],\"openingHoursSpecification\":[{\"@type\":\"OpeningHoursSpecification\",\"dayOfWeek\":[\"Monday\",\"Tuesday\",\"Wednesday\",\"Thursday\",\"Friday\",\"Saturday\",\"Sunday\"],\"opens\":\"10:00\",\"closes\":\"20:00\"}],\"email\":\"info@segcitytours.es\",\"vatID\":\"B42196998\",\"taxID\":\"B42196998\"},{\"@type\":\"PostalAddress\",\"@id\":\"https:\/\/segcitytours.es\/fr\/tours\/lavapiescentro\/#local-main-place-address\",\"streetAddress\":\"Calle de las Huertas, 39\",\"addressLocality\":\"Madrid\",\"postalCode\":\"28014\",\"addressRegion\":\"Madrid\",\"addressCountry\":\"ES\"},{\"@type\":\"ImageObject\",\"inLanguage\":\"fr-FR\",\"@id\":\"https:\/\/segcitytours.es\/fr\/tours\/lavapiescentro\/#local-main-organization-logo\",\"url\":\"https:\/\/segcitytours.es\/wp-content\/uploads\/2020\/11\/Segcitytours-fondo-blanco-1000px.png\",\"contentUrl\":\"https:\/\/segcitytours.es\/wp-content\/uploads\/2020\/11\/Segcitytours-fondo-blanco-1000px.png\",\"width\":1000,\"height\":500,\"caption\":\"Segcitytours\"}]}<\/script>\n<meta property=\"product:price:amount\" content=\"55.00\" \/>\n<meta property=\"product:price:currency\" content=\"EUR\" \/>\n<meta property=\"og:availability\" content=\"instock\" \/>\n<meta property=\"product:availability\" content=\"instock\" \/>\n<meta property=\"product:condition\" content=\"new\" \/>\n<meta name=\"geo.placename\" content=\"Madrid\" \/>\n<meta name=\"geo.position\" content=\"40.413530233784094;-3.6983123748514117\" \/>\n<meta name=\"geo.region\" content=\"Espagne\" \/>\n<!-- \/ Yoast SEO Premium plugin. -->","yoast_head_json":{"title":"Segway de Lavapi\u00e9s et du centre historique de Madrid.","description":"Avec le circuit Segway Madrid Lavapi\u00e9s + Centre, profitez d'une balade d'environ deux heures \u00e0 travers deux facettes historiques et culturelles de la ville.","robots":{"index":"index","follow":"follow","max-snippet":"max-snippet:-1","max-image-preview":"max-image-preview:large","max-video-preview":"max-video-preview:-1"},"canonical":"https:\/\/segcitytours.es\/fr\/tours\/lavapiescentro\/","og_locale":"fr_FR","og_type":"article","og_title":"Visite en Segway de Lavapi\u00e9s et du centre historique de Madrid. VISITE PRIV\u00c9E","og_description":"Avec le circuit Segway Madrid Lavapi\u00e9s + Centre, profitez d'une balade d'environ deux heures \u00e0 travers deux facettes historiques et culturelles de la ville.","og_url":"https:\/\/segcitytours.es\/fr\/tours\/lavapiescentro\/","og_site_name":"Madrid Segway Tour Experience","article_publisher":"https:\/\/www.facebook.com\/Segwayfun-111864518874580\/timeline\/?ref=ts","article_modified_time":"2026-02-24T18:04:31+00:00","og_image":[{"width":1752,"height":1567,"url":"https:\/\/segcitytours.es\/wp-content\/uploads\/2024\/02\/segway-grafiti-el-mono.jpg","type":"image\/jpeg"}],"twitter_card":"summary_large_image","twitter_site":"@_segwayfun","twitter_misc":{"Prix":"55,00&nbsp;&euro;","Disponibilit\u00e9":"En stock"},"schema":{"@context":"https:\/\/schema.org","@graph":[{"@type":"WebPage","@id":"https:\/\/segcitytours.es\/fr\/tours\/lavapiescentro\/","url":"https:\/\/segcitytours.es\/fr\/tours\/lavapiescentro\/","name":"Segway de Lavapi\u00e9s et du centre historique de Madrid.","isPartOf":{"@id":"https:\/\/segcitytours.es\/fr\/#website"},"primaryImageOfPage":{"@id":"https:\/\/segcitytours.es\/fr\/tours\/lavapiescentro\/#primaryimage"},"image":{"@id":"https:\/\/segcitytours.es\/fr\/tours\/lavapiescentro\/#primaryimage"},"thumbnailUrl":"https:\/\/segcitytours.es\/wp-content\/uploads\/2024\/02\/segway-grafiti-el-mono.jpg","datePublished":"2024-03-10T19:52:06+00:00","dateModified":"2026-02-24T18:04:31+00:00","description":"Avec le circuit Segway Madrid Lavapi\u00e9s + Centre, profitez d'une balade d'environ deux heures \u00e0 travers deux facettes historiques et culturelles de la ville.","breadcrumb":{"@id":"https:\/\/segcitytours.es\/fr\/tours\/lavapiescentro\/#breadcrumb"},"inLanguage":"fr-FR","potentialAction":[{"@type":"ReadAction","target":["https:\/\/segcitytours.es\/fr\/tours\/lavapiescentro\/"]}]},{"@type":"ImageObject","inLanguage":"fr-FR","@id":"https:\/\/segcitytours.es\/fr\/tours\/lavapiescentro\/#primaryimage","url":"https:\/\/segcitytours.es\/wp-content\/uploads\/2024\/02\/segway-grafiti-el-mono.jpg","contentUrl":"https:\/\/segcitytours.es\/wp-content\/uploads\/2024\/02\/segway-grafiti-el-mono.jpg","width":1752,"height":1567,"caption":"Arte callejero"},{"@type":"BreadcrumbList","@id":"https:\/\/segcitytours.es\/fr\/tours\/lavapiescentro\/#breadcrumb","itemListElement":[{"@type":"ListItem","position":1,"name":"Portada","item":"https:\/\/segcitytours.es\/fr\/accueil\/"},{"@type":"ListItem","position":2,"name":"Shop","item":"https:\/\/segcitytours.es\/en\/shop\/"},{"@type":"ListItem","position":3,"name":"Visite en Segway de Lavapi\u00e9s et du centre historique de Madrid. VISITE PRIV\u00c9E"}]},{"@type":"WebSite","@id":"https:\/\/segcitytours.es\/fr\/#website","url":"https:\/\/segcitytours.es\/fr\/","name":"Madrid Segway Tour Experience","description":"Disfruta Madrid en Segway","publisher":{"@id":"https:\/\/segcitytours.es\/fr\/#organization"},"alternateName":"Segcitytours - Segway tours","potentialAction":[{"@type":"SearchAction","target":{"@type":"EntryPoint","urlTemplate":"https:\/\/segcitytours.es\/fr\/?s={search_term_string}"},"query-input":{"@type":"PropertyValueSpecification","valueRequired":true,"valueName":"search_term_string"}}],"inLanguage":"fr-FR"},{"@type":["Organization","Place","LocalBusiness"],"@id":"https:\/\/segcitytours.es\/fr\/#organization","name":"Segcitytours","alternateName":"Segway Tours","url":"https:\/\/segcitytours.es\/fr\/","logo":{"@id":"https:\/\/segcitytours.es\/fr\/tours\/lavapiescentro\/#local-main-organization-logo"},"image":{"@id":"https:\/\/segcitytours.es\/fr\/tours\/lavapiescentro\/#local-main-organization-logo"},"sameAs":["https:\/\/www.facebook.com\/Segwayfun-111864518874580\/timeline\/?ref=ts","https:\/\/x.com\/_segwayfun"],"address":{"@id":"https:\/\/segcitytours.es\/fr\/tours\/lavapiescentro\/#local-main-place-address"},"geo":{"@type":"GeoCoordinates","latitude":"40.413530233784094","longitude":"-3.6983123748514117"},"telephone":["+34629612216"],"openingHoursSpecification":[{"@type":"OpeningHoursSpecification","dayOfWeek":["Monday","Tuesday","Wednesday","Thursday","Friday","Saturday","Sunday"],"opens":"10:00","closes":"20:00"}],"email":"info@segcitytours.es","vatID":"B42196998","taxID":"B42196998"},{"@type":"PostalAddress","@id":"https:\/\/segcitytours.es\/fr\/tours\/lavapiescentro\/#local-main-place-address","streetAddress":"Calle de las Huertas, 39","addressLocality":"Madrid","postalCode":"28014","addressRegion":"Madrid","addressCountry":"ES"},{"@type":"ImageObject","inLanguage":"fr-FR","@id":"https:\/\/segcitytours.es\/fr\/tours\/lavapiescentro\/#local-main-organization-logo","url":"https:\/\/segcitytours.es\/wp-content\/uploads\/2020\/11\/Segcitytours-fondo-blanco-1000px.png","contentUrl":"https:\/\/segcitytours.es\/wp-content\/uploads\/2020\/11\/Segcitytours-fondo-blanco-1000px.png","width":1000,"height":500,"caption":"Segcitytours"}]},"product_price_amount":"55.00","product_price_currency":"EUR","og_availability":"instock","product_availability":"instock","product_condition":"new","geo.placename":"Madrid","geo.position":{"lat":"40.413530233784094","long":"-3.6983123748514117"},"geo.region":"Espagne"},"_links":{"self":[{"href":"https:\/\/segcitytours.es\/fr\/wp-json\/wp\/v2\/product\/9468","targetHints":{"allow":["GET"]}}],"collection":[{"href":"https:\/\/segcitytours.es\/fr\/wp-json\/wp\/v2\/product"}],"about":[{"href":"https:\/\/segcitytours.es\/fr\/wp-json\/wp\/v2\/types\/product"}],"replies":[{"embeddable":true,"href":"https:\/\/segcitytours.es\/fr\/wp-json\/wp\/v2\/comments?post=9468"}],"version-history":[{"count":8,"href":"https:\/\/segcitytours.es\/fr\/wp-json\/wp\/v2\/product\/9468\/revisions"}],"predecessor-version":[{"id":10341,"href":"https:\/\/segcitytours.es\/fr\/wp-json\/wp\/v2\/product\/9468\/revisions\/10341"}],"wp:featuredmedia":[{"embeddable":true,"href":"https:\/\/segcitytours.es\/fr\/wp-json\/wp\/v2\/media\/9557"}],"wp:attachment":[{"href":"https:\/\/segcitytours.es\/fr\/wp-json\/wp\/v2\/media?parent=9468"}],"wp:term":[{"taxonomy":"product_brand","embeddable":true,"href":"https:\/\/segcitytours.es\/fr\/wp-json\/wp\/v2\/product_brand?post=9468"},{"taxonomy":"product_cat","embeddable":true,"href":"https:\/\/segcitytours.es\/fr\/wp-json\/wp\/v2\/product_cat?post=9468"},{"taxonomy":"product_tag","embeddable":true,"href":"https:\/\/segcitytours.es\/fr\/wp-json\/wp\/v2\/product_tag?post=9468"}],"curies":[{"name":"wp","href":"https:\/\/api.w.org\/{rel}","templated":true}]}}